{"id":1044,"date":"2026-02-01T22:29:41","date_gmt":"2026-02-02T03:29:41","guid":{"rendered":"https:\/\/bibliakids247.com\/?post_type=product&#038;p=1044"},"modified":"2026-02-08T12:43:47","modified_gmt":"2026-02-08T17:43:47","slug":"rompecabezas-biblico-6-en-1-la-creacion","status":"publish","type":"product","link":"https:\/\/bibliakids247.com\/?product=rompecabezas-biblico-6-en-1-la-creacion","title":{"rendered":"Rompecabezas b\u00edblico 6 en 1: La creaci\u00f3n"},"content":{"rendered":"<div class=\"ast-oembed-container \" style=\"height: 100%;\"><iframe title=\"Rompecabezas b\u00edblico 6 en 1\" width=\"500\" height=\"281\" src=\"https:\/\/www.youtube.com\/embed\/Nbj2b76SccA?feature=oembed\" frameborder=\"0\" allow=\"accelerometer; autoplay; clipboard-write; encrypted-media; gyroscope; picture-in-picture; web-share\" referrerpolicy=\"strict-origin-when-cross-origin\" allowfullscreen><\/iframe><\/div>\n<h3 data-start=\"148\" data-end=\"203\"><strong data-start=\"152\" data-end=\"201\">Rompecabezas B\u00edblico 6-en-1: La Creaci\u00f3n\u00a0<img decoding=\"async\" class=\"emoji\" role=\"img\" draggable=\"false\" src=\"https:\/\/s.w.org\/images\/core\/emoji\/17.0.2\/svg\/1f30d.svg\" alt=\"\ud83c\udf0d\" \/><img decoding=\"async\" class=\"emoji\" role=\"img\" draggable=\"false\" src=\"https:\/\/s.w.org\/images\/core\/emoji\/17.0.2\/svg\/1f9e9.svg\" alt=\"\ud83e\udde9\" \/><\/strong><\/h3>\n<p data-start=\"204\" data-end=\"263\"><strong data-start=\"204\" data-end=\"233\">Edad sugerida: 3 a 5 a\u00f1os<\/strong><\/p>\n<p data-start=\"265\" data-end=\"513\">Un libro interactivo que combina aprendizaje b\u00edblico y juego.\u00a0<em data-start=\"327\" data-end=\"369\">Rompecabezas B\u00edblico 6-en-1: La Creaci\u00f3n<\/em>\u00a0permite que los ni\u00f1os conozcan c\u00f3mo Dios cre\u00f3 el mundo mientras arman escenas coloridas llenas de animales, naturaleza y detalles encantadores.<\/p>\n<p data-start=\"515\" data-end=\"810\">Cada libro de la serie contiene\u00a0<strong data-start=\"547\" data-end=\"578\">6 rompecabezas de 25 piezas<\/strong>, cada uno representando un momento distinto del relato de la creaci\u00f3n. Cuando los peque\u00f1os completan los seis rompecabezas y los unen, forman\u00a0<strong data-start=\"721\" data-end=\"746\">una gran imagen final<\/strong>\u00a0que cuenta la historia completa de manera visual e inolvidable.<\/p>\n<p data-start=\"812\" data-end=\"962\">Ideal para manos peque\u00f1as, perfecto para aprender jugando y maravilloso para fortalecer el v\u00ednculo entre adultos y ni\u00f1os mientras leen y arman juntos.<\/p>\n<hr data-start=\"964\" data-end=\"967\" \/>\n<h3 data-start=\"969\" data-end=\"1002\"><strong data-start=\"973\" data-end=\"1002\">Beneficios para los ni\u00f1os<\/strong><\/h3>\n<p data-start=\"1003\" data-end=\"1358\"><img decoding=\"async\" class=\"emoji\" role=\"img\" draggable=\"false\" src=\"https:\/\/s.w.org\/images\/core\/emoji\/17.0.2\/svg\/2728.svg\" alt=\"\u2728\" \/>\u00a0<strong data-start=\"1005\" data-end=\"1035\">Desarrolla motricidad fina<\/strong>\u00a0y coordinaci\u00f3n mano\u2013ojo.<br data-start=\"1060\" data-end=\"1063\" \/><img decoding=\"async\" class=\"emoji\" role=\"img\" draggable=\"false\" src=\"https:\/\/s.w.org\/images\/core\/emoji\/17.0.2\/svg\/2728.svg\" alt=\"\u2728\" \/>\u00a0<strong data-start=\"1065\" data-end=\"1095\">Estimula la memoria visual<\/strong>\u00a0al reconstruir escenas de la creaci\u00f3n.<br data-start=\"1134\" data-end=\"1137\" \/><img decoding=\"async\" class=\"emoji\" role=\"img\" draggable=\"false\" src=\"https:\/\/s.w.org\/images\/core\/emoji\/17.0.2\/svg\/2728.svg\" alt=\"\u2728\" \/>\u00a0<strong data-start=\"1139\" data-end=\"1182\">Refuerza conceptos b\u00edblicos importantes<\/strong>\u00a0de manera divertida y accesible.<br data-start=\"1215\" data-end=\"1218\" \/><img decoding=\"async\" class=\"emoji\" role=\"img\" draggable=\"false\" src=\"https:\/\/s.w.org\/images\/core\/emoji\/17.0.2\/svg\/2728.svg\" alt=\"\u2728\" \/>\u00a0<strong data-start=\"1220\" data-end=\"1264\">Fomenta la paciencia y la concentraci\u00f3n.<\/strong><br data-start=\"1264\" data-end=\"1267\" \/><img decoding=\"async\" class=\"emoji\" role=\"img\" draggable=\"false\" src=\"https:\/\/s.w.org\/images\/core\/emoji\/17.0.2\/svg\/2728.svg\" alt=\"\u2728\" \/>\u00a0<strong data-start=\"1269\" data-end=\"1302\">Promueve el tiempo en familia<\/strong>\u00a0a trav\u00e9s de actividades que combinan juego y lectura.<\/p>\n<h3 data-start=\"1365\" data-end=\"1391\"><\/h3>\n<ul data-start=\"1392\" data-end=\"1580\">\n<li data-start=\"1392\" data-end=\"1419\">\n<p data-start=\"1394\" data-end=\"1419\"><strong data-start=\"1394\" data-end=\"1403\">ISBN:<\/strong>\u00a09788772031552<\/p>\n<\/li>\n<li data-start=\"1420\" data-end=\"1438\">\n<p data-start=\"1422\" data-end=\"1438\"><strong data-start=\"1422\" data-end=\"1434\">P\u00e1ginas:<\/strong>\u00a06<\/p>\n<\/li>\n<li data-start=\"1439\" data-end=\"1495\">\n<p data-start=\"1441\" data-end=\"1495\"><strong data-start=\"1441\" data-end=\"1453\">Medidas:<\/strong>\u00a08.75 x 10.9 pulgadas \/ 22,23 x 27,69 cm<\/p>\n<\/li>\n<li data-start=\"1496\" data-end=\"1523\">\n<p data-start=\"1498\" data-end=\"1523\"><strong data-start=\"1498\" data-end=\"1511\">Cubierta:<\/strong>\u00a0Acolchada<\/p>\n<\/li>\n<li data-start=\"1524\" data-end=\"1580\">\n<p data-start=\"1526\" data-end=\"1580\"><strong data-start=\"1526\" data-end=\"1540\">Editorial:<\/strong>\u00a0Scandinavia Publishing House \/ Unilit<\/p>\n<\/li>\n<\/ul>\n","protected":false},"excerpt":{"rendered":"<p>Rompecabezas B\u00edblico 6-en-1: La Creaci\u00f3n\u00a0 Edad sugerida: 3 a 5 a\u00f1os Un libro interactivo que combina aprendizaje b\u00edblico y juego.\u00a0Rompecabezas [&hellip;]<\/p>\n","protected":false},"featured_media":1045,"comment_status":"open","ping_status":"closed","template":"","meta":{"_monsterinsights_skip_tracking":false,"_monsterinsights_sitenote_active":false,"_monsterinsights_sitenote_note":"","_monsterinsights_sitenote_category":0,"site-sidebar-layout":"default","site-content-layout":"","ast-site-content-layout":"default","site-content-style":"default","site-sidebar-style":"default","ast-global-header-display":"","ast-banner-title-visibility":"","ast-main-header-display":"","ast-hfb-above-header-display":"","ast-hfb-below-header-display":"","ast-hfb-mobile-header-display":"","site-post-title":"","ast-breadcrumbs-content":"","ast-featured-img":"","footer-sml-layout":"","ast-disable-related-posts":"","theme-transparent-header-meta":"default","adv-header-id-meta":"","stick-header-meta":"","header-above-stick-meta":"","header-main-stick-meta":"","header-below-stick-meta":"","astra-migrate-meta-layouts":"set","ast-page-background-enabled":"default","ast-page-background-meta":{"desktop":{"background-color":"var(--ast-global-color-4)","background-image":"","background-repeat":"repeat","background-position":"center center","background-size":"auto","background-attachment":"scroll","background-type":"","background-media":"","overlay-type":"","overlay-color":"","overlay-opacity":"","overlay-gradient":""},"tablet":{"background-color":"","background-image":"","background-repeat":"repeat","background-position":"center center","background-size":"auto","background-attachment":"scroll","background-type":"","background-media":"","overlay-type":"","overlay-color":"","overlay-opacity":"","overlay-gradient":""},"mobile":{"background-color":"","background-image":"","background-repeat":"repeat","background-position":"center center","background-size":"auto","background-attachment":"scroll","background-type":"","background-media":"","overlay-type":"","overlay-color":"","overlay-opacity":"","overlay-gradient":""}},"ast-content-background-meta":{"desktop":{"background-color":"var(--ast-global-color-5)","background-image":"","background-repeat":"repeat","background-position":"center center","background-size":"auto","background-attachment":"scroll","background-type":"","background-media":"","overlay-type":"","overlay-color":"","overlay-opacity":"","overlay-gradient":""},"tablet":{"background-color":"var(--ast-global-color-5)","background-image":"","background-repeat":"repeat","background-position":"center center","background-size":"auto","background-attachment":"scroll","background-type":"","background-media":"","overlay-type":"","overlay-color":"","overlay-opacity":"","overlay-gradient":""},"mobile":{"background-color":"var(--ast-global-color-5)","background-image":"","background-repeat":"repeat","background-position":"center center","background-size":"auto","background-attachment":"scroll","background-type":"","background-media":"","overlay-type":"","overlay-color":"","overlay-opacity":"","overlay-gradient":""}}},"product_brand":[],"product_cat":[36],"product_tag":[],"class_list":{"0":"post-1044","1":"product","2":"type-product","3":"status-publish","4":"has-post-thumbnail","6":"product_cat-preescolar-3-a-5-anos","7":"desktop-align-left","8":"tablet-align-left","9":"mobile-align-left","11":"first","12":"outofstock","13":"taxable","14":"shipping-taxable","15":"purchasable","16":"product-type-simple"},"aioseo_notices":[],"jetpack_sharing_enabled":true,"_links":{"self":[{"href":"https:\/\/bibliakids247.com\/index.php?rest_route=\/wp\/v2\/product\/1044","targetHints":{"allow":["GET"]}}],"collection":[{"href":"https:\/\/bibliakids247.com\/index.php?rest_route=\/wp\/v2\/product"}],"about":[{"href":"https:\/\/bibliakids247.com\/index.php?rest_route=\/wp\/v2\/types\/product"}],"replies":[{"embeddable":true,"href":"https:\/\/bibliakids247.com\/index.php?rest_route=%2Fwp%2Fv2%2Fcomments&post=1044"}],"wp:featuredmedia":[{"embeddable":true,"href":"https:\/\/bibliakids247.com\/index.php?rest_route=\/wp\/v2\/media\/1045"}],"wp:attachment":[{"href":"https:\/\/bibliakids247.com\/index.php?rest_route=%2Fwp%2Fv2%2Fmedia&parent=1044"}],"wp:term":[{"taxonomy":"product_brand","embeddable":true,"href":"https:\/\/bibliakids247.com\/index.php?rest_route=%2Fwp%2Fv2%2Fproduct_brand&post=1044"},{"taxonomy":"product_cat","embeddable":true,"href":"https:\/\/bibliakids247.com\/index.php?rest_route=%2Fwp%2Fv2%2Fproduct_cat&post=1044"},{"taxonomy":"product_tag","embeddable":true,"href":"https:\/\/bibliakids247.com\/index.php?rest_route=%2Fwp%2Fv2%2Fproduct_tag&post=1044"}],"curies":[{"name":"wp","href":"https:\/\/api.w.org\/{rel}","templated":true}]}}