{"id":1054,"date":"2026-02-01T22:37:26","date_gmt":"2026-02-02T03:37:26","guid":{"rendered":"https:\/\/bibliakids247.com\/?post_type=product&#038;p=1054"},"modified":"2026-02-08T17:59:57","modified_gmt":"2026-02-08T22:59:57","slug":"oraciones-de-la-biblia-para-la-hora-de-dormir","status":"publish","type":"product","link":"https:\/\/bibliakids247.com\/?product=oraciones-de-la-biblia-para-la-hora-de-dormir","title":{"rendered":"Oraciones de la Biblia para la hora de dormir"},"content":{"rendered":"<p data-start=\"142\" data-end=\"251\"><img decoding=\"async\" class=\"emoji\" role=\"img\" draggable=\"false\" src=\"https:\/\/s.w.org\/images\/core\/emoji\/17.0.2\/svg\/1f4d8.svg\" alt=\"\ud83d\udcd8\" \/>\u00a0<strong data-start=\"145\" data-end=\"194\">Oraciones de la Biblia para la hora de dormir<\/strong><br data-start=\"194\" data-end=\"197\" \/>Autor:\u00a0<em data-start=\"204\" data-end=\"219\">Jane Landreth<\/em>\u00a0| Ilustraciones:\u00a0<em data-start=\"237\" data-end=\"251\">Richard Holt<\/em><\/p>\n<p data-start=\"253\" data-end=\"318\"><img decoding=\"async\" class=\"emoji\" role=\"img\" draggable=\"false\" src=\"https:\/\/s.w.org\/images\/core\/emoji\/17.0.2\/svg\/2728.svg\" alt=\"\u2728\" \/>\u00a0Un tesoro espiritual para terminar el d\u00eda con paz y prop\u00f3sito\u00a0<img decoding=\"async\" class=\"emoji\" role=\"img\" draggable=\"false\" src=\"https:\/\/s.w.org\/images\/core\/emoji\/17.0.2\/svg\/2728.svg\" alt=\"\u2728\" \/><\/p>\n<p data-start=\"320\" data-end=\"644\">Este hermoso libro a todo color est\u00e1 dise\u00f1ado especialmente para<strong>\u00a0ni\u00f1os de 5 a 8 a\u00f1os<\/strong>, con m\u00e1s de 50 oraciones inspiradas directamente en la Palabra de Dios. Cada oraci\u00f3n est\u00e1 basada en una historia b\u00edblica \u2014desde G\u00e9nesis hasta el Nuevo Testamento\u2014 e invita a los peque\u00f1os a reflexionar y conectarse con Dios antes de dormir.<\/p>\n<p data-start=\"646\" data-end=\"1035\"><img decoding=\"async\" class=\"emoji\" role=\"img\" draggable=\"false\" src=\"https:\/\/s.w.org\/images\/core\/emoji\/17.0.2\/svg\/1f466.svg\" alt=\"\ud83d\udc66\" \/><img decoding=\"async\" class=\"emoji\" role=\"img\" draggable=\"false\" src=\"https:\/\/s.w.org\/images\/core\/emoji\/17.0.2\/svg\/1f467.svg\" alt=\"\ud83d\udc67\" \/>\u00a0Con personajes como Mois\u00e9s, D\u00e9bora, David, Daniel y Jes\u00fas, los ni\u00f1os aprender\u00e1n a orar con fe y confianza, mientras desarrollan una vida espiritual s\u00f3lida desde temprana edad.<\/p>\n<p data-start=\"646\" data-end=\"1035\"><br data-start=\"826\" data-end=\"829\" \/><img decoding=\"async\" class=\"emoji\" role=\"img\" draggable=\"false\" src=\"https:\/\/s.w.org\/images\/core\/emoji\/17.0.2\/svg\/1f6cf.svg\" alt=\"\ud83d\udecf\ufe0f\" \/>\u00a0Perfecto para un momento devocional en familia, con ilustraciones tiernas y coloridas que cautivar\u00e1n su atenci\u00f3n.<br data-start=\"946\" data-end=\"949\" \/><img decoding=\"async\" class=\"emoji\" role=\"img\" draggable=\"false\" src=\"https:\/\/s.w.org\/images\/core\/emoji\/17.0.2\/svg\/1f4d6.svg\" alt=\"\ud83d\udcd6\" \/>\u00a0Encuadernaci\u00f3n r\u00fastica y lenguaje sencillo, ideal para leer en voz alta cada noche.<\/p>\n<p data-start=\"1037\" data-end=\"1112\"><img decoding=\"async\" class=\"emoji\" role=\"img\" draggable=\"false\" src=\"https:\/\/s.w.org\/images\/core\/emoji\/17.0.2\/svg\/1f381.svg\" alt=\"\ud83c\udf81\" \/>\u00a0Un regalo lleno de amor, fe y esperanza para los m\u00e1s peque\u00f1os del hogar.<\/p>\n<p data-start=\"1114\" data-end=\"1204\"><img decoding=\"async\" class=\"emoji\" role=\"img\" draggable=\"false\" src=\"https:\/\/s.w.org\/images\/core\/emoji\/17.0.2\/svg\/1f539.svg\" alt=\"\ud83d\udd39\" \/>\u00a0Editorial: Portavoz<br data-start=\"1136\" data-end=\"1139\" \/><img decoding=\"async\" class=\"emoji\" role=\"img\" draggable=\"false\" src=\"https:\/\/s.w.org\/images\/core\/emoji\/17.0.2\/svg\/1f539.svg\" alt=\"\ud83d\udd39\" \/>\u00a0Idioma: Espa\u00f1ol<br data-start=\"1157\" data-end=\"1160\" \/><img decoding=\"async\" class=\"emoji\" role=\"img\" draggable=\"false\" src=\"https:\/\/s.w.org\/images\/core\/emoji\/17.0.2\/svg\/1f539.svg\" alt=\"\ud83d\udd39\" \/>\u00a0ISBN: 9781643522111<br data-start=\"1182\" data-end=\"1185\" \/><img decoding=\"async\" class=\"emoji\" role=\"img\" draggable=\"false\" src=\"https:\/\/s.w.org\/images\/core\/emoji\/17.0.2\/svg\/1f539.svg\" alt=\"\ud83d\udd39\" \/>\u00a0Formato: R\u00fastica<\/p>\n","protected":false},"excerpt":{"rendered":"<p>\u00a0Oraciones de la Biblia para la hora de dormirAutor:\u00a0Jane Landreth\u00a0| Ilustraciones:\u00a0Richard Holt \u00a0Un tesoro espiritual para terminar el d\u00eda con [&hellip;]<\/p>\n","protected":false},"featured_media":1055,"comment_status":"open","ping_status":"closed","template":"","meta":{"_monsterinsights_skip_tracking":false,"_monsterinsights_sitenote_active":false,"_monsterinsights_sitenote_note":"","_monsterinsights_sitenote_category":0,"site-sidebar-layout":"default","site-content-layout":"","ast-site-content-layout":"default","site-content-style":"default","site-sidebar-style":"default","ast-global-header-display":"","ast-banner-title-visibility":"","ast-main-header-display":"","ast-hfb-above-header-display":"","ast-hfb-below-header-display":"","ast-hfb-mobile-header-display":"","site-post-title":"","ast-breadcrumbs-content":"","ast-featured-img":"","footer-sml-layout":"","ast-disable-related-posts":"","theme-transparent-header-meta":"default","adv-header-id-meta":"","stick-header-meta":"","header-above-stick-meta":"","header-main-stick-meta":"","header-below-stick-meta":"","astra-migrate-meta-layouts":"set","ast-page-background-enabled":"default","ast-page-background-meta":{"desktop":{"background-color":"var(--ast-global-color-4)","background-image":"","background-repeat":"repeat","background-position":"center center","background-size":"auto","background-attachment":"scroll","background-type":"","background-media":"","overlay-type":"","overlay-color":"","overlay-opacity":"","overlay-gradient":""},"tablet":{"background-color":"","background-image":"","background-repeat":"repeat","background-position":"center center","background-size":"auto","background-attachment":"scroll","background-type":"","background-media":"","overlay-type":"","overlay-color":"","overlay-opacity":"","overlay-gradient":""},"mobile":{"background-color":"","background-image":"","background-repeat":"repeat","background-position":"center center","background-size":"auto","background-attachment":"scroll","background-type":"","background-media":"","overlay-type":"","overlay-color":"","overlay-opacity":"","overlay-gradient":""}},"ast-content-background-meta":{"desktop":{"background-color":"var(--ast-global-color-5)","background-image":"","background-repeat":"repeat","background-position":"center center","background-size":"auto","background-attachment":"scroll","background-type":"","background-media":"","overlay-type":"","overlay-color":"","overlay-opacity":"","overlay-gradient":""},"tablet":{"background-color":"var(--ast-global-color-5)","background-image":"","background-repeat":"repeat","background-position":"center center","background-size":"auto","background-attachment":"scroll","background-type":"","background-media":"","overlay-type":"","overlay-color":"","overlay-opacity":"","overlay-gradient":""},"mobile":{"background-color":"var(--ast-global-color-5)","background-image":"","background-repeat":"repeat","background-position":"center center","background-size":"auto","background-attachment":"scroll","background-type":"","background-media":"","overlay-type":"","overlay-color":"","overlay-opacity":"","overlay-gradient":""}}},"product_brand":[],"product_cat":[37,21,36],"product_tag":[],"class_list":{"0":"post-1054","1":"product","2":"type-product","3":"status-publish","4":"has-post-thumbnail","6":"product_cat-escolar-6-a-11-anos","7":"product_cat-libros","8":"product_cat-preescolar-3-a-5-anos","9":"desktop-align-left","10":"tablet-align-left","11":"mobile-align-left","13":"first","14":"instock","15":"taxable","16":"shipping-taxable","17":"purchasable","18":"product-type-simple"},"aioseo_notices":[],"jetpack_sharing_enabled":true,"_links":{"self":[{"href":"https:\/\/bibliakids247.com\/index.php?rest_route=\/wp\/v2\/product\/1054","targetHints":{"allow":["GET"]}}],"collection":[{"href":"https:\/\/bibliakids247.com\/index.php?rest_route=\/wp\/v2\/product"}],"about":[{"href":"https:\/\/bibliakids247.com\/index.php?rest_route=\/wp\/v2\/types\/product"}],"replies":[{"embeddable":true,"href":"https:\/\/bibliakids247.com\/index.php?rest_route=%2Fwp%2Fv2%2Fcomments&post=1054"}],"wp:featuredmedia":[{"embeddable":true,"href":"https:\/\/bibliakids247.com\/index.php?rest_route=\/wp\/v2\/media\/1055"}],"wp:attachment":[{"href":"https:\/\/bibliakids247.com\/index.php?rest_route=%2Fwp%2Fv2%2Fmedia&parent=1054"}],"wp:term":[{"taxonomy":"product_brand","embeddable":true,"href":"https:\/\/bibliakids247.com\/index.php?rest_route=%2Fwp%2Fv2%2Fproduct_brand&post=1054"},{"taxonomy":"product_cat","embeddable":true,"href":"https:\/\/bibliakids247.com\/index.php?rest_route=%2Fwp%2Fv2%2Fproduct_cat&post=1054"},{"taxonomy":"product_tag","embeddable":true,"href":"https:\/\/bibliakids247.com\/index.php?rest_route=%2Fwp%2Fv2%2Fproduct_tag&post=1054"}],"curies":[{"name":"wp","href":"https:\/\/api.w.org\/{rel}","templated":true}]}}