{"id":1208,"date":"2026-02-10T18:48:46","date_gmt":"2026-02-10T23:48:46","guid":{"rendered":"https:\/\/bibliakids247.com\/?post_type=product&#038;p=1208"},"modified":"2026-02-10T19:34:18","modified_gmt":"2026-02-11T00:34:18","slug":"vivamos-la-biblia-con-palabritas","status":"publish","type":"product","link":"https:\/\/bibliakids247.com\/?product=vivamos-la-biblia-con-palabritas","title":{"rendered":"Vivamos la Biblia con Palabritas"},"content":{"rendered":"<p data-start=\"173\" data-end=\"377\"><strong data-start=\"173\" data-end=\"214\"><span class=\"hover:entity-accent entity-underline inline cursor-pointer align-baseline\"><span class=\"whitespace-normal\">Vivamos la Biblia con Palabritas<\/span><\/span><\/strong> es un libro devocional para disfrutar <strong data-start=\"253\" data-end=\"267\">en familia<\/strong>, creado especialmente para ayudar a los ni\u00f1os a conocer la Biblia de una forma sencilla, amorosa y divertida.<\/p>\n<p data-start=\"379\" data-end=\"602\">A trav\u00e9s de <strong data-start=\"391\" data-end=\"428\">64 semanas de encuentros b\u00edblicos<\/strong>, este libro invita a padres e hijos a compartir momentos especiales alrededor de la Palabra de Dios, fortaleciendo los valores cristianos y el car\u00e1cter de Jes\u00fas en el hogar.<\/p>\n<p data-start=\"604\" data-end=\"756\">Cada encuentro est\u00e1 pensado para generar conversaci\u00f3n, oraci\u00f3n y aprendizaje pr\u00e1ctico, ayudando a los ni\u00f1os a aplicar lo que aprenden en su vida diaria.<\/p>\n<h6 data-start=\"758\" data-end=\"785\">\ud83d\udc67\ud83e\uddd2 Edad recomendada<\/h6>\n<ul data-start=\"786\" data-end=\"865\">\n<li data-start=\"786\" data-end=\"814\">\n<p data-start=\"788\" data-end=\"814\"><strong data-start=\"788\" data-end=\"812\">Ni\u00f1os de 4 a 10 a\u00f1os<\/strong><\/p>\n<\/li>\n<li data-start=\"815\" data-end=\"865\">\n<p data-start=\"817\" data-end=\"865\">Lectura guiada con padres, cuidadores o maestros<\/p>\n<\/li>\n<\/ul>\n<h6 data-start=\"867\" data-end=\"914\">\ud83c\udf1f Beneficios para los ni\u00f1os y la familia<\/h6>\n<ul data-start=\"915\" data-end=\"1223\">\n<li data-start=\"915\" data-end=\"992\">\n<p data-start=\"917\" data-end=\"992\">Ense\u00f1a <strong data-start=\"924\" data-end=\"959\">principios y valores cristianos<\/strong> de forma clara y comprensible.<\/p>\n<\/li>\n<li data-start=\"993\" data-end=\"1052\">\n<p data-start=\"995\" data-end=\"1052\">Fortalece la <strong data-start=\"1008\" data-end=\"1026\">uni\u00f3n familiar<\/strong> a trav\u00e9s de la oraci\u00f3n.<\/p>\n<\/li>\n<li data-start=\"1053\" data-end=\"1115\">\n<p data-start=\"1055\" data-end=\"1115\">Ayuda a crear el h\u00e1bito del <strong data-start=\"1083\" data-end=\"1112\">tiempo devocional en casa<\/strong>.<\/p>\n<\/li>\n<li data-start=\"1116\" data-end=\"1160\">\n<p data-start=\"1118\" data-end=\"1160\">Fomenta el di\u00e1logo entre padres e hijos.<\/p>\n<\/li>\n<li data-start=\"1161\" data-end=\"1223\">\n<p data-start=\"1163\" data-end=\"1223\">Forma el car\u00e1cter de Jes\u00fas en los ni\u00f1os desde temprana edad.<\/p>\n<\/li>\n<\/ul>\n<h6 data-start=\"1225\" data-end=\"1253\">\ud83d\udc68\u200d\ud83d\udc69\u200d\ud83d\udc67\u200d\ud83d\udc66 Ideal para<\/h6>\n<ul data-start=\"1254\" data-end=\"1390\">\n<li data-start=\"1254\" data-end=\"1277\">\n<p data-start=\"1256\" data-end=\"1277\">Familias cristianas<\/p>\n<\/li>\n<li data-start=\"1278\" data-end=\"1329\">\n<p data-start=\"1280\" data-end=\"1329\">Padres que desean ense\u00f1ar la Biblia a sus hijos<\/p>\n<\/li>\n<li data-start=\"1330\" data-end=\"1354\">\n<p data-start=\"1332\" data-end=\"1354\">Escuelas dominicales<\/p>\n<\/li>\n<li data-start=\"1355\" data-end=\"1390\">\n<p data-start=\"1357\" data-end=\"1390\">Maestros y ministerios infantiles<\/p>\n<\/li>\n<\/ul>\n<h6 data-start=\"1392\" data-end=\"1422\">\ud83d\udcd8 Detalles<\/h6>\n<ul data-start=\"1423\" data-end=\"1568\">\n<li data-start=\"1423\" data-end=\"1446\">\n<p data-start=\"1425\" data-end=\"1446\">ISBN: 9789589574799<\/p>\n<\/li>\n<li data-start=\"1447\" data-end=\"1472\">\n<p data-start=\"1449\" data-end=\"1472\">Editorial: Palabritas<\/p>\n<\/li>\n<li data-start=\"1473\" data-end=\"1507\">\n<p data-start=\"1475\" data-end=\"1507\">Dimensiones: 135 \u00d7 205 \u00d7 20 mm<\/p>\n<\/li>\n<li data-start=\"1508\" data-end=\"1526\">\n<p data-start=\"1510\" data-end=\"1526\">Peso: 0,280 kg<\/p>\n<\/li>\n<li data-start=\"1527\" data-end=\"1548\">\n<p data-start=\"1529\" data-end=\"1548\">Cubierta: R\u00fastica<\/p>\n<\/li>\n<li data-start=\"1549\" data-end=\"1568\">\n<p data-start=\"1551\" data-end=\"1568\">Idioma: Espa\u00f1ol<\/p>\n<\/li>\n<\/ul>\n<p data-start=\"1570\" data-end=\"1667\">\u2728 <em data-start=\"1572\" data-end=\"1665\">Un libro perfecto para crecer juntos en la fe, semana a semana, desde el coraz\u00f3n del hogar.<\/em><\/p>\n","protected":false},"excerpt":{"rendered":"<p>Vivamos la Biblia con Palabritas es un libro devocional para disfrutar en familia, creado especialmente para ayudar a los ni\u00f1os [&hellip;]<\/p>\n","protected":false},"featured_media":1213,"comment_status":"open","ping_status":"closed","template":"","meta":{"_monsterinsights_skip_tracking":false,"_monsterinsights_sitenote_active":false,"_monsterinsights_sitenote_note":"","_monsterinsights_sitenote_category":0,"site-sidebar-layout":"default","site-content-layout":"","ast-site-content-layout":"default","site-content-style":"default","site-sidebar-style":"default","ast-global-header-display":"","ast-banner-title-visibility":"","ast-main-header-display":"","ast-hfb-above-header-display":"","ast-hfb-below-header-display":"","ast-hfb-mobile-header-display":"","site-post-title":"","ast-breadcrumbs-content":"","ast-featured-img":"","footer-sml-layout":"","ast-disable-related-posts":"","theme-transparent-header-meta":"default","adv-header-id-meta":"","stick-header-meta":"","header-above-stick-meta":"","header-main-stick-meta":"","header-below-stick-meta":"","astra-migrate-meta-layouts":"set","ast-page-background-enabled":"default","ast-page-background-meta":{"desktop":{"background-color":"var(--ast-global-color-4)","background-image":"","background-repeat":"repeat","background-position":"center center","background-size":"auto","background-attachment":"scroll","background-type":"","background-media":"","overlay-type":"","overlay-color":"","overlay-opacity":"","overlay-gradient":""},"tablet":{"background-color":"","background-image":"","background-repeat":"repeat","background-position":"center center","background-size":"auto","background-attachment":"scroll","background-type":"","background-media":"","overlay-type":"","overlay-color":"","overlay-opacity":"","overlay-gradient":""},"mobile":{"background-color":"","background-image":"","background-repeat":"repeat","background-position":"center center","background-size":"auto","background-attachment":"scroll","background-type":"","background-media":"","overlay-type":"","overlay-color":"","overlay-opacity":"","overlay-gradient":""}},"ast-content-background-meta":{"desktop":{"background-color":"var(--ast-global-color-5)","background-image":"","background-repeat":"repeat","background-position":"center center","background-size":"auto","background-attachment":"scroll","background-type":"","background-media":"","overlay-type":"","overlay-color":"","overlay-opacity":"","overlay-gradient":""},"tablet":{"background-color":"var(--ast-global-color-5)","background-image":"","background-repeat":"repeat","background-position":"center center","background-size":"auto","background-attachment":"scroll","background-type":"","background-media":"","overlay-type":"","overlay-color":"","overlay-opacity":"","overlay-gradient":""},"mobile":{"background-color":"var(--ast-global-color-5)","background-image":"","background-repeat":"repeat","background-position":"center center","background-size":"auto","background-attachment":"scroll","background-type":"","background-media":"","overlay-type":"","overlay-color":"","overlay-opacity":"","overlay-gradient":""}}},"product_brand":[],"product_cat":[22,37,41],"product_tag":[],"class_list":{"0":"post-1208","1":"product","2":"type-product","3":"status-publish","4":"has-post-thumbnail","6":"product_cat-devocionales","7":"product_cat-escolar-6-a-11-anos","8":"product_cat-tf","9":"desktop-align-left","10":"tablet-align-left","11":"mobile-align-left","13":"first","14":"instock","15":"taxable","16":"shipping-taxable","17":"purchasable","18":"product-type-simple"},"aioseo_notices":[],"jetpack_sharing_enabled":true,"_links":{"self":[{"href":"https:\/\/bibliakids247.com\/index.php?rest_route=\/wp\/v2\/product\/1208","targetHints":{"allow":["GET"]}}],"collection":[{"href":"https:\/\/bibliakids247.com\/index.php?rest_route=\/wp\/v2\/product"}],"about":[{"href":"https:\/\/bibliakids247.com\/index.php?rest_route=\/wp\/v2\/types\/product"}],"replies":[{"embeddable":true,"href":"https:\/\/bibliakids247.com\/index.php?rest_route=%2Fwp%2Fv2%2Fcomments&post=1208"}],"wp:featuredmedia":[{"embeddable":true,"href":"https:\/\/bibliakids247.com\/index.php?rest_route=\/wp\/v2\/media\/1213"}],"wp:attachment":[{"href":"https:\/\/bibliakids247.com\/index.php?rest_route=%2Fwp%2Fv2%2Fmedia&parent=1208"}],"wp:term":[{"taxonomy":"product_brand","embeddable":true,"href":"https:\/\/bibliakids247.com\/index.php?rest_route=%2Fwp%2Fv2%2Fproduct_brand&post=1208"},{"taxonomy":"product_cat","embeddable":true,"href":"https:\/\/bibliakids247.com\/index.php?rest_route=%2Fwp%2Fv2%2Fproduct_cat&post=1208"},{"taxonomy":"product_tag","embeddable":true,"href":"https:\/\/bibliakids247.com\/index.php?rest_route=%2Fwp%2Fv2%2Fproduct_tag&post=1208"}],"curies":[{"name":"wp","href":"https:\/\/api.w.org\/{rel}","templated":true}]}}