{"id":1222,"date":"2026-02-10T21:08:04","date_gmt":"2026-02-11T02:08:04","guid":{"rendered":"https:\/\/bibliakids247.com\/?post_type=product&#038;p=1222"},"modified":"2026-03-01T11:01:51","modified_gmt":"2026-03-01T16:01:51","slug":"biblia-de-promesas-ntv-para-ninos-tapa-dura","status":"publish","type":"product","link":"https:\/\/bibliakids247.com\/?product=biblia-de-promesas-ntv-para-ninos-tapa-dura","title":{"rendered":"Biblia de Promesas NTV para ni\u00f1os tapa dura"},"content":{"rendered":"<div class=\"ast-oembed-container \" style=\"height: 100%;\"><iframe title=\"Biblia de Promesas RVR-1960, Para ni\u00f1os, Tapa dura\" width=\"500\" height=\"281\" src=\"https:\/\/www.youtube.com\/embed\/j54JtvHOW_U?feature=oembed\" frameborder=\"0\" allow=\"accelerometer; autoplay; clipboard-write; encrypted-media; gyroscope; picture-in-picture; web-share\" referrerpolicy=\"strict-origin-when-cross-origin\" allowfullscreen><\/iframe><\/div>\n<p>&nbsp;<\/p>\n<h3 data-start=\"162\" data-end=\"237\">Biblia de Promesas para Ni\u00f1os | Biblia cristiana infantil (9 a 12 a\u00f1os)<\/h3>\n<p>&nbsp;<\/p>\n<p data-start=\"239\" data-end=\"452\">La <strong data-start=\"242\" data-end=\"275\">Biblia de Promesas para ni\u00f1os<\/strong> es una <strong data-start=\"283\" data-end=\"312\">biblia cristiana infantil<\/strong> dise\u00f1ada para <strong data-start=\"327\" data-end=\"351\">ni\u00f1os de 9 a 12 a\u00f1os<\/strong>, que ofrece ense\u00f1anzas b\u00edblicas s\u00f3lidas frente a los desaf\u00edos que enfrentan hoy los preadolescentes.<\/p>\n<p data-start=\"454\" data-end=\"747\">Con <strong data-start=\"458\" data-end=\"489\">letra c\u00f3moda de 12.5 puntos<\/strong>, lenguaje claro y un dise\u00f1o atractivo, esta <strong data-start=\"534\" data-end=\"567\">biblia para ni\u00f1os 9 a 12 a\u00f1os<\/strong> presenta <strong data-start=\"577\" data-end=\"601\">ense\u00f1anzas pr\u00e1cticas<\/strong> basadas en personajes clave de la Biblia, abordando temas como identidad, autoestima, bullying, presi\u00f3n cultural, obediencia y prop\u00f3sito de vida.<\/p>\n<p data-start=\"749\" data-end=\"1072\">Incluye <strong data-start=\"757\" data-end=\"784\">16 ense\u00f1anzas tem\u00e1ticas<\/strong> con ilustraciones modernas, vers\u00edculos clave, preguntas y ejercicios pr\u00e1cticos, adem\u00e1s de <strong data-start=\"875\" data-end=\"910\">40 historias b\u00edblicas favoritas<\/strong> explicadas y acompa\u00f1adas de vers\u00edculos para memorizar. Tambi\u00e9n incorpora un <strong data-start=\"987\" data-end=\"1019\">plan de salvaci\u00f3n para ni\u00f1os<\/strong>, que presenta el evangelio de forma clara y cercana.<\/p>\n<p data-start=\"1074\" data-end=\"1255\">Como todas las <strong data-start=\"1089\" data-end=\"1112\">Biblias de Promesas<\/strong>, contiene m\u00e1s de <strong data-start=\"1130\" data-end=\"1157\">1.800 promesas b\u00edblicas<\/strong> y palabras de afirmaci\u00f3n resaltadas, junto con una <strong data-start=\"1209\" data-end=\"1254\">secci\u00f3n de promesas organizadas por temas<\/strong>.<\/p>\n<p data-start=\"1257\" data-end=\"1414\">Ideal para padres, educadores y ministerios infantiles que buscan una <strong data-start=\"1327\" data-end=\"1349\">biblia de promesas<\/strong> que fortalezca la fe y forme el car\u00e1cter cristiano de los ni\u00f1os.<\/p>\n<p data-start=\"1416\" data-end=\"1496\"><strong data-start=\"1416\" data-end=\"1432\">Lanzamiento:<\/strong> Diciembre 2025<br data-start=\"1447\" data-end=\"1450\" \/><strong data-start=\"1450\" data-end=\"1463\">Cubierta:<\/strong> Tapa dura | <strong data-start=\"1476\" data-end=\"1488\">P\u00e1ginas:<\/strong> 1.408<\/p>\n<p data-start=\"1416\" data-end=\"1496\">\n","protected":false},"excerpt":{"rendered":"<p>&nbsp; Biblia de Promesas para Ni\u00f1os | Biblia cristiana infantil (9 a 12 a\u00f1os) &nbsp; La Biblia de Promesas para [&hellip;]<\/p>\n","protected":false},"featured_media":1563,"comment_status":"open","ping_status":"closed","template":"","meta":{"_monsterinsights_skip_tracking":false,"_monsterinsights_sitenote_active":false,"_monsterinsights_sitenote_note":"","_monsterinsights_sitenote_category":0,"site-sidebar-layout":"default","site-content-layout":"","ast-site-content-layout":"default","site-content-style":"default","site-sidebar-style":"default","ast-global-header-display":"","ast-banner-title-visibility":"","ast-main-header-display":"","ast-hfb-above-header-display":"","ast-hfb-below-header-display":"","ast-hfb-mobile-header-display":"","site-post-title":"","ast-breadcrumbs-content":"","ast-featured-img":"","footer-sml-layout":"","ast-disable-related-posts":"","theme-transparent-header-meta":"default","adv-header-id-meta":"","stick-header-meta":"","header-above-stick-meta":"","header-main-stick-meta":"","header-below-stick-meta":"","astra-migrate-meta-layouts":"set","ast-page-background-enabled":"default","ast-page-background-meta":{"desktop":{"background-color":"var(--ast-global-color-4)","background-image":"","background-repeat":"repeat","background-position":"center center","background-size":"auto","background-attachment":"scroll","background-type":"","background-media":"","overlay-type":"","overlay-color":"","overlay-opacity":"","overlay-gradient":""},"tablet":{"background-color":"","background-image":"","background-repeat":"repeat","background-position":"center center","background-size":"auto","background-attachment":"scroll","background-type":"","background-media":"","overlay-type":"","overlay-color":"","overlay-opacity":"","overlay-gradient":""},"mobile":{"background-color":"","background-image":"","background-repeat":"repeat","background-position":"center center","background-size":"auto","background-attachment":"scroll","background-type":"","background-media":"","overlay-type":"","overlay-color":"","overlay-opacity":"","overlay-gradient":""}},"ast-content-background-meta":{"desktop":{"background-color":"var(--ast-global-color-5)","background-image":"","background-repeat":"repeat","background-position":"center center","background-size":"auto","background-attachment":"scroll","background-type":"","background-media":"","overlay-type":"","overlay-color":"","overlay-opacity":"","overlay-gradient":""},"tablet":{"background-color":"var(--ast-global-color-5)","background-image":"","background-repeat":"repeat","background-position":"center center","background-size":"auto","background-attachment":"scroll","background-type":"","background-media":"","overlay-type":"","overlay-color":"","overlay-opacity":"","overlay-gradient":""},"mobile":{"background-color":"var(--ast-global-color-5)","background-image":"","background-repeat":"repeat","background-position":"center center","background-size":"auto","background-attachment":"scroll","background-type":"","background-media":"","overlay-type":"","overlay-color":"","overlay-opacity":"","overlay-gradient":""}}},"product_brand":[],"product_cat":[34,20,33,41],"product_tag":[],"class_list":{"0":"post-1222","1":"product","2":"type-product","3":"status-publish","4":"has-post-thumbnail","6":"product_cat-adolescentes","7":"product_cat-biblias","8":"product_cat-escolar-6-11-anos","9":"product_cat-tf","10":"desktop-align-left","11":"tablet-align-left","12":"mobile-align-left","14":"first","15":"instock","16":"taxable","17":"shipping-taxable","18":"purchasable","19":"product-type-simple"},"aioseo_notices":[],"jetpack_sharing_enabled":true,"_links":{"self":[{"href":"https:\/\/bibliakids247.com\/index.php?rest_route=\/wp\/v2\/product\/1222","targetHints":{"allow":["GET"]}}],"collection":[{"href":"https:\/\/bibliakids247.com\/index.php?rest_route=\/wp\/v2\/product"}],"about":[{"href":"https:\/\/bibliakids247.com\/index.php?rest_route=\/wp\/v2\/types\/product"}],"replies":[{"embeddable":true,"href":"https:\/\/bibliakids247.com\/index.php?rest_route=%2Fwp%2Fv2%2Fcomments&post=1222"}],"wp:featuredmedia":[{"embeddable":true,"href":"https:\/\/bibliakids247.com\/index.php?rest_route=\/wp\/v2\/media\/1563"}],"wp:attachment":[{"href":"https:\/\/bibliakids247.com\/index.php?rest_route=%2Fwp%2Fv2%2Fmedia&parent=1222"}],"wp:term":[{"taxonomy":"product_brand","embeddable":true,"href":"https:\/\/bibliakids247.com\/index.php?rest_route=%2Fwp%2Fv2%2Fproduct_brand&post=1222"},{"taxonomy":"product_cat","embeddable":true,"href":"https:\/\/bibliakids247.com\/index.php?rest_route=%2Fwp%2Fv2%2Fproduct_cat&post=1222"},{"taxonomy":"product_tag","embeddable":true,"href":"https:\/\/bibliakids247.com\/index.php?rest_route=%2Fwp%2Fv2%2Fproduct_tag&post=1222"}],"curies":[{"name":"wp","href":"https:\/\/api.w.org\/{rel}","templated":true}]}}