{"id":1224,"date":"2026-02-10T21:15:13","date_gmt":"2026-02-11T02:15:13","guid":{"rendered":"https:\/\/bibliakids247.com\/?post_type=product&#038;p=1224"},"modified":"2026-03-01T11:08:49","modified_gmt":"2026-03-01T16:08:49","slug":"biblia-de-promesas-para-ninas-ntv-tapa-dura","status":"publish","type":"product","link":"https:\/\/bibliakids247.com\/?product=biblia-de-promesas-para-ninas-ntv-tapa-dura","title":{"rendered":"Biblia de Promesas para ni\u00f1as NTV Tapa dura"},"content":{"rendered":"<div class=\"ast-oembed-container \" style=\"height: 100%;\"><iframe title=\"\u00a1Una Biblia para ni\u00f1as preadolescentes!\" width=\"500\" height=\"281\" src=\"https:\/\/www.youtube.com\/embed\/iNDcVVqVW2I?feature=oembed\" frameborder=\"0\" allow=\"accelerometer; autoplay; clipboard-write; encrypted-media; gyroscope; picture-in-picture; web-share\" referrerpolicy=\"strict-origin-when-cross-origin\" allowfullscreen><\/iframe><\/div>\n<h2 data-start=\"161\" data-end=\"212\">\ud83d\udcd8 Biblia de Promesas para Ni\u00f1as (9 a 12 a\u00f1os)<\/h2>\n<p data-start=\"213\" data-end=\"279\">\ud83c\udf38 <strong data-start=\"216\" data-end=\"279\">Una gu\u00eda de fe para crecer con identidad, valor y esperanza<\/strong><\/p>\n<p data-start=\"281\" data-end=\"341\"><strong data-start=\"281\" data-end=\"291\">Letra:<\/strong> 12.5 puntos<br data-start=\"303\" data-end=\"306\" \/><strong data-start=\"306\" data-end=\"327\">Edad recomendada:<\/strong> 9 a 12 a\u00f1os<\/p>\n<p data-start=\"343\" data-end=\"676\">Andar por la vida como preadolescente no siempre es f\u00e1cil \ud83d\udcad. Las ni\u00f1as enfrentan preguntas sobre su identidad, su valor y su lugar en el mundo. Cuando aprenden a <strong data-start=\"506\" data-end=\"527\">aferrarse a su fe<\/strong>, confiar en Dios y dejarse inspirar por las <strong data-start=\"572\" data-end=\"621\">mujeres que \u00c9l us\u00f3 poderosamente en la Biblia<\/strong>, dan pasos firmes hacia una vida llena de prop\u00f3sito \u2728.<\/p>\n<p data-start=\"678\" data-end=\"867\">\ud83d\udc97 <strong data-start=\"681\" data-end=\"739\">Ayuda a las ni\u00f1as a construir una base s\u00f3lida en su fe<\/strong> con la <strong data-start=\"747\" data-end=\"780\">Biblia de Promesas para Ni\u00f1as<\/strong>, dise\u00f1ada especialmente para acompa\u00f1arlas en esta etapa tan importante de crecimiento.<\/p>\n<p data-start=\"869\" data-end=\"1099\">Esta Biblia presenta el texto completo en la <strong data-start=\"914\" data-end=\"949\">Nueva Traducci\u00f3n Viviente (NTV)<\/strong> <em data-start=\"950\" data-end=\"1001\">(disponible tambi\u00e9n en versi\u00f3n Reina-Valera 1960)<\/em>, con un dise\u00f1o atractivo, lenguaje claro y contenidos relevantes para las preadolescentes de hoy.<\/p>\n<h3 data-start=\"1101\" data-end=\"1133\">\ud83c\udf08 \u00bfQu\u00e9 incluye esta Biblia?<\/h3>\n<p data-start=\"1134\" data-end=\"1720\">\ud83d\udcd6 <strong data-start=\"1137\" data-end=\"1169\">16 p\u00e1ginas con ilustraciones<\/strong> de <strong data-start=\"1173\" data-end=\"1211\">20 mujeres admirables de la Biblia<\/strong>, en un estilo colorido y moderno.<br data-start=\"1245\" data-end=\"1248\" \/>\ud83e\udde9 <strong data-start=\"1251\" data-end=\"1288\">16 p\u00e1ginas de ense\u00f1anzas b\u00edblicas<\/strong>, en formato f\u00e1cil de leer, sobre temas actuales para ni\u00f1as.<br data-start=\"1348\" data-end=\"1351\" \/>\u2728 <strong data-start=\"1353\" data-end=\"1373\">Vers\u00edculos clave<\/strong> para cada tema.<br data-start=\"1389\" data-end=\"1392\" \/>\ud83d\udcdd <strong data-start=\"1395\" data-end=\"1431\">Preguntas y ejercicios pr\u00e1cticos<\/strong> al final de cada ense\u00f1anza, para una reflexi\u00f3n m\u00e1s profunda.<br data-start=\"1492\" data-end=\"1495\" \/>\ud83d\udcda <strong data-start=\"1498\" data-end=\"1533\">40 historias b\u00edblicas favoritas<\/strong>, explicadas y acompa\u00f1adas de un vers\u00edculo para memorizar.<br data-start=\"1591\" data-end=\"1594\" \/>\u2764\ufe0f <strong data-start=\"1597\" data-end=\"1634\">Plan de salvaci\u00f3n para las ni\u00f1as:<\/strong><br data-start=\"1634\" data-end=\"1637\" \/><em data-start=\"1637\" data-end=\"1663\">\u201cJes\u00fas te quiere salvar\u201d<\/em> y <em data-start=\"1666\" data-end=\"1719\">\u201cOtra manera de presentar el evangelio a las ni\u00f1as\u201d<\/em>.<\/p>\n<h3 data-start=\"1722\" data-end=\"1780\">\ud83c\udf1f Adem\u00e1s, como en todas nuestras Biblias de Promesas:<\/h3>\n<p data-start=\"1781\" data-end=\"1972\">\u2714\ufe0f M\u00e1s de <strong data-start=\"1791\" data-end=\"1843\">1.800 promesas b\u00edblicas y palabras de afirmaci\u00f3n<\/strong> destacadas en tono gris.<br data-start=\"1868\" data-end=\"1871\" \/>\u2714\ufe0f <strong data-start=\"1874\" data-end=\"1919\">Secci\u00f3n de promesas organizadas por temas<\/strong>, ideal para consultas r\u00e1pidas y momentos de oraci\u00f3n.<\/p>\n<h3 data-start=\"1974\" data-end=\"2014\">\ud83c\udfaf Temas que abordan las ense\u00f1anzas:<\/h3>\n<ul data-start=\"2015\" data-end=\"2378\">\n<li data-start=\"2015\" data-end=\"2038\">\n<p data-start=\"2017\" data-end=\"2038\">Identidad de g\u00e9nero<\/p>\n<\/li>\n<li data-start=\"2039\" data-end=\"2052\">\n<p data-start=\"2041\" data-end=\"2052\">Feminismo<\/p>\n<\/li>\n<li data-start=\"2053\" data-end=\"2065\">\n<p data-start=\"2055\" data-end=\"2065\">Bullying<\/p>\n<\/li>\n<li data-start=\"2066\" data-end=\"2087\">\n<p data-start=\"2068\" data-end=\"2087\">Estr\u00e9s y ansiedad<\/p>\n<\/li>\n<li data-start=\"2088\" data-end=\"2108\">\n<p data-start=\"2090\" data-end=\"2108\">Presi\u00f3n cultural<\/p>\n<\/li>\n<li data-start=\"2109\" data-end=\"2124\">\n<p data-start=\"2111\" data-end=\"2124\">Comparaci\u00f3n<\/p>\n<\/li>\n<li data-start=\"2125\" data-end=\"2151\">\n<p data-start=\"2127\" data-end=\"2151\">B\u00fasqueda de aprobaci\u00f3n<\/p>\n<\/li>\n<li data-start=\"2152\" data-end=\"2163\">\n<p data-start=\"2154\" data-end=\"2163\">Soledad<\/p>\n<\/li>\n<li data-start=\"2164\" data-end=\"2175\">\n<p data-start=\"2166\" data-end=\"2175\">Sanidad<\/p>\n<\/li>\n<li data-start=\"2176\" data-end=\"2195\">\n<p data-start=\"2178\" data-end=\"2195\">Gracia y perd\u00f3n<\/p>\n<\/li>\n<li data-start=\"2196\" data-end=\"2213\">\n<p data-start=\"2198\" data-end=\"2213\">Pureza sexual<\/p>\n<\/li>\n<li data-start=\"2214\" data-end=\"2256\">\n<p data-start=\"2216\" data-end=\"2256\">Valent\u00eda para declarar la fe cristiana<\/p>\n<\/li>\n<li data-start=\"2257\" data-end=\"2289\">\n<p data-start=\"2259\" data-end=\"2289\">Honra a los padres y mayores<\/p>\n<\/li>\n<li data-start=\"2290\" data-end=\"2332\">\n<p data-start=\"2292\" data-end=\"2332\">Jes\u00fas como \u00fanico camino a la salvaci\u00f3n<\/p>\n<\/li>\n<li data-start=\"2333\" data-end=\"2378\">\n<p data-start=\"2335\" data-end=\"2378\">La Palabra de Dios como gu\u00eda para la vida<\/p>\n<\/li>\n<\/ul>\n<p data-start=\"2380\" data-end=\"2573\">\ud83d\ude4f Nuestro deseo es que las preadolescentes <strong data-start=\"2424\" data-end=\"2445\">fortalezcan su fe<\/strong>, entreguen sus preocupaciones al Se\u00f1or y <strong data-start=\"2487\" data-end=\"2514\">crezcan espiritualmente<\/strong> mientras descubren el amor de Dios a trav\u00e9s de Su Palabra.<\/p>\n<hr data-start=\"2575\" data-end=\"2578\" \/>\n<h3 data-start=\"2580\" data-end=\"2608\">\u2139\ufe0f Detalles<\/h3>\n<p data-start=\"2609\" data-end=\"2836\">\ud83d\udccc <strong data-start=\"2612\" data-end=\"2626\">Editorial:<\/strong> Unilit<br data-start=\"2633\" data-end=\"2636\" \/>\ud83d\udcc5 <strong data-start=\"2639\" data-end=\"2655\">Lanzamiento:<\/strong> Marzo 2025<br data-start=\"2666\" data-end=\"2669\" \/>\ud83d\udcd8 <strong data-start=\"2672\" data-end=\"2685\">Cubierta:<\/strong> Tapa dura<br data-start=\"2695\" data-end=\"2698\" \/>\ud83d\udcc4 <strong data-start=\"2701\" data-end=\"2713\">P\u00e1ginas:<\/strong> 1.408<br data-start=\"2719\" data-end=\"2722\" \/>\ud83d\udcd0 <strong data-start=\"2725\" data-end=\"2737\">Medidas:<\/strong> 13,64 x 20,37 cm<br data-start=\"2754\" data-end=\"2757\" \/>\ud83c\udd94 <strong data-start=\"2760\" data-end=\"2769\">ISBN:<\/strong> 9780789928740<br data-start=\"2783\" data-end=\"2786\" \/>\ud83c\udf0d <strong data-start=\"2789\" data-end=\"2800\">Idioma:<\/strong> Espa\u00f1ol<br data-start=\"2808\" data-end=\"2811\" \/>\ud83d\udc67 <strong data-start=\"2814\" data-end=\"2828\">Intereses:<\/strong> Ni\u00f1as<\/p>\n","protected":false},"excerpt":{"rendered":"<p>\ud83d\udcd8 Biblia de Promesas para Ni\u00f1as (9 a 12 a\u00f1os) \ud83c\udf38 Una gu\u00eda de fe para crecer con identidad, valor [&hellip;]<\/p>\n","protected":false},"featured_media":1560,"comment_status":"open","ping_status":"closed","template":"","meta":{"_monsterinsights_skip_tracking":false,"_monsterinsights_sitenote_active":false,"_monsterinsights_sitenote_note":"","_monsterinsights_sitenote_category":0,"site-sidebar-layout":"default","site-content-layout":"","ast-site-content-layout":"default","site-content-style":"default","site-sidebar-style":"default","ast-global-header-display":"","ast-banner-title-visibility":"","ast-main-header-display":"","ast-hfb-above-header-display":"","ast-hfb-below-header-display":"","ast-hfb-mobile-header-display":"","site-post-title":"","ast-breadcrumbs-content":"","ast-featured-img":"","footer-sml-layout":"","ast-disable-related-posts":"","theme-transparent-header-meta":"default","adv-header-id-meta":"","stick-header-meta":"","header-above-stick-meta":"","header-main-stick-meta":"","header-below-stick-meta":"","astra-migrate-meta-layouts":"set","ast-page-background-enabled":"default","ast-page-background-meta":{"desktop":{"background-color":"var(--ast-global-color-4)","background-image":"","background-repeat":"repeat","background-position":"center center","background-size":"auto","background-attachment":"scroll","background-type":"","background-media":"","overlay-type":"","overlay-color":"","overlay-opacity":"","overlay-gradient":""},"tablet":{"background-color":"","background-image":"","background-repeat":"repeat","background-position":"center center","background-size":"auto","background-attachment":"scroll","background-type":"","background-media":"","overlay-type":"","overlay-color":"","overlay-opacity":"","overlay-gradient":""},"mobile":{"background-color":"","background-image":"","background-repeat":"repeat","background-position":"center center","background-size":"auto","background-attachment":"scroll","background-type":"","background-media":"","overlay-type":"","overlay-color":"","overlay-opacity":"","overlay-gradient":""}},"ast-content-background-meta":{"desktop":{"background-color":"var(--ast-global-color-5)","background-image":"","background-repeat":"repeat","background-position":"center center","background-size":"auto","background-attachment":"scroll","background-type":"","background-media":"","overlay-type":"","overlay-color":"","overlay-opacity":"","overlay-gradient":""},"tablet":{"background-color":"var(--ast-global-color-5)","background-image":"","background-repeat":"repeat","background-position":"center center","background-size":"auto","background-attachment":"scroll","background-type":"","background-media":"","overlay-type":"","overlay-color":"","overlay-opacity":"","overlay-gradient":""},"mobile":{"background-color":"var(--ast-global-color-5)","background-image":"","background-repeat":"repeat","background-position":"center center","background-size":"auto","background-attachment":"scroll","background-type":"","background-media":"","overlay-type":"","overlay-color":"","overlay-opacity":"","overlay-gradient":""}}},"product_brand":[],"product_cat":[34,20,33],"product_tag":[],"class_list":{"0":"post-1224","1":"product","2":"type-product","3":"status-publish","4":"has-post-thumbnail","6":"product_cat-adolescentes","7":"product_cat-biblias","8":"product_cat-escolar-6-11-anos","9":"desktop-align-left","10":"tablet-align-left","11":"mobile-align-left","13":"first","14":"instock","15":"taxable","16":"shipping-taxable","17":"purchasable","18":"product-type-simple"},"aioseo_notices":[],"jetpack_sharing_enabled":true,"_links":{"self":[{"href":"https:\/\/bibliakids247.com\/index.php?rest_route=\/wp\/v2\/product\/1224","targetHints":{"allow":["GET"]}}],"collection":[{"href":"https:\/\/bibliakids247.com\/index.php?rest_route=\/wp\/v2\/product"}],"about":[{"href":"https:\/\/bibliakids247.com\/index.php?rest_route=\/wp\/v2\/types\/product"}],"replies":[{"embeddable":true,"href":"https:\/\/bibliakids247.com\/index.php?rest_route=%2Fwp%2Fv2%2Fcomments&post=1224"}],"wp:featuredmedia":[{"embeddable":true,"href":"https:\/\/bibliakids247.com\/index.php?rest_route=\/wp\/v2\/media\/1560"}],"wp:attachment":[{"href":"https:\/\/bibliakids247.com\/index.php?rest_route=%2Fwp%2Fv2%2Fmedia&parent=1224"}],"wp:term":[{"taxonomy":"product_brand","embeddable":true,"href":"https:\/\/bibliakids247.com\/index.php?rest_route=%2Fwp%2Fv2%2Fproduct_brand&post=1224"},{"taxonomy":"product_cat","embeddable":true,"href":"https:\/\/bibliakids247.com\/index.php?rest_route=%2Fwp%2Fv2%2Fproduct_cat&post=1224"},{"taxonomy":"product_tag","embeddable":true,"href":"https:\/\/bibliakids247.com\/index.php?rest_route=%2Fwp%2Fv2%2Fproduct_tag&post=1224"}],"curies":[{"name":"wp","href":"https:\/\/api.w.org\/{rel}","templated":true}]}}