{"id":1238,"date":"2026-02-10T21:26:40","date_gmt":"2026-02-11T02:26:40","guid":{"rendered":"https:\/\/bibliakids247.com\/?post_type=product&#038;p=1238"},"modified":"2026-03-01T11:10:13","modified_gmt":"2026-03-01T16:10:13","slug":"biblia-kids-volver-a-la-historia","status":"publish","type":"product","link":"https:\/\/bibliakids247.com\/?product=biblia-kids-volver-a-la-historia","title":{"rendered":"Biblia Kids: Volver a la Historia"},"content":{"rendered":"<p data-start=\"123\" data-end=\"293\"><img decoding=\"async\" class=\"emoji\" role=\"img\" draggable=\"false\" src=\"https:\/\/s.w.org\/images\/core\/emoji\/17.0.2\/svg\/1f4da.svg\" alt=\"\ud83d\udcda\" \/><img decoding=\"async\" class=\"emoji\" role=\"img\" draggable=\"false\" src=\"https:\/\/s.w.org\/images\/core\/emoji\/17.0.2\/svg\/2728.svg\" alt=\"\u2728\" \/>\u00a0<strong data-start=\"127\" data-end=\"164\">Biblia Kids: Volver a la Historia<\/strong>\u00a0<img decoding=\"async\" class=\"emoji\" role=\"img\" draggable=\"false\" src=\"https:\/\/s.w.org\/images\/core\/emoji\/17.0.2\/svg\/2728.svg\" alt=\"\u2728\" \/><img decoding=\"async\" class=\"emoji\" role=\"img\" draggable=\"false\" src=\"https:\/\/s.w.org\/images\/core\/emoji\/17.0.2\/svg\/1f4da.svg\" alt=\"\ud83d\udcda\" \/><\/p>\n<p data-start=\"123\" data-end=\"293\"><br data-start=\"168\" data-end=\"171\" \/>Una Biblia innovadora que transforma por completo la forma en que los ni\u00f1os descubren las historias de la Palabra de Dios.<\/p>\n<p data-start=\"295\" data-end=\"618\">Creada por la familia Montero, esta Biblia incluye una\u00a0<strong data-start=\"350\" data-end=\"410\">caja especial que se convierte en una m\u00e1quina del tiempo<\/strong>, invitando a los peque\u00f1os a viajar a las grandes aventuras b\u00edblicas. Con el texto claro y contempor\u00e1neo de la\u00a0<strong data-start=\"521\" data-end=\"556\">Nueva Traducci\u00f3n Viviente (NTV)<\/strong>, cada historia se vuelve cercana, comprensible y emocionante.<\/p>\n<p data-start=\"620\" data-end=\"965\">Pensada especialmente para ni\u00f1os entre\u00a0<strong data-start=\"659\" data-end=\"674\">6 y 12 a\u00f1os<\/strong>, cada libro de la Biblia cuenta con\u00a0<strong data-start=\"711\" data-end=\"742\">introducciones explicativas<\/strong>\u00a0que ayudan a comprender su prop\u00f3sito y mensaje principal. Adem\u00e1s, integra\u00a0<strong data-start=\"817\" data-end=\"874\">m\u00e1s de 200 respuestas a preguntas comunes sobre la fe<\/strong>, fomentando la curiosidad, el aprendizaje y conversaciones profundas entre padres e hijos.<\/p>\n<p data-start=\"967\" data-end=\"1193\">Las\u00a0<strong data-start=\"971\" data-end=\"996\">ilustraciones a color<\/strong>, vibrantes y cautivadoras, permiten que los ni\u00f1os vivan cada escena como si estuvieran all\u00ed, viajando a trav\u00e9s del tiempo para reencontrarse con los h\u00e9roes y momentos m\u00e1s importantes de la Biblia.<\/p>\n<hr data-start=\"1195\" data-end=\"1198\" \/>\n<h3 data-start=\"1200\" data-end=\"1228\"><img decoding=\"async\" class=\"emoji\" role=\"img\" draggable=\"false\" src=\"https:\/\/s.w.org\/images\/core\/emoji\/17.0.2\/svg\/1f31f.svg\" alt=\"\ud83c\udf1f\" \/>\u00a0\u00bfPor qu\u00e9 es especial?<\/h3>\n<p data-start=\"1229\" data-end=\"1580\">\u2022 Caja interactiva que se transforma en m\u00e1quina del tiempo<br data-start=\"1287\" data-end=\"1290\" \/>\u2022 Traducci\u00f3n NTV: clara, actual y f\u00e1cil de entender<br data-start=\"1341\" data-end=\"1344\" \/>\u2022 M\u00e1s de 200 preguntas y respuestas sobre la fe<br data-start=\"1391\" data-end=\"1394\" \/>\u2022 Introducciones explicativas por cada libro de la Biblia<br data-start=\"1451\" data-end=\"1454\" \/>\u2022 Ilustraciones a todo color<br data-start=\"1482\" data-end=\"1485\" \/>\u2022\u00a0<strong data-start=\"1487\" data-end=\"1508\">Edad recomendada:<\/strong>\u00a06 a 12 a\u00f1os<br data-start=\"1520\" data-end=\"1523\" \/>\u2022 Ideal para devocionales familiares y lectura personal<\/p>\n<hr data-start=\"1582\" data-end=\"1585\" \/>\n<p data-start=\"1587\" data-end=\"1841\">La\u00a0<strong data-start=\"1590\" data-end=\"1627\">Biblia Kids: Volver a la Historia<\/strong>\u00a0es una invitaci\u00f3n a explorar la fe de manera divertida, profunda y transformadora.<\/p>\n<p data-start=\"1587\" data-end=\"1841\"><br data-start=\"1710\" data-end=\"1713\" \/>Un regalo inolvidable que acompa\u00f1ar\u00e1 a los ni\u00f1os en su viaje de conocer a Jes\u00fas y enamorarse de su Palabra desde la ni\u00f1ez.\u00a0<img decoding=\"async\" class=\"emoji\" role=\"img\" draggable=\"false\" src=\"https:\/\/s.w.org\/images\/core\/emoji\/17.0.2\/svg\/1f49b.svg\" alt=\"\ud83d\udc9b\" \/><img decoding=\"async\" class=\"emoji\" role=\"img\" draggable=\"false\" src=\"https:\/\/s.w.org\/images\/core\/emoji\/17.0.2\/svg\/1f4d6.svg\" alt=\"\ud83d\udcd6\" \/><img decoding=\"async\" class=\"emoji\" role=\"img\" draggable=\"false\" src=\"https:\/\/s.w.org\/images\/core\/emoji\/17.0.2\/svg\/2728.svg\" alt=\"\u2728\" \/><\/p>\n","protected":false},"excerpt":{"rendered":"<p>\u00a0Biblia Kids: Volver a la Historia\u00a0 Una Biblia innovadora que transforma por completo la forma en que los ni\u00f1os descubren [&hellip;]<\/p>\n","protected":false},"featured_media":1565,"comment_status":"open","ping_status":"closed","template":"","meta":{"_monsterinsights_skip_tracking":false,"_monsterinsights_sitenote_active":false,"_monsterinsights_sitenote_note":"","_monsterinsights_sitenote_category":0,"site-sidebar-layout":"default","site-content-layout":"","ast-site-content-layout":"default","site-content-style":"default","site-sidebar-style":"default","ast-global-header-display":"","ast-banner-title-visibility":"","ast-main-header-display":"","ast-hfb-above-header-display":"","ast-hfb-below-header-display":"","ast-hfb-mobile-header-display":"","site-post-title":"","ast-breadcrumbs-content":"","ast-featured-img":"","footer-sml-layout":"","ast-disable-related-posts":"","theme-transparent-header-meta":"default","adv-header-id-meta":"","stick-header-meta":"","header-above-stick-meta":"","header-main-stick-meta":"","header-below-stick-meta":"","astra-migrate-meta-layouts":"set","ast-page-background-enabled":"default","ast-page-background-meta":{"desktop":{"background-color":"var(--ast-global-color-4)","background-image":"","background-repeat":"repeat","background-position":"center center","background-size":"auto","background-attachment":"scroll","background-type":"","background-media":"","overlay-type":"","overlay-color":"","overlay-opacity":"","overlay-gradient":""},"tablet":{"background-color":"","background-image":"","background-repeat":"repeat","background-position":"center center","background-size":"auto","background-attachment":"scroll","background-type":"","background-media":"","overlay-type":"","overlay-color":"","overlay-opacity":"","overlay-gradient":""},"mobile":{"background-color":"","background-image":"","background-repeat":"repeat","background-position":"center center","background-size":"auto","background-attachment":"scroll","background-type":"","background-media":"","overlay-type":"","overlay-color":"","overlay-opacity":"","overlay-gradient":""}},"ast-content-background-meta":{"desktop":{"background-color":"var(--ast-global-color-5)","background-image":"","background-repeat":"repeat","background-position":"center center","background-size":"auto","background-attachment":"scroll","background-type":"","background-media":"","overlay-type":"","overlay-color":"","overlay-opacity":"","overlay-gradient":""},"tablet":{"background-color":"var(--ast-global-color-5)","background-image":"","background-repeat":"repeat","background-position":"center center","background-size":"auto","background-attachment":"scroll","background-type":"","background-media":"","overlay-type":"","overlay-color":"","overlay-opacity":"","overlay-gradient":""},"mobile":{"background-color":"var(--ast-global-color-5)","background-image":"","background-repeat":"repeat","background-position":"center center","background-size":"auto","background-attachment":"scroll","background-type":"","background-media":"","overlay-type":"","overlay-color":"","overlay-opacity":"","overlay-gradient":""}}},"product_brand":[],"product_cat":[34,20,33,41],"product_tag":[],"class_list":{"0":"post-1238","1":"product","2":"type-product","3":"status-publish","4":"has-post-thumbnail","6":"product_cat-adolescentes","7":"product_cat-biblias","8":"product_cat-escolar-6-11-anos","9":"product_cat-tf","10":"desktop-align-left","11":"tablet-align-left","12":"mobile-align-left","14":"first","15":"instock","16":"taxable","17":"shipping-taxable","18":"purchasable","19":"product-type-simple"},"aioseo_notices":[],"jetpack_sharing_enabled":true,"_links":{"self":[{"href":"https:\/\/bibliakids247.com\/index.php?rest_route=\/wp\/v2\/product\/1238","targetHints":{"allow":["GET"]}}],"collection":[{"href":"https:\/\/bibliakids247.com\/index.php?rest_route=\/wp\/v2\/product"}],"about":[{"href":"https:\/\/bibliakids247.com\/index.php?rest_route=\/wp\/v2\/types\/product"}],"replies":[{"embeddable":true,"href":"https:\/\/bibliakids247.com\/index.php?rest_route=%2Fwp%2Fv2%2Fcomments&post=1238"}],"wp:featuredmedia":[{"embeddable":true,"href":"https:\/\/bibliakids247.com\/index.php?rest_route=\/wp\/v2\/media\/1565"}],"wp:attachment":[{"href":"https:\/\/bibliakids247.com\/index.php?rest_route=%2Fwp%2Fv2%2Fmedia&parent=1238"}],"wp:term":[{"taxonomy":"product_brand","embeddable":true,"href":"https:\/\/bibliakids247.com\/index.php?rest_route=%2Fwp%2Fv2%2Fproduct_brand&post=1238"},{"taxonomy":"product_cat","embeddable":true,"href":"https:\/\/bibliakids247.com\/index.php?rest_route=%2Fwp%2Fv2%2Fproduct_cat&post=1238"},{"taxonomy":"product_tag","embeddable":true,"href":"https:\/\/bibliakids247.com\/index.php?rest_route=%2Fwp%2Fv2%2Fproduct_tag&post=1238"}],"curies":[{"name":"wp","href":"https:\/\/api.w.org\/{rel}","templated":true}]}}