{"id":1285,"date":"2026-02-12T21:32:19","date_gmt":"2026-02-13T02:32:19","guid":{"rendered":"https:\/\/bibliakids247.com\/?post_type=product&#038;p=1285"},"modified":"2026-02-12T21:33:56","modified_gmt":"2026-02-13T02:33:56","slug":"dios-hizo-ninos-y-ninas","status":"publish","type":"product","link":"https:\/\/bibliakids247.com\/?product=dios-hizo-ninos-y-ninas","title":{"rendered":"Dios hizo ni\u00f1os y ni\u00f1as &#8211; sobre identidad y g\u00e9nero"},"content":{"rendered":"<h4 data-start=\"109\" data-end=\"194\">\ud83d\udc66\ud83d\udc67 Dios Hizo Ni\u00f1os y Ni\u00f1as | Libro cristiano infantil sobre identidad y g\u00e9nero<\/h4>\n<p>&nbsp;<\/p>\n<p data-start=\"196\" data-end=\"388\">En un mundo donde existe confusi\u00f3n sobre la identidad, <strong data-start=\"251\" data-end=\"278\">Dios Hizo Ni\u00f1os y Ni\u00f1as<\/strong>, del autor bestseller Marty Machowski, ayuda a los ni\u00f1os a comprender que su g\u00e9nero es un regalo de Dios \ud83c\udf81\u2728.<\/p>\n<p data-start=\"390\" data-end=\"606\">Este <strong data-start=\"395\" data-end=\"439\">libro cristiano infantil sobre identidad<\/strong> ense\u00f1a, con lenguaje claro y fundamento b\u00edblico, que fuimos creados a imagen de Dios como hombre o mujer, y que nuestra identidad tiene prop\u00f3sito y valor eterno \ud83d\ude4f\ud83d\udc9b.<\/p>\n<p data-start=\"608\" data-end=\"760\">Con ilustraciones atractivas y una narrativa sencilla, invita a las familias a conversar sobre un tema importante desde la verdad de la Palabra de Dios.<\/p>\n<h3 data-start=\"762\" data-end=\"800\">\ud83d\udc9b Este libro ayuda a los ni\u00f1os a:<\/h3>\n<p data-start=\"801\" data-end=\"1003\">\u2714 Entender que su identidad es un regalo de Dios \u271d\ufe0f<br data-start=\"852\" data-end=\"855\" \/>\u2714 Reconocer que fueron creados a imagen de Dios \ud83d\udcd6<br data-start=\"905\" data-end=\"908\" \/>\u2714 Fortalecer su autoestima desde la verdad b\u00edblica \ud83c\udf1f<br data-start=\"961\" data-end=\"964\" \/>\u2714 Crecer con seguridad y prop\u00f3sito \ud83d\udcab<\/p>\n<p data-start=\"1005\" data-end=\"1140\">Ideal para:<br \/>\n\ud83d\udcd6 Lectura en familia<br data-start=\"1038\" data-end=\"1041\" \/>\u26ea Escuela dominical<br data-start=\"1060\" data-end=\"1063\" \/>\ud83c\udfeb Formaci\u00f3n en valores cristianos<br data-start=\"1097\" data-end=\"1100\" \/>\ud83d\udcac Conversaciones sobre identidad y fe<\/p>\n<hr data-start=\"1142\" data-end=\"1145\" \/>\n<h3 data-start=\"1147\" data-end=\"1175\">\ud83d\udcd8 Informaci\u00f3n del libro<\/h3>\n<p data-start=\"1176\" data-end=\"1433\">\ud83d\udcda <strong data-start=\"1179\" data-end=\"1193\">Editorial:<\/strong> Poiema<br data-start=\"1200\" data-end=\"1203\" \/>\ud83c\udd94 <strong data-start=\"1206\" data-end=\"1215\">ISBN:<\/strong> 9781965296127<br data-start=\"1229\" data-end=\"1232\" \/>\ud83d\udcc4 <strong data-start=\"1235\" data-end=\"1247\">P\u00e1ginas:<\/strong> 32<br data-start=\"1250\" data-end=\"1253\" \/>\ud83d\udcd0 <strong data-start=\"1256\" data-end=\"1268\">Medidas:<\/strong> 21,6 x 21,6 cm<br data-start=\"1283\" data-end=\"1286\" \/>\ud83d\udcd6 <strong data-start=\"1289\" data-end=\"1302\">Cubierta:<\/strong> Tapa dura<br data-start=\"1312\" data-end=\"1315\" \/>\ud83d\udcc5 <strong data-start=\"1318\" data-end=\"1343\">Fecha de lanzamiento:<\/strong> 6 de noviembre de 2025<br data-start=\"1366\" data-end=\"1369\" \/>\ud83c\udf0d <strong data-start=\"1372\" data-end=\"1383\">Idioma:<\/strong> Espa\u00f1ol<br data-start=\"1391\" data-end=\"1394\" \/>\ud83d\udc67\ud83d\udc66 <strong data-start=\"1399\" data-end=\"1420\">Edad recomendada:<\/strong> 4 a 8 a\u00f1os<\/p>\n<p data-start=\"1435\" data-end=\"1611\">Un recurso valioso para padres que buscan un <strong data-start=\"1480\" data-end=\"1565\">libro cristiano para ni\u00f1os sobre identidad y g\u00e9nero desde una perspectiva b\u00edblica<\/strong>, ense\u00f1ando con amor, verdad y esperanza \ud83d\udc99\u2728<\/p>\n<hr data-start=\"1613\" data-end=\"1616\" \/>\n<p data-start=\"1618\" data-end=\"1655\">\n","protected":false},"excerpt":{"rendered":"<p>\ud83d\udc66\ud83d\udc67 Dios Hizo Ni\u00f1os y Ni\u00f1as | Libro cristiano infantil sobre identidad y g\u00e9nero &nbsp; En un mundo donde existe [&hellip;]<\/p>\n","protected":false},"featured_media":1286,"comment_status":"open","ping_status":"closed","template":"","meta":{"_monsterinsights_skip_tracking":false,"_monsterinsights_sitenote_active":false,"_monsterinsights_sitenote_note":"","_monsterinsights_sitenote_category":0,"site-sidebar-layout":"default","site-content-layout":"","ast-site-content-layout":"default","site-content-style":"default","site-sidebar-style":"default","ast-global-header-display":"","ast-banner-title-visibility":"","ast-main-header-display":"","ast-hfb-above-header-display":"","ast-hfb-below-header-display":"","ast-hfb-mobile-header-display":"","site-post-title":"","ast-breadcrumbs-content":"","ast-featured-img":"","footer-sml-layout":"","ast-disable-related-posts":"","theme-transparent-header-meta":"default","adv-header-id-meta":"","stick-header-meta":"","header-above-stick-meta":"","header-main-stick-meta":"","header-below-stick-meta":"","astra-migrate-meta-layouts":"set","ast-page-background-enabled":"default","ast-page-background-meta":{"desktop":{"background-color":"var(--ast-global-color-4)","background-image":"","background-repeat":"repeat","background-position":"center center","background-size":"auto","background-attachment":"scroll","background-type":"","background-media":"","overlay-type":"","overlay-color":"","overlay-opacity":"","overlay-gradient":""},"tablet":{"background-color":"","background-image":"","background-repeat":"repeat","background-position":"center center","background-size":"auto","background-attachment":"scroll","background-type":"","background-media":"","overlay-type":"","overlay-color":"","overlay-opacity":"","overlay-gradient":""},"mobile":{"background-color":"","background-image":"","background-repeat":"repeat","background-position":"center center","background-size":"auto","background-attachment":"scroll","background-type":"","background-media":"","overlay-type":"","overlay-color":"","overlay-opacity":"","overlay-gradient":""}},"ast-content-background-meta":{"desktop":{"background-color":"var(--ast-global-color-5)","background-image":"","background-repeat":"repeat","background-position":"center center","background-size":"auto","background-attachment":"scroll","background-type":"","background-media":"","overlay-type":"","overlay-color":"","overlay-opacity":"","overlay-gradient":""},"tablet":{"background-color":"var(--ast-global-color-5)","background-image":"","background-repeat":"repeat","background-position":"center center","background-size":"auto","background-attachment":"scroll","background-type":"","background-media":"","overlay-type":"","overlay-color":"","overlay-opacity":"","overlay-gradient":""},"mobile":{"background-color":"var(--ast-global-color-5)","background-image":"","background-repeat":"repeat","background-position":"center center","background-size":"auto","background-attachment":"scroll","background-type":"","background-media":"","overlay-type":"","overlay-color":"","overlay-opacity":"","overlay-gradient":""}}},"product_brand":[],"product_cat":[37,21,36],"product_tag":[],"class_list":{"0":"post-1285","1":"product","2":"type-product","3":"status-publish","4":"has-post-thumbnail","6":"product_cat-escolar-6-a-11-anos","7":"product_cat-libros","8":"product_cat-preescolar-3-a-5-anos","9":"desktop-align-left","10":"tablet-align-left","11":"mobile-align-left","13":"first","14":"instock","15":"taxable","16":"shipping-taxable","17":"purchasable","18":"product-type-simple"},"aioseo_notices":[],"jetpack_sharing_enabled":true,"_links":{"self":[{"href":"https:\/\/bibliakids247.com\/index.php?rest_route=\/wp\/v2\/product\/1285","targetHints":{"allow":["GET"]}}],"collection":[{"href":"https:\/\/bibliakids247.com\/index.php?rest_route=\/wp\/v2\/product"}],"about":[{"href":"https:\/\/bibliakids247.com\/index.php?rest_route=\/wp\/v2\/types\/product"}],"replies":[{"embeddable":true,"href":"https:\/\/bibliakids247.com\/index.php?rest_route=%2Fwp%2Fv2%2Fcomments&post=1285"}],"wp:featuredmedia":[{"embeddable":true,"href":"https:\/\/bibliakids247.com\/index.php?rest_route=\/wp\/v2\/media\/1286"}],"wp:attachment":[{"href":"https:\/\/bibliakids247.com\/index.php?rest_route=%2Fwp%2Fv2%2Fmedia&parent=1285"}],"wp:term":[{"taxonomy":"product_brand","embeddable":true,"href":"https:\/\/bibliakids247.com\/index.php?rest_route=%2Fwp%2Fv2%2Fproduct_brand&post=1285"},{"taxonomy":"product_cat","embeddable":true,"href":"https:\/\/bibliakids247.com\/index.php?rest_route=%2Fwp%2Fv2%2Fproduct_cat&post=1285"},{"taxonomy":"product_tag","embeddable":true,"href":"https:\/\/bibliakids247.com\/index.php?rest_route=%2Fwp%2Fv2%2Fproduct_tag&post=1285"}],"curies":[{"name":"wp","href":"https:\/\/api.w.org\/{rel}","templated":true}]}}