{"id":1288,"date":"2026-02-12T21:48:14","date_gmt":"2026-02-13T02:48:14","guid":{"rendered":"https:\/\/bibliakids247.com\/?post_type=product&#038;p=1288"},"modified":"2026-02-12T21:53:17","modified_gmt":"2026-02-13T02:53:17","slug":"nuevas-misericordias-para-jovenes","status":"publish","type":"product","link":"https:\/\/bibliakids247.com\/?product=nuevas-misericordias-para-jovenes","title":{"rendered":"Nuevas misericordias para j\u00f3venes &#8211; 365 Refleciones"},"content":{"rendered":"<h4 data-start=\"126\" data-end=\"186\">\ud83d\udcd8 Nuevas Misericordias para J\u00f3venes \u2013 Paul David Tripp<\/h4>\n<p>&nbsp;<\/p>\n<p data-start=\"188\" data-end=\"318\">Uno de los devocionales m\u00e1s reconocidos de <strong data-start=\"231\" data-end=\"251\">Paul David Tripp<\/strong>, ahora adaptado especialmente para adolescentes y estudiantes \ud83d\ude4c\u2728.<\/p>\n<p data-start=\"320\" data-end=\"589\">La juventud est\u00e1 llena de desaf\u00edos: ansiedad, identidad, presi\u00f3n social, redes sociales, tentaciones y decisiones importantes. Este <strong data-start=\"452\" data-end=\"489\">devocional cristiano para j\u00f3venes<\/strong> ofrece sabidur\u00eda b\u00edblica pr\u00e1ctica y centrada en el evangelio para enfrentar cada d\u00eda con esperanza.<\/p>\n<h3 data-start=\"591\" data-end=\"654\">\ud83c\udf05 365 reflexiones para recordar el evangelio cada ma\u00f1ana<\/h3>\n<p data-start=\"656\" data-end=\"829\">Cada lectura diaria incluye:<br \/>\n\u2714 Un pensamiento memorable centrado en el evangelio \u271d\ufe0f<br data-start=\"739\" data-end=\"742\" \/>\u2714 Una meditaci\u00f3n basada en las Escrituras \ud83d\udcd6<br data-start=\"786\" data-end=\"789\" \/>\u2714 Preguntas para reflexi\u00f3n personal \ud83d\udcad<\/p>\n<p data-start=\"831\" data-end=\"923\">Incluye adem\u00e1s un cap\u00edtulo especial de <strong data-start=\"870\" data-end=\"896\">preguntas y respuestas<\/strong> sobre temas actuales como:<\/p>\n<ul data-start=\"924\" data-end=\"1002\">\n<li data-start=\"924\" data-end=\"936\">\n<p data-start=\"926\" data-end=\"936\">Ansiedad<\/p>\n<\/li>\n<li data-start=\"937\" data-end=\"954\">\n<p data-start=\"939\" data-end=\"954\">Sexo y g\u00e9nero<\/p>\n<\/li>\n<li data-start=\"955\" data-end=\"973\">\n<p data-start=\"957\" data-end=\"973\">Redes sociales<\/p>\n<\/li>\n<li data-start=\"974\" data-end=\"1002\">\n<p data-start=\"976\" data-end=\"1002\">Disciplinas espirituales<\/p>\n<\/li>\n<\/ul>\n<p data-start=\"1004\" data-end=\"1193\">M\u00e1s que enfocarse en cambiar conductas externas, este devocional ayuda a los j\u00f3venes a <strong data-start=\"1091\" data-end=\"1123\">encontrarse con el Dios vivo<\/strong>, crecer en su amor por Jes\u00fas y vivir para Su gloria d\u00eda tras d\u00eda \ud83d\udc9b\u2728.<\/p>\n<hr data-start=\"1195\" data-end=\"1198\" \/>\n<h3 data-start=\"1200\" data-end=\"1226\">\ud83d\udc66\ud83d\udc67 Edad recomendada:<\/h3>\n<p data-start=\"1227\" data-end=\"1283\"><strong data-start=\"1227\" data-end=\"1243\">13 a 18 a\u00f1os<\/strong> (ideal para adolescentes y estudiantes)<\/p>\n<p data-start=\"1285\" data-end=\"1406\">Perfecto para:<br \/>\n\ud83d\udcd6 Devocionales personales<br data-start=\"1326\" data-end=\"1329\" \/>\u26ea Grupos juveniles<br data-start=\"1347\" data-end=\"1350\" \/>\ud83c\udfeb Estudiantes de secundaria<br data-start=\"1378\" data-end=\"1381\" \/>\ud83c\udf81 Regalo con prop\u00f3sito<\/p>\n<p data-start=\"1408\" data-end=\"1529\">Un recurso esencial para fortalecer la fe y formar una cosmovisi\u00f3n b\u00edblica s\u00f3lida en la etapa m\u00e1s decisiva de la vida \ud83c\udf1f.<\/p>\n","protected":false},"excerpt":{"rendered":"<p>\ud83d\udcd8 Nuevas Misericordias para J\u00f3venes \u2013 Paul David Tripp &nbsp; Uno de los devocionales m\u00e1s reconocidos de Paul David Tripp, [&hellip;]<\/p>\n","protected":false},"featured_media":1289,"comment_status":"open","ping_status":"closed","template":"","meta":{"_monsterinsights_skip_tracking":false,"_monsterinsights_sitenote_active":false,"_monsterinsights_sitenote_note":"","_monsterinsights_sitenote_category":0,"site-sidebar-layout":"default","site-content-layout":"","ast-site-content-layout":"default","site-content-style":"default","site-sidebar-style":"default","ast-global-header-display":"","ast-banner-title-visibility":"","ast-main-header-display":"","ast-hfb-above-header-display":"","ast-hfb-below-header-display":"","ast-hfb-mobile-header-display":"","site-post-title":"","ast-breadcrumbs-content":"","ast-featured-img":"","footer-sml-layout":"","ast-disable-related-posts":"","theme-transparent-header-meta":"default","adv-header-id-meta":"","stick-header-meta":"","header-above-stick-meta":"","header-main-stick-meta":"","header-below-stick-meta":"","astra-migrate-meta-layouts":"set","ast-page-background-enabled":"default","ast-page-background-meta":{"desktop":{"background-color":"var(--ast-global-color-4)","background-image":"","background-repeat":"repeat","background-position":"center center","background-size":"auto","background-attachment":"scroll","background-type":"","background-media":"","overlay-type":"","overlay-color":"","overlay-opacity":"","overlay-gradient":""},"tablet":{"background-color":"","background-image":"","background-repeat":"repeat","background-position":"center center","background-size":"auto","background-attachment":"scroll","background-type":"","background-media":"","overlay-type":"","overlay-color":"","overlay-opacity":"","overlay-gradient":""},"mobile":{"background-color":"","background-image":"","background-repeat":"repeat","background-position":"center center","background-size":"auto","background-attachment":"scroll","background-type":"","background-media":"","overlay-type":"","overlay-color":"","overlay-opacity":"","overlay-gradient":""}},"ast-content-background-meta":{"desktop":{"background-color":"var(--ast-global-color-5)","background-image":"","background-repeat":"repeat","background-position":"center center","background-size":"auto","background-attachment":"scroll","background-type":"","background-media":"","overlay-type":"","overlay-color":"","overlay-opacity":"","overlay-gradient":""},"tablet":{"background-color":"var(--ast-global-color-5)","background-image":"","background-repeat":"repeat","background-position":"center center","background-size":"auto","background-attachment":"scroll","background-type":"","background-media":"","overlay-type":"","overlay-color":"","overlay-opacity":"","overlay-gradient":""},"mobile":{"background-color":"var(--ast-global-color-5)","background-image":"","background-repeat":"repeat","background-position":"center center","background-size":"auto","background-attachment":"scroll","background-type":"","background-media":"","overlay-type":"","overlay-color":"","overlay-opacity":"","overlay-gradient":""}}},"product_brand":[],"product_cat":[38,22,21],"product_tag":[],"class_list":{"0":"post-1288","1":"product","2":"type-product","3":"status-publish","4":"has-post-thumbnail","6":"product_cat-adolescentes-mayor-a-12-anos","7":"product_cat-devocionales","8":"product_cat-libros","9":"desktop-align-left","10":"tablet-align-left","11":"mobile-align-left","13":"first","14":"instock","15":"taxable","16":"shipping-taxable","17":"purchasable","18":"product-type-simple"},"aioseo_notices":[],"jetpack_sharing_enabled":true,"_links":{"self":[{"href":"https:\/\/bibliakids247.com\/index.php?rest_route=\/wp\/v2\/product\/1288","targetHints":{"allow":["GET"]}}],"collection":[{"href":"https:\/\/bibliakids247.com\/index.php?rest_route=\/wp\/v2\/product"}],"about":[{"href":"https:\/\/bibliakids247.com\/index.php?rest_route=\/wp\/v2\/types\/product"}],"replies":[{"embeddable":true,"href":"https:\/\/bibliakids247.com\/index.php?rest_route=%2Fwp%2Fv2%2Fcomments&post=1288"}],"wp:featuredmedia":[{"embeddable":true,"href":"https:\/\/bibliakids247.com\/index.php?rest_route=\/wp\/v2\/media\/1289"}],"wp:attachment":[{"href":"https:\/\/bibliakids247.com\/index.php?rest_route=%2Fwp%2Fv2%2Fmedia&parent=1288"}],"wp:term":[{"taxonomy":"product_brand","embeddable":true,"href":"https:\/\/bibliakids247.com\/index.php?rest_route=%2Fwp%2Fv2%2Fproduct_brand&post=1288"},{"taxonomy":"product_cat","embeddable":true,"href":"https:\/\/bibliakids247.com\/index.php?rest_route=%2Fwp%2Fv2%2Fproduct_cat&post=1288"},{"taxonomy":"product_tag","embeddable":true,"href":"https:\/\/bibliakids247.com\/index.php?rest_route=%2Fwp%2Fv2%2Fproduct_tag&post=1288"}],"curies":[{"name":"wp","href":"https:\/\/api.w.org\/{rel}","templated":true}]}}