{"id":1318,"date":"2026-02-13T09:07:20","date_gmt":"2026-02-13T14:07:20","guid":{"rendered":"https:\/\/bibliakids247.com\/?post_type=product&#038;p=1318"},"modified":"2026-02-13T09:10:47","modified_gmt":"2026-02-13T14:10:47","slug":"el-gran-viaje-del-pequeno-peregrino","status":"publish","type":"product","link":"https:\/\/bibliakids247.com\/?product=el-gran-viaje-del-pequeno-peregrino","title":{"rendered":"El gran viaje del peque\u00f1o peregrino"},"content":{"rendered":"<h4 data-start=\"109\" data-end=\"204\">\ud83d\udee4\ufe0f El Gran Viaje del Peque\u00f1o Peregrino | Adaptaci\u00f3n infantil de El Progreso del Peregrino<\/h4>\n<p>&nbsp;<\/p>\n<p data-start=\"206\" data-end=\"411\">Un peregrino es alguien que deja su hogar para emprender un gran viaje. \u2728 John Bunyan ense\u00f1\u00f3 que la vida cristiana es como un peregrinaje lleno de pruebas, alegr\u00edas y esperanza en el camino hacia el cielo.<\/p>\n<p data-start=\"413\" data-end=\"641\"><strong data-start=\"413\" data-end=\"452\">El Gran Viaje del Peque\u00f1o Peregrino<\/strong> es una adaptaci\u00f3n infantil basada en el cl\u00e1sico <em data-start=\"501\" data-end=\"528\">El Progreso del Peregrino<\/em>, dise\u00f1ada para ayudar a los ni\u00f1os a comprender esta poderosa alegor\u00eda cristiana de forma clara y accesible \ud83d\udcd6\ud83d\udc9b.<\/p>\n<p data-start=\"643\" data-end=\"824\">Siguiendo de cerca la trama original, este libro gu\u00eda a los peque\u00f1os lectores a trav\u00e9s del camino hacia la Ciudad Celestial, mostrando que cada cristiano vive su propio viaje de fe.<\/p>\n<h3 data-start=\"826\" data-end=\"864\">\ud83c\udf1f Este libro ayuda a los ni\u00f1os a:<\/h3>\n<p data-start=\"865\" data-end=\"1120\">\u2714 Comprender la vida cristiana como un camino de fe \u271d\ufe0f<br data-start=\"919\" data-end=\"922\" \/>\u2714 Identificar pruebas, tentaciones y esperanza en el recorrido<br data-start=\"984\" data-end=\"987\" \/>\u2714 Desarrollar perseverancia y confianza en Dios \ud83d\ude4f<br data-start=\"1037\" data-end=\"1040\" \/>\u2714 Conocer una de las historias cristianas m\u00e1s influyentes de todos los tiempos<\/p>\n<p data-start=\"1122\" data-end=\"1233\">Ideal para:<br \/>\n\ud83d\udcd6 Lectura en familia<br data-start=\"1155\" data-end=\"1158\" \/>\u26ea Formaci\u00f3n cristiana<br data-start=\"1179\" data-end=\"1182\" \/>\ud83c\udfeb Educaci\u00f3n en valores<br data-start=\"1205\" data-end=\"1208\" \/>\ud83c\udf81 Regalo con prop\u00f3sito<\/p>\n<p data-start=\"1235\" data-end=\"1382\">Un libro que ha inspirado a generaciones y que ahora puede inspirar a muchos peque\u00f1os peregrinos a iniciar su camino hacia la Ciudad Celestial \ud83c\udf05\u2728.<\/p>\n<hr data-start=\"1384\" data-end=\"1387\" \/>\n<h3 data-start=\"1389\" data-end=\"1417\"><\/h3>\n<p data-start=\"1418\" data-end=\"1634\">\ud83c\udd94 <strong data-start=\"1421\" data-end=\"1430\">ISBN:<\/strong> 9781955182423<br data-start=\"1444\" data-end=\"1447\" \/>\ud83d\udcc4 <strong data-start=\"1450\" data-end=\"1462\">P\u00e1ginas:<\/strong> 224<br data-start=\"1466\" data-end=\"1469\" \/>\ud83d\udcd0 <strong data-start=\"1472\" data-end=\"1484\">Medidas:<\/strong> 19 x 22,8 cm<br data-start=\"1497\" data-end=\"1500\" \/>\ud83d\udcd6 <strong data-start=\"1503\" data-end=\"1516\">Cubierta:<\/strong> R\u00fastica<br data-start=\"1524\" data-end=\"1527\" \/>\ud83d\udcc5 <strong data-start=\"1530\" data-end=\"1546\">Lanzamiento:<\/strong> 18 de abril de 2023<br data-start=\"1566\" data-end=\"1569\" \/>\ud83c\udf0d <strong data-start=\"1572\" data-end=\"1583\">Idioma:<\/strong> Espa\u00f1ol<br data-start=\"1591\" data-end=\"1594\" \/>\ud83d\udc67\ud83d\udc66 <strong data-start=\"1599\" data-end=\"1620\">Edad recomendada:<\/strong> 6 a 12 a\u00f1os<\/p>\n<p data-start=\"1636\" data-end=\"1762\">Una hermosa adaptaci\u00f3n cristiana para ni\u00f1os que introduce el cl\u00e1sico de John Bunyan de manera comprensible y edificante \ud83d\udc9b\ud83d\udcd6<\/p>\n<hr data-start=\"1764\" data-end=\"1767\" \/>\n<p data-start=\"1769\" data-end=\"1798\">\n","protected":false},"excerpt":{"rendered":"<p>\ud83d\udee4\ufe0f El Gran Viaje del Peque\u00f1o Peregrino | Adaptaci\u00f3n infantil de El Progreso del Peregrino &nbsp; Un peregrino es alguien [&hellip;]<\/p>\n","protected":false},"featured_media":1319,"comment_status":"open","ping_status":"closed","template":"","meta":{"_monsterinsights_skip_tracking":false,"_monsterinsights_sitenote_active":false,"_monsterinsights_sitenote_note":"","_monsterinsights_sitenote_category":0,"site-sidebar-layout":"default","site-content-layout":"","ast-site-content-layout":"default","site-content-style":"default","site-sidebar-style":"default","ast-global-header-display":"","ast-banner-title-visibility":"","ast-main-header-display":"","ast-hfb-above-header-display":"","ast-hfb-below-header-display":"","ast-hfb-mobile-header-display":"","site-post-title":"","ast-breadcrumbs-content":"","ast-featured-img":"","footer-sml-layout":"","ast-disable-related-posts":"","theme-transparent-header-meta":"default","adv-header-id-meta":"","stick-header-meta":"","header-above-stick-meta":"","header-main-stick-meta":"","header-below-stick-meta":"","astra-migrate-meta-layouts":"set","ast-page-background-enabled":"default","ast-page-background-meta":{"desktop":{"background-color":"var(--ast-global-color-4)","background-image":"","background-repeat":"repeat","background-position":"center center","background-size":"auto","background-attachment":"scroll","background-type":"","background-media":"","overlay-type":"","overlay-color":"","overlay-opacity":"","overlay-gradient":""},"tablet":{"background-color":"","background-image":"","background-repeat":"repeat","background-position":"center center","background-size":"auto","background-attachment":"scroll","background-type":"","background-media":"","overlay-type":"","overlay-color":"","overlay-opacity":"","overlay-gradient":""},"mobile":{"background-color":"","background-image":"","background-repeat":"repeat","background-position":"center center","background-size":"auto","background-attachment":"scroll","background-type":"","background-media":"","overlay-type":"","overlay-color":"","overlay-opacity":"","overlay-gradient":""}},"ast-content-background-meta":{"desktop":{"background-color":"var(--ast-global-color-5)","background-image":"","background-repeat":"repeat","background-position":"center center","background-size":"auto","background-attachment":"scroll","background-type":"","background-media":"","overlay-type":"","overlay-color":"","overlay-opacity":"","overlay-gradient":""},"tablet":{"background-color":"var(--ast-global-color-5)","background-image":"","background-repeat":"repeat","background-position":"center center","background-size":"auto","background-attachment":"scroll","background-type":"","background-media":"","overlay-type":"","overlay-color":"","overlay-opacity":"","overlay-gradient":""},"mobile":{"background-color":"var(--ast-global-color-5)","background-image":"","background-repeat":"repeat","background-position":"center center","background-size":"auto","background-attachment":"scroll","background-type":"","background-media":"","overlay-type":"","overlay-color":"","overlay-opacity":"","overlay-gradient":""}}},"product_brand":[],"product_cat":[38,37,21,41],"product_tag":[],"class_list":{"0":"post-1318","1":"product","2":"type-product","3":"status-publish","4":"has-post-thumbnail","6":"product_cat-adolescentes-mayor-a-12-anos","7":"product_cat-escolar-6-a-11-anos","8":"product_cat-libros","9":"product_cat-tf","10":"desktop-align-left","11":"tablet-align-left","12":"mobile-align-left","14":"first","15":"instock","16":"taxable","17":"shipping-taxable","18":"purchasable","19":"product-type-simple"},"aioseo_notices":[],"jetpack_sharing_enabled":true,"_links":{"self":[{"href":"https:\/\/bibliakids247.com\/index.php?rest_route=\/wp\/v2\/product\/1318","targetHints":{"allow":["GET"]}}],"collection":[{"href":"https:\/\/bibliakids247.com\/index.php?rest_route=\/wp\/v2\/product"}],"about":[{"href":"https:\/\/bibliakids247.com\/index.php?rest_route=\/wp\/v2\/types\/product"}],"replies":[{"embeddable":true,"href":"https:\/\/bibliakids247.com\/index.php?rest_route=%2Fwp%2Fv2%2Fcomments&post=1318"}],"wp:featuredmedia":[{"embeddable":true,"href":"https:\/\/bibliakids247.com\/index.php?rest_route=\/wp\/v2\/media\/1319"}],"wp:attachment":[{"href":"https:\/\/bibliakids247.com\/index.php?rest_route=%2Fwp%2Fv2%2Fmedia&parent=1318"}],"wp:term":[{"taxonomy":"product_brand","embeddable":true,"href":"https:\/\/bibliakids247.com\/index.php?rest_route=%2Fwp%2Fv2%2Fproduct_brand&post=1318"},{"taxonomy":"product_cat","embeddable":true,"href":"https:\/\/bibliakids247.com\/index.php?rest_route=%2Fwp%2Fv2%2Fproduct_cat&post=1318"},{"taxonomy":"product_tag","embeddable":true,"href":"https:\/\/bibliakids247.com\/index.php?rest_route=%2Fwp%2Fv2%2Fproduct_tag&post=1318"}],"curies":[{"name":"wp","href":"https:\/\/api.w.org\/{rel}","templated":true}]}}