{"id":1345,"date":"2026-02-13T10:20:05","date_gmt":"2026-02-13T15:20:05","guid":{"rendered":"https:\/\/bibliakids247.com\/?post_type=product&#038;p=1345"},"modified":"2026-02-13T10:27:17","modified_gmt":"2026-02-13T15:27:17","slug":"el-jardin-la-cortina-y-la-cruz","status":"publish","type":"product","link":"https:\/\/bibliakids247.com\/?product=el-jardin-la-cortina-y-la-cruz","title":{"rendered":"El jard\u00edn, la cortina y la cruz &#8211; La verdadera historia"},"content":{"rendered":"<h2 data-start=\"127\" data-end=\"166\">\ud83c\udf3f El Jard\u00edn, la Cortina y la Cruz<\/h2>\n<h3 data-start=\"167\" data-end=\"228\">La verdadera historia de por qu\u00e9 Jes\u00fas muri\u00f3 y resucit\u00f3<\/h3>\n<p>&nbsp;<\/p>\n<p data-start=\"230\" data-end=\"307\">\u201cHace mucho, mucho tiempo, aqu\u00ed mismo, en este mundo, hab\u00eda un jard\u00edn\u2026\u201d \ud83c\udf33\u2728<\/p>\n<p data-start=\"309\" data-end=\"490\">As\u00ed comienza esta hermosa y profunda historia que gu\u00eda a los ni\u00f1os a trav\u00e9s del mensaje central de toda la Biblia: el plan de Dios para rescatar a Su pueblo por medio de Jes\u00fas \u271d\ufe0f\ud83d\udc9b.<\/p>\n<p data-start=\"492\" data-end=\"680\"><strong data-start=\"492\" data-end=\"527\">El Jard\u00edn, la Cortina y la Cruz<\/strong> presenta de manera clara, fiel y emocionante la gran historia b\u00edblica: desde el jard\u00edn del Ed\u00e9n, pasando por el templo, hasta la cruz y la resurrecci\u00f3n.<\/p>\n<p data-start=\"682\" data-end=\"922\">Con ilustraciones vibrantes y un lenguaje accesible, los ni\u00f1os descubrir\u00e1n:<br \/>\n\u2714 Por qu\u00e9 el pecado rompi\u00f3 el mundo \ud83c\udf0d<br data-start=\"796\" data-end=\"799\" \/>\u2714 Por qu\u00e9 Jes\u00fas tuvo que morir \u271d\ufe0f<br data-start=\"832\" data-end=\"835\" \/>\u2714 Qu\u00e9 significa que \u00c9l resucit\u00f3 \ud83d\ude4c<br data-start=\"869\" data-end=\"872\" \/>\u2714 C\u00f3mo pueden ser parte de esta gran historia \ud83d\udc9b<\/p>\n<p data-start=\"924\" data-end=\"1058\">Este libro ayuda a los peque\u00f1os a comprender el evangelio de forma b\u00edblica y sencilla, mostrando que toda la Escritura apunta a Jes\u00fas.<\/p>\n<hr data-start=\"1060\" data-end=\"1063\" \/>\n<h3 data-start=\"1065\" data-end=\"1083\">\ud83c\udf1f Ideal para:<\/h3>\n<p data-start=\"1084\" data-end=\"1176\">\ud83d\udcd6 Lectura en familia<br data-start=\"1105\" data-end=\"1108\" \/>\u26ea Escuela dominical<br data-start=\"1127\" data-end=\"1130\" \/>\ud83c\udfeb Clases b\u00edblicas<br data-start=\"1148\" data-end=\"1151\" \/>\ud83c\udf81 Regalo con prop\u00f3sito<\/p>\n<h3 data-start=\"1178\" data-end=\"1204\">\ud83d\udc67\ud83d\udc66 Edad recomendada: <strong data-start=\"1205\" data-end=\"1219\">4 a 8 a\u00f1os<\/strong><\/h3>\n<hr data-start=\"1221\" data-end=\"1224\" \/>\n<p data-start=\"1226\" data-end=\"1428\">Un hermoso <strong data-start=\"1237\" data-end=\"1292\">libro cristiano infantil sobre el plan de salvaci\u00f3n<\/strong>, perfecto para ense\u00f1ar por qu\u00e9 Jes\u00fas muri\u00f3 y resucit\u00f3, y c\u00f3mo cada ni\u00f1o puede ser parte de la historia m\u00e1s grande jam\u00e1s contada \u2728\ud83d\udcd6\ud83d\udc9b<\/p>\n","protected":false},"excerpt":{"rendered":"<p>\ud83c\udf3f El Jard\u00edn, la Cortina y la Cruz La verdadera historia de por qu\u00e9 Jes\u00fas muri\u00f3 y resucit\u00f3 &nbsp; \u201cHace [&hellip;]<\/p>\n","protected":false},"featured_media":1346,"comment_status":"open","ping_status":"closed","template":"","meta":{"_monsterinsights_skip_tracking":false,"_monsterinsights_sitenote_active":false,"_monsterinsights_sitenote_note":"","_monsterinsights_sitenote_category":0,"site-sidebar-layout":"default","site-content-layout":"","ast-site-content-layout":"default","site-content-style":"default","site-sidebar-style":"default","ast-global-header-display":"","ast-banner-title-visibility":"","ast-main-header-display":"","ast-hfb-above-header-display":"","ast-hfb-below-header-display":"","ast-hfb-mobile-header-display":"","site-post-title":"","ast-breadcrumbs-content":"","ast-featured-img":"","footer-sml-layout":"","ast-disable-related-posts":"","theme-transparent-header-meta":"default","adv-header-id-meta":"","stick-header-meta":"","header-above-stick-meta":"","header-main-stick-meta":"","header-below-stick-meta":"","astra-migrate-meta-layouts":"set","ast-page-background-enabled":"default","ast-page-background-meta":{"desktop":{"background-color":"var(--ast-global-color-4)","background-image":"","background-repeat":"repeat","background-position":"center center","background-size":"auto","background-attachment":"scroll","background-type":"","background-media":"","overlay-type":"","overlay-color":"","overlay-opacity":"","overlay-gradient":""},"tablet":{"background-color":"","background-image":"","background-repeat":"repeat","background-position":"center center","background-size":"auto","background-attachment":"scroll","background-type":"","background-media":"","overlay-type":"","overlay-color":"","overlay-opacity":"","overlay-gradient":""},"mobile":{"background-color":"","background-image":"","background-repeat":"repeat","background-position":"center center","background-size":"auto","background-attachment":"scroll","background-type":"","background-media":"","overlay-type":"","overlay-color":"","overlay-opacity":"","overlay-gradient":""}},"ast-content-background-meta":{"desktop":{"background-color":"var(--ast-global-color-5)","background-image":"","background-repeat":"repeat","background-position":"center center","background-size":"auto","background-attachment":"scroll","background-type":"","background-media":"","overlay-type":"","overlay-color":"","overlay-opacity":"","overlay-gradient":""},"tablet":{"background-color":"var(--ast-global-color-5)","background-image":"","background-repeat":"repeat","background-position":"center center","background-size":"auto","background-attachment":"scroll","background-type":"","background-media":"","overlay-type":"","overlay-color":"","overlay-opacity":"","overlay-gradient":""},"mobile":{"background-color":"var(--ast-global-color-5)","background-image":"","background-repeat":"repeat","background-position":"center center","background-size":"auto","background-attachment":"scroll","background-type":"","background-media":"","overlay-type":"","overlay-color":"","overlay-opacity":"","overlay-gradient":""}}},"product_brand":[],"product_cat":[37,36,41],"product_tag":[],"class_list":{"0":"post-1345","1":"product","2":"type-product","3":"status-publish","4":"has-post-thumbnail","6":"product_cat-escolar-6-a-11-anos","7":"product_cat-preescolar-3-a-5-anos","8":"product_cat-tf","9":"desktop-align-left","10":"tablet-align-left","11":"mobile-align-left","13":"first","14":"instock","15":"taxable","16":"shipping-taxable","17":"purchasable","18":"product-type-simple"},"aioseo_notices":[],"jetpack_sharing_enabled":true,"_links":{"self":[{"href":"https:\/\/bibliakids247.com\/index.php?rest_route=\/wp\/v2\/product\/1345","targetHints":{"allow":["GET"]}}],"collection":[{"href":"https:\/\/bibliakids247.com\/index.php?rest_route=\/wp\/v2\/product"}],"about":[{"href":"https:\/\/bibliakids247.com\/index.php?rest_route=\/wp\/v2\/types\/product"}],"replies":[{"embeddable":true,"href":"https:\/\/bibliakids247.com\/index.php?rest_route=%2Fwp%2Fv2%2Fcomments&post=1345"}],"wp:featuredmedia":[{"embeddable":true,"href":"https:\/\/bibliakids247.com\/index.php?rest_route=\/wp\/v2\/media\/1346"}],"wp:attachment":[{"href":"https:\/\/bibliakids247.com\/index.php?rest_route=%2Fwp%2Fv2%2Fmedia&parent=1345"}],"wp:term":[{"taxonomy":"product_brand","embeddable":true,"href":"https:\/\/bibliakids247.com\/index.php?rest_route=%2Fwp%2Fv2%2Fproduct_brand&post=1345"},{"taxonomy":"product_cat","embeddable":true,"href":"https:\/\/bibliakids247.com\/index.php?rest_route=%2Fwp%2Fv2%2Fproduct_cat&post=1345"},{"taxonomy":"product_tag","embeddable":true,"href":"https:\/\/bibliakids247.com\/index.php?rest_route=%2Fwp%2Fv2%2Fproduct_tag&post=1345"}],"curies":[{"name":"wp","href":"https:\/\/api.w.org\/{rel}","templated":true}]}}