{"id":1370,"date":"2026-02-15T11:06:42","date_gmt":"2026-02-15T16:06:42","guid":{"rendered":"https:\/\/bibliakids247.com\/?post_type=product&#038;p=1370"},"modified":"2026-02-15T11:13:41","modified_gmt":"2026-02-15T16:13:41","slug":"biblia-unilit-para-pequenitos","status":"publish","type":"product","link":"https:\/\/bibliakids247.com\/?product=biblia-unilit-para-pequenitos","title":{"rendered":"Biblia Unilit para peque\u00f1itos"},"content":{"rendered":"<div class=\"flex flex-col text-sm pb-25\">\n<article class=\"text-token-text-primary w-full focus:outline-none [--shadow-height:45px] has-data-writing-block:pointer-events-none has-data-writing-block:-mt-(--shadow-height) has-data-writing-block:pt-(--shadow-height) [&amp;:has([data-writing-block])&gt;*]:pointer-events-auto [content-visibility:auto] supports-[content-visibility:auto]:[contain-intrinsic-size:auto_100lvh] scroll-mt-[calc(var(--header-height)+min(200px,max(70px,20svh)))]\" dir=\"auto\" tabindex=\"-1\" data-turn-id=\"request-WEB:0c7e5125-c0b7-4bfe-aef8-ce475184e7da-0\" data-testid=\"conversation-turn-2\" data-scroll-anchor=\"true\" data-turn=\"assistant\">\n<div class=\"text-base my-auto mx-auto pb-10 [--thread-content-margin:--spacing(4)] @w-sm\/main:[--thread-content-margin:--spacing(6)] @w-lg\/main:[--thread-content-margin:--spacing(16)] px-(--thread-content-margin)\">\n<div class=\"[--thread-content-max-width:40rem] @w-lg\/main:[--thread-content-max-width:48rem] mx-auto max-w-(--thread-content-max-width) flex-1 group\/turn-messages focus-visible:outline-hidden relative flex w-full min-w-0 flex-col agent-turn\" tabindex=\"-1\">\n<div class=\"flex max-w-full flex-col grow\">\n<div class=\"min-h-8 text-message relative flex w-full flex-col items-end gap-2 text-start break-words whitespace-normal [.text-message+&amp;]:mt-1\" dir=\"auto\" data-message-author-role=\"assistant\" data-message-id=\"8171bb52-ff3f-4b01-8a1d-b2e844696bdd\" data-message-model-slug=\"gpt-5-2\">\n<div class=\"flex w-full flex-col gap-1 empty:hidden first:pt-[1px]\">\n<div class=\"markdown prose dark:prose-invert w-full wrap-break-word dark markdown-new-styling\">\n<div class=\"ast-oembed-container \" style=\"height: 100%;\"><iframe title=\"Biblia Unilit para peque\u00f1itos\" width=\"500\" height=\"281\" src=\"https:\/\/www.youtube.com\/embed\/GR9SUDKEUQs?feature=oembed\" frameborder=\"0\" allow=\"accelerometer; autoplay; clipboard-write; encrypted-media; gyroscope; picture-in-picture; web-share\" referrerpolicy=\"strict-origin-when-cross-origin\" allowfullscreen><\/iframe><\/div>\n<p data-start=\"0\" data-end=\"154\">\ud83d\udcd8\u2728 <strong data-start=\"4\" data-end=\"37\">Biblia Unilit para Peque\u00f1itos<\/strong><br data-start=\"37\" data-end=\"40\" \/>Una Biblia ilustrada pensada especialmente para los primeros pasos en la fe \ud83d\udc9b<br data-start=\"118\" data-end=\"121\" \/>\ud83d\udc76 Edad recomendada: 3 a 5 a\u00f1os<\/p>\n<p data-start=\"156\" data-end=\"557\">La <strong data-start=\"159\" data-end=\"192\">Biblia Unilit para Peque\u00f1itos<\/strong> es una dulce y hermosa introducci\u00f3n a la Palabra de Dios, dise\u00f1ada con amor para los m\u00e1s peque\u00f1os del hogar. Con un lenguaje sencillo, claro y lleno de ternura, esta edici\u00f3n presenta <strong data-start=\"376\" data-end=\"401\">66 historias b\u00edblicas<\/strong> (22 del Antiguo Testamento y 44 del Nuevo Testamento) cuidadosamente seleccionadas para sembrar en el coraz\u00f3n de los ni\u00f1os el amor por Dios y Su Palabra.<\/p>\n<p data-start=\"559\" data-end=\"745\">Cada relato est\u00e1 acompa\u00f1ado de ilustraciones vibrantes y a todo color \ud83c\udfa8\u2728 que ayudan a los ni\u00f1os a comprender visualmente las historias mientras disfrutan de los relatos m\u00e1s conocidos:<\/p>\n<p data-start=\"747\" data-end=\"860\">\ud83c\udf0d La Creaci\u00f3n<br data-start=\"761\" data-end=\"764\" \/>\ud83c\udf08 No\u00e9 y el arca<br data-start=\"780\" data-end=\"783\" \/>\ud83e\udea8 David y Goliat<br data-start=\"800\" data-end=\"803\" \/>\u2b50 El nacimiento de Jes\u00fas<br data-start=\"827\" data-end=\"830\" \/>\ud83d\udc96 Sus milagros y ense\u00f1anzas<\/p>\n<p data-start=\"862\" data-end=\"1018\">Es una Biblia perfecta para:<br data-start=\"890\" data-end=\"893\" \/>\ud83d\udc68\u200d\ud83d\udc69\u200d\ud83d\udc67\u200d\ud83d\udc66 Lectura en familia<br data-start=\"923\" data-end=\"926\" \/>\ud83d\ude4f Devocionales infantiles<br data-start=\"952\" data-end=\"955\" \/>\u26ea Escuelas dominicales<br data-start=\"977\" data-end=\"980\" \/>\ud83c\udf31 Primeros pasos en la fe cristiana<\/p>\n<p data-start=\"1020\" data-end=\"1255\">Su tono c\u00e1lido y su vocabulario adaptado permiten que padres, maestros y cuidadores ense\u00f1en la Palabra de Dios de manera clara, amorosa y comprensible, fortaleciendo el v\u00ednculo familiar a trav\u00e9s de momentos especiales de lectura \ud83d\udcd6\ud83d\udc9e<\/p>\n<hr data-start=\"1257\" data-end=\"1260\" \/>\n<h5 data-start=\"1262\" data-end=\"1294\">\ud83c\udf1f Beneficios para los ni\u00f1os<\/h5>\n<p data-start=\"1295\" data-end=\"1567\">\u2714\ufe0f Lenguaje sencillo ideal para edades tempranas<br data-start=\"1343\" data-end=\"1346\" \/>\u2714\ufe0f Ilustraciones llamativas que facilitan la comprensi\u00f3n<br data-start=\"1402\" data-end=\"1405\" \/>\u2714\ufe0f Historias cortas que mantienen su atenci\u00f3n<br data-start=\"1450\" data-end=\"1453\" \/>\u2714\ufe0f Ense\u00f1a verdades b\u00edblicas fundamentales desde peque\u00f1os<br data-start=\"1509\" data-end=\"1512\" \/>\u2714\ufe0f Fomenta el amor por Dios desde la primera infancia<\/p>\n<hr data-start=\"1569\" data-end=\"1572\" \/>\n<p data-start=\"1574\" data-end=\"1720\">\ud83d\udcda <strong data-start=\"1577\" data-end=\"1602\">Detalles\u00a0<\/strong><br data-start=\"1602\" data-end=\"1605\" \/>ISBN: 9780789926500<br data-start=\"1624\" data-end=\"1627\" \/>Editorial: Unilit<br data-start=\"1644\" data-end=\"1647\" \/>N\u00famero de p\u00e1ginas: 400<br data-start=\"1669\" data-end=\"1672\" \/>Idioma: Espa\u00f1ol<br data-start=\"1687\" data-end=\"1690\" \/>Edad recomendada: 3 a 5 a\u00f1os<\/p>\n<p data-start=\"1722\" data-end=\"1807\" data-is-last-node=\"\" data-is-only-node=\"\">Una Biblia que no solo se lee\u2026 se disfruta, se aprende y se atesora en el coraz\u00f3n \ud83d\udc95\u2728<\/p>\n<\/div>\n<\/div>\n<\/div>\n<\/div>\n<div class=\"z-0 flex min-h-[46px] justify-start\"><\/div>\n<div class=\"mt-3 w-full empty:hidden\">\n<div class=\"text-center\"><\/div>\n<\/div>\n<\/div>\n<\/div>\n<\/article>\n<\/div>\n<div class=\"pointer-events-none h-px w-px absolute bottom-0\" aria-hidden=\"true\" data-edge=\"true\"><\/div>\n","protected":false},"excerpt":{"rendered":"<p>\ud83d\udcd8\u2728 Biblia Unilit para Peque\u00f1itosUna Biblia ilustrada pensada especialmente para los primeros pasos en la fe \ud83d\udc9b\ud83d\udc76 Edad recomendada: 3 [&hellip;]<\/p>\n","protected":false},"featured_media":1371,"comment_status":"open","ping_status":"closed","template":"","meta":{"_monsterinsights_skip_tracking":false,"_monsterinsights_sitenote_active":false,"_monsterinsights_sitenote_note":"","_monsterinsights_sitenote_category":0,"site-sidebar-layout":"default","site-content-layout":"","ast-site-content-layout":"default","site-content-style":"default","site-sidebar-style":"default","ast-global-header-display":"","ast-banner-title-visibility":"","ast-main-header-display":"","ast-hfb-above-header-display":"","ast-hfb-below-header-display":"","ast-hfb-mobile-header-display":"","site-post-title":"","ast-breadcrumbs-content":"","ast-featured-img":"","footer-sml-layout":"","ast-disable-related-posts":"","theme-transparent-header-meta":"default","adv-header-id-meta":"","stick-header-meta":"","header-above-stick-meta":"","header-main-stick-meta":"","header-below-stick-meta":"","astra-migrate-meta-layouts":"set","ast-page-background-enabled":"default","ast-page-background-meta":{"desktop":{"background-color":"var(--ast-global-color-4)","background-image":"","background-repeat":"repeat","background-position":"center center","background-size":"auto","background-attachment":"scroll","background-type":"","background-media":"","overlay-type":"","overlay-color":"","overlay-opacity":"","overlay-gradient":""},"tablet":{"background-color":"","background-image":"","background-repeat":"repeat","background-position":"center center","background-size":"auto","background-attachment":"scroll","background-type":"","background-media":"","overlay-type":"","overlay-color":"","overlay-opacity":"","overlay-gradient":""},"mobile":{"background-color":"","background-image":"","background-repeat":"repeat","background-position":"center center","background-size":"auto","background-attachment":"scroll","background-type":"","background-media":"","overlay-type":"","overlay-color":"","overlay-opacity":"","overlay-gradient":""}},"ast-content-background-meta":{"desktop":{"background-color":"var(--ast-global-color-5)","background-image":"","background-repeat":"repeat","background-position":"center center","background-size":"auto","background-attachment":"scroll","background-type":"","background-media":"","overlay-type":"","overlay-color":"","overlay-opacity":"","overlay-gradient":""},"tablet":{"background-color":"var(--ast-global-color-5)","background-image":"","background-repeat":"repeat","background-position":"center center","background-size":"auto","background-attachment":"scroll","background-type":"","background-media":"","overlay-type":"","overlay-color":"","overlay-opacity":"","overlay-gradient":""},"mobile":{"background-color":"var(--ast-global-color-5)","background-image":"","background-repeat":"repeat","background-position":"center center","background-size":"auto","background-attachment":"scroll","background-type":"","background-media":"","overlay-type":"","overlay-color":"","overlay-opacity":"","overlay-gradient":""}}},"product_brand":[],"product_cat":[20,32,41],"product_tag":[],"class_list":{"0":"post-1370","1":"product","2":"type-product","3":"status-publish","4":"has-post-thumbnail","6":"product_cat-biblias","7":"product_cat-pre-escolar-3-5-anos","8":"product_cat-tf","9":"desktop-align-left","10":"tablet-align-left","11":"mobile-align-left","13":"first","14":"instock","15":"taxable","16":"shipping-taxable","17":"purchasable","18":"product-type-simple"},"aioseo_notices":[],"jetpack_sharing_enabled":true,"_links":{"self":[{"href":"https:\/\/bibliakids247.com\/index.php?rest_route=\/wp\/v2\/product\/1370","targetHints":{"allow":["GET"]}}],"collection":[{"href":"https:\/\/bibliakids247.com\/index.php?rest_route=\/wp\/v2\/product"}],"about":[{"href":"https:\/\/bibliakids247.com\/index.php?rest_route=\/wp\/v2\/types\/product"}],"replies":[{"embeddable":true,"href":"https:\/\/bibliakids247.com\/index.php?rest_route=%2Fwp%2Fv2%2Fcomments&post=1370"}],"wp:featuredmedia":[{"embeddable":true,"href":"https:\/\/bibliakids247.com\/index.php?rest_route=\/wp\/v2\/media\/1371"}],"wp:attachment":[{"href":"https:\/\/bibliakids247.com\/index.php?rest_route=%2Fwp%2Fv2%2Fmedia&parent=1370"}],"wp:term":[{"taxonomy":"product_brand","embeddable":true,"href":"https:\/\/bibliakids247.com\/index.php?rest_route=%2Fwp%2Fv2%2Fproduct_brand&post=1370"},{"taxonomy":"product_cat","embeddable":true,"href":"https:\/\/bibliakids247.com\/index.php?rest_route=%2Fwp%2Fv2%2Fproduct_cat&post=1370"},{"taxonomy":"product_tag","embeddable":true,"href":"https:\/\/bibliakids247.com\/index.php?rest_route=%2Fwp%2Fv2%2Fproduct_tag&post=1370"}],"curies":[{"name":"wp","href":"https:\/\/api.w.org\/{rel}","templated":true}]}}