{"id":1389,"date":"2026-02-15T11:26:06","date_gmt":"2026-02-15T16:26:06","guid":{"rendered":"https:\/\/bibliakids247.com\/?post_type=product&#038;p=1389"},"modified":"2026-02-15T11:36:59","modified_gmt":"2026-02-15T16:36:59","slug":"biblia-unilit-para-ninos","status":"publish","type":"product","link":"https:\/\/bibliakids247.com\/?product=biblia-unilit-para-ninos","title":{"rendered":"Biblia Unilit para ni\u00f1os"},"content":{"rendered":"<div class=\"ast-oembed-container \" style=\"height: 100%;\"><iframe title=\"Biblia Unilit Para Ni\u00f1os\" width=\"500\" height=\"281\" src=\"https:\/\/www.youtube.com\/embed\/I_n12fe0lIQ?feature=oembed\" frameborder=\"0\" allow=\"accelerometer; autoplay; clipboard-write; encrypted-media; gyroscope; picture-in-picture; web-share\" referrerpolicy=\"strict-origin-when-cross-origin\" allowfullscreen><\/iframe><\/div>\n<div class=\"flex flex-col text-sm pb-25\">\n<article class=\"text-token-text-primary w-full focus:outline-none [--shadow-height:45px] has-data-writing-block:pointer-events-none has-data-writing-block:-mt-(--shadow-height) has-data-writing-block:pt-(--shadow-height) [&amp;:has([data-writing-block])&gt;*]:pointer-events-auto scroll-mt-[calc(var(--header-height)+min(200px,max(70px,20svh)))]\" dir=\"auto\" tabindex=\"-1\" data-turn-id=\"request-WEB:0c7e5125-c0b7-4bfe-aef8-ce475184e7da-1\" data-testid=\"conversation-turn-4\" data-scroll-anchor=\"true\" data-turn=\"assistant\">\n<div class=\"text-base my-auto mx-auto pb-10 [--thread-content-margin:--spacing(4)] @w-sm\/main:[--thread-content-margin:--spacing(6)] @w-lg\/main:[--thread-content-margin:--spacing(16)] px-(--thread-content-margin)\">\n<div class=\"[--thread-content-max-width:40rem] @w-lg\/main:[--thread-content-max-width:48rem] mx-auto max-w-(--thread-content-max-width) flex-1 group\/turn-messages focus-visible:outline-hidden relative flex w-full min-w-0 flex-col agent-turn\" tabindex=\"-1\">\n<div class=\"flex max-w-full flex-col grow\">\n<div class=\"min-h-8 text-message relative flex w-full flex-col items-end gap-2 text-start break-words whitespace-normal [.text-message+&amp;]:mt-1\" dir=\"auto\" data-message-author-role=\"assistant\" data-message-id=\"ee4b7c11-9bdb-4d0c-b930-6d121f0daf0d\" data-message-model-slug=\"gpt-5-2\">\n<div class=\"flex w-full flex-col gap-1 empty:hidden first:pt-[1px]\">\n<div class=\"markdown prose dark:prose-invert w-full wrap-break-word dark markdown-new-styling\">\n<p data-start=\"0\" data-end=\"143\">\ud83d\udcd8\u2728 <strong data-start=\"4\" data-end=\"32\">Biblia Unilit para Ni\u00f1os<\/strong><br data-start=\"32\" data-end=\"35\" \/>Un cl\u00e1sico redise\u00f1ado para que los peque\u00f1os amen la Palabra de Dios \ud83d\udc9b<br data-start=\"105\" data-end=\"108\" \/>\ud83d\udc67\ud83d\udc66 Edad recomendada: 6 a 8 a\u00f1os<\/p>\n<p data-start=\"145\" data-end=\"358\">La <strong data-start=\"148\" data-end=\"176\">Biblia Unilit para Ni\u00f1os<\/strong> es un hermoso libro de historias b\u00edblicas bellamente ilustrado que ha sido redise\u00f1ado desde cero con un lenguaje claro, sencillo y adaptado especialmente para ni\u00f1os de 4 a 8 a\u00f1os.<\/p>\n<p data-start=\"360\" data-end=\"542\">Este cl\u00e1sico trae a la vida <strong data-start=\"388\" data-end=\"427\">m\u00e1s de cincuenta historias b\u00edblicas<\/strong>, presentadas en orden cronol\u00f3gico, ayudando a los ni\u00f1os a comprender mejor la historia completa de la Biblia \ud83d\udcd6\u2728<\/p>\n<p data-start=\"544\" data-end=\"698\">Incluye adem\u00e1s:<br data-start=\"559\" data-end=\"562\" \/>\ud83d\uddfa\ufe0f Mapas ilustrados<br data-start=\"582\" data-end=\"585\" \/>\ud83d\udcda Referencias b\u00edblicas<br data-start=\"608\" data-end=\"611\" \/>\ud83c\udfa8 Im\u00e1genes de alta calidad y colores vibrantes<br data-start=\"658\" data-end=\"661\" \/>\ud83e\udde0 Contenido apropiado para su edad<\/p>\n<p data-start=\"700\" data-end=\"933\">Cada p\u00e1gina est\u00e1 pensada para que los ni\u00f1os no solo lean, sino que se involucren activamente con la Palabra de Dios, despertando su curiosidad, fortaleciendo su fe y fomentando el h\u00e1bito de la lectura b\u00edblica desde temprana edad \ud83d\udc99<\/p>\n<p data-start=\"935\" data-end=\"1085\">Es un regalo ideal para:<br data-start=\"959\" data-end=\"962\" \/>\ud83c\udf81 Cumplea\u00f1os<br data-start=\"975\" data-end=\"978\" \/>\ud83c\udf84 Navidad<br data-start=\"988\" data-end=\"991\" \/>\ud83c\udf93 Logros especiales<br data-start=\"1011\" data-end=\"1014\" \/>\u26ea Presentaciones en iglesia<br data-start=\"1041\" data-end=\"1044\" \/>\ud83d\udc68\u200d\ud83d\udc69\u200d\ud83d\udc67 Momentos de lectura en familia<\/p>\n<p data-start=\"1087\" data-end=\"1209\">Un recurso valioso tanto para peque\u00f1os lectores como para padres que desean acompa\u00f1arlos en su crecimiento espiritual \ud83c\udf31<\/p>\n<hr data-start=\"1211\" data-end=\"1214\" \/>\n<p data-start=\"1216\" data-end=\"1388\">\ud83d\udcda <strong data-start=\"1219\" data-end=\"1244\">Detalles del producto<\/strong><br data-start=\"1244\" data-end=\"1247\" \/>ISBN: 9780789926487<br data-start=\"1266\" data-end=\"1269\" \/>Editorial: Unilit<br data-start=\"1286\" data-end=\"1289\" \/>Cubierta: Tapa dura<br data-start=\"1308\" data-end=\"1311\" \/>N\u00famero de p\u00e1ginas: 400<br data-start=\"1333\" data-end=\"1336\" \/>Fecha de lanzamiento: 12.08.2022<br data-start=\"1368\" data-end=\"1371\" \/>Idioma: Espa\u00f1ol<\/p>\n<p data-start=\"1390\" data-end=\"1461\" data-is-last-node=\"\" data-is-only-node=\"\">Una Biblia que educa, inspira y siembra fe en cada coraz\u00f3n infantil \u2728\ud83d\udc96<\/p>\n<\/div>\n<\/div>\n<\/div>\n<\/div>\n<div class=\"z-0 flex min-h-[46px] justify-start\"><\/div>\n<div class=\"mt-3 w-full empty:hidden\">\n<div class=\"text-center\"><\/div>\n<\/div>\n<\/div>\n<\/div>\n<\/article>\n<\/div>\n<div class=\"pointer-events-none h-px w-px absolute bottom-0\" aria-hidden=\"true\" data-edge=\"true\"><\/div>\n","protected":false},"excerpt":{"rendered":"<p>\ud83d\udcd8\u2728 Biblia Unilit para Ni\u00f1osUn cl\u00e1sico redise\u00f1ado para que los peque\u00f1os amen la Palabra de Dios \ud83d\udc9b\ud83d\udc67\ud83d\udc66 Edad recomendada: 6 [&hellip;]<\/p>\n","protected":false},"featured_media":1372,"comment_status":"open","ping_status":"closed","template":"","meta":{"_monsterinsights_skip_tracking":false,"_monsterinsights_sitenote_active":false,"_monsterinsights_sitenote_note":"","_monsterinsights_sitenote_category":0,"site-sidebar-layout":"default","site-content-layout":"","ast-site-content-layout":"default","site-content-style":"default","site-sidebar-style":"default","ast-global-header-display":"","ast-banner-title-visibility":"","ast-main-header-display":"","ast-hfb-above-header-display":"","ast-hfb-below-header-display":"","ast-hfb-mobile-header-display":"","site-post-title":"","ast-breadcrumbs-content":"","ast-featured-img":"","footer-sml-layout":"","ast-disable-related-posts":"","theme-transparent-header-meta":"default","adv-header-id-meta":"","stick-header-meta":"","header-above-stick-meta":"","header-main-stick-meta":"","header-below-stick-meta":"","astra-migrate-meta-layouts":"set","ast-page-background-enabled":"default","ast-page-background-meta":{"desktop":{"background-color":"var(--ast-global-color-4)","background-image":"","background-repeat":"repeat","background-position":"center center","background-size":"auto","background-attachment":"scroll","background-type":"","background-media":"","overlay-type":"","overlay-color":"","overlay-opacity":"","overlay-gradient":""},"tablet":{"background-color":"","background-image":"","background-repeat":"repeat","background-position":"center center","background-size":"auto","background-attachment":"scroll","background-type":"","background-media":"","overlay-type":"","overlay-color":"","overlay-opacity":"","overlay-gradient":""},"mobile":{"background-color":"","background-image":"","background-repeat":"repeat","background-position":"center center","background-size":"auto","background-attachment":"scroll","background-type":"","background-media":"","overlay-type":"","overlay-color":"","overlay-opacity":"","overlay-gradient":""}},"ast-content-background-meta":{"desktop":{"background-color":"var(--ast-global-color-5)","background-image":"","background-repeat":"repeat","background-position":"center center","background-size":"auto","background-attachment":"scroll","background-type":"","background-media":"","overlay-type":"","overlay-color":"","overlay-opacity":"","overlay-gradient":""},"tablet":{"background-color":"var(--ast-global-color-5)","background-image":"","background-repeat":"repeat","background-position":"center center","background-size":"auto","background-attachment":"scroll","background-type":"","background-media":"","overlay-type":"","overlay-color":"","overlay-opacity":"","overlay-gradient":""},"mobile":{"background-color":"var(--ast-global-color-5)","background-image":"","background-repeat":"repeat","background-position":"center center","background-size":"auto","background-attachment":"scroll","background-type":"","background-media":"","overlay-type":"","overlay-color":"","overlay-opacity":"","overlay-gradient":""}}},"product_brand":[],"product_cat":[20,33,41],"product_tag":[],"class_list":{"0":"post-1389","1":"product","2":"type-product","3":"status-publish","4":"has-post-thumbnail","6":"product_cat-biblias","7":"product_cat-escolar-6-11-anos","8":"product_cat-tf","9":"desktop-align-left","10":"tablet-align-left","11":"mobile-align-left","13":"first","14":"instock","15":"taxable","16":"shipping-taxable","17":"purchasable","18":"product-type-simple"},"aioseo_notices":[],"jetpack_sharing_enabled":true,"_links":{"self":[{"href":"https:\/\/bibliakids247.com\/index.php?rest_route=\/wp\/v2\/product\/1389","targetHints":{"allow":["GET"]}}],"collection":[{"href":"https:\/\/bibliakids247.com\/index.php?rest_route=\/wp\/v2\/product"}],"about":[{"href":"https:\/\/bibliakids247.com\/index.php?rest_route=\/wp\/v2\/types\/product"}],"replies":[{"embeddable":true,"href":"https:\/\/bibliakids247.com\/index.php?rest_route=%2Fwp%2Fv2%2Fcomments&post=1389"}],"wp:featuredmedia":[{"embeddable":true,"href":"https:\/\/bibliakids247.com\/index.php?rest_route=\/wp\/v2\/media\/1372"}],"wp:attachment":[{"href":"https:\/\/bibliakids247.com\/index.php?rest_route=%2Fwp%2Fv2%2Fmedia&parent=1389"}],"wp:term":[{"taxonomy":"product_brand","embeddable":true,"href":"https:\/\/bibliakids247.com\/index.php?rest_route=%2Fwp%2Fv2%2Fproduct_brand&post=1389"},{"taxonomy":"product_cat","embeddable":true,"href":"https:\/\/bibliakids247.com\/index.php?rest_route=%2Fwp%2Fv2%2Fproduct_cat&post=1389"},{"taxonomy":"product_tag","embeddable":true,"href":"https:\/\/bibliakids247.com\/index.php?rest_route=%2Fwp%2Fv2%2Fproduct_tag&post=1389"}],"curies":[{"name":"wp","href":"https:\/\/api.w.org\/{rel}","templated":true}]}}