{"id":1406,"date":"2026-02-15T11:52:18","date_gmt":"2026-02-15T16:52:18","guid":{"rendered":"https:\/\/bibliakids247.com\/?post_type=product&#038;p=1406"},"modified":"2026-02-15T11:53:31","modified_gmt":"2026-02-15T16:53:31","slug":"aventuras-biblicas-en-la-tierra-pop-it-juega-y-lee","status":"publish","type":"product","link":"https:\/\/bibliakids247.com\/?product=aventuras-biblicas-en-la-tierra-pop-it-juega-y-lee","title":{"rendered":"Aventuras B\u00edblicas en la Tierra \u2013 Pop it \u2013 Juega y Lee"},"content":{"rendered":"<p data-start=\"42\" data-end=\"190\">\ud83d\udcd8\u2728 <strong data-start=\"46\" data-end=\"102\">Aventuras B\u00edblicas en la Tierra \u2013 Pop It Juega y Lee<\/strong><\/p>\n<p data-start=\"42\" data-end=\"190\"><br data-start=\"102\" data-end=\"105\" \/>Un libro interactivo para aprender jugando \ud83d\udc9b\ud83d\udfe1<br data-start=\"152\" data-end=\"155\" \/>\ud83d\udc76 <strong data-start=\"158\" data-end=\"190\">Edad recomendada: 2 a 5 a\u00f1os<\/strong><\/p>\n<p data-start=\"192\" data-end=\"429\">Desde el lugar donde Dios nos puso \ud83c\udf0e y desde donde quiere ense\u00f1arnos lo que hay en Su coraz\u00f3n, este libro invita a los m\u00e1s peque\u00f1os a descubrir historias fascinantes de la Biblia mientras juegan con sus burbujas <strong data-start=\"405\" data-end=\"415\">Pop-It<\/strong> integradas.<\/p>\n<p data-start=\"431\" data-end=\"528\">\ud83d\udfe1 <strong data-start=\"434\" data-end=\"446\">AMARILLO<\/strong>, el color de la luz y de la tierra.<br data-start=\"482\" data-end=\"485\" \/>\ud83c\udf0a\ud83d\udd25\ud83c\udf2c\ufe0f\ud83c\udf31 <strong data-start=\"495\" data-end=\"526\">Agua, Tierra, Fuego y Aire.<\/strong><\/p>\n<p data-start=\"530\" data-end=\"803\">Dios es el Creador de todos los elementos, y en Su Palabra encontramos grandes ense\u00f1anzas a trav\u00e9s de ellos. Este libro combina aprendizaje b\u00edblico y estimulaci\u00f3n sensorial, ayudando a los ni\u00f1os a fortalecer su atenci\u00f3n, coordinaci\u00f3n y comprensi\u00f3n mientras se divierten \u2728<\/p>\n<p data-start=\"805\" data-end=\"984\">\ud83d\udc9b Ideal para:<br data-start=\"819\" data-end=\"822\" \/>\ud83d\udc68\u200d\ud83d\udc69\u200d\ud83d\udc67 Lectura en familia<br data-start=\"849\" data-end=\"852\" \/>\ud83d\udcd6 Primeros acercamientos a la Biblia<br data-start=\"889\" data-end=\"892\" \/>\ud83e\udde0 Estimulaci\u00f3n sensorial y motricidad fina<br data-start=\"935\" data-end=\"938\" \/>\ud83c\udf81 Regalo cristiano original y significativo<\/p>\n<p data-start=\"986\" data-end=\"1112\">Sus ilustraciones coloridas y su elemento interactivo hacen que la experiencia sea din\u00e1mica, divertida y llena de prop\u00f3sito.<\/p>\n<hr data-start=\"1114\" data-end=\"1117\" \/>\n<p data-start=\"1119\" data-end=\"1279\">\ud83d\udcda <strong data-start=\"1122\" data-end=\"1147\">Detalles\u00a0<\/strong><br data-start=\"1147\" data-end=\"1150\" \/>ISBN: 9798885168779<br data-start=\"1169\" data-end=\"1172\" \/>Editorial: ABBA<br data-start=\"1187\" data-end=\"1190\" \/>Dimensiones: 190 x 230 x 15 mm<br data-start=\"1220\" data-end=\"1223\" \/>Peso: 0,395 kg<br data-start=\"1237\" data-end=\"1240\" \/>Cubierta: Tapa dura<br data-start=\"1259\" data-end=\"1262\" \/>Idioma: Espa\u00f1ol<\/p>\n<p data-start=\"1281\" data-end=\"1371\" data-is-last-node=\"\" data-is-only-node=\"\">Un libro donde el juego y la Palabra se unen para sembrar fe desde los primeros a\u00f1os \ud83d\udc9b\ud83d\udcd6\u2728<\/p>\n","protected":false},"excerpt":{"rendered":"<p>\ud83d\udcd8\u2728 Aventuras B\u00edblicas en la Tierra \u2013 Pop It Juega y Lee Un libro interactivo para aprender jugando \ud83d\udc9b\ud83d\udfe1\ud83d\udc76 Edad [&hellip;]<\/p>\n","protected":false},"featured_media":1373,"comment_status":"open","ping_status":"closed","template":"","meta":{"_monsterinsights_skip_tracking":false,"_monsterinsights_sitenote_active":false,"_monsterinsights_sitenote_note":"","_monsterinsights_sitenote_category":0,"site-sidebar-layout":"default","site-content-layout":"","ast-site-content-layout":"default","site-content-style":"default","site-sidebar-style":"default","ast-global-header-display":"","ast-banner-title-visibility":"","ast-main-header-display":"","ast-hfb-above-header-display":"","ast-hfb-below-header-display":"","ast-hfb-mobile-header-display":"","site-post-title":"","ast-breadcrumbs-content":"","ast-featured-img":"","footer-sml-layout":"","ast-disable-related-posts":"","theme-transparent-header-meta":"default","adv-header-id-meta":"","stick-header-meta":"","header-above-stick-meta":"","header-main-stick-meta":"","header-below-stick-meta":"","astra-migrate-meta-layouts":"set","ast-page-background-enabled":"default","ast-page-background-meta":{"desktop":{"background-color":"var(--ast-global-color-4)","background-image":"","background-repeat":"repeat","background-position":"center center","background-size":"auto","background-attachment":"scroll","background-type":"","background-media":"","overlay-type":"","overlay-color":"","overlay-opacity":"","overlay-gradient":""},"tablet":{"background-color":"","background-image":"","background-repeat":"repeat","background-position":"center center","background-size":"auto","background-attachment":"scroll","background-type":"","background-media":"","overlay-type":"","overlay-color":"","overlay-opacity":"","overlay-gradient":""},"mobile":{"background-color":"","background-image":"","background-repeat":"repeat","background-position":"center center","background-size":"auto","background-attachment":"scroll","background-type":"","background-media":"","overlay-type":"","overlay-color":"","overlay-opacity":"","overlay-gradient":""}},"ast-content-background-meta":{"desktop":{"background-color":"var(--ast-global-color-5)","background-image":"","background-repeat":"repeat","background-position":"center center","background-size":"auto","background-attachment":"scroll","background-type":"","background-media":"","overlay-type":"","overlay-color":"","overlay-opacity":"","overlay-gradient":""},"tablet":{"background-color":"var(--ast-global-color-5)","background-image":"","background-repeat":"repeat","background-position":"center center","background-size":"auto","background-attachment":"scroll","background-type":"","background-media":"","overlay-type":"","overlay-color":"","overlay-opacity":"","overlay-gradient":""},"mobile":{"background-color":"var(--ast-global-color-5)","background-image":"","background-repeat":"repeat","background-position":"center center","background-size":"auto","background-attachment":"scroll","background-type":"","background-media":"","overlay-type":"","overlay-color":"","overlay-opacity":"","overlay-gradient":""}}},"product_brand":[],"product_cat":[21,36,41],"product_tag":[],"class_list":{"0":"post-1406","1":"product","2":"type-product","3":"status-publish","4":"has-post-thumbnail","6":"product_cat-libros","7":"product_cat-preescolar-3-a-5-anos","8":"product_cat-tf","9":"desktop-align-left","10":"tablet-align-left","11":"mobile-align-left","13":"first","14":"instock","15":"taxable","16":"shipping-taxable","17":"purchasable","18":"product-type-simple"},"aioseo_notices":[],"jetpack_sharing_enabled":true,"_links":{"self":[{"href":"https:\/\/bibliakids247.com\/index.php?rest_route=\/wp\/v2\/product\/1406","targetHints":{"allow":["GET"]}}],"collection":[{"href":"https:\/\/bibliakids247.com\/index.php?rest_route=\/wp\/v2\/product"}],"about":[{"href":"https:\/\/bibliakids247.com\/index.php?rest_route=\/wp\/v2\/types\/product"}],"replies":[{"embeddable":true,"href":"https:\/\/bibliakids247.com\/index.php?rest_route=%2Fwp%2Fv2%2Fcomments&post=1406"}],"wp:featuredmedia":[{"embeddable":true,"href":"https:\/\/bibliakids247.com\/index.php?rest_route=\/wp\/v2\/media\/1373"}],"wp:attachment":[{"href":"https:\/\/bibliakids247.com\/index.php?rest_route=%2Fwp%2Fv2%2Fmedia&parent=1406"}],"wp:term":[{"taxonomy":"product_brand","embeddable":true,"href":"https:\/\/bibliakids247.com\/index.php?rest_route=%2Fwp%2Fv2%2Fproduct_brand&post=1406"},{"taxonomy":"product_cat","embeddable":true,"href":"https:\/\/bibliakids247.com\/index.php?rest_route=%2Fwp%2Fv2%2Fproduct_cat&post=1406"},{"taxonomy":"product_tag","embeddable":true,"href":"https:\/\/bibliakids247.com\/index.php?rest_route=%2Fwp%2Fv2%2Fproduct_tag&post=1406"}],"curies":[{"name":"wp","href":"https:\/\/api.w.org\/{rel}","templated":true}]}}