{"id":1411,"date":"2026-02-15T11:56:16","date_gmt":"2026-02-15T16:56:16","guid":{"rendered":"https:\/\/bibliakids247.com\/?post_type=product&#038;p=1411"},"modified":"2026-02-15T12:00:23","modified_gmt":"2026-02-15T17:00:23","slug":"aventuras-biblicas-en-el-mar-pop-it-juega-y-lee","status":"publish","type":"product","link":"https:\/\/bibliakids247.com\/?product=aventuras-biblicas-en-el-mar-pop-it-juega-y-lee","title":{"rendered":"Aventuras B\u00edblicas en el Mar \u2013 Pop it \u2013 Juega y Lee"},"content":{"rendered":"<p data-start=\"42\" data-end=\"191\">\ud83d\udcd8\ud83c\udf0a <strong data-start=\"47\" data-end=\"100\">Aventuras B\u00edblicas en el Mar \u2013 Pop It Juega y Lee<\/strong><br data-start=\"100\" data-end=\"103\" \/>Un libro interactivo para aprender y divertirse \ud83d\udc99<\/p>\n<p data-start=\"42\" data-end=\"191\"><br data-start=\"153\" data-end=\"156\" \/>\ud83d\udc76 <strong data-start=\"159\" data-end=\"191\">Edad recomendada: 3 a 6 a\u00f1os<\/strong><\/p>\n<p data-start=\"193\" data-end=\"376\">Dios nos hizo el gran regalo del <strong data-start=\"226\" data-end=\"234\">AGUA<\/strong> \ud83d\udca7 para poder vivir. La usamos cada d\u00eda, pero en la Biblia vemos c\u00f3mo \u00c9l tambi\u00e9n la utiliz\u00f3 para mostrarnos Su poder, Su amor y Sus milagros.<\/p>\n<p data-start=\"378\" data-end=\"563\">En esta hermosa aventura, los ni\u00f1os descubrir\u00e1n historias b\u00edblicas relacionadas con el mar y el agua mientras se divierten explotando las burbujas <strong data-start=\"525\" data-end=\"535\">Pop-It<\/strong> integradas en el libro \ud83c\udf89<\/p>\n<p data-start=\"565\" data-end=\"676\">\ud83c\udf0a Milagros sorprendentes<br data-start=\"590\" data-end=\"593\" \/>\ud83d\udc99 Ense\u00f1anzas sobre la confianza en Dios<br data-start=\"633\" data-end=\"636\" \/>\ud83d\udc0b Historias llenas de color y emoci\u00f3n<\/p>\n<p data-start=\"678\" data-end=\"874\">Este libro combina aprendizaje b\u00edblico y estimulaci\u00f3n sensorial, ayudando a los peque\u00f1os a desarrollar la motricidad fina, la concentraci\u00f3n y el amor por la Palabra de Dios desde temprana edad \u2728<\/p>\n<p data-start=\"876\" data-end=\"977\">Forma parte de la colecci\u00f3n inspirada en los elementos:<br data-start=\"931\" data-end=\"934\" \/>\ud83d\udca7 Agua<br data-start=\"941\" data-end=\"944\" \/>\ud83c\udf31 Tierra<br data-start=\"953\" data-end=\"956\" \/>\ud83d\udd25 Fuego<br data-start=\"964\" data-end=\"967\" \/>\ud83c\udf2c\ufe0f Aire<\/p>\n<p data-start=\"979\" data-end=\"1070\">Porque Dios es el Creador de todo, y a trav\u00e9s de cada elemento nos ense\u00f1a grandes verdades.<\/p>\n<hr data-start=\"1072\" data-end=\"1075\" \/>\n<p data-start=\"1077\" data-end=\"1237\">\ud83d\udcda <strong data-start=\"1080\" data-end=\"1105\">Detalles<\/strong><br data-start=\"1105\" data-end=\"1108\" \/>ISBN: 9798885168762<br data-start=\"1127\" data-end=\"1130\" \/>Editorial: ABBA<br data-start=\"1145\" data-end=\"1148\" \/>Dimensiones: 190 x 230 x 15 mm<br data-start=\"1178\" data-end=\"1181\" \/>Peso: 0,395 kg<br data-start=\"1195\" data-end=\"1198\" \/>Cubierta: Tapa dura<br data-start=\"1217\" data-end=\"1220\" \/>Idioma: Espa\u00f1ol<\/p>\n<p data-start=\"1239\" data-end=\"1344\" data-is-last-node=\"\" data-is-only-node=\"\">\u00a1Un libro para disfrutar, aprender y jugar mientras los ni\u00f1os descubren el poder y el amor de Dios! \ud83d\udc99\ud83d\udcd6\u2728<\/p>\n","protected":false},"excerpt":{"rendered":"<p>\ud83d\udcd8\ud83c\udf0a Aventuras B\u00edblicas en el Mar \u2013 Pop It Juega y LeeUn libro interactivo para aprender y divertirse \ud83d\udc99 \ud83d\udc76 [&hellip;]<\/p>\n","protected":false},"featured_media":1374,"comment_status":"open","ping_status":"closed","template":"","meta":{"_monsterinsights_skip_tracking":false,"_monsterinsights_sitenote_active":false,"_monsterinsights_sitenote_note":"","_monsterinsights_sitenote_category":0,"site-sidebar-layout":"default","site-content-layout":"","ast-site-content-layout":"default","site-content-style":"default","site-sidebar-style":"default","ast-global-header-display":"","ast-banner-title-visibility":"","ast-main-header-display":"","ast-hfb-above-header-display":"","ast-hfb-below-header-display":"","ast-hfb-mobile-header-display":"","site-post-title":"","ast-breadcrumbs-content":"","ast-featured-img":"","footer-sml-layout":"","ast-disable-related-posts":"","theme-transparent-header-meta":"default","adv-header-id-meta":"","stick-header-meta":"","header-above-stick-meta":"","header-main-stick-meta":"","header-below-stick-meta":"","astra-migrate-meta-layouts":"set","ast-page-background-enabled":"default","ast-page-background-meta":{"desktop":{"background-color":"var(--ast-global-color-4)","background-image":"","background-repeat":"repeat","background-position":"center center","background-size":"auto","background-attachment":"scroll","background-type":"","background-media":"","overlay-type":"","overlay-color":"","overlay-opacity":"","overlay-gradient":""},"tablet":{"background-color":"","background-image":"","background-repeat":"repeat","background-position":"center center","background-size":"auto","background-attachment":"scroll","background-type":"","background-media":"","overlay-type":"","overlay-color":"","overlay-opacity":"","overlay-gradient":""},"mobile":{"background-color":"","background-image":"","background-repeat":"repeat","background-position":"center center","background-size":"auto","background-attachment":"scroll","background-type":"","background-media":"","overlay-type":"","overlay-color":"","overlay-opacity":"","overlay-gradient":""}},"ast-content-background-meta":{"desktop":{"background-color":"var(--ast-global-color-5)","background-image":"","background-repeat":"repeat","background-position":"center center","background-size":"auto","background-attachment":"scroll","background-type":"","background-media":"","overlay-type":"","overlay-color":"","overlay-opacity":"","overlay-gradient":""},"tablet":{"background-color":"var(--ast-global-color-5)","background-image":"","background-repeat":"repeat","background-position":"center center","background-size":"auto","background-attachment":"scroll","background-type":"","background-media":"","overlay-type":"","overlay-color":"","overlay-opacity":"","overlay-gradient":""},"mobile":{"background-color":"var(--ast-global-color-5)","background-image":"","background-repeat":"repeat","background-position":"center center","background-size":"auto","background-attachment":"scroll","background-type":"","background-media":"","overlay-type":"","overlay-color":"","overlay-opacity":"","overlay-gradient":""}}},"product_brand":[],"product_cat":[21,36,41],"product_tag":[],"class_list":{"0":"post-1411","1":"product","2":"type-product","3":"status-publish","4":"has-post-thumbnail","6":"product_cat-libros","7":"product_cat-preescolar-3-a-5-anos","8":"product_cat-tf","9":"desktop-align-left","10":"tablet-align-left","11":"mobile-align-left","13":"first","14":"instock","15":"taxable","16":"shipping-taxable","17":"purchasable","18":"product-type-simple"},"aioseo_notices":[],"jetpack_sharing_enabled":true,"_links":{"self":[{"href":"https:\/\/bibliakids247.com\/index.php?rest_route=\/wp\/v2\/product\/1411","targetHints":{"allow":["GET"]}}],"collection":[{"href":"https:\/\/bibliakids247.com\/index.php?rest_route=\/wp\/v2\/product"}],"about":[{"href":"https:\/\/bibliakids247.com\/index.php?rest_route=\/wp\/v2\/types\/product"}],"replies":[{"embeddable":true,"href":"https:\/\/bibliakids247.com\/index.php?rest_route=%2Fwp%2Fv2%2Fcomments&post=1411"}],"wp:featuredmedia":[{"embeddable":true,"href":"https:\/\/bibliakids247.com\/index.php?rest_route=\/wp\/v2\/media\/1374"}],"wp:attachment":[{"href":"https:\/\/bibliakids247.com\/index.php?rest_route=%2Fwp%2Fv2%2Fmedia&parent=1411"}],"wp:term":[{"taxonomy":"product_brand","embeddable":true,"href":"https:\/\/bibliakids247.com\/index.php?rest_route=%2Fwp%2Fv2%2Fproduct_brand&post=1411"},{"taxonomy":"product_cat","embeddable":true,"href":"https:\/\/bibliakids247.com\/index.php?rest_route=%2Fwp%2Fv2%2Fproduct_cat&post=1411"},{"taxonomy":"product_tag","embeddable":true,"href":"https:\/\/bibliakids247.com\/index.php?rest_route=%2Fwp%2Fv2%2Fproduct_tag&post=1411"}],"curies":[{"name":"wp","href":"https:\/\/api.w.org\/{rel}","templated":true}]}}