{"id":1417,"date":"2026-02-15T12:04:38","date_gmt":"2026-02-15T17:04:38","guid":{"rendered":"https:\/\/bibliakids247.com\/?post_type=product&#038;p=1417"},"modified":"2026-02-15T12:04:38","modified_gmt":"2026-02-15T17:04:38","slug":"aventuras-biblicas-en-los-jardines-pop-it-juega-y-lee","status":"publish","type":"product","link":"https:\/\/bibliakids247.com\/?product=aventuras-biblicas-en-los-jardines-pop-it-juega-y-lee","title":{"rendered":"Aventuras B\u00edblicas en los Jardines \u2013 Pop it \u2013 Juega y Lee"},"content":{"rendered":"<p data-start=\"42\" data-end=\"200\">\ud83d\udcd8\ud83c\udf3f <strong data-start=\"47\" data-end=\"106\">Aventuras B\u00edblicas en los Jardines \u2013 Pop It Juega y Lee<\/strong><\/p>\n<p data-start=\"42\" data-end=\"200\"><br data-start=\"106\" data-end=\"109\" \/>Un viaje interactivo por los jardines de la Biblia \ud83d\udc9a<br data-start=\"162\" data-end=\"165\" \/>\ud83d\udc76 <strong data-start=\"168\" data-end=\"200\">Edad recomendada: 3 a 6 a\u00f1os<\/strong><\/p>\n<p data-start=\"202\" data-end=\"420\">Desde el <strong data-start=\"211\" data-end=\"230\">jard\u00edn del Ed\u00e9n<\/strong> hasta la <strong data-start=\"240\" data-end=\"259\">Nueva Jerusal\u00e9n<\/strong>, este hermoso libro invita a los ni\u00f1os a recorrer los verdes paisajes donde Dios ha mostrado Su amor, cuidado y promesas a lo largo de la historia b\u00edblica \ud83c\udf33\u2728<\/p>\n<p data-start=\"422\" data-end=\"487\">\ud83d\udc9a <strong data-start=\"425\" data-end=\"434\">VERDE<\/strong>, el color de los jardines, la vida y la esperanza.<\/p>\n<p data-start=\"489\" data-end=\"667\">Los peque\u00f1os podr\u00e1n explorar pastos, plantas y frutos mientras juegan con las burbujas <strong data-start=\"576\" data-end=\"586\">Pop-It<\/strong> integradas, haciendo de cada historia una experiencia divertida y sensorial \ud83c\udf89<\/p>\n<p data-start=\"669\" data-end=\"836\">\ud83c\udf31 Descubre la bondad de Dios<br data-start=\"698\" data-end=\"701\" \/>\ud83c\udf38 Aprende sobre Su poder y misericordia<br data-start=\"741\" data-end=\"744\" \/>\ud83c\udf4e Explora historias llenas de ense\u00f1anza<br data-start=\"784\" data-end=\"787\" \/>\ud83c\udfa8 Disfruta ilustraciones coloridas y amigables<\/p>\n<p data-start=\"838\" data-end=\"1011\">Este libro combina aprendizaje b\u00edblico con estimulaci\u00f3n sensorial, ayudando a desarrollar la coordinaci\u00f3n, la concentraci\u00f3n y el amor por la Palabra desde temprana edad \ud83d\udc9b<\/p>\n<p data-start=\"1013\" data-end=\"1114\">Forma parte de la colecci\u00f3n inspirada en los elementos:<br data-start=\"1068\" data-end=\"1071\" \/>\ud83d\udca7 Agua<br data-start=\"1078\" data-end=\"1081\" \/>\ud83c\udf31 Tierra<br data-start=\"1090\" data-end=\"1093\" \/>\ud83d\udd25 Fuego<br data-start=\"1101\" data-end=\"1104\" \/>\ud83c\udf2c\ufe0f Aire<\/p>\n<p data-start=\"1116\" data-end=\"1230\">Porque Dios es el Creador de todo, y en cada elemento encontramos grandes ense\u00f1anzas para el coraz\u00f3n de los ni\u00f1os.<\/p>\n<hr data-start=\"1232\" data-end=\"1235\" \/>\n<p data-start=\"1237\" data-end=\"1397\">\ud83d\udcda <strong data-start=\"1240\" data-end=\"1265\">Detalles del producto<\/strong><br data-start=\"1265\" data-end=\"1268\" \/>ISBN: 9798885168786<br data-start=\"1287\" data-end=\"1290\" \/>Editorial: ABBA<br data-start=\"1305\" data-end=\"1308\" \/>Dimensiones: 190 x 230 x 15 mm<br data-start=\"1338\" data-end=\"1341\" \/>Peso: 0,395 kg<br data-start=\"1355\" data-end=\"1358\" \/>Cubierta: Tapa dura<br data-start=\"1377\" data-end=\"1380\" \/>Idioma: Espa\u00f1ol<\/p>\n<p data-start=\"1399\" data-end=\"1506\" data-is-last-node=\"\" data-is-only-node=\"\">Un libro para jugar, aprender y crecer en fe\u2026 mientras cada burbuja revela una nueva aventura b\u00edblica \ud83d\udc9a\ud83d\udcd6\u2728<\/p>\n","protected":false},"excerpt":{"rendered":"<p>\ud83d\udcd8\ud83c\udf3f Aventuras B\u00edblicas en los Jardines \u2013 Pop It Juega y Lee Un viaje interactivo por los jardines de la [&hellip;]<\/p>\n","protected":false},"featured_media":1375,"comment_status":"open","ping_status":"closed","template":"","meta":{"_monsterinsights_skip_tracking":false,"_monsterinsights_sitenote_active":false,"_monsterinsights_sitenote_note":"","_monsterinsights_sitenote_category":0,"site-sidebar-layout":"default","site-content-layout":"","ast-site-content-layout":"default","site-content-style":"default","site-sidebar-style":"default","ast-global-header-display":"","ast-banner-title-visibility":"","ast-main-header-display":"","ast-hfb-above-header-display":"","ast-hfb-below-header-display":"","ast-hfb-mobile-header-display":"","site-post-title":"","ast-breadcrumbs-content":"","ast-featured-img":"","footer-sml-layout":"","ast-disable-related-posts":"","theme-transparent-header-meta":"default","adv-header-id-meta":"","stick-header-meta":"","header-above-stick-meta":"","header-main-stick-meta":"","header-below-stick-meta":"","astra-migrate-meta-layouts":"set","ast-page-background-enabled":"default","ast-page-background-meta":{"desktop":{"background-color":"var(--ast-global-color-4)","background-image":"","background-repeat":"repeat","background-position":"center center","background-size":"auto","background-attachment":"scroll","background-type":"","background-media":"","overlay-type":"","overlay-color":"","overlay-opacity":"","overlay-gradient":""},"tablet":{"background-color":"","background-image":"","background-repeat":"repeat","background-position":"center center","background-size":"auto","background-attachment":"scroll","background-type":"","background-media":"","overlay-type":"","overlay-color":"","overlay-opacity":"","overlay-gradient":""},"mobile":{"background-color":"","background-image":"","background-repeat":"repeat","background-position":"center center","background-size":"auto","background-attachment":"scroll","background-type":"","background-media":"","overlay-type":"","overlay-color":"","overlay-opacity":"","overlay-gradient":""}},"ast-content-background-meta":{"desktop":{"background-color":"var(--ast-global-color-5)","background-image":"","background-repeat":"repeat","background-position":"center center","background-size":"auto","background-attachment":"scroll","background-type":"","background-media":"","overlay-type":"","overlay-color":"","overlay-opacity":"","overlay-gradient":""},"tablet":{"background-color":"var(--ast-global-color-5)","background-image":"","background-repeat":"repeat","background-position":"center center","background-size":"auto","background-attachment":"scroll","background-type":"","background-media":"","overlay-type":"","overlay-color":"","overlay-opacity":"","overlay-gradient":""},"mobile":{"background-color":"var(--ast-global-color-5)","background-image":"","background-repeat":"repeat","background-position":"center center","background-size":"auto","background-attachment":"scroll","background-type":"","background-media":"","overlay-type":"","overlay-color":"","overlay-opacity":"","overlay-gradient":""}}},"product_brand":[],"product_cat":[21,36,41],"product_tag":[],"class_list":{"0":"post-1417","1":"product","2":"type-product","3":"status-publish","4":"has-post-thumbnail","6":"product_cat-libros","7":"product_cat-preescolar-3-a-5-anos","8":"product_cat-tf","9":"desktop-align-left","10":"tablet-align-left","11":"mobile-align-left","13":"first","14":"instock","15":"taxable","16":"shipping-taxable","17":"purchasable","18":"product-type-simple"},"aioseo_notices":[],"jetpack_sharing_enabled":true,"_links":{"self":[{"href":"https:\/\/bibliakids247.com\/index.php?rest_route=\/wp\/v2\/product\/1417","targetHints":{"allow":["GET"]}}],"collection":[{"href":"https:\/\/bibliakids247.com\/index.php?rest_route=\/wp\/v2\/product"}],"about":[{"href":"https:\/\/bibliakids247.com\/index.php?rest_route=\/wp\/v2\/types\/product"}],"replies":[{"embeddable":true,"href":"https:\/\/bibliakids247.com\/index.php?rest_route=%2Fwp%2Fv2%2Fcomments&post=1417"}],"wp:featuredmedia":[{"embeddable":true,"href":"https:\/\/bibliakids247.com\/index.php?rest_route=\/wp\/v2\/media\/1375"}],"wp:attachment":[{"href":"https:\/\/bibliakids247.com\/index.php?rest_route=%2Fwp%2Fv2%2Fmedia&parent=1417"}],"wp:term":[{"taxonomy":"product_brand","embeddable":true,"href":"https:\/\/bibliakids247.com\/index.php?rest_route=%2Fwp%2Fv2%2Fproduct_brand&post=1417"},{"taxonomy":"product_cat","embeddable":true,"href":"https:\/\/bibliakids247.com\/index.php?rest_route=%2Fwp%2Fv2%2Fproduct_cat&post=1417"},{"taxonomy":"product_tag","embeddable":true,"href":"https:\/\/bibliakids247.com\/index.php?rest_route=%2Fwp%2Fv2%2Fproduct_tag&post=1417"}],"curies":[{"name":"wp","href":"https:\/\/api.w.org\/{rel}","templated":true}]}}