{"id":1422,"date":"2026-02-15T12:09:31","date_gmt":"2026-02-15T17:09:31","guid":{"rendered":"https:\/\/bibliakids247.com\/?post_type=product&#038;p=1422"},"modified":"2026-02-15T12:09:35","modified_gmt":"2026-02-15T17:09:35","slug":"aventuras-biblicas-en-el-fuego-pop-it-juega-y-lee","status":"publish","type":"product","link":"https:\/\/bibliakids247.com\/?product=aventuras-biblicas-en-el-fuego-pop-it-juega-y-lee","title":{"rendered":"Aventuras B\u00edblicas en el Fuego \u2013 Pop it \u2013 Juega y Lee"},"content":{"rendered":"<p data-start=\"42\" data-end=\"201\">\ud83d\udcd8\ud83d\udd25 <strong data-start=\"47\" data-end=\"102\">Aventuras B\u00edblicas en el Fuego \u2013 Pop It Juega y Lee<\/strong><br data-start=\"102\" data-end=\"105\" \/>Una aventura interactiva llena de ense\u00f1anza y esperanza \u2764\ufe0f<\/p>\n<p data-start=\"42\" data-end=\"201\"><br data-start=\"163\" data-end=\"166\" \/>\ud83d\udc76 <strong data-start=\"169\" data-end=\"201\">Edad recomendada: 3 a 6 a\u00f1os<\/strong><\/p>\n<p data-start=\"203\" data-end=\"473\">Descubre a trav\u00e9s de este libro <strong data-start=\"235\" data-end=\"245\">POP-IT<\/strong> c\u00f3mo Dios no solo se identifica con el fuego, sino que tambi\u00e9n lo usa para mostrarnos Su poder, Su protecci\u00f3n y Su amor. A lo largo de sus p\u00e1ginas, los ni\u00f1os aprender\u00e1n que \u00c9l nos da esperanza y salvaci\u00f3n por medio de Jes\u00fas \u2728<\/p>\n<p data-start=\"475\" data-end=\"611\">\u2764\ufe0f <strong data-start=\"478\" data-end=\"486\">ROJO<\/strong>, el color del fuego y de la sangre.<br data-start=\"522\" data-end=\"525\" \/>El color del peligro\u2026 pero tambi\u00e9n de la vida y de la esperanza que tenemos en Cristo.<\/p>\n<p data-start=\"613\" data-end=\"779\">Mientras explotan las burbujas Pop-It \ud83c\udf89, los peque\u00f1os disfrutar\u00e1n de historias b\u00edblicas que ense\u00f1an confianza en Dios, valent\u00eda y fe en medio de cualquier situaci\u00f3n.<\/p>\n<p data-start=\"781\" data-end=\"939\">\ud83d\udd25 Historias impactantes<br data-start=\"805\" data-end=\"808\" \/>\ud83d\udcd6 Ense\u00f1anzas claras y adaptadas a su edad<br data-start=\"850\" data-end=\"853\" \/>\ud83e\udde0 Estimulaci\u00f3n sensorial y motricidad fina<br data-start=\"896\" data-end=\"899\" \/>\ud83d\udc68\u200d\ud83d\udc69\u200d\ud83d\udc67 Ideal para lectura en familia<\/p>\n<p data-start=\"941\" data-end=\"1042\">Forma parte de la colecci\u00f3n inspirada en los elementos:<br data-start=\"996\" data-end=\"999\" \/>\ud83d\udca7 Agua<br data-start=\"1006\" data-end=\"1009\" \/>\ud83c\udf31 Tierra<br data-start=\"1018\" data-end=\"1021\" \/>\ud83d\udd25 Fuego<br data-start=\"1029\" data-end=\"1032\" \/>\ud83c\udf2c\ufe0f Aire<\/p>\n<p data-start=\"1044\" data-end=\"1168\">Porque Dios es el Creador de todo, y a trav\u00e9s de cada elemento nos revela grandes verdades para el coraz\u00f3n de los ni\u00f1os \ud83d\udc9b<\/p>\n<hr data-start=\"1170\" data-end=\"1173\" \/>\n<p data-start=\"1175\" data-end=\"1335\">\ud83d\udcda <strong data-start=\"1178\" data-end=\"1203\">Detalles\u00a0<\/strong><br data-start=\"1203\" data-end=\"1206\" \/>ISBN: 9798885168793<br data-start=\"1225\" data-end=\"1228\" \/>Editorial: ABBA<br data-start=\"1243\" data-end=\"1246\" \/>Dimensiones: 190 x 230 x 15 mm<br data-start=\"1276\" data-end=\"1279\" \/>Peso: 0,395 kg<br data-start=\"1293\" data-end=\"1296\" \/>Cubierta: Tapa dura<br data-start=\"1315\" data-end=\"1318\" \/>Idioma: Espa\u00f1ol<\/p>\n<p data-start=\"1337\" data-end=\"1442\" data-is-last-node=\"\" data-is-only-node=\"\">Un libro para jugar, aprender y descubrir que, aun en medio del fuego, Dios siempre est\u00e1 presente \u2764\ufe0f\ud83d\udd25\ud83d\udcd6\u2728<\/p>\n","protected":false},"excerpt":{"rendered":"<p>\ud83d\udcd8\ud83d\udd25 Aventuras B\u00edblicas en el Fuego \u2013 Pop It Juega y LeeUna aventura interactiva llena de ense\u00f1anza y esperanza \u2764\ufe0f [&hellip;]<\/p>\n","protected":false},"featured_media":1376,"comment_status":"open","ping_status":"closed","template":"","meta":{"_monsterinsights_skip_tracking":false,"_monsterinsights_sitenote_active":false,"_monsterinsights_sitenote_note":"","_monsterinsights_sitenote_category":0,"site-sidebar-layout":"default","site-content-layout":"","ast-site-content-layout":"default","site-content-style":"default","site-sidebar-style":"default","ast-global-header-display":"","ast-banner-title-visibility":"","ast-main-header-display":"","ast-hfb-above-header-display":"","ast-hfb-below-header-display":"","ast-hfb-mobile-header-display":"","site-post-title":"","ast-breadcrumbs-content":"","ast-featured-img":"","footer-sml-layout":"","ast-disable-related-posts":"","theme-transparent-header-meta":"default","adv-header-id-meta":"","stick-header-meta":"","header-above-stick-meta":"","header-main-stick-meta":"","header-below-stick-meta":"","astra-migrate-meta-layouts":"set","ast-page-background-enabled":"default","ast-page-background-meta":{"desktop":{"background-color":"var(--ast-global-color-4)","background-image":"","background-repeat":"repeat","background-position":"center center","background-size":"auto","background-attachment":"scroll","background-type":"","background-media":"","overlay-type":"","overlay-color":"","overlay-opacity":"","overlay-gradient":""},"tablet":{"background-color":"","background-image":"","background-repeat":"repeat","background-position":"center center","background-size":"auto","background-attachment":"scroll","background-type":"","background-media":"","overlay-type":"","overlay-color":"","overlay-opacity":"","overlay-gradient":""},"mobile":{"background-color":"","background-image":"","background-repeat":"repeat","background-position":"center center","background-size":"auto","background-attachment":"scroll","background-type":"","background-media":"","overlay-type":"","overlay-color":"","overlay-opacity":"","overlay-gradient":""}},"ast-content-background-meta":{"desktop":{"background-color":"var(--ast-global-color-5)","background-image":"","background-repeat":"repeat","background-position":"center center","background-size":"auto","background-attachment":"scroll","background-type":"","background-media":"","overlay-type":"","overlay-color":"","overlay-opacity":"","overlay-gradient":""},"tablet":{"background-color":"var(--ast-global-color-5)","background-image":"","background-repeat":"repeat","background-position":"center center","background-size":"auto","background-attachment":"scroll","background-type":"","background-media":"","overlay-type":"","overlay-color":"","overlay-opacity":"","overlay-gradient":""},"mobile":{"background-color":"var(--ast-global-color-5)","background-image":"","background-repeat":"repeat","background-position":"center center","background-size":"auto","background-attachment":"scroll","background-type":"","background-media":"","overlay-type":"","overlay-color":"","overlay-opacity":"","overlay-gradient":""}}},"product_brand":[],"product_cat":[21,36,41],"product_tag":[],"class_list":{"0":"post-1422","1":"product","2":"type-product","3":"status-publish","4":"has-post-thumbnail","6":"product_cat-libros","7":"product_cat-preescolar-3-a-5-anos","8":"product_cat-tf","9":"desktop-align-left","10":"tablet-align-left","11":"mobile-align-left","13":"first","14":"instock","15":"taxable","16":"shipping-taxable","17":"purchasable","18":"product-type-simple"},"aioseo_notices":[],"jetpack_sharing_enabled":true,"_links":{"self":[{"href":"https:\/\/bibliakids247.com\/index.php?rest_route=\/wp\/v2\/product\/1422","targetHints":{"allow":["GET"]}}],"collection":[{"href":"https:\/\/bibliakids247.com\/index.php?rest_route=\/wp\/v2\/product"}],"about":[{"href":"https:\/\/bibliakids247.com\/index.php?rest_route=\/wp\/v2\/types\/product"}],"replies":[{"embeddable":true,"href":"https:\/\/bibliakids247.com\/index.php?rest_route=%2Fwp%2Fv2%2Fcomments&post=1422"}],"wp:featuredmedia":[{"embeddable":true,"href":"https:\/\/bibliakids247.com\/index.php?rest_route=\/wp\/v2\/media\/1376"}],"wp:attachment":[{"href":"https:\/\/bibliakids247.com\/index.php?rest_route=%2Fwp%2Fv2%2Fmedia&parent=1422"}],"wp:term":[{"taxonomy":"product_brand","embeddable":true,"href":"https:\/\/bibliakids247.com\/index.php?rest_route=%2Fwp%2Fv2%2Fproduct_brand&post=1422"},{"taxonomy":"product_cat","embeddable":true,"href":"https:\/\/bibliakids247.com\/index.php?rest_route=%2Fwp%2Fv2%2Fproduct_cat&post=1422"},{"taxonomy":"product_tag","embeddable":true,"href":"https:\/\/bibliakids247.com\/index.php?rest_route=%2Fwp%2Fv2%2Fproduct_tag&post=1422"}],"curies":[{"name":"wp","href":"https:\/\/api.w.org\/{rel}","templated":true}]}}