{"id":1427,"date":"2026-02-15T12:15:15","date_gmt":"2026-02-15T17:15:15","guid":{"rendered":"https:\/\/bibliakids247.com\/?post_type=product&#038;p=1427"},"modified":"2026-02-15T12:16:28","modified_gmt":"2026-02-15T17:16:28","slug":"toca-y-juega-gracias-jesus","status":"publish","type":"product","link":"https:\/\/bibliakids247.com\/?product=toca-y-juega-gracias-jesus","title":{"rendered":"Toca y Juega: \u00a1Gracias, Jes\u00fas!"},"content":{"rendered":"<div class=\"flex flex-col text-sm pb-25\">\n<article class=\"text-token-text-primary w-full focus:outline-none [--shadow-height:45px] has-data-writing-block:pointer-events-none has-data-writing-block:-mt-(--shadow-height) has-data-writing-block:pt-(--shadow-height) [&amp;:has([data-writing-block])&gt;*]:pointer-events-auto scroll-mt-[calc(var(--header-height)+min(200px,max(70px,20svh)))]\" dir=\"auto\" tabindex=\"-1\" data-turn-id=\"request-WEB:0c7e5125-c0b7-4bfe-aef8-ce475184e7da-7\" data-testid=\"conversation-turn-16\" data-scroll-anchor=\"true\" data-turn=\"assistant\">\n<div class=\"text-base my-auto mx-auto pb-10 [--thread-content-margin:--spacing(4)] @w-sm\/main:[--thread-content-margin:--spacing(6)] @w-lg\/main:[--thread-content-margin:--spacing(16)] px-(--thread-content-margin)\">\n<div class=\"[--thread-content-max-width:40rem] @w-lg\/main:[--thread-content-max-width:48rem] mx-auto max-w-(--thread-content-max-width) flex-1 group\/turn-messages focus-visible:outline-hidden relative flex w-full min-w-0 flex-col agent-turn\" tabindex=\"-1\">\n<div class=\"flex max-w-full flex-col grow\">\n<div class=\"min-h-8 text-message relative flex w-full flex-col items-end gap-2 text-start break-words whitespace-normal [.text-message+&amp;]:mt-1\" dir=\"auto\" data-message-author-role=\"assistant\" data-message-id=\"2e9ffe6d-c14f-4e01-94a2-b9e03727019a\" data-message-model-slug=\"gpt-5-2\">\n<div class=\"flex w-full flex-col gap-1 empty:hidden first:pt-[1px]\">\n<div class=\"markdown prose dark:prose-invert w-full wrap-break-word dark markdown-new-styling\">\n<p data-start=\"42\" data-end=\"185\">\ud83d\udcd8\u2728 <strong data-start=\"46\" data-end=\"80\">Toca y Juega: \u00a1Gracias, Jes\u00fas!<\/strong><br data-start=\"80\" data-end=\"83\" \/>Un libro interactivo para aprender a agradecer desde peque\u00f1os \ud83d\udc9b<\/p>\n<p data-start=\"42\" data-end=\"185\"><br data-start=\"147\" data-end=\"150\" \/>\ud83d\udc76 <strong data-start=\"153\" data-end=\"185\">Edad recomendada: 2 a 5 a\u00f1os<\/strong><\/p>\n<p data-start=\"187\" data-end=\"364\">\u00a1Tenemos tanto por lo que dar gracias a Jes\u00fas! \ud83d\ude4f\ud83d\udc96<br data-start=\"238\" data-end=\"241\" \/>Este hermoso libro-juego es un recurso ideal para iniciar de manera divertida el h\u00e1bito de la gratitud en los m\u00e1s peque\u00f1os.<\/p>\n<p data-start=\"366\" data-end=\"552\">A trav\u00e9s de <strong data-start=\"378\" data-end=\"401\">texturas especiales<\/strong>, colores llamativos y formas amigables, los ni\u00f1os podr\u00e1n tocar, explorar y descubrir mientras aprenden a decir con alegr\u00eda:<br data-start=\"525\" data-end=\"528\" \/>\u2728 <em data-start=\"530\" data-end=\"548\">\u00a1Gracias, Jes\u00fas!<\/em> \u2728<\/p>\n<p data-start=\"554\" data-end=\"777\">\ud83d\udc9b Fomenta la gratitud diaria<br data-start=\"583\" data-end=\"586\" \/>\ud83d\udd90\ufe0f Incluye superficies t\u00e1ctiles para estimulaci\u00f3n sensorial<br data-start=\"646\" data-end=\"649\" \/>\ud83c\udfa8 Ilustraciones tiernas y coloridas<br data-start=\"685\" data-end=\"688\" \/>\ud83d\udc68\u200d\ud83d\udc69\u200d\ud83d\udc67 Perfecto para lectura en familia<br data-start=\"729\" data-end=\"732\" \/>\ud83c\udf31 Ideal para primeros h\u00e1bitos espirituales<\/p>\n<p data-start=\"779\" data-end=\"911\">Un libro que ayuda a los ni\u00f1os a reconocer que todo lo bueno proviene de Dios y que cada d\u00eda es una oportunidad para agradecer \ud83c\udf81\u2728<\/p>\n<hr data-start=\"913\" data-end=\"916\" \/>\n<p data-start=\"918\" data-end=\"1095\">\ud83d\udcda <strong data-start=\"921\" data-end=\"946\">Detalles del producto<\/strong><br data-start=\"946\" data-end=\"949\" \/>ISBN: 9798885168434<br data-start=\"968\" data-end=\"971\" \/>Dimensiones: 260 x 260 x 13 mm<br data-start=\"1001\" data-end=\"1004\" \/>Peso: 0,450 kg<br data-start=\"1018\" data-end=\"1021\" \/>Cubierta: Tapa dura<br data-start=\"1040\" data-end=\"1043\" \/>Fecha de lanzamiento: 17.06.2025<br data-start=\"1075\" data-end=\"1078\" \/>Idioma: Espa\u00f1ol<\/p>\n<p data-start=\"1097\" data-end=\"1191\" data-is-last-node=\"\" data-is-only-node=\"\">Un regalo perfecto para sembrar fe, alegr\u00eda y gratitud en el coraz\u00f3n de los m\u00e1s peque\u00f1os \ud83d\udc95\ud83d\udcd6\u2728<\/p>\n<\/div>\n<\/div>\n<\/div>\n<\/div>\n<\/div>\n<\/div>\n<\/article>\n<\/div>\n","protected":false},"excerpt":{"rendered":"<p>\ud83d\udcd8\u2728 Toca y Juega: \u00a1Gracias, Jes\u00fas!Un libro interactivo para aprender a agradecer desde peque\u00f1os \ud83d\udc9b \ud83d\udc76 Edad recomendada: 2 a [&hellip;]<\/p>\n","protected":false},"featured_media":1377,"comment_status":"open","ping_status":"closed","template":"","meta":{"_monsterinsights_skip_tracking":false,"_monsterinsights_sitenote_active":false,"_monsterinsights_sitenote_note":"","_monsterinsights_sitenote_category":0,"site-sidebar-layout":"default","site-content-layout":"","ast-site-content-layout":"default","site-content-style":"default","site-sidebar-style":"default","ast-global-header-display":"","ast-banner-title-visibility":"","ast-main-header-display":"","ast-hfb-above-header-display":"","ast-hfb-below-header-display":"","ast-hfb-mobile-header-display":"","site-post-title":"","ast-breadcrumbs-content":"","ast-featured-img":"","footer-sml-layout":"","ast-disable-related-posts":"","theme-transparent-header-meta":"default","adv-header-id-meta":"","stick-header-meta":"","header-above-stick-meta":"","header-main-stick-meta":"","header-below-stick-meta":"","astra-migrate-meta-layouts":"set","ast-page-background-enabled":"default","ast-page-background-meta":{"desktop":{"background-color":"var(--ast-global-color-4)","background-image":"","background-repeat":"repeat","background-position":"center center","background-size":"auto","background-attachment":"scroll","background-type":"","background-media":"","overlay-type":"","overlay-color":"","overlay-opacity":"","overlay-gradient":""},"tablet":{"background-color":"","background-image":"","background-repeat":"repeat","background-position":"center center","background-size":"auto","background-attachment":"scroll","background-type":"","background-media":"","overlay-type":"","overlay-color":"","overlay-opacity":"","overlay-gradient":""},"mobile":{"background-color":"","background-image":"","background-repeat":"repeat","background-position":"center center","background-size":"auto","background-attachment":"scroll","background-type":"","background-media":"","overlay-type":"","overlay-color":"","overlay-opacity":"","overlay-gradient":""}},"ast-content-background-meta":{"desktop":{"background-color":"var(--ast-global-color-5)","background-image":"","background-repeat":"repeat","background-position":"center center","background-size":"auto","background-attachment":"scroll","background-type":"","background-media":"","overlay-type":"","overlay-color":"","overlay-opacity":"","overlay-gradient":""},"tablet":{"background-color":"var(--ast-global-color-5)","background-image":"","background-repeat":"repeat","background-position":"center center","background-size":"auto","background-attachment":"scroll","background-type":"","background-media":"","overlay-type":"","overlay-color":"","overlay-opacity":"","overlay-gradient":""},"mobile":{"background-color":"var(--ast-global-color-5)","background-image":"","background-repeat":"repeat","background-position":"center center","background-size":"auto","background-attachment":"scroll","background-type":"","background-media":"","overlay-type":"","overlay-color":"","overlay-opacity":"","overlay-gradient":""}}},"product_brand":[],"product_cat":[35,21,41],"product_tag":[],"class_list":{"0":"post-1427","1":"product","2":"type-product","3":"status-publish","4":"has-post-thumbnail","6":"product_cat-bebes-0-a-2-anos","7":"product_cat-libros","8":"product_cat-tf","9":"desktop-align-left","10":"tablet-align-left","11":"mobile-align-left","13":"first","14":"instock","15":"taxable","16":"shipping-taxable","17":"purchasable","18":"product-type-simple"},"aioseo_notices":[],"jetpack_sharing_enabled":true,"_links":{"self":[{"href":"https:\/\/bibliakids247.com\/index.php?rest_route=\/wp\/v2\/product\/1427","targetHints":{"allow":["GET"]}}],"collection":[{"href":"https:\/\/bibliakids247.com\/index.php?rest_route=\/wp\/v2\/product"}],"about":[{"href":"https:\/\/bibliakids247.com\/index.php?rest_route=\/wp\/v2\/types\/product"}],"replies":[{"embeddable":true,"href":"https:\/\/bibliakids247.com\/index.php?rest_route=%2Fwp%2Fv2%2Fcomments&post=1427"}],"wp:featuredmedia":[{"embeddable":true,"href":"https:\/\/bibliakids247.com\/index.php?rest_route=\/wp\/v2\/media\/1377"}],"wp:attachment":[{"href":"https:\/\/bibliakids247.com\/index.php?rest_route=%2Fwp%2Fv2%2Fmedia&parent=1427"}],"wp:term":[{"taxonomy":"product_brand","embeddable":true,"href":"https:\/\/bibliakids247.com\/index.php?rest_route=%2Fwp%2Fv2%2Fproduct_brand&post=1427"},{"taxonomy":"product_cat","embeddable":true,"href":"https:\/\/bibliakids247.com\/index.php?rest_route=%2Fwp%2Fv2%2Fproduct_cat&post=1427"},{"taxonomy":"product_tag","embeddable":true,"href":"https:\/\/bibliakids247.com\/index.php?rest_route=%2Fwp%2Fv2%2Fproduct_tag&post=1427"}],"curies":[{"name":"wp","href":"https:\/\/api.w.org\/{rel}","templated":true}]}}