{"id":1434,"date":"2026-02-15T12:22:03","date_gmt":"2026-02-15T17:22:03","guid":{"rendered":"https:\/\/bibliakids247.com\/?post_type=product&#038;p=1434"},"modified":"2026-02-15T12:22:03","modified_gmt":"2026-02-15T17:22:03","slug":"toca-y-juega-mis-historias-favoritas","status":"publish","type":"product","link":"https:\/\/bibliakids247.com\/?product=toca-y-juega-mis-historias-favoritas","title":{"rendered":"Toca y Juega: Mis Historias Favoritas"},"content":{"rendered":"<p data-start=\"42\" data-end=\"194\">\ud83d\udcd8\u2728 <strong data-start=\"46\" data-end=\"87\">Toca y Juega: Mis Historias Favoritas<\/strong><br data-start=\"87\" data-end=\"90\" \/>Un libro sensorial para descubrir la Biblia con manos y coraz\u00f3n \ud83d\udc9a<\/p>\n<p data-start=\"42\" data-end=\"194\"><br data-start=\"156\" data-end=\"159\" \/>\ud83d\udc76 <strong data-start=\"162\" data-end=\"194\">Edad recomendada: 2 a 5 a\u00f1os<\/strong><\/p>\n<p data-start=\"196\" data-end=\"389\">Con este divertido libro interactivo, los m\u00e1s peque\u00f1os podr\u00e1n familiarizarse con algunas de las historias m\u00e1s hermosas de la Biblia mientras exploran, tocan y experimentan con sus p\u00e1ginas \ud83d\ude4c\u2728<\/p>\n<p data-start=\"391\" data-end=\"612\">Dise\u00f1ado especialmente para estimular los sentidos, este libro invita a que sus peque\u00f1as manitas \u2014e incluso sus pies\u2014 descubran los elementos clave de cada historia a trav\u00e9s de texturas, colores y formas llamativas \ud83c\udfa8\ud83d\udc9b<\/p>\n<p data-start=\"614\" data-end=\"849\">\ud83d\udc96 Incluye superficies t\u00e1ctiles<br data-start=\"645\" data-end=\"648\" \/>\ud83d\udcd6 Primer acercamiento a historias b\u00edblicas<br data-start=\"691\" data-end=\"694\" \/>\ud83d\udd90\ufe0f Estimulaci\u00f3n sensorial y motricidad fina<br data-start=\"738\" data-end=\"741\" \/>\ud83d\udc68\u200d\ud83d\udc69\u200d\ud83d\udc67 Ideal para momentos especiales en familia<br data-start=\"791\" data-end=\"794\" \/>\ud83c\udf31 Fomenta el amor por la Palabra desde temprana edad<\/p>\n<p data-start=\"851\" data-end=\"989\">Una experiencia de lectura diferente, donde aprender sobre Dios se convierte en un momento alegre, din\u00e1mico y lleno de descubrimientos \u2728<\/p>\n<hr data-start=\"991\" data-end=\"994\" \/>\n<p data-start=\"996\" data-end=\"1173\">\ud83d\udcda <strong data-start=\"999\" data-end=\"1024\">Detalles del producto<\/strong><br data-start=\"1024\" data-end=\"1027\" \/>ISBN: 9798885168427<br data-start=\"1046\" data-end=\"1049\" \/>Dimensiones: 260 x 260 x 13 mm<br data-start=\"1079\" data-end=\"1082\" \/>Peso: 0,450 kg<br data-start=\"1096\" data-end=\"1099\" \/>Cubierta: Tapa dura<br data-start=\"1118\" data-end=\"1121\" \/>Fecha de lanzamiento: 17.06.2025<br data-start=\"1153\" data-end=\"1156\" \/>Idioma: Espa\u00f1ol<\/p>\n<p data-start=\"1175\" data-end=\"1276\" data-is-last-node=\"\" data-is-only-node=\"\">Un libro para tocar, jugar y comenzar a amar las historias de la Biblia desde los primeros a\u00f1os \ud83d\udc95\ud83d\udcd6\u2728<\/p>\n","protected":false},"excerpt":{"rendered":"<p>\ud83d\udcd8\u2728 Toca y Juega: Mis Historias FavoritasUn libro sensorial para descubrir la Biblia con manos y coraz\u00f3n \ud83d\udc9a \ud83d\udc76 Edad [&hellip;]<\/p>\n","protected":false},"featured_media":1378,"comment_status":"open","ping_status":"closed","template":"","meta":{"_monsterinsights_skip_tracking":false,"_monsterinsights_sitenote_active":false,"_monsterinsights_sitenote_note":"","_monsterinsights_sitenote_category":0,"site-sidebar-layout":"default","site-content-layout":"","ast-site-content-layout":"default","site-content-style":"default","site-sidebar-style":"default","ast-global-header-display":"","ast-banner-title-visibility":"","ast-main-header-display":"","ast-hfb-above-header-display":"","ast-hfb-below-header-display":"","ast-hfb-mobile-header-display":"","site-post-title":"","ast-breadcrumbs-content":"","ast-featured-img":"","footer-sml-layout":"","ast-disable-related-posts":"","theme-transparent-header-meta":"default","adv-header-id-meta":"","stick-header-meta":"","header-above-stick-meta":"","header-main-stick-meta":"","header-below-stick-meta":"","astra-migrate-meta-layouts":"set","ast-page-background-enabled":"default","ast-page-background-meta":{"desktop":{"background-color":"var(--ast-global-color-4)","background-image":"","background-repeat":"repeat","background-position":"center center","background-size":"auto","background-attachment":"scroll","background-type":"","background-media":"","overlay-type":"","overlay-color":"","overlay-opacity":"","overlay-gradient":""},"tablet":{"background-color":"","background-image":"","background-repeat":"repeat","background-position":"center center","background-size":"auto","background-attachment":"scroll","background-type":"","background-media":"","overlay-type":"","overlay-color":"","overlay-opacity":"","overlay-gradient":""},"mobile":{"background-color":"","background-image":"","background-repeat":"repeat","background-position":"center center","background-size":"auto","background-attachment":"scroll","background-type":"","background-media":"","overlay-type":"","overlay-color":"","overlay-opacity":"","overlay-gradient":""}},"ast-content-background-meta":{"desktop":{"background-color":"var(--ast-global-color-5)","background-image":"","background-repeat":"repeat","background-position":"center center","background-size":"auto","background-attachment":"scroll","background-type":"","background-media":"","overlay-type":"","overlay-color":"","overlay-opacity":"","overlay-gradient":""},"tablet":{"background-color":"var(--ast-global-color-5)","background-image":"","background-repeat":"repeat","background-position":"center center","background-size":"auto","background-attachment":"scroll","background-type":"","background-media":"","overlay-type":"","overlay-color":"","overlay-opacity":"","overlay-gradient":""},"mobile":{"background-color":"var(--ast-global-color-5)","background-image":"","background-repeat":"repeat","background-position":"center center","background-size":"auto","background-attachment":"scroll","background-type":"","background-media":"","overlay-type":"","overlay-color":"","overlay-opacity":"","overlay-gradient":""}}},"product_brand":[],"product_cat":[35,21,41],"product_tag":[],"class_list":{"0":"post-1434","1":"product","2":"type-product","3":"status-publish","4":"has-post-thumbnail","6":"product_cat-bebes-0-a-2-anos","7":"product_cat-libros","8":"product_cat-tf","9":"desktop-align-left","10":"tablet-align-left","11":"mobile-align-left","13":"first","14":"instock","15":"taxable","16":"shipping-taxable","17":"purchasable","18":"product-type-simple"},"aioseo_notices":[],"jetpack_sharing_enabled":true,"_links":{"self":[{"href":"https:\/\/bibliakids247.com\/index.php?rest_route=\/wp\/v2\/product\/1434","targetHints":{"allow":["GET"]}}],"collection":[{"href":"https:\/\/bibliakids247.com\/index.php?rest_route=\/wp\/v2\/product"}],"about":[{"href":"https:\/\/bibliakids247.com\/index.php?rest_route=\/wp\/v2\/types\/product"}],"replies":[{"embeddable":true,"href":"https:\/\/bibliakids247.com\/index.php?rest_route=%2Fwp%2Fv2%2Fcomments&post=1434"}],"wp:featuredmedia":[{"embeddable":true,"href":"https:\/\/bibliakids247.com\/index.php?rest_route=\/wp\/v2\/media\/1378"}],"wp:attachment":[{"href":"https:\/\/bibliakids247.com\/index.php?rest_route=%2Fwp%2Fv2%2Fmedia&parent=1434"}],"wp:term":[{"taxonomy":"product_brand","embeddable":true,"href":"https:\/\/bibliakids247.com\/index.php?rest_route=%2Fwp%2Fv2%2Fproduct_brand&post=1434"},{"taxonomy":"product_cat","embeddable":true,"href":"https:\/\/bibliakids247.com\/index.php?rest_route=%2Fwp%2Fv2%2Fproduct_cat&post=1434"},{"taxonomy":"product_tag","embeddable":true,"href":"https:\/\/bibliakids247.com\/index.php?rest_route=%2Fwp%2Fv2%2Fproduct_tag&post=1434"}],"curies":[{"name":"wp","href":"https:\/\/api.w.org\/{rel}","templated":true}]}}