{"id":1439,"date":"2026-02-15T13:02:37","date_gmt":"2026-02-15T18:02:37","guid":{"rendered":"https:\/\/bibliakids247.com\/?post_type=product&#038;p=1439"},"modified":"2026-02-15T13:02:44","modified_gmt":"2026-02-15T18:02:44","slug":"toca-y-juega-buenas-noches-pequena-oveja-salmo-23","status":"publish","type":"product","link":"https:\/\/bibliakids247.com\/?product=toca-y-juega-buenas-noches-pequena-oveja-salmo-23","title":{"rendered":"Toca y Juega: Buenas noches, peque\u00f1a oveja -Salmo 23"},"content":{"rendered":"<div class=\"flex flex-col text-sm pb-25\">\n<article class=\"text-token-text-primary w-full focus:outline-none [--shadow-height:45px] has-data-writing-block:pointer-events-none has-data-writing-block:-mt-(--shadow-height) has-data-writing-block:pt-(--shadow-height) [&amp;:has([data-writing-block])&gt;*]:pointer-events-auto scroll-mt-[calc(var(--header-height)+min(200px,max(70px,20svh)))]\" dir=\"auto\" tabindex=\"-1\" data-turn-id=\"request-WEB:0c7e5125-c0b7-4bfe-aef8-ce475184e7da-9\" data-testid=\"conversation-turn-20\" data-scroll-anchor=\"true\" data-turn=\"assistant\">\n<div class=\"text-base my-auto mx-auto pb-10 [--thread-content-margin:--spacing(4)] @w-sm\/main:[--thread-content-margin:--spacing(6)] @w-lg\/main:[--thread-content-margin:--spacing(16)] px-(--thread-content-margin)\">\n<div class=\"[--thread-content-max-width:40rem] @w-lg\/main:[--thread-content-max-width:48rem] mx-auto max-w-(--thread-content-max-width) flex-1 group\/turn-messages focus-visible:outline-hidden relative flex w-full min-w-0 flex-col agent-turn\" tabindex=\"-1\">\n<div class=\"flex max-w-full flex-col grow\">\n<div class=\"min-h-8 text-message relative flex w-full flex-col items-end gap-2 text-start break-words whitespace-normal [.text-message+&amp;]:mt-1\" dir=\"auto\" data-message-author-role=\"assistant\" data-message-id=\"72f4ec2f-ad7a-411a-a375-5272818d14b8\" data-message-model-slug=\"gpt-5-2\">\n<div class=\"flex w-full flex-col gap-1 empty:hidden first:pt-[1px]\">\n<div class=\"markdown prose dark:prose-invert w-full wrap-break-word dark markdown-new-styling\">\n<p data-start=\"42\" data-end=\"198\">\ud83d\udcd8\ud83c\udf19 <strong data-start=\"47\" data-end=\"104\">Toca y Juega: Buenas noches, peque\u00f1a oveja (Salmo 23)<\/strong><br data-start=\"104\" data-end=\"107\" \/>Un libro sensorial para dormir con paz y confianza \ud83d\udc99<\/p>\n<p data-start=\"42\" data-end=\"198\"><br data-start=\"160\" data-end=\"163\" \/>\ud83d\udc76 <strong data-start=\"166\" data-end=\"198\">Edad recomendada: 2 a 5 a\u00f1os<\/strong><\/p>\n<p data-start=\"200\" data-end=\"386\">Esta hermosa adaptaci\u00f3n del <strong data-start=\"228\" data-end=\"240\">Salmo 23<\/strong> para ni\u00f1os ayuda a ense\u00f1ar verdades b\u00edblicas fundamentales mientras los peque\u00f1os juegan y exploran distintas texturas a lo largo del relato \ud83d\udc11\u2728<\/p>\n<p data-start=\"388\" data-end=\"552\">A trav\u00e9s de ilustraciones tiernas, colores suaves y superficies t\u00e1ctiles, los ni\u00f1os descubrir\u00e1n que Jes\u00fas es el Buen Pastor que cuida, protege y acompa\u00f1a siempre.<\/p>\n<p data-start=\"554\" data-end=\"825\">\ud83c\udf19 Ideal para la rutina antes de dormir<br data-start=\"593\" data-end=\"596\" \/>\ud83d\udd90\ufe0f Incluye elementos con texturas para estimular el sentido del tacto<br data-start=\"666\" data-end=\"669\" \/>\ud83d\udcd6 Introduce el Salmo 23 de forma sencilla y comprensible<br data-start=\"726\" data-end=\"729\" \/>\ud83d\udc9b Fomenta confianza, seguridad y descanso en Dios<br data-start=\"779\" data-end=\"782\" \/>\ud83d\udc68\u200d\ud83d\udc69\u200d\ud83d\udc67 Perfecto para lectura en familia<\/p>\n<p data-start=\"827\" data-end=\"933\">Un libro que convierte el momento de ir a la cama en una experiencia tranquila, especial y llena de fe \u2728<\/p>\n<hr data-start=\"935\" data-end=\"938\" \/>\n<p data-start=\"940\" data-end=\"1117\">\ud83d\udcda <strong data-start=\"943\" data-end=\"968\">Detalles\u00a0<\/strong><br data-start=\"968\" data-end=\"971\" \/>ISBN: 9798885168441<br data-start=\"990\" data-end=\"993\" \/>Dimensiones: 260 x 260 x 13 mm<br data-start=\"1023\" data-end=\"1026\" \/>Peso: 0,450 kg<br data-start=\"1040\" data-end=\"1043\" \/>Cubierta: Tapa dura<br data-start=\"1062\" data-end=\"1065\" \/>Fecha de lanzamiento: 17.06.2025<br data-start=\"1097\" data-end=\"1100\" \/>Idioma: Espa\u00f1ol<\/p>\n<p data-start=\"1119\" data-end=\"1221\" data-is-last-node=\"\" data-is-only-node=\"\">Una dulce manera de terminar el d\u00eda recordando que el Se\u00f1or es nuestro Pastor\u2026 y nada nos faltar\u00e1 \ud83d\udc99\ud83c\udf1f<\/p>\n<\/div>\n<\/div>\n<\/div>\n<\/div>\n<div class=\"z-0 flex min-h-[46px] justify-start\"><\/div>\n<div class=\"mt-3 w-full empty:hidden\">\n<div class=\"text-center\"><\/div>\n<\/div>\n<\/div>\n<\/div>\n<\/article>\n<\/div>\n<div class=\"pointer-events-none h-px w-px absolute bottom-0\" aria-hidden=\"true\" data-edge=\"true\"><\/div>\n","protected":false},"excerpt":{"rendered":"<p>\ud83d\udcd8\ud83c\udf19 Toca y Juega: Buenas noches, peque\u00f1a oveja (Salmo 23)Un libro sensorial para dormir con paz y confianza \ud83d\udc99 \ud83d\udc76 [&hellip;]<\/p>\n","protected":false},"featured_media":1379,"comment_status":"open","ping_status":"closed","template":"","meta":{"_monsterinsights_skip_tracking":false,"_monsterinsights_sitenote_active":false,"_monsterinsights_sitenote_note":"","_monsterinsights_sitenote_category":0,"site-sidebar-layout":"default","site-content-layout":"","ast-site-content-layout":"default","site-content-style":"default","site-sidebar-style":"default","ast-global-header-display":"","ast-banner-title-visibility":"","ast-main-header-display":"","ast-hfb-above-header-display":"","ast-hfb-below-header-display":"","ast-hfb-mobile-header-display":"","site-post-title":"","ast-breadcrumbs-content":"","ast-featured-img":"","footer-sml-layout":"","ast-disable-related-posts":"","theme-transparent-header-meta":"default","adv-header-id-meta":"","stick-header-meta":"","header-above-stick-meta":"","header-main-stick-meta":"","header-below-stick-meta":"","astra-migrate-meta-layouts":"set","ast-page-background-enabled":"default","ast-page-background-meta":{"desktop":{"background-color":"var(--ast-global-color-4)","background-image":"","background-repeat":"repeat","background-position":"center center","background-size":"auto","background-attachment":"scroll","background-type":"","background-media":"","overlay-type":"","overlay-color":"","overlay-opacity":"","overlay-gradient":""},"tablet":{"background-color":"","background-image":"","background-repeat":"repeat","background-position":"center center","background-size":"auto","background-attachment":"scroll","background-type":"","background-media":"","overlay-type":"","overlay-color":"","overlay-opacity":"","overlay-gradient":""},"mobile":{"background-color":"","background-image":"","background-repeat":"repeat","background-position":"center center","background-size":"auto","background-attachment":"scroll","background-type":"","background-media":"","overlay-type":"","overlay-color":"","overlay-opacity":"","overlay-gradient":""}},"ast-content-background-meta":{"desktop":{"background-color":"var(--ast-global-color-5)","background-image":"","background-repeat":"repeat","background-position":"center center","background-size":"auto","background-attachment":"scroll","background-type":"","background-media":"","overlay-type":"","overlay-color":"","overlay-opacity":"","overlay-gradient":""},"tablet":{"background-color":"var(--ast-global-color-5)","background-image":"","background-repeat":"repeat","background-position":"center center","background-size":"auto","background-attachment":"scroll","background-type":"","background-media":"","overlay-type":"","overlay-color":"","overlay-opacity":"","overlay-gradient":""},"mobile":{"background-color":"var(--ast-global-color-5)","background-image":"","background-repeat":"repeat","background-position":"center center","background-size":"auto","background-attachment":"scroll","background-type":"","background-media":"","overlay-type":"","overlay-color":"","overlay-opacity":"","overlay-gradient":""}}},"product_brand":[],"product_cat":[35,21,41],"product_tag":[],"class_list":{"0":"post-1439","1":"product","2":"type-product","3":"status-publish","4":"has-post-thumbnail","6":"product_cat-bebes-0-a-2-anos","7":"product_cat-libros","8":"product_cat-tf","9":"desktop-align-left","10":"tablet-align-left","11":"mobile-align-left","13":"first","14":"instock","15":"taxable","16":"shipping-taxable","17":"purchasable","18":"product-type-simple"},"aioseo_notices":[],"jetpack_sharing_enabled":true,"_links":{"self":[{"href":"https:\/\/bibliakids247.com\/index.php?rest_route=\/wp\/v2\/product\/1439","targetHints":{"allow":["GET"]}}],"collection":[{"href":"https:\/\/bibliakids247.com\/index.php?rest_route=\/wp\/v2\/product"}],"about":[{"href":"https:\/\/bibliakids247.com\/index.php?rest_route=\/wp\/v2\/types\/product"}],"replies":[{"embeddable":true,"href":"https:\/\/bibliakids247.com\/index.php?rest_route=%2Fwp%2Fv2%2Fcomments&post=1439"}],"wp:featuredmedia":[{"embeddable":true,"href":"https:\/\/bibliakids247.com\/index.php?rest_route=\/wp\/v2\/media\/1379"}],"wp:attachment":[{"href":"https:\/\/bibliakids247.com\/index.php?rest_route=%2Fwp%2Fv2%2Fmedia&parent=1439"}],"wp:term":[{"taxonomy":"product_brand","embeddable":true,"href":"https:\/\/bibliakids247.com\/index.php?rest_route=%2Fwp%2Fv2%2Fproduct_brand&post=1439"},{"taxonomy":"product_cat","embeddable":true,"href":"https:\/\/bibliakids247.com\/index.php?rest_route=%2Fwp%2Fv2%2Fproduct_cat&post=1439"},{"taxonomy":"product_tag","embeddable":true,"href":"https:\/\/bibliakids247.com\/index.php?rest_route=%2Fwp%2Fv2%2Fproduct_tag&post=1439"}],"curies":[{"name":"wp","href":"https:\/\/api.w.org\/{rel}","templated":true}]}}