{"id":1450,"date":"2026-02-15T13:15:51","date_gmt":"2026-02-15T18:15:51","guid":{"rendered":"https:\/\/bibliakids247.com\/?post_type=product&#038;p=1450"},"modified":"2026-02-15T13:18:30","modified_gmt":"2026-02-15T18:18:30","slug":"toca-y-juega-cuantos-animales-el-arca-de-noe","status":"publish","type":"product","link":"https:\/\/bibliakids247.com\/?product=toca-y-juega-cuantos-animales-el-arca-de-noe","title":{"rendered":"Toca y Juega: \u00a1Cu\u00e1ntos animales! \u2013 El Arca de No\u00e9"},"content":{"rendered":"<div class=\"flex flex-col text-sm pb-25\">\n<article class=\"text-token-text-primary w-full focus:outline-none [--shadow-height:45px] has-data-writing-block:pointer-events-none has-data-writing-block:-mt-(--shadow-height) has-data-writing-block:pt-(--shadow-height) [&amp;:has([data-writing-block])&gt;*]:pointer-events-auto scroll-mt-[calc(var(--header-height)+min(200px,max(70px,20svh)))]\" dir=\"auto\" tabindex=\"-1\" data-turn-id=\"request-WEB:0c7e5125-c0b7-4bfe-aef8-ce475184e7da-10\" data-testid=\"conversation-turn-22\" data-scroll-anchor=\"true\" data-turn=\"assistant\">\n<div class=\"text-base my-auto mx-auto pb-10 [--thread-content-margin:--spacing(4)] @w-sm\/main:[--thread-content-margin:--spacing(6)] @w-lg\/main:[--thread-content-margin:--spacing(16)] px-(--thread-content-margin)\">\n<div class=\"[--thread-content-max-width:40rem] @w-lg\/main:[--thread-content-max-width:48rem] mx-auto max-w-(--thread-content-max-width) flex-1 group\/turn-messages focus-visible:outline-hidden relative flex w-full min-w-0 flex-col agent-turn\" tabindex=\"-1\">\n<div class=\"flex max-w-full flex-col grow\">\n<div class=\"min-h-8 text-message relative flex w-full flex-col items-end gap-2 text-start break-words whitespace-normal [.text-message+&amp;]:mt-1\" dir=\"auto\" data-message-author-role=\"assistant\" data-message-id=\"eba7e1a7-630b-4450-bc3e-99b5681f0422\" data-message-model-slug=\"gpt-5-2\">\n<div class=\"flex w-full flex-col gap-1 empty:hidden first:pt-[1px]\">\n<div class=\"markdown prose dark:prose-invert w-full wrap-break-word dark markdown-new-styling\">\n<p data-start=\"42\" data-end=\"201\">\ud83d\udcd8\ud83d\udc18 <strong data-start=\"47\" data-end=\"100\">Toca y Juega: \u00a1Cu\u00e1ntos animales! \u2013 El Arca de No\u00e9<\/strong><br data-start=\"100\" data-end=\"103\" \/>Una aventura sensorial llena de colores y descubrimientos \ud83c\udf08<\/p>\n<p data-start=\"42\" data-end=\"201\"><br data-start=\"163\" data-end=\"166\" \/>\ud83d\udc76 <strong data-start=\"169\" data-end=\"201\">Edad recomendada: 2 a 5 a\u00f1os<\/strong><\/p>\n<p data-start=\"203\" data-end=\"452\">\u00a1Sube al arca y descubre a todos los animales que entraron con No\u00e9! \ud83e\udd92\ud83d\udc11\ud83d\udc26<br data-start=\"277\" data-end=\"280\" \/>Grandes y peque\u00f1os, largos y cortos, con pelos, escamas o plumas\u2026 los m\u00e1s peque\u00f1os podr\u00e1n conocerlos mientras tocan, exploran y juegan con las distintas texturas del libro.<\/p>\n<p data-start=\"454\" data-end=\"663\">A trav\u00e9s de colores vibrantes, formas divertidas y superficies t\u00e1ctiles, este libro convierte la historia del arca en una experiencia interactiva y emocionante para las peque\u00f1as manitas y curiosos ojitos \ud83d\udc40\u2728<\/p>\n<p data-start=\"665\" data-end=\"899\">\ud83d\udd90\ufe0f Incluye elementos con texturas<br data-start=\"699\" data-end=\"702\" \/>\ud83c\udf08 Ilustraciones llamativas y amigables<br data-start=\"741\" data-end=\"744\" \/>\ud83d\udcd6 Primer acercamiento a la historia del Arca de No\u00e9<br data-start=\"796\" data-end=\"799\" \/>\ud83e\udde0 Estimula la motricidad fina y el aprendizaje sensorial<br data-start=\"856\" data-end=\"859\" \/>\ud83d\udc68\u200d\ud83d\udc69\u200d\ud83d\udc67 Ideal para lectura en familia<\/p>\n<p data-start=\"901\" data-end=\"1000\">Una forma divertida y significativa de aprender c\u00f3mo Dios cuid\u00f3 a No\u00e9 y a todos los animales \ud83d\udc3e\ud83d\udc99<\/p>\n<hr data-start=\"1002\" data-end=\"1005\" \/>\n<p data-start=\"1007\" data-end=\"1167\">\ud83d\udcda <strong data-start=\"1010\" data-end=\"1035\">Detalles<\/strong><br data-start=\"1035\" data-end=\"1038\" \/>ISBN: 9798885168458<br data-start=\"1057\" data-end=\"1060\" \/>Editorial: ABBA<br data-start=\"1075\" data-end=\"1078\" \/>Dimensiones: 260 x 260 x 13 mm<br data-start=\"1108\" data-end=\"1111\" \/>Peso: 0,450 kg<br data-start=\"1125\" data-end=\"1128\" \/>Cubierta: Tapa dura<br data-start=\"1147\" data-end=\"1150\" \/>Idioma: Espa\u00f1ol<\/p>\n<p data-start=\"1169\" data-end=\"1261\" data-is-last-node=\"\" data-is-only-node=\"\">\u00a1Una historia cl\u00e1sica contada para tocar, jugar y disfrutar desde los primeros a\u00f1os! \ud83d\udc18\ud83c\udf08\ud83d\udcd6\u2728<\/p>\n<\/div>\n<\/div>\n<\/div>\n<\/div>\n<div class=\"z-0 flex min-h-[46px] justify-start\"><\/div>\n<div class=\"mt-3 w-full empty:hidden\">\n<div class=\"text-center\"><\/div>\n<\/div>\n<\/div>\n<\/div>\n<\/article>\n<\/div>\n<div class=\"pointer-events-none h-px w-px absolute bottom-0\" aria-hidden=\"true\" data-edge=\"true\"><\/div>\n","protected":false},"excerpt":{"rendered":"<p>\ud83d\udcd8\ud83d\udc18 Toca y Juega: \u00a1Cu\u00e1ntos animales! \u2013 El Arca de No\u00e9Una aventura sensorial llena de colores y descubrimientos \ud83c\udf08 \ud83d\udc76 [&hellip;]<\/p>\n","protected":false},"featured_media":1380,"comment_status":"open","ping_status":"closed","template":"","meta":{"_monsterinsights_skip_tracking":false,"_monsterinsights_sitenote_active":false,"_monsterinsights_sitenote_note":"","_monsterinsights_sitenote_category":0,"site-sidebar-layout":"default","site-content-layout":"","ast-site-content-layout":"default","site-content-style":"default","site-sidebar-style":"default","ast-global-header-display":"","ast-banner-title-visibility":"","ast-main-header-display":"","ast-hfb-above-header-display":"","ast-hfb-below-header-display":"","ast-hfb-mobile-header-display":"","site-post-title":"","ast-breadcrumbs-content":"","ast-featured-img":"","footer-sml-layout":"","ast-disable-related-posts":"","theme-transparent-header-meta":"default","adv-header-id-meta":"","stick-header-meta":"","header-above-stick-meta":"","header-main-stick-meta":"","header-below-stick-meta":"","astra-migrate-meta-layouts":"set","ast-page-background-enabled":"default","ast-page-background-meta":{"desktop":{"background-color":"var(--ast-global-color-4)","background-image":"","background-repeat":"repeat","background-position":"center center","background-size":"auto","background-attachment":"scroll","background-type":"","background-media":"","overlay-type":"","overlay-color":"","overlay-opacity":"","overlay-gradient":""},"tablet":{"background-color":"","background-image":"","background-repeat":"repeat","background-position":"center center","background-size":"auto","background-attachment":"scroll","background-type":"","background-media":"","overlay-type":"","overlay-color":"","overlay-opacity":"","overlay-gradient":""},"mobile":{"background-color":"","background-image":"","background-repeat":"repeat","background-position":"center center","background-size":"auto","background-attachment":"scroll","background-type":"","background-media":"","overlay-type":"","overlay-color":"","overlay-opacity":"","overlay-gradient":""}},"ast-content-background-meta":{"desktop":{"background-color":"var(--ast-global-color-5)","background-image":"","background-repeat":"repeat","background-position":"center center","background-size":"auto","background-attachment":"scroll","background-type":"","background-media":"","overlay-type":"","overlay-color":"","overlay-opacity":"","overlay-gradient":""},"tablet":{"background-color":"var(--ast-global-color-5)","background-image":"","background-repeat":"repeat","background-position":"center center","background-size":"auto","background-attachment":"scroll","background-type":"","background-media":"","overlay-type":"","overlay-color":"","overlay-opacity":"","overlay-gradient":""},"mobile":{"background-color":"var(--ast-global-color-5)","background-image":"","background-repeat":"repeat","background-position":"center center","background-size":"auto","background-attachment":"scroll","background-type":"","background-media":"","overlay-type":"","overlay-color":"","overlay-opacity":"","overlay-gradient":""}}},"product_brand":[],"product_cat":[35,21,41],"product_tag":[],"class_list":{"0":"post-1450","1":"product","2":"type-product","3":"status-publish","4":"has-post-thumbnail","6":"product_cat-bebes-0-a-2-anos","7":"product_cat-libros","8":"product_cat-tf","9":"desktop-align-left","10":"tablet-align-left","11":"mobile-align-left","13":"first","14":"instock","15":"taxable","16":"shipping-taxable","17":"purchasable","18":"product-type-simple"},"aioseo_notices":[],"jetpack_sharing_enabled":true,"_links":{"self":[{"href":"https:\/\/bibliakids247.com\/index.php?rest_route=\/wp\/v2\/product\/1450","targetHints":{"allow":["GET"]}}],"collection":[{"href":"https:\/\/bibliakids247.com\/index.php?rest_route=\/wp\/v2\/product"}],"about":[{"href":"https:\/\/bibliakids247.com\/index.php?rest_route=\/wp\/v2\/types\/product"}],"replies":[{"embeddable":true,"href":"https:\/\/bibliakids247.com\/index.php?rest_route=%2Fwp%2Fv2%2Fcomments&post=1450"}],"wp:featuredmedia":[{"embeddable":true,"href":"https:\/\/bibliakids247.com\/index.php?rest_route=\/wp\/v2\/media\/1380"}],"wp:attachment":[{"href":"https:\/\/bibliakids247.com\/index.php?rest_route=%2Fwp%2Fv2%2Fmedia&parent=1450"}],"wp:term":[{"taxonomy":"product_brand","embeddable":true,"href":"https:\/\/bibliakids247.com\/index.php?rest_route=%2Fwp%2Fv2%2Fproduct_brand&post=1450"},{"taxonomy":"product_cat","embeddable":true,"href":"https:\/\/bibliakids247.com\/index.php?rest_route=%2Fwp%2Fv2%2Fproduct_cat&post=1450"},{"taxonomy":"product_tag","embeddable":true,"href":"https:\/\/bibliakids247.com\/index.php?rest_route=%2Fwp%2Fv2%2Fproduct_tag&post=1450"}],"curies":[{"name":"wp","href":"https:\/\/api.w.org\/{rel}","templated":true}]}}