{"id":1496,"date":"2026-02-27T17:38:46","date_gmt":"2026-02-27T22:38:46","guid":{"rendered":"https:\/\/bibliakids247.com\/?post_type=product&#038;p=1496"},"modified":"2026-02-27T17:41:02","modified_gmt":"2026-02-27T22:41:02","slug":"kit-de-tarjetas-ninas-dios-en-mis-emociones","status":"publish","type":"product","link":"https:\/\/bibliakids247.com\/?product=kit-de-tarjetas-ninas-dios-en-mis-emociones","title":{"rendered":"Kit de tarjetas ni\u00f1as \u2013 DIOS en mis EMOCIONES"},"content":{"rendered":"<h3 data-start=\"174\" data-end=\"210\"><img decoding=\"async\" class=\"emoji\" role=\"img\" draggable=\"false\" src=\"https:\/\/s.w.org\/images\/core\/emoji\/17.0.2\/svg\/1f496.svg\" alt=\"\ud83d\udc96\" \/>\u00a0Tarjetas para ni\u00f1as y ni\u00f1os.\u00a0 \u00a0\u00a0<strong data-start=\"214\" data-end=\"239\">DIOS EN MIS EMOCIONES<\/strong><\/h3>\n<p data-start=\"241\" data-end=\"389\">Un recurso hermoso y significativo para acompa\u00f1ar a los ni\u00f1os en el reconocimiento y manejo de sus emociones, guiados por la\u00a0<strong data-start=\"366\" data-end=\"385\">Palabra de Dios<\/strong>\u00a0<img decoding=\"async\" class=\"emoji\" role=\"img\" draggable=\"false\" src=\"https:\/\/s.w.org\/images\/core\/emoji\/17.0.2\/svg\/1f64f.svg\" alt=\"\ud83d\ude4f\" \/><img decoding=\"async\" class=\"emoji\" role=\"img\" draggable=\"false\" src=\"https:\/\/s.w.org\/images\/core\/emoji\/17.0.2\/svg\/2728.svg\" alt=\"\u2728\" \/><\/p>\n<h6 data-start=\"1264\" data-end=\"1289\"><\/h6>\n<h6 data-start=\"1264\" data-end=\"1289\"><img decoding=\"async\" class=\"emoji\" role=\"img\" draggable=\"false\" src=\"https:\/\/s.w.org\/images\/core\/emoji\/17.0.2\/svg\/1f467.svg\" alt=\"\ud83d\udc67\" \/><img decoding=\"async\" class=\"emoji\" role=\"img\" draggable=\"false\" src=\"https:\/\/s.w.org\/images\/core\/emoji\/17.0.2\/svg\/1f466.svg\" alt=\"\ud83d\udc66\" \/>\u00a0Edad recomendada<\/h6>\n<p data-start=\"1290\" data-end=\"1381\"><strong data-start=\"1290\" data-end=\"1315\">Desde 4 hasta 10 a\u00f1os<\/strong><br data-start=\"1315\" data-end=\"1318\" \/>(Acompa\u00f1amiento de un adulto recomendado para los m\u00e1s peque\u00f1os)<\/p>\n<p data-start=\"391\" data-end=\"690\">*Este set contiene\u00a0<strong data-start=\"409\" data-end=\"435\">30 tarjetas ilustradas<\/strong>, cada una enfocada en una emoci\u00f3n diferente.<br data-start=\"480\" data-end=\"483\" \/>*En el\u00a0<strong data-start=\"489\" data-end=\"499\">frente<\/strong>, un vers\u00edculo b\u00edblico que afirma, consuela y da esperanza.<br data-start=\"558\" data-end=\"561\" \/>*En el\u00a0<strong data-start=\"567\" data-end=\"578\">reverso<\/strong>, una\u00a0<strong data-start=\"584\" data-end=\"600\">oraci\u00f3n gu\u00eda<\/strong>\u00a0sencilla que ayuda al ni\u00f1o a expresar lo que siente y a hablar con Dios desde su coraz\u00f3n.<\/p>\n<p data-start=\"692\" data-end=\"832\">Incluye una\u00a0<strong data-start=\"704\" data-end=\"722\">base de madera<\/strong>\u00a0para exhibir la tarjeta del d\u00eda y viene\u00a0<strong data-start=\"763\" data-end=\"809\">empacado en una delicada bolsita de lienzo<\/strong>, ideal para regalar\u00a0<img decoding=\"async\" class=\"emoji\" role=\"img\" draggable=\"false\" src=\"https:\/\/s.w.org\/images\/core\/emoji\/17.0.2\/svg\/1f49d.svg\" alt=\"\ud83d\udc9d\" \/><\/p>\n<hr data-start=\"834\" data-end=\"837\" \/>\n<h3 data-start=\"839\" data-end=\"856\"><img decoding=\"async\" class=\"emoji\" role=\"img\" draggable=\"false\" src=\"https:\/\/s.w.org\/images\/core\/emoji\/17.0.2\/svg\/1f31f.svg\" alt=\"\ud83c\udf1f\" \/>\u00a0Beneficios<\/h3>\n<p data-start=\"857\" data-end=\"1257\"><img decoding=\"async\" class=\"emoji\" role=\"img\" draggable=\"false\" src=\"https:\/\/s.w.org\/images\/core\/emoji\/17.0.2\/svg\/2714.svg\" alt=\"\u2714\" \/>\u00a0Ayuda a los ni\u00f1os a identificar y expresar sus emociones<br data-start=\"915\" data-end=\"918\" \/><img decoding=\"async\" class=\"emoji\" role=\"img\" draggable=\"false\" src=\"https:\/\/s.w.org\/images\/core\/emoji\/17.0.2\/svg\/2714.svg\" alt=\"\u2714\" \/>\u00a0Fortalece la fe y la confianza en Dios desde temprana edad<br data-start=\"978\" data-end=\"981\" \/><img decoding=\"async\" class=\"emoji\" role=\"img\" draggable=\"false\" src=\"https:\/\/s.w.org\/images\/core\/emoji\/17.0.2\/svg\/2714.svg\" alt=\"\u2714\" \/>\u00a0Promueve momentos de oraci\u00f3n y conversaci\u00f3n en familia<br data-start=\"1037\" data-end=\"1040\" \/><img decoding=\"async\" class=\"emoji\" role=\"img\" draggable=\"false\" src=\"https:\/\/s.w.org\/images\/core\/emoji\/17.0.2\/svg\/2714.svg\" alt=\"\u2714\" \/>\u00a0Aporta calma, seguridad emocional y acompa\u00f1amiento espiritual<br data-start=\"1103\" data-end=\"1106\" \/><img decoding=\"async\" class=\"emoji\" role=\"img\" draggable=\"false\" src=\"https:\/\/s.w.org\/images\/core\/emoji\/17.0.2\/svg\/2714.svg\" alt=\"\u2714\" \/>\u00a0Ideal para rutinas diarias, devocionales infantiles o espacios terap\u00e9uticos<br data-start=\"1183\" data-end=\"1186\" \/><img decoding=\"async\" class=\"emoji\" role=\"img\" draggable=\"false\" src=\"https:\/\/s.w.org\/images\/core\/emoji\/17.0.2\/svg\/2714.svg\" alt=\"\u2714\" \/>\u00a0Excelente herramienta para padres, docentes y consejeros cristianos<\/p>\n<hr data-start=\"1383\" data-end=\"1386\" \/>\n<h3 data-start=\"1388\" data-end=\"1411\"><img decoding=\"async\" class=\"emoji\" role=\"img\" draggable=\"false\" src=\"https:\/\/s.w.org\/images\/core\/emoji\/17.0.2\/svg\/1f4d0.svg\" alt=\"\ud83d\udcd0\" \/>\u00a0Especificaciones<\/h3>\n<ul data-start=\"1412\" data-end=\"1589\">\n<li data-start=\"1412\" data-end=\"1438\">\n<p data-start=\"1414\" data-end=\"1438\">Medidas:\u00a0<strong data-start=\"1423\" data-end=\"1436\">9 x 11 cm<\/strong><\/p>\n<\/li>\n<li data-start=\"1439\" data-end=\"1479\">\n<p data-start=\"1441\" data-end=\"1479\">Material:\u00a0<strong data-start=\"1451\" data-end=\"1477\">Papel propalcote 300 g<\/strong><\/p>\n<\/li>\n<li data-start=\"1480\" data-end=\"1506\">\n<p data-start=\"1482\" data-end=\"1506\">Acabado:\u00a0<strong data-start=\"1491\" data-end=\"1504\">Laminadas<\/strong><\/p>\n<\/li>\n<li data-start=\"1507\" data-end=\"1554\">\n<p data-start=\"1509\" data-end=\"1554\">Contenido:\u00a0<strong data-start=\"1520\" data-end=\"1552\">30 tarjetas + base de madera<\/strong><\/p>\n<\/li>\n<li data-start=\"1555\" data-end=\"1589\">\n<p data-start=\"1557\" data-end=\"1589\">Empaque:\u00a0<strong data-start=\"1566\" data-end=\"1587\">Bolsita de lienzo<\/strong><\/p>\n<\/li>\n<\/ul>\n<p data-start=\"1591\" data-end=\"1747\"><img decoding=\"async\" class=\"emoji\" role=\"img\" draggable=\"false\" src=\"https:\/\/s.w.org\/images\/core\/emoji\/17.0.2\/svg\/1f4d8.svg\" alt=\"\ud83d\udcd8\" \/>\u00a0<strong data-start=\"1594\" data-end=\"1603\">ISBN:<\/strong>\u00a07707371011064<br data-start=\"1617\" data-end=\"1620\" \/><img decoding=\"async\" class=\"emoji\" role=\"img\" draggable=\"false\" src=\"https:\/\/s.w.org\/images\/core\/emoji\/17.0.2\/svg\/1f3f7.svg\" alt=\"\ud83c\udff7\" \/>\u00a0<strong data-start=\"1623\" data-end=\"1637\">Editorial:<\/strong>\u00a0Paper Ink<br data-start=\"1647\" data-end=\"1650\" \/><img decoding=\"async\" class=\"emoji\" role=\"img\" draggable=\"false\" src=\"https:\/\/s.w.org\/images\/core\/emoji\/17.0.2\/svg\/1f4c4.svg\" alt=\"\ud83d\udcc4\" \/>\u00a0<strong data-start=\"1653\" data-end=\"1675\">N\u00famero de p\u00e1ginas:<\/strong>\u00a030<br data-start=\"1678\" data-end=\"1681\" \/><img decoding=\"async\" class=\"emoji\" role=\"img\" draggable=\"false\" src=\"https:\/\/s.w.org\/images\/core\/emoji\/17.0.2\/svg\/1f5d3.svg\" alt=\"\ud83d\uddd3\" \/>\u00a0<strong data-start=\"1684\" data-end=\"1709\">Fecha de lanzamiento:<\/strong>\u00a020\/12\/2025<br data-start=\"1720\" data-end=\"1723\" \/><img decoding=\"async\" class=\"emoji\" role=\"img\" draggable=\"false\" src=\"https:\/\/s.w.org\/images\/core\/emoji\/17.0.2\/svg\/1f30e.svg\" alt=\"\ud83c\udf0e\" \/>\u00a0<strong data-start=\"1726\" data-end=\"1737\">Idioma:<\/strong>\u00a0Espa\u00f1ol<\/p>\n","protected":false},"excerpt":{"rendered":"<p>\u00a0Tarjetas para ni\u00f1as y ni\u00f1os.\u00a0 \u00a0\u00a0DIOS EN MIS EMOCIONES Un recurso hermoso y significativo para acompa\u00f1ar a los ni\u00f1os en [&hellip;]<\/p>\n","protected":false},"featured_media":1499,"comment_status":"open","ping_status":"closed","template":"","meta":{"_monsterinsights_skip_tracking":false,"_monsterinsights_sitenote_active":false,"_monsterinsights_sitenote_note":"","_monsterinsights_sitenote_category":0,"site-sidebar-layout":"default","site-content-layout":"","ast-site-content-layout":"default","site-content-style":"default","site-sidebar-style":"default","ast-global-header-display":"","ast-banner-title-visibility":"","ast-main-header-display":"","ast-hfb-above-header-display":"","ast-hfb-below-header-display":"","ast-hfb-mobile-header-display":"","site-post-title":"","ast-breadcrumbs-content":"","ast-featured-img":"","footer-sml-layout":"","ast-disable-related-posts":"","theme-transparent-header-meta":"default","adv-header-id-meta":"","stick-header-meta":"","header-above-stick-meta":"","header-main-stick-meta":"","header-below-stick-meta":"","astra-migrate-meta-layouts":"set","ast-page-background-enabled":"default","ast-page-background-meta":{"desktop":{"background-color":"var(--ast-global-color-4)","background-image":"","background-repeat":"repeat","background-position":"center center","background-size":"auto","background-attachment":"scroll","background-type":"","background-media":"","overlay-type":"","overlay-color":"","overlay-opacity":"","overlay-gradient":""},"tablet":{"background-color":"","background-image":"","background-repeat":"repeat","background-position":"center center","background-size":"auto","background-attachment":"scroll","background-type":"","background-media":"","overlay-type":"","overlay-color":"","overlay-opacity":"","overlay-gradient":""},"mobile":{"background-color":"","background-image":"","background-repeat":"repeat","background-position":"center center","background-size":"auto","background-attachment":"scroll","background-type":"","background-media":"","overlay-type":"","overlay-color":"","overlay-opacity":"","overlay-gradient":""}},"ast-content-background-meta":{"desktop":{"background-color":"var(--ast-global-color-5)","background-image":"","background-repeat":"repeat","background-position":"center center","background-size":"auto","background-attachment":"scroll","background-type":"","background-media":"","overlay-type":"","overlay-color":"","overlay-opacity":"","overlay-gradient":""},"tablet":{"background-color":"var(--ast-global-color-5)","background-image":"","background-repeat":"repeat","background-position":"center center","background-size":"auto","background-attachment":"scroll","background-type":"","background-media":"","overlay-type":"","overlay-color":"","overlay-opacity":"","overlay-gradient":""},"mobile":{"background-color":"var(--ast-global-color-5)","background-image":"","background-repeat":"repeat","background-position":"center center","background-size":"auto","background-attachment":"scroll","background-type":"","background-media":"","overlay-type":"","overlay-color":"","overlay-opacity":"","overlay-gradient":""}}},"product_brand":[],"product_cat":[39,41],"product_tag":[],"class_list":{"0":"post-1496","1":"product","2":"type-product","3":"status-publish","4":"has-post-thumbnail","6":"product_cat-regalos","7":"product_cat-tf","8":"desktop-align-left","9":"tablet-align-left","10":"mobile-align-left","12":"first","13":"instock","14":"taxable","15":"shipping-taxable","16":"purchasable","17":"product-type-simple"},"aioseo_notices":[],"jetpack_sharing_enabled":true,"_links":{"self":[{"href":"https:\/\/bibliakids247.com\/index.php?rest_route=\/wp\/v2\/product\/1496","targetHints":{"allow":["GET"]}}],"collection":[{"href":"https:\/\/bibliakids247.com\/index.php?rest_route=\/wp\/v2\/product"}],"about":[{"href":"https:\/\/bibliakids247.com\/index.php?rest_route=\/wp\/v2\/types\/product"}],"replies":[{"embeddable":true,"href":"https:\/\/bibliakids247.com\/index.php?rest_route=%2Fwp%2Fv2%2Fcomments&post=1496"}],"wp:featuredmedia":[{"embeddable":true,"href":"https:\/\/bibliakids247.com\/index.php?rest_route=\/wp\/v2\/media\/1499"}],"wp:attachment":[{"href":"https:\/\/bibliakids247.com\/index.php?rest_route=%2Fwp%2Fv2%2Fmedia&parent=1496"}],"wp:term":[{"taxonomy":"product_brand","embeddable":true,"href":"https:\/\/bibliakids247.com\/index.php?rest_route=%2Fwp%2Fv2%2Fproduct_brand&post=1496"},{"taxonomy":"product_cat","embeddable":true,"href":"https:\/\/bibliakids247.com\/index.php?rest_route=%2Fwp%2Fv2%2Fproduct_cat&post=1496"},{"taxonomy":"product_tag","embeddable":true,"href":"https:\/\/bibliakids247.com\/index.php?rest_route=%2Fwp%2Fv2%2Fproduct_tag&post=1496"}],"curies":[{"name":"wp","href":"https:\/\/api.w.org\/{rel}","templated":true}]}}