{"id":1520,"date":"2026-02-27T18:54:47","date_gmt":"2026-02-27T23:54:47","guid":{"rendered":"https:\/\/bibliakids247.com\/?post_type=product&#038;p=1520"},"modified":"2026-02-27T18:58:44","modified_gmt":"2026-02-27T23:58:44","slug":"biblia-amigos-por-siempre-rvr1960-rosado-cierre","status":"publish","type":"product","link":"https:\/\/bibliakids247.com\/?product=biblia-amigos-por-siempre-rvr1960-rosado-cierre","title":{"rendered":"Biblia Amigos por Siempre RVR1960  Rosado Cierre"},"content":{"rendered":"<h5 data-start=\"77\" data-end=\"136\">\ud83d\udcd6 Biblia Amigos por Siempre RVR1960 \u2013 Tapa Charol Rosado<\/h5>\n<p data-start=\"138\" data-end=\"266\">Una Biblia hermosa y especial dise\u00f1ada para que los ni\u00f1os descubran los relatos b\u00edblicos de forma clara, din\u00e1mica y cercana \ud83d\udc95\ud83d\udc67<\/p>\n<p data-start=\"268\" data-end=\"524\">La <strong data-start=\"271\" data-end=\"300\">Biblia Amigos por Siempre<\/strong> en versi\u00f3n <strong data-start=\"312\" data-end=\"333\">Reina Valera 1960<\/strong> incluye <strong data-start=\"342\" data-end=\"369\">56 l\u00e1minas a todo color<\/strong>, intercaladas dentro del texto b\u00edblico, que hacen que la lectura sea m\u00e1s visual y comprensible mientras se construyen bases firmes para su vida cristiana.<\/p>\n<p data-start=\"526\" data-end=\"702\">Su <strong data-start=\"529\" data-end=\"551\">tapa charol rosado<\/strong>, resistente y llamativa, la convierte en un regalo ideal para ni\u00f1as que est\u00e1n comenzando a leer y estudiar la Palabra de Dios de manera independiente.<\/p>\n<hr data-start=\"704\" data-end=\"707\" \/>\n<h5 data-start=\"709\" data-end=\"741\">\ud83c\udf1f Caracter\u00edsticas destacadas<\/h5>\n<p data-start=\"743\" data-end=\"1015\">\ud83c\udfa8 M\u00e1s de 50 l\u00e1minas a todo color<br data-start=\"776\" data-end=\"779\" \/>\ud83d\udd34 Palabras de Cristo en rojo<br data-start=\"808\" data-end=\"811\" \/>\ud83d\udcd6 Referencias al pie de p\u00e1gina<br data-start=\"842\" data-end=\"845\" \/>\ud83d\udcda Secci\u00f3n \u201c\u00bfQu\u00e9 se encuentra en la Biblia?\u201d<br data-start=\"889\" data-end=\"892\" \/>\ud83d\udcdd Actividades para reforzar el aprendizaje<br data-start=\"935\" data-end=\"938\" \/>\ud83d\udccc Concordancia para aprender a buscar temas<br data-start=\"982\" data-end=\"985\" \/>\ud83d\udcd5 Versi\u00f3n Reina Valera 1960<\/p>\n<hr data-start=\"1017\" data-end=\"1020\" \/>\n<h5 data-start=\"1022\" data-end=\"1049\">\ud83c\udfaf \u00bfPara qui\u00e9n es ideal?<\/h5>\n<p data-start=\"1051\" data-end=\"1325\">\ud83d\udc67 Ni\u00f1as de <strong data-start=\"1063\" data-end=\"1085\">7 a\u00f1os en adelante<\/strong> que comienzan a leer la Biblia por s\u00ed mismas.<br data-start=\"1131\" data-end=\"1134\" \/>\ud83d\udc68\u200d\ud83d\udc69\u200d\ud83d\udc67 Familias que desean fortalecer la fe desde la infancia.<br data-start=\"1198\" data-end=\"1201\" \/>\ud83c\udfeb Escuelas dominicales y ministerios infantiles.<br data-start=\"1250\" data-end=\"1253\" \/>\ud83c\udf81 Regalo perfecto para cumplea\u00f1os, bautizos o celebraciones especiales.<\/p>\n<h5 data-start=\"1337\" data-end=\"1356\">\ud83d\udccc Ficha T\u00e9cnica<\/h5>\n<p data-start=\"1358\" data-end=\"1659\">\u270d\ufe0f Autor: SBU<br data-start=\"1371\" data-end=\"1374\" \/>\ud83d\udcd1 Editorial: Sociedades B\u00edblicas Unidas<br data-start=\"1414\" data-end=\"1417\" \/>\ud83d\udcd6 Versi\u00f3n: Reina Valera 1960<br data-start=\"1446\" data-end=\"1449\" \/>\ud83d\udcd5 Formato: Tapa piel charolado \/ Cinta separadora<br data-start=\"1511\" data-end=\"1514\" \/>\ud83d\udd20 Tama\u00f1o de letra: 8 pts<br data-start=\"1539\" data-end=\"1542\" \/>\ud83d\udcda P\u00e1ginas: 1408<br data-start=\"1558\" data-end=\"1561\" \/>\ud83d\udcd0 Medidas: 15.30 cm x 11.50 cm x 3.20 cm<br data-start=\"1602\" data-end=\"1605\" \/>\ud83c\udf0e Pa\u00eds de origen: Colombia<br data-start=\"1632\" data-end=\"1635\" \/>\ud83d\udcd8 ISBN: 9798886391367<\/p>\n<hr data-start=\"1327\" data-end=\"1330\" \/>\n<p data-start=\"1332\" data-end=\"1481\">\ud83d\udc97 Una Biblia pr\u00e1ctica, ilustrada y hermosa que ayudar\u00e1 a las ni\u00f1as a comprender que Jes\u00fas es su mejor amigo y que Su Palabra las acompa\u00f1ar\u00e1 siempre.<\/p>\n<p data-start=\"1483\" data-end=\"1524\" data-is-last-node=\"\" data-is-only-node=\"\">\n","protected":false},"excerpt":{"rendered":"<p>\ud83d\udcd6 Biblia Amigos por Siempre RVR1960 \u2013 Tapa Charol Rosado Una Biblia hermosa y especial dise\u00f1ada para que los ni\u00f1os [&hellip;]<\/p>\n","protected":false},"featured_media":1521,"comment_status":"open","ping_status":"closed","template":"","meta":{"_monsterinsights_skip_tracking":false,"_monsterinsights_sitenote_active":false,"_monsterinsights_sitenote_note":"","_monsterinsights_sitenote_category":0,"site-sidebar-layout":"default","site-content-layout":"","ast-site-content-layout":"default","site-content-style":"default","site-sidebar-style":"default","ast-global-header-display":"","ast-banner-title-visibility":"","ast-main-header-display":"","ast-hfb-above-header-display":"","ast-hfb-below-header-display":"","ast-hfb-mobile-header-display":"","site-post-title":"","ast-breadcrumbs-content":"","ast-featured-img":"","footer-sml-layout":"","ast-disable-related-posts":"","theme-transparent-header-meta":"default","adv-header-id-meta":"","stick-header-meta":"","header-above-stick-meta":"","header-main-stick-meta":"","header-below-stick-meta":"","astra-migrate-meta-layouts":"set","ast-page-background-enabled":"default","ast-page-background-meta":{"desktop":{"background-color":"var(--ast-global-color-4)","background-image":"","background-repeat":"repeat","background-position":"center center","background-size":"auto","background-attachment":"scroll","background-type":"","background-media":"","overlay-type":"","overlay-color":"","overlay-opacity":"","overlay-gradient":""},"tablet":{"background-color":"","background-image":"","background-repeat":"repeat","background-position":"center center","background-size":"auto","background-attachment":"scroll","background-type":"","background-media":"","overlay-type":"","overlay-color":"","overlay-opacity":"","overlay-gradient":""},"mobile":{"background-color":"","background-image":"","background-repeat":"repeat","background-position":"center center","background-size":"auto","background-attachment":"scroll","background-type":"","background-media":"","overlay-type":"","overlay-color":"","overlay-opacity":"","overlay-gradient":""}},"ast-content-background-meta":{"desktop":{"background-color":"var(--ast-global-color-5)","background-image":"","background-repeat":"repeat","background-position":"center center","background-size":"auto","background-attachment":"scroll","background-type":"","background-media":"","overlay-type":"","overlay-color":"","overlay-opacity":"","overlay-gradient":""},"tablet":{"background-color":"var(--ast-global-color-5)","background-image":"","background-repeat":"repeat","background-position":"center center","background-size":"auto","background-attachment":"scroll","background-type":"","background-media":"","overlay-type":"","overlay-color":"","overlay-opacity":"","overlay-gradient":""},"mobile":{"background-color":"var(--ast-global-color-5)","background-image":"","background-repeat":"repeat","background-position":"center center","background-size":"auto","background-attachment":"scroll","background-type":"","background-media":"","overlay-type":"","overlay-color":"","overlay-opacity":"","overlay-gradient":""}}},"product_brand":[],"product_cat":[20,33,41],"product_tag":[],"class_list":{"0":"post-1520","1":"product","2":"type-product","3":"status-publish","4":"has-post-thumbnail","6":"product_cat-biblias","7":"product_cat-escolar-6-11-anos","8":"product_cat-tf","9":"desktop-align-left","10":"tablet-align-left","11":"mobile-align-left","13":"first","14":"instock","15":"taxable","16":"shipping-taxable","17":"purchasable","18":"product-type-simple"},"aioseo_notices":[],"jetpack_sharing_enabled":true,"_links":{"self":[{"href":"https:\/\/bibliakids247.com\/index.php?rest_route=\/wp\/v2\/product\/1520","targetHints":{"allow":["GET"]}}],"collection":[{"href":"https:\/\/bibliakids247.com\/index.php?rest_route=\/wp\/v2\/product"}],"about":[{"href":"https:\/\/bibliakids247.com\/index.php?rest_route=\/wp\/v2\/types\/product"}],"replies":[{"embeddable":true,"href":"https:\/\/bibliakids247.com\/index.php?rest_route=%2Fwp%2Fv2%2Fcomments&post=1520"}],"wp:featuredmedia":[{"embeddable":true,"href":"https:\/\/bibliakids247.com\/index.php?rest_route=\/wp\/v2\/media\/1521"}],"wp:attachment":[{"href":"https:\/\/bibliakids247.com\/index.php?rest_route=%2Fwp%2Fv2%2Fmedia&parent=1520"}],"wp:term":[{"taxonomy":"product_brand","embeddable":true,"href":"https:\/\/bibliakids247.com\/index.php?rest_route=%2Fwp%2Fv2%2Fproduct_brand&post=1520"},{"taxonomy":"product_cat","embeddable":true,"href":"https:\/\/bibliakids247.com\/index.php?rest_route=%2Fwp%2Fv2%2Fproduct_cat&post=1520"},{"taxonomy":"product_tag","embeddable":true,"href":"https:\/\/bibliakids247.com\/index.php?rest_route=%2Fwp%2Fv2%2Fproduct_tag&post=1520"}],"curies":[{"name":"wp","href":"https:\/\/api.w.org\/{rel}","templated":true}]}}