{"id":1528,"date":"2026-02-27T19:15:35","date_gmt":"2026-02-28T00:15:35","guid":{"rendered":"https:\/\/bibliakids247.com\/?post_type=product&#038;p=1528"},"modified":"2026-02-27T19:29:49","modified_gmt":"2026-02-28T00:29:49","slug":"la-biblia-para-todas-las-ninas","status":"publish","type":"product","link":"https:\/\/bibliakids247.com\/?product=la-biblia-para-todas-las-ninas","title":{"rendered":"La Biblia para Todas las Ni\u00f1as &#8211; Edici\u00f3n ilustrada \u2013 Tapa dura acolchada"},"content":{"rendered":"<div class=\"ast-oembed-container \" style=\"height: 100%;\"><iframe title=\"Biblia para todas las Ni\u00f1as y Ni\u00f1os\" width=\"500\" height=\"281\" src=\"https:\/\/www.youtube.com\/embed\/JQGsUjwjLgM?feature=oembed\" frameborder=\"0\" allow=\"accelerometer; autoplay; clipboard-write; encrypted-media; gyroscope; picture-in-picture; web-share\" referrerpolicy=\"strict-origin-when-cross-origin\" allowfullscreen><\/iframe><\/div>\n<h5 data-start=\"90\" data-end=\"128\">\ud83d\udcd6\u2728 La Biblia para Todas las Ni\u00f1as<\/h5>\n<p data-start=\"129\" data-end=\"170\"><em data-start=\"129\" data-end=\"170\">Edici\u00f3n ilustrada \u2013 Tapa acolchada rosa<\/em><\/p>\n<p data-start=\"172\" data-end=\"273\">\u00bfTe gustan las aventuras? \ud83d\udc95<br data-start=\"200\" data-end=\"203\" \/>Prep\u00e1rate, porque est\u00e1s a punto de vivir la mayor aventura de tu vida.<\/p>\n<p data-start=\"275\" data-end=\"533\">En esta hermosa Biblia ilustrada, las ni\u00f1as descubrir\u00e1n c\u00f3mo Dios cre\u00f3 el mundo, conocer\u00e1n personajes valientes, ver\u00e1n c\u00f3mo un peque\u00f1o pastor vence a un gigante, navegar\u00e1n en un arca llena de animales y aprender\u00e1n sobre reyes, princesas, milagros y promesas.<\/p>\n<p data-start=\"535\" data-end=\"636\">Y lo m\u00e1s importante\u2026 conocer\u00e1n a <strong data-start=\"568\" data-end=\"577\">Jes\u00fas<\/strong>, el Hijo de Dios, quien vino a traer esperanza al mundo \ud83d\udc9b<\/p>\n<hr data-start=\"638\" data-end=\"641\" \/>\n<h5 data-start=\"643\" data-end=\"680\">\ud83c\udf08 \u00bfQu\u00e9 hace especial esta Biblia?<\/h5>\n<p data-start=\"682\" data-end=\"913\">\ud83c\udf80 Edici\u00f3n especial para ni\u00f1as<br data-start=\"712\" data-end=\"715\" \/>\ud83d\udc97 Tapa dura acolchada en color rosa<br data-start=\"751\" data-end=\"754\" \/>\u2728 Detalles con efectos de brillo y plateado en la portada<br data-start=\"811\" data-end=\"814\" \/>\ud83c\udfa8 277 p\u00e1ginas a todo color<br data-start=\"841\" data-end=\"844\" \/>\ud83d\udcd6 Historias b\u00edblicas destacadas resumidas y adaptadas para su edad<\/p>\n<p data-start=\"915\" data-end=\"1035\">Es una Biblia ilustrada que presenta los relatos m\u00e1s importantes de la Escritura de forma sencilla, clara y emocionante.<\/p>\n<hr data-start=\"1037\" data-end=\"1040\" \/>\n<h5 data-start=\"1042\" data-end=\"1069\">\ud83c\udfaf \u00bfPara qui\u00e9n es ideal?<\/h5>\n<p data-start=\"1071\" data-end=\"1255\">\ud83d\udc67 Ni\u00f1as de <strong data-start=\"1083\" data-end=\"1097\">3 a 8 a\u00f1os<\/strong><br data-start=\"1097\" data-end=\"1100\" \/>\ud83d\udc68\u200d\ud83d\udc69\u200d\ud83d\udc67 Familias que desean introducir a sus hijas en la Palabra de Dios<br data-start=\"1173\" data-end=\"1176\" \/>\ud83c\udf81 Regalo perfecto para cumplea\u00f1os, presentaciones o celebraciones especiales<\/p>\n<p data-start=\"1257\" data-end=\"1361\">Una Biblia que despertar\u00e1 el amor por Dios desde la infancia y acompa\u00f1ar\u00e1 sus primeros pasos en la fe \ud83c\udf38<\/p>\n<hr data-start=\"1363\" data-end=\"1366\" \/>\n<h5 data-start=\"1368\" data-end=\"1387\">\ud83d\udccc Ficha T\u00e9cnica<\/h5>\n<p data-start=\"1389\" data-end=\"1528\">\ud83d\udcd8 ISBN: 9788460891710<br data-start=\"1411\" data-end=\"1414\" \/>\ud83d\udcd1 Editorial: MundoBiblia<br data-start=\"1439\" data-end=\"1442\" \/>\ud83d\udcd5 Cubierta: Tapa dura acolchada<br data-start=\"1474\" data-end=\"1477\" \/>\ud83c\udf0e Idioma: Espa\u00f1ol<br data-start=\"1495\" data-end=\"1498\" \/>\ud83d\udcc4 P\u00e1ginas: 277 a todo color<\/p>\n<hr data-start=\"1530\" data-end=\"1533\" \/>\n<p data-start=\"1535\" data-end=\"1619\">\ud83d\udc97 Un regalo lleno de aventuras, ense\u00f1anza y esperanza para el coraz\u00f3n de cada ni\u00f1a.<\/p>\n","protected":false},"excerpt":{"rendered":"<p>\ud83d\udcd6\u2728 La Biblia para Todas las Ni\u00f1as Edici\u00f3n ilustrada \u2013 Tapa acolchada rosa \u00bfTe gustan las aventuras? \ud83d\udc95Prep\u00e1rate, porque est\u00e1s [&hellip;]<\/p>\n","protected":false},"featured_media":1529,"comment_status":"open","ping_status":"closed","template":"","meta":{"_monsterinsights_skip_tracking":false,"_monsterinsights_sitenote_active":false,"_monsterinsights_sitenote_note":"","_monsterinsights_sitenote_category":0,"site-sidebar-layout":"default","site-content-layout":"","ast-site-content-layout":"default","site-content-style":"default","site-sidebar-style":"default","ast-global-header-display":"","ast-banner-title-visibility":"","ast-main-header-display":"","ast-hfb-above-header-display":"","ast-hfb-below-header-display":"","ast-hfb-mobile-header-display":"","site-post-title":"","ast-breadcrumbs-content":"","ast-featured-img":"","footer-sml-layout":"","ast-disable-related-posts":"","theme-transparent-header-meta":"default","adv-header-id-meta":"","stick-header-meta":"","header-above-stick-meta":"","header-main-stick-meta":"","header-below-stick-meta":"","astra-migrate-meta-layouts":"set","ast-page-background-enabled":"default","ast-page-background-meta":{"desktop":{"background-color":"var(--ast-global-color-4)","background-image":"","background-repeat":"repeat","background-position":"center center","background-size":"auto","background-attachment":"scroll","background-type":"","background-media":"","overlay-type":"","overlay-color":"","overlay-opacity":"","overlay-gradient":""},"tablet":{"background-color":"","background-image":"","background-repeat":"repeat","background-position":"center center","background-size":"auto","background-attachment":"scroll","background-type":"","background-media":"","overlay-type":"","overlay-color":"","overlay-opacity":"","overlay-gradient":""},"mobile":{"background-color":"","background-image":"","background-repeat":"repeat","background-position":"center center","background-size":"auto","background-attachment":"scroll","background-type":"","background-media":"","overlay-type":"","overlay-color":"","overlay-opacity":"","overlay-gradient":""}},"ast-content-background-meta":{"desktop":{"background-color":"var(--ast-global-color-5)","background-image":"","background-repeat":"repeat","background-position":"center center","background-size":"auto","background-attachment":"scroll","background-type":"","background-media":"","overlay-type":"","overlay-color":"","overlay-opacity":"","overlay-gradient":""},"tablet":{"background-color":"var(--ast-global-color-5)","background-image":"","background-repeat":"repeat","background-position":"center center","background-size":"auto","background-attachment":"scroll","background-type":"","background-media":"","overlay-type":"","overlay-color":"","overlay-opacity":"","overlay-gradient":""},"mobile":{"background-color":"var(--ast-global-color-5)","background-image":"","background-repeat":"repeat","background-position":"center center","background-size":"auto","background-attachment":"scroll","background-type":"","background-media":"","overlay-type":"","overlay-color":"","overlay-opacity":"","overlay-gradient":""}}},"product_brand":[],"product_cat":[20,33,32,41],"product_tag":[],"class_list":{"0":"post-1528","1":"product","2":"type-product","3":"status-publish","4":"has-post-thumbnail","6":"product_cat-biblias","7":"product_cat-escolar-6-11-anos","8":"product_cat-pre-escolar-3-5-anos","9":"product_cat-tf","10":"desktop-align-left","11":"tablet-align-left","12":"mobile-align-left","14":"first","15":"instock","16":"taxable","17":"shipping-taxable","18":"purchasable","19":"product-type-simple"},"aioseo_notices":[],"jetpack_sharing_enabled":true,"_links":{"self":[{"href":"https:\/\/bibliakids247.com\/index.php?rest_route=\/wp\/v2\/product\/1528","targetHints":{"allow":["GET"]}}],"collection":[{"href":"https:\/\/bibliakids247.com\/index.php?rest_route=\/wp\/v2\/product"}],"about":[{"href":"https:\/\/bibliakids247.com\/index.php?rest_route=\/wp\/v2\/types\/product"}],"replies":[{"embeddable":true,"href":"https:\/\/bibliakids247.com\/index.php?rest_route=%2Fwp%2Fv2%2Fcomments&post=1528"}],"wp:featuredmedia":[{"embeddable":true,"href":"https:\/\/bibliakids247.com\/index.php?rest_route=\/wp\/v2\/media\/1529"}],"wp:attachment":[{"href":"https:\/\/bibliakids247.com\/index.php?rest_route=%2Fwp%2Fv2%2Fmedia&parent=1528"}],"wp:term":[{"taxonomy":"product_brand","embeddable":true,"href":"https:\/\/bibliakids247.com\/index.php?rest_route=%2Fwp%2Fv2%2Fproduct_brand&post=1528"},{"taxonomy":"product_cat","embeddable":true,"href":"https:\/\/bibliakids247.com\/index.php?rest_route=%2Fwp%2Fv2%2Fproduct_cat&post=1528"},{"taxonomy":"product_tag","embeddable":true,"href":"https:\/\/bibliakids247.com\/index.php?rest_route=%2Fwp%2Fv2%2Fproduct_tag&post=1528"}],"curies":[{"name":"wp","href":"https:\/\/api.w.org\/{rel}","templated":true}]}}