{"id":1545,"date":"2026-02-27T19:34:58","date_gmt":"2026-02-28T00:34:58","guid":{"rendered":"https:\/\/bibliakids247.com\/?post_type=product&#038;p=1545"},"modified":"2026-02-27T19:36:48","modified_gmt":"2026-02-28T00:36:48","slug":"heroes-biblias-de-rompecabezas","status":"publish","type":"product","link":"https:\/\/bibliakids247.com\/?product=heroes-biblias-de-rompecabezas","title":{"rendered":"H\u00e9roes \u2013 Biblias de Rompecabezas"},"content":{"rendered":"<h3 data-start=\"150\" data-end=\"196\"><strong data-start=\"154\" data-end=\"194\">Biblias de Rompecabezas: H\u00e9roes\u00a0<img decoding=\"async\" class=\"emoji\" role=\"img\" draggable=\"false\" src=\"https:\/\/s.w.org\/images\/core\/emoji\/17.0.2\/svg\/1f9e9.svg\" alt=\"\ud83e\udde9\" \/><img decoding=\"async\" class=\"emoji\" role=\"img\" draggable=\"false\" src=\"https:\/\/s.w.org\/images\/core\/emoji\/17.0.2\/svg\/1f4d6.svg\" alt=\"\ud83d\udcd6\" \/><\/strong><\/h3>\n<p data-start=\"197\" data-end=\"226\"><strong data-start=\"197\" data-end=\"226\">Edad sugerida: 3 a 5 a\u00f1os<\/strong><\/p>\n<p data-start=\"228\" data-end=\"412\">Descubre a los grandes h\u00e9roes de la Biblia mientras juegas. Este libro combina\u00a0<strong data-start=\"307\" data-end=\"333\">lectura + rompecabezas<\/strong>, creando una experiencia divertida y educativa que cautiva a los m\u00e1s peque\u00f1os.<\/p>\n<p data-start=\"414\" data-end=\"625\">Cada t\u00edtulo de la serie invita a los ni\u00f1os a conocer personajes b\u00edblicos valientes y llenos de fe, mientras desarrollan habilidades esenciales como la coordinaci\u00f3n, la concentraci\u00f3n y la resoluci\u00f3n de problemas.<\/p>\n<p data-start=\"627\" data-end=\"844\">Con\u00a0<strong data-start=\"631\" data-end=\"666\">6 historias b\u00edblicas ilustradas<\/strong>\u00a0y un\u00a0<strong data-start=\"672\" data-end=\"701\">rompecabezas de 25 piezas<\/strong>\u00a0en cada una, este libro es perfecto para compartir momentos especiales entre adultos y ni\u00f1os: leer, armar, volver a armar\u2026 \u00a1y aprender juntos!<\/p>\n<hr data-start=\"846\" data-end=\"849\" \/>\n<h3 data-start=\"851\" data-end=\"884\"><strong data-start=\"855\" data-end=\"884\">Beneficios para los ni\u00f1os<\/strong><\/h3>\n<p data-start=\"885\" data-end=\"1240\"><img decoding=\"async\" class=\"emoji\" role=\"img\" draggable=\"false\" src=\"https:\/\/s.w.org\/images\/core\/emoji\/17.0.2\/svg\/2728.svg\" alt=\"\u2728\" \/>\u00a0<strong data-start=\"887\" data-end=\"920\">Desarrollo de motricidad fina<\/strong>\u00a0mediante el armado de piezas.<br data-start=\"950\" data-end=\"953\" \/><img decoding=\"async\" class=\"emoji\" role=\"img\" draggable=\"false\" src=\"https:\/\/s.w.org\/images\/core\/emoji\/17.0.2\/svg\/2728.svg\" alt=\"\u2728\" \/>\u00a0<strong data-start=\"955\" data-end=\"985\">Refuerzo de memoria visual<\/strong>\u00a0al reconstruir escenas b\u00edblicas.<br data-start=\"1018\" data-end=\"1021\" \/><img decoding=\"async\" class=\"emoji\" role=\"img\" draggable=\"false\" src=\"https:\/\/s.w.org\/images\/core\/emoji\/17.0.2\/svg\/2728.svg\" alt=\"\u2728\" \/>\u00a0<strong data-start=\"1023\" data-end=\"1073\">Introducci\u00f3n a h\u00e9roes importantes de la Biblia<\/strong>\u00a0de forma clara y entretenida.<br data-start=\"1103\" data-end=\"1106\" \/><img decoding=\"async\" class=\"emoji\" role=\"img\" draggable=\"false\" src=\"https:\/\/s.w.org\/images\/core\/emoji\/17.0.2\/svg\/2728.svg\" alt=\"\u2728\" \/>\u00a0<strong data-start=\"1108\" data-end=\"1140\">Fomenta el tiempo en familia<\/strong>, combinando juego y lectura guiada.<br data-start=\"1176\" data-end=\"1179\" \/><img decoding=\"async\" class=\"emoji\" role=\"img\" draggable=\"false\" src=\"https:\/\/s.w.org\/images\/core\/emoji\/17.0.2\/svg\/2728.svg\" alt=\"\u2728\" \/>\u00a0<strong data-start=\"1181\" data-end=\"1238\">Estimula la paciencia, atenci\u00f3n y pensamiento l\u00f3gico.<\/strong><\/p>\n<h3 data-start=\"1247\" data-end=\"1273\"><\/h3>\n<ul data-start=\"1274\" data-end=\"1463\">\n<li data-start=\"1274\" data-end=\"1301\">\n<p data-start=\"1276\" data-end=\"1301\"><strong data-start=\"1276\" data-end=\"1285\">ISBN:<\/strong>\u00a09788772030401<\/p>\n<\/li>\n<li data-start=\"1302\" data-end=\"1321\">\n<p data-start=\"1304\" data-end=\"1321\"><strong data-start=\"1304\" data-end=\"1316\">P\u00e1ginas:<\/strong>\u00a014<\/p>\n<\/li>\n<li data-start=\"1322\" data-end=\"1378\">\n<p data-start=\"1324\" data-end=\"1378\"><strong data-start=\"1324\" data-end=\"1336\">Medidas:<\/strong>\u00a08.75 x 10.9 pulgadas \/ 22,23 x 27,69 cm<\/p>\n<\/li>\n<li data-start=\"1379\" data-end=\"1406\">\n<p data-start=\"1381\" data-end=\"1406\"><strong data-start=\"1381\" data-end=\"1394\">Cubierta:<\/strong>\u00a0Tapa dura<\/p>\n<\/li>\n<li data-start=\"1407\" data-end=\"1463\">\n<p data-start=\"1409\" data-end=\"1463\"><strong data-start=\"1409\" data-end=\"1423\">Editorial:<\/strong>\u00a0Scandinavia Publishing House \/ Unilit<\/p>\n<\/li>\n<\/ul>\n","protected":false},"excerpt":{"rendered":"<p>Biblias de Rompecabezas: H\u00e9roes\u00a0 Edad sugerida: 3 a 5 a\u00f1os Descubre a los grandes h\u00e9roes de la Biblia mientras juegas. [&hellip;]<\/p>\n","protected":false},"featured_media":1546,"comment_status":"open","ping_status":"closed","template":"","meta":{"_monsterinsights_skip_tracking":false,"_monsterinsights_sitenote_active":false,"_monsterinsights_sitenote_note":"","_monsterinsights_sitenote_category":0,"site-sidebar-layout":"default","site-content-layout":"","ast-site-content-layout":"default","site-content-style":"default","site-sidebar-style":"default","ast-global-header-display":"","ast-banner-title-visibility":"","ast-main-header-display":"","ast-hfb-above-header-display":"","ast-hfb-below-header-display":"","ast-hfb-mobile-header-display":"","site-post-title":"","ast-breadcrumbs-content":"","ast-featured-img":"","footer-sml-layout":"","ast-disable-related-posts":"","theme-transparent-header-meta":"default","adv-header-id-meta":"","stick-header-meta":"","header-above-stick-meta":"","header-main-stick-meta":"","header-below-stick-meta":"","astra-migrate-meta-layouts":"set","ast-page-background-enabled":"default","ast-page-background-meta":{"desktop":{"background-color":"var(--ast-global-color-4)","background-image":"","background-repeat":"repeat","background-position":"center center","background-size":"auto","background-attachment":"scroll","background-type":"","background-media":"","overlay-type":"","overlay-color":"","overlay-opacity":"","overlay-gradient":""},"tablet":{"background-color":"","background-image":"","background-repeat":"repeat","background-position":"center center","background-size":"auto","background-attachment":"scroll","background-type":"","background-media":"","overlay-type":"","overlay-color":"","overlay-opacity":"","overlay-gradient":""},"mobile":{"background-color":"","background-image":"","background-repeat":"repeat","background-position":"center center","background-size":"auto","background-attachment":"scroll","background-type":"","background-media":"","overlay-type":"","overlay-color":"","overlay-opacity":"","overlay-gradient":""}},"ast-content-background-meta":{"desktop":{"background-color":"var(--ast-global-color-5)","background-image":"","background-repeat":"repeat","background-position":"center center","background-size":"auto","background-attachment":"scroll","background-type":"","background-media":"","overlay-type":"","overlay-color":"","overlay-opacity":"","overlay-gradient":""},"tablet":{"background-color":"var(--ast-global-color-5)","background-image":"","background-repeat":"repeat","background-position":"center center","background-size":"auto","background-attachment":"scroll","background-type":"","background-media":"","overlay-type":"","overlay-color":"","overlay-opacity":"","overlay-gradient":""},"mobile":{"background-color":"var(--ast-global-color-5)","background-image":"","background-repeat":"repeat","background-position":"center center","background-size":"auto","background-attachment":"scroll","background-type":"","background-media":"","overlay-type":"","overlay-color":"","overlay-opacity":"","overlay-gradient":""}}},"product_brand":[],"product_cat":[21,36],"product_tag":[],"class_list":{"0":"post-1545","1":"product","2":"type-product","3":"status-publish","4":"has-post-thumbnail","6":"product_cat-libros","7":"product_cat-preescolar-3-a-5-anos","8":"desktop-align-left","9":"tablet-align-left","10":"mobile-align-left","12":"first","13":"instock","14":"taxable","15":"shipping-taxable","16":"purchasable","17":"product-type-simple"},"aioseo_notices":[],"jetpack_sharing_enabled":true,"_links":{"self":[{"href":"https:\/\/bibliakids247.com\/index.php?rest_route=\/wp\/v2\/product\/1545","targetHints":{"allow":["GET"]}}],"collection":[{"href":"https:\/\/bibliakids247.com\/index.php?rest_route=\/wp\/v2\/product"}],"about":[{"href":"https:\/\/bibliakids247.com\/index.php?rest_route=\/wp\/v2\/types\/product"}],"replies":[{"embeddable":true,"href":"https:\/\/bibliakids247.com\/index.php?rest_route=%2Fwp%2Fv2%2Fcomments&post=1545"}],"wp:featuredmedia":[{"embeddable":true,"href":"https:\/\/bibliakids247.com\/index.php?rest_route=\/wp\/v2\/media\/1546"}],"wp:attachment":[{"href":"https:\/\/bibliakids247.com\/index.php?rest_route=%2Fwp%2Fv2%2Fmedia&parent=1545"}],"wp:term":[{"taxonomy":"product_brand","embeddable":true,"href":"https:\/\/bibliakids247.com\/index.php?rest_route=%2Fwp%2Fv2%2Fproduct_brand&post=1545"},{"taxonomy":"product_cat","embeddable":true,"href":"https:\/\/bibliakids247.com\/index.php?rest_route=%2Fwp%2Fv2%2Fproduct_cat&post=1545"},{"taxonomy":"product_tag","embeddable":true,"href":"https:\/\/bibliakids247.com\/index.php?rest_route=%2Fwp%2Fv2%2Fproduct_tag&post=1545"}],"curies":[{"name":"wp","href":"https:\/\/api.w.org\/{rel}","templated":true}]}}