{"id":1551,"date":"2026-02-27T19:39:51","date_gmt":"2026-02-28T00:39:51","guid":{"rendered":"https:\/\/bibliakids247.com\/?post_type=product&#038;p=1551"},"modified":"2026-02-27T19:42:20","modified_gmt":"2026-02-28T00:42:20","slug":"rompecabezas-biblico-6-en-1-el-arca-de-noe","status":"publish","type":"product","link":"https:\/\/bibliakids247.com\/?product=rompecabezas-biblico-6-en-1-el-arca-de-noe","title":{"rendered":"Rompecabezas b\u00edblico 6 en 1: El arca de No\u00e9"},"content":{"rendered":"<div class=\"ast-oembed-container \" style=\"height: 100%;\"><iframe title=\"Rompecabezas b\u00edblico 6 en 1\" width=\"500\" height=\"281\" src=\"https:\/\/www.youtube.com\/embed\/Nbj2b76SccA?feature=oembed\" frameborder=\"0\" allow=\"accelerometer; autoplay; clipboard-write; encrypted-media; gyroscope; picture-in-picture; web-share\" referrerpolicy=\"strict-origin-when-cross-origin\" allowfullscreen><\/iframe><\/div>\n<p>&nbsp;<\/p>\n<h5 data-start=\"152\" data-end=\"210\"><strong data-start=\"156\" data-end=\"208\">Rompecabezas B\u00edblico 6-en-1: El arca de No\u00e9\u00a0<img decoding=\"async\" class=\"emoji\" role=\"img\" draggable=\"false\" src=\"https:\/\/s.w.org\/images\/core\/emoji\/17.0.2\/svg\/1f9e9.svg\" alt=\"\ud83e\udde9\" \/><img decoding=\"async\" class=\"emoji\" role=\"img\" draggable=\"false\" src=\"https:\/\/s.w.org\/images\/core\/emoji\/17.0.2\/svg\/1f308.svg\" alt=\"\ud83c\udf08\" \/><\/strong><\/h5>\n<p data-start=\"211\" data-end=\"270\"><strong data-start=\"211\" data-end=\"240\">Edad sugerida: 3 a 5 a\u00f1os<\/strong><\/p>\n<p data-start=\"272\" data-end=\"551\">Un libro, seis rompecabezas y una gran historia b\u00edblica arm\u00e1ndose pieza por pieza. Este divertido t\u00edtulo de la serie\u00a0<em data-start=\"389\" data-end=\"418\">Rompecabezas B\u00edblico 6-en-1<\/em>\u00a0permite que los ni\u00f1os descubran la historia del arca de No\u00e9 mientras desarrollan habilidades motoras, cognitivas y de concentraci\u00f3n.<\/p>\n<p data-start=\"553\" data-end=\"881\">Cada libro de la colecci\u00f3n contiene\u00a0<strong data-start=\"589\" data-end=\"620\">6 rompecabezas de 25 piezas<\/strong>, cada uno representando una escena diferente del relato b\u00edblico. \u00a1Pero eso no es todo! Cuando los peque\u00f1os completan los seis rompecabezas y los juntan, forman\u00a0<strong data-start=\"781\" data-end=\"806\">una gran imagen final<\/strong>, recreando toda la historia de No\u00e9 y el arca de manera visual y memorable.<\/p>\n<p data-start=\"883\" data-end=\"1000\">Perfecto para jugar en familia, aprender m\u00e1s sobre la Biblia y estimular el pensamiento l\u00f3gico mientras se divierten.<\/p>\n<hr data-start=\"1002\" data-end=\"1005\" \/>\n<h5 data-start=\"1007\" data-end=\"1040\"><strong data-start=\"1011\" data-end=\"1040\">Beneficios para los ni\u00f1os<\/strong><\/h5>\n<p data-start=\"1041\" data-end=\"1399\"><img decoding=\"async\" class=\"emoji\" role=\"img\" draggable=\"false\" src=\"https:\/\/s.w.org\/images\/core\/emoji\/17.0.2\/svg\/2728.svg\" alt=\"\u2728\" \/>\u00a0<strong data-start=\"1043\" data-end=\"1101\">Desarrollo de motricidad fina y coordinaci\u00f3n ojo-mano.<\/strong><br data-start=\"1101\" data-end=\"1104\" \/><img decoding=\"async\" class=\"emoji\" role=\"img\" draggable=\"false\" src=\"https:\/\/s.w.org\/images\/core\/emoji\/17.0.2\/svg\/2728.svg\" alt=\"\u2728\" \/>\u00a0<strong data-start=\"1106\" data-end=\"1139\">Refuerzo de la memoria visual<\/strong>\u00a0al reconstruir escenas b\u00edblicas.<br data-start=\"1172\" data-end=\"1175\" \/><img decoding=\"async\" class=\"emoji\" role=\"img\" draggable=\"false\" src=\"https:\/\/s.w.org\/images\/core\/emoji\/17.0.2\/svg\/2728.svg\" alt=\"\u2728\" \/>\u00a0<strong data-start=\"1177\" data-end=\"1203\">Comprensi\u00f3n narrativa:<\/strong>\u00a0Los rompecabezas cuentan la historia paso a paso.<br data-start=\"1253\" data-end=\"1256\" \/><img decoding=\"async\" class=\"emoji\" role=\"img\" draggable=\"false\" src=\"https:\/\/s.w.org\/images\/core\/emoji\/17.0.2\/svg\/2728.svg\" alt=\"\u2728\" \/>\u00a0<strong data-start=\"1258\" data-end=\"1325\">Promueve la paciencia, concentraci\u00f3n y resoluci\u00f3n de problemas.<\/strong><br data-start=\"1325\" data-end=\"1328\" \/><img decoding=\"async\" class=\"emoji\" role=\"img\" draggable=\"false\" src=\"https:\/\/s.w.org\/images\/core\/emoji\/17.0.2\/svg\/2728.svg\" alt=\"\u2728\" \/>\u00a0<strong data-start=\"1330\" data-end=\"1365\">Refuerza el aprendizaje b\u00edblico<\/strong>\u00a0a trav\u00e9s del juego interactivo.<\/p>\n<hr data-start=\"1401\" data-end=\"1404\" \/>\n<h5 data-start=\"1406\" data-end=\"1432\"><strong data-start=\"1410\" data-end=\"1432\">Detalles del libro<\/strong><\/h5>\n<ul data-start=\"1433\" data-end=\"1621\">\n<li data-start=\"1433\" data-end=\"1460\">\n<p data-start=\"1435\" data-end=\"1460\"><strong data-start=\"1435\" data-end=\"1444\">ISBN:<\/strong>\u00a09788772031569<\/p>\n<\/li>\n<li data-start=\"1461\" data-end=\"1479\">\n<p data-start=\"1463\" data-end=\"1479\"><strong data-start=\"1463\" data-end=\"1475\">P\u00e1ginas:<\/strong>\u00a06<\/p>\n<\/li>\n<li data-start=\"1480\" data-end=\"1536\">\n<p data-start=\"1482\" data-end=\"1536\"><strong data-start=\"1482\" data-end=\"1494\">Medidas:<\/strong>\u00a08.75 x 10.9 pulgadas \/ 22,23 x 27,69 cm<\/p>\n<\/li>\n<li data-start=\"1537\" data-end=\"1564\">\n<p data-start=\"1539\" data-end=\"1564\"><strong data-start=\"1539\" data-end=\"1552\">Cubierta:<\/strong>\u00a0Acolchada<\/p>\n<\/li>\n<li data-start=\"1565\" data-end=\"1621\">\n<p data-start=\"1567\" data-end=\"1621\"><strong data-start=\"1567\" data-end=\"1581\">Editorial:<\/strong>\u00a0Scandinavia Publishing House \/ Unilit<\/p>\n<\/li>\n<\/ul>\n","protected":false},"excerpt":{"rendered":"<p>&nbsp; Rompecabezas B\u00edblico 6-en-1: El arca de No\u00e9\u00a0 Edad sugerida: 3 a 5 a\u00f1os Un libro, seis rompecabezas y una [&hellip;]<\/p>\n","protected":false},"featured_media":1552,"comment_status":"open","ping_status":"closed","template":"","meta":{"_monsterinsights_skip_tracking":false,"_monsterinsights_sitenote_active":false,"_monsterinsights_sitenote_note":"","_monsterinsights_sitenote_category":0,"site-sidebar-layout":"default","site-content-layout":"","ast-site-content-layout":"default","site-content-style":"default","site-sidebar-style":"default","ast-global-header-display":"","ast-banner-title-visibility":"","ast-main-header-display":"","ast-hfb-above-header-display":"","ast-hfb-below-header-display":"","ast-hfb-mobile-header-display":"","site-post-title":"","ast-breadcrumbs-content":"","ast-featured-img":"","footer-sml-layout":"","ast-disable-related-posts":"","theme-transparent-header-meta":"default","adv-header-id-meta":"","stick-header-meta":"","header-above-stick-meta":"","header-main-stick-meta":"","header-below-stick-meta":"","astra-migrate-meta-layouts":"set","ast-page-background-enabled":"default","ast-page-background-meta":{"desktop":{"background-color":"var(--ast-global-color-4)","background-image":"","background-repeat":"repeat","background-position":"center center","background-size":"auto","background-attachment":"scroll","background-type":"","background-media":"","overlay-type":"","overlay-color":"","overlay-opacity":"","overlay-gradient":""},"tablet":{"background-color":"","background-image":"","background-repeat":"repeat","background-position":"center center","background-size":"auto","background-attachment":"scroll","background-type":"","background-media":"","overlay-type":"","overlay-color":"","overlay-opacity":"","overlay-gradient":""},"mobile":{"background-color":"","background-image":"","background-repeat":"repeat","background-position":"center center","background-size":"auto","background-attachment":"scroll","background-type":"","background-media":"","overlay-type":"","overlay-color":"","overlay-opacity":"","overlay-gradient":""}},"ast-content-background-meta":{"desktop":{"background-color":"var(--ast-global-color-5)","background-image":"","background-repeat":"repeat","background-position":"center center","background-size":"auto","background-attachment":"scroll","background-type":"","background-media":"","overlay-type":"","overlay-color":"","overlay-opacity":"","overlay-gradient":""},"tablet":{"background-color":"var(--ast-global-color-5)","background-image":"","background-repeat":"repeat","background-position":"center center","background-size":"auto","background-attachment":"scroll","background-type":"","background-media":"","overlay-type":"","overlay-color":"","overlay-opacity":"","overlay-gradient":""},"mobile":{"background-color":"var(--ast-global-color-5)","background-image":"","background-repeat":"repeat","background-position":"center center","background-size":"auto","background-attachment":"scroll","background-type":"","background-media":"","overlay-type":"","overlay-color":"","overlay-opacity":"","overlay-gradient":""}}},"product_brand":[],"product_cat":[21,36,41],"product_tag":[],"class_list":{"0":"post-1551","1":"product","2":"type-product","3":"status-publish","4":"has-post-thumbnail","6":"product_cat-libros","7":"product_cat-preescolar-3-a-5-anos","8":"product_cat-tf","9":"desktop-align-left","10":"tablet-align-left","11":"mobile-align-left","13":"first","14":"instock","15":"taxable","16":"shipping-taxable","17":"purchasable","18":"product-type-simple"},"aioseo_notices":[],"jetpack_sharing_enabled":true,"_links":{"self":[{"href":"https:\/\/bibliakids247.com\/index.php?rest_route=\/wp\/v2\/product\/1551","targetHints":{"allow":["GET"]}}],"collection":[{"href":"https:\/\/bibliakids247.com\/index.php?rest_route=\/wp\/v2\/product"}],"about":[{"href":"https:\/\/bibliakids247.com\/index.php?rest_route=\/wp\/v2\/types\/product"}],"replies":[{"embeddable":true,"href":"https:\/\/bibliakids247.com\/index.php?rest_route=%2Fwp%2Fv2%2Fcomments&post=1551"}],"wp:featuredmedia":[{"embeddable":true,"href":"https:\/\/bibliakids247.com\/index.php?rest_route=\/wp\/v2\/media\/1552"}],"wp:attachment":[{"href":"https:\/\/bibliakids247.com\/index.php?rest_route=%2Fwp%2Fv2%2Fmedia&parent=1551"}],"wp:term":[{"taxonomy":"product_brand","embeddable":true,"href":"https:\/\/bibliakids247.com\/index.php?rest_route=%2Fwp%2Fv2%2Fproduct_brand&post=1551"},{"taxonomy":"product_cat","embeddable":true,"href":"https:\/\/bibliakids247.com\/index.php?rest_route=%2Fwp%2Fv2%2Fproduct_cat&post=1551"},{"taxonomy":"product_tag","embeddable":true,"href":"https:\/\/bibliakids247.com\/index.php?rest_route=%2Fwp%2Fv2%2Fproduct_tag&post=1551"}],"curies":[{"name":"wp","href":"https:\/\/api.w.org\/{rel}","templated":true}]}}