{"id":1567,"date":"2026-03-01T14:49:52","date_gmt":"2026-03-01T19:49:52","guid":{"rendered":"https:\/\/bibliakids247.com\/?post_type=product&#038;p=1567"},"modified":"2026-03-01T14:49:57","modified_gmt":"2026-03-01T19:49:57","slug":"cuentos-biblicos-para-leer-una-y-otra-vez","status":"publish","type":"product","link":"https:\/\/bibliakids247.com\/?product=cuentos-biblicos-para-leer-una-y-otra-vez","title":{"rendered":"Cuentos B\u00edblicos para Leer Una y Otra Vez"},"content":{"rendered":"<h5>\ud83d\udcd6\u2728 <strong>Cuentos B\u00edblicos para Leer Una y Otra Vez<\/strong><\/h5>\n<p data-start=\"129\" data-end=\"157\"><em data-start=\"129\" data-end=\"157\">Antiguo y Nuevo Testamento<\/em><\/p>\n<p data-start=\"159\" data-end=\"222\">\u00a1Los ni\u00f1os necesitan descubrir que la Biblia no es aburrida! \ud83c\udf1f<\/p>\n<p data-start=\"224\" data-end=\"417\"><strong data-start=\"224\" data-end=\"269\">Cuentos b\u00edblicos para leer una y otra vez<\/strong> presenta historias del Antiguo y Nuevo Testamento con ilustraciones vibrantes y narraciones creativas que capturan la atenci\u00f3n de los m\u00e1s peque\u00f1os.<\/p>\n<p data-start=\"419\" data-end=\"657\">A trav\u00e9s de relatos din\u00e1micos y f\u00e1ciles de entender, los ni\u00f1os no solo conocer\u00e1n personajes b\u00edblicos importantes, sino que tambi\u00e9n aprender\u00e1n c\u00f3mo aplicar la verdad de Dios a su vida diaria. Y lo mejor\u2026 \u00a1querr\u00e1n leerlas una y otra vez! \ud83d\udc9b<\/p>\n<hr data-start=\"659\" data-end=\"662\" \/>\n<h5 data-start=\"664\" data-end=\"694\">\ud83c\udf08 \u00bfQu\u00e9 incluye este libro?<\/h5>\n<p data-start=\"696\" data-end=\"974\">\ud83c\udfa8 Ilustraciones coloridas y atractivas<br data-start=\"735\" data-end=\"738\" \/>\ud83d\udcd6 Historias b\u00edblicas del Antiguo y Nuevo Testamento<br data-start=\"790\" data-end=\"793\" \/>\u2753 Preguntas interactivas para fortalecer la comprensi\u00f3n<br data-start=\"848\" data-end=\"851\" \/>\ud83d\udcac Mensajes de salvaci\u00f3n apropiados para la edad<br data-start=\"899\" data-end=\"902\" \/>\ud83d\udc68\u200d\ud83d\udc69\u200d\ud83d\udc67 Una herramienta ideal para iniciar conversaciones sobre Jes\u00fas<\/p>\n<p data-start=\"976\" data-end=\"1087\">Es perfecto para ayudar a los ni\u00f1os a entender qui\u00e9n es Jes\u00fas y c\u00f3mo pueden tener una relaci\u00f3n personal con \u00c9l.<\/p>\n<hr data-start=\"1089\" data-end=\"1092\" \/>\n<h2 data-start=\"1094\" data-end=\"1111\">\ud83c\udfaf Ideal para:<\/h2>\n<p data-start=\"1113\" data-end=\"1244\">\ud83d\udc66\ud83d\udc67 Ni\u00f1os de <strong data-start=\"1127\" data-end=\"1141\">3 a 7 a\u00f1os<\/strong><br data-start=\"1141\" data-end=\"1144\" \/>\ud83c\udfeb Escuela dominical<br data-start=\"1164\" data-end=\"1167\" \/>\ud83c\udfe0 Devocionales familiares<br data-start=\"1193\" data-end=\"1196\" \/>\ud83c\udf81 Regalos cristianos y actividades en iglesia<\/p>\n<hr data-start=\"1246\" data-end=\"1249\" \/>\n<h5 data-start=\"1251\" data-end=\"1270\">\ud83d\udccc Ficha T\u00e9cnica<\/h5>\n<p data-start=\"1272\" data-end=\"1492\">\ud83d\udcda Editorial: Tyndale House Publishers<br data-start=\"1310\" data-end=\"1313\" \/>\ud83d\udcc5 Fecha de publicaci\u00f3n: 8 julio 2025<br data-start=\"1350\" data-end=\"1353\" \/>\ud83d\udcc4 P\u00e1ginas: 272<br data-start=\"1368\" data-end=\"1371\" \/>\ud83d\udcd8 ISBN-13: 979-8400505249<br data-start=\"1397\" data-end=\"1400\" \/>\ud83c\udf0e Idioma: Espa\u00f1ol<br data-start=\"1418\" data-end=\"1421\" \/>\ud83d\udcd0 Dimensiones: 17.68 x 2.18 x 22.28 cm (6.96 x 0.86 x 8.77 pulgadas)<\/p>\n<hr data-start=\"1494\" data-end=\"1497\" \/>\n<p data-start=\"1499\" data-end=\"1616\">\ud83d\udc99 Un libro lleno de aventuras b\u00edblicas que har\u00e1 que los ni\u00f1os se enamoren de la Palabra de Dios desde temprana edad.<\/p>\n<p data-start=\"1618\" data-end=\"1659\" data-is-last-node=\"\" data-is-only-node=\"\">\n","protected":false},"excerpt":{"rendered":"<p>\ud83d\udcd6\u2728 Cuentos B\u00edblicos para Leer Una y Otra Vez Antiguo y Nuevo Testamento \u00a1Los ni\u00f1os necesitan descubrir que la Biblia [&hellip;]<\/p>\n","protected":false},"featured_media":1568,"comment_status":"open","ping_status":"closed","template":"","meta":{"_monsterinsights_skip_tracking":false,"_monsterinsights_sitenote_active":false,"_monsterinsights_sitenote_note":"","_monsterinsights_sitenote_category":0,"site-sidebar-layout":"default","site-content-layout":"","ast-site-content-layout":"default","site-content-style":"default","site-sidebar-style":"default","ast-global-header-display":"","ast-banner-title-visibility":"","ast-main-header-display":"","ast-hfb-above-header-display":"","ast-hfb-below-header-display":"","ast-hfb-mobile-header-display":"","site-post-title":"","ast-breadcrumbs-content":"","ast-featured-img":"","footer-sml-layout":"","ast-disable-related-posts":"","theme-transparent-header-meta":"default","adv-header-id-meta":"","stick-header-meta":"","header-above-stick-meta":"","header-main-stick-meta":"","header-below-stick-meta":"","astra-migrate-meta-layouts":"set","ast-page-background-enabled":"default","ast-page-background-meta":{"desktop":{"background-color":"var(--ast-global-color-4)","background-image":"","background-repeat":"repeat","background-position":"center center","background-size":"auto","background-attachment":"scroll","background-type":"","background-media":"","overlay-type":"","overlay-color":"","overlay-opacity":"","overlay-gradient":""},"tablet":{"background-color":"","background-image":"","background-repeat":"repeat","background-position":"center center","background-size":"auto","background-attachment":"scroll","background-type":"","background-media":"","overlay-type":"","overlay-color":"","overlay-opacity":"","overlay-gradient":""},"mobile":{"background-color":"","background-image":"","background-repeat":"repeat","background-position":"center center","background-size":"auto","background-attachment":"scroll","background-type":"","background-media":"","overlay-type":"","overlay-color":"","overlay-opacity":"","overlay-gradient":""}},"ast-content-background-meta":{"desktop":{"background-color":"var(--ast-global-color-5)","background-image":"","background-repeat":"repeat","background-position":"center center","background-size":"auto","background-attachment":"scroll","background-type":"","background-media":"","overlay-type":"","overlay-color":"","overlay-opacity":"","overlay-gradient":""},"tablet":{"background-color":"var(--ast-global-color-5)","background-image":"","background-repeat":"repeat","background-position":"center center","background-size":"auto","background-attachment":"scroll","background-type":"","background-media":"","overlay-type":"","overlay-color":"","overlay-opacity":"","overlay-gradient":""},"mobile":{"background-color":"var(--ast-global-color-5)","background-image":"","background-repeat":"repeat","background-position":"center center","background-size":"auto","background-attachment":"scroll","background-type":"","background-media":"","overlay-type":"","overlay-color":"","overlay-opacity":"","overlay-gradient":""}}},"product_brand":[],"product_cat":[37,21,36,41],"product_tag":[],"class_list":{"0":"post-1567","1":"product","2":"type-product","3":"status-publish","4":"has-post-thumbnail","6":"product_cat-escolar-6-a-11-anos","7":"product_cat-libros","8":"product_cat-preescolar-3-a-5-anos","9":"product_cat-tf","10":"desktop-align-left","11":"tablet-align-left","12":"mobile-align-left","14":"first","15":"instock","16":"taxable","17":"shipping-taxable","18":"purchasable","19":"product-type-simple"},"aioseo_notices":[],"jetpack_sharing_enabled":true,"_links":{"self":[{"href":"https:\/\/bibliakids247.com\/index.php?rest_route=\/wp\/v2\/product\/1567","targetHints":{"allow":["GET"]}}],"collection":[{"href":"https:\/\/bibliakids247.com\/index.php?rest_route=\/wp\/v2\/product"}],"about":[{"href":"https:\/\/bibliakids247.com\/index.php?rest_route=\/wp\/v2\/types\/product"}],"replies":[{"embeddable":true,"href":"https:\/\/bibliakids247.com\/index.php?rest_route=%2Fwp%2Fv2%2Fcomments&post=1567"}],"wp:featuredmedia":[{"embeddable":true,"href":"https:\/\/bibliakids247.com\/index.php?rest_route=\/wp\/v2\/media\/1568"}],"wp:attachment":[{"href":"https:\/\/bibliakids247.com\/index.php?rest_route=%2Fwp%2Fv2%2Fmedia&parent=1567"}],"wp:term":[{"taxonomy":"product_brand","embeddable":true,"href":"https:\/\/bibliakids247.com\/index.php?rest_route=%2Fwp%2Fv2%2Fproduct_brand&post=1567"},{"taxonomy":"product_cat","embeddable":true,"href":"https:\/\/bibliakids247.com\/index.php?rest_route=%2Fwp%2Fv2%2Fproduct_cat&post=1567"},{"taxonomy":"product_tag","embeddable":true,"href":"https:\/\/bibliakids247.com\/index.php?rest_route=%2Fwp%2Fv2%2Fproduct_tag&post=1567"}],"curies":[{"name":"wp","href":"https:\/\/api.w.org\/{rel}","templated":true}]}}