{"id":177,"date":"2024-03-02T13:47:36","date_gmt":"2024-03-02T18:47:36","guid":{"rendered":"https:\/\/bibliakids247.com\/?post_type=product&#038;p=177"},"modified":"2026-03-01T11:11:28","modified_gmt":"2026-03-01T16:11:28","slug":"quedate-quieto-jesus-detiene-una-tormenta","status":"publish","type":"product","link":"https:\/\/bibliakids247.com\/?product=quedate-quieto-jesus-detiene-una-tormenta","title":{"rendered":"\u00a1Qu\u00e9date Quieto! \u2013  Libro en Foami"},"content":{"rendered":"<div>\n<div class=\"ast-oembed-container \" style=\"height: 100%;\"><iframe title=\"\u00a1Qu\u00e9date Quieto! - Jes\u00fas detiene Una tormenta\" width=\"500\" height=\"281\" src=\"https:\/\/www.youtube.com\/embed\/4fc1jJ3oTG0?feature=oembed\" frameborder=\"0\" allow=\"accelerometer; autoplay; clipboard-write; encrypted-media; gyroscope; picture-in-picture; web-share\" referrerpolicy=\"strict-origin-when-cross-origin\" allowfullscreen><\/iframe><\/div>\n<p data-start=\"179\" data-end=\"230\"><strong data-start=\"179\" data-end=\"230\">\ud83d\udcd8 Qu\u00e9date quieto! \u2013 Jes\u00fas detiene una tormenta<\/strong><\/p>\n<p data-start=\"232\" data-end=\"396\">Un libro dise\u00f1ado especialmente para los m\u00e1s peque\u00f1os, que les permite <strong data-start=\"303\" data-end=\"367\">descubrir la Palabra de Dios desde sus primeros a\u00f1os de vida<\/strong> de forma segura y divertida.<\/p>\n<p data-start=\"398\" data-end=\"677\">Esta hermosa historia b\u00edblica narra c\u00f3mo <strong data-start=\"439\" data-end=\"503\">Jes\u00fas salv\u00f3 a sus disc\u00edpulos en medio de una fuerte tormenta<\/strong>, mostrando Su poder, cuidado y amor. Gracias a su formato en <strong data-start=\"565\" data-end=\"574\">foami<\/strong>, los beb\u00e9s pueden explorarlo con total tranquilidad, ya que es un material suave, resistente y seguro.<\/p>\n<p data-start=\"679\" data-end=\"957\">Sus <strong data-start=\"683\" data-end=\"727\">p\u00e1ginas gruesas de espuma con troquelado<\/strong> facilitan la manipulaci\u00f3n, fortalecen la motricidad y estimulan la curiosidad natural de los ni\u00f1os. Es un libro perfecto para que <strong data-start=\"858\" data-end=\"928\">pap\u00e1s y cuidadores compartan momentos de lectura, fe y aprendizaje<\/strong> con ni\u00f1os de <strong data-start=\"942\" data-end=\"956\">0 a 3 a\u00f1os<\/strong>.<\/p>\n<p data-start=\"959\" data-end=\"1084\">\u2728 Ideal como primer libro b\u00edblico<br data-start=\"992\" data-end=\"995\" \/>\u2728 Seguro, duradero y f\u00e1cil de manipular<br data-start=\"1034\" data-end=\"1037\" \/>\u2728 Ense\u00f1a confianza en Jes\u00fas desde la infancia<\/p>\n<p data-start=\"1086\" data-end=\"1117\"><strong data-start=\"1086\" data-end=\"1115\">\ud83d\udcda Detalles del producto:<\/strong><\/p>\n<ul data-start=\"1118\" data-end=\"1269\">\n<li data-start=\"1118\" data-end=\"1141\">\n<p data-start=\"1120\" data-end=\"1141\">ISBN: 9788792105882<\/p>\n<\/li>\n<li data-start=\"1142\" data-end=\"1170\">\n<p data-start=\"1144\" data-end=\"1170\">Editorial: Editorial CLC<\/p>\n<\/li>\n<li data-start=\"1171\" data-end=\"1190\">\n<p data-start=\"1173\" data-end=\"1190\">Idioma: Espa\u00f1ol<\/p>\n<\/li>\n<li data-start=\"1191\" data-end=\"1210\">\n<p data-start=\"1193\" data-end=\"1210\">Cubierta: Foami<\/p>\n<\/li>\n<li data-start=\"1211\" data-end=\"1247\">\n<p data-start=\"1213\" data-end=\"1247\">\ud83d\udccf Dimensiones: 10 x 10,5 x 3 cm<\/p>\n<\/li>\n<li data-start=\"1248\" data-end=\"1269\">\n<p data-start=\"1250\" data-end=\"1269\">\u2696\ufe0f Peso: 0,760 kg<\/p>\n<\/li>\n<\/ul>\n<p data-start=\"1271\" data-end=\"1366\" data-is-last-node=\"\" data-is-only-node=\"\">Un libro perfecto para <strong data-start=\"1294\" data-end=\"1359\">sembrar fe, amor y confianza en Dios desde los primeros pasos<\/strong> \ud83d\udc99\ud83c\udf0a\u271d\ufe0f<\/p>\n<\/div>\n<p>&nbsp;<\/p>\n","protected":false},"excerpt":{"rendered":"<p>\ud83d\udcd8 Qu\u00e9date quieto! \u2013 Jes\u00fas detiene una tormenta Un libro dise\u00f1ado especialmente para los m\u00e1s peque\u00f1os, que les permite descubrir [&hellip;]<\/p>\n","protected":false},"featured_media":1559,"comment_status":"open","ping_status":"closed","template":"","meta":{"_monsterinsights_skip_tracking":false,"_monsterinsights_sitenote_active":false,"_monsterinsights_sitenote_note":"","_monsterinsights_sitenote_category":0,"site-sidebar-layout":"default","site-content-layout":"","ast-site-content-layout":"default","site-content-style":"default","site-sidebar-style":"default","ast-global-header-display":"","ast-banner-title-visibility":"","ast-main-header-display":"","ast-hfb-above-header-display":"","ast-hfb-below-header-display":"","ast-hfb-mobile-header-display":"","site-post-title":"","ast-breadcrumbs-content":"","ast-featured-img":"","footer-sml-layout":"","ast-disable-related-posts":"","theme-transparent-header-meta":"default","adv-header-id-meta":"","stick-header-meta":"","header-above-stick-meta":"","header-main-stick-meta":"","header-below-stick-meta":"","astra-migrate-meta-layouts":"set","ast-page-background-enabled":"default","ast-page-background-meta":{"desktop":{"background-color":"var(--ast-global-color-4)","background-image":"","background-repeat":"repeat","background-position":"center center","background-size":"auto","background-attachment":"scroll","background-type":"","background-media":"","overlay-type":"","overlay-color":"","overlay-opacity":"","overlay-gradient":""},"tablet":{"background-color":"","background-image":"","background-repeat":"repeat","background-position":"center center","background-size":"auto","background-attachment":"scroll","background-type":"","background-media":"","overlay-type":"","overlay-color":"","overlay-opacity":"","overlay-gradient":""},"mobile":{"background-color":"","background-image":"","background-repeat":"repeat","background-position":"center center","background-size":"auto","background-attachment":"scroll","background-type":"","background-media":"","overlay-type":"","overlay-color":"","overlay-opacity":"","overlay-gradient":""}},"ast-content-background-meta":{"desktop":{"background-color":"var(--ast-global-color-5)","background-image":"","background-repeat":"repeat","background-position":"center center","background-size":"auto","background-attachment":"scroll","background-type":"","background-media":"","overlay-type":"","overlay-color":"","overlay-opacity":"","overlay-gradient":""},"tablet":{"background-color":"var(--ast-global-color-5)","background-image":"","background-repeat":"repeat","background-position":"center center","background-size":"auto","background-attachment":"scroll","background-type":"","background-media":"","overlay-type":"","overlay-color":"","overlay-opacity":"","overlay-gradient":""},"mobile":{"background-color":"var(--ast-global-color-5)","background-image":"","background-repeat":"repeat","background-position":"center center","background-size":"auto","background-attachment":"scroll","background-type":"","background-media":"","overlay-type":"","overlay-color":"","overlay-opacity":"","overlay-gradient":""}}},"product_brand":[],"product_cat":[35,21,41],"product_tag":[],"class_list":{"0":"post-177","1":"product","2":"type-product","3":"status-publish","4":"has-post-thumbnail","6":"product_cat-bebes-0-a-2-anos","7":"product_cat-libros","8":"product_cat-tf","9":"desktop-align-left","10":"tablet-align-left","11":"mobile-align-left","13":"first","14":"instock","15":"taxable","16":"shipping-taxable","17":"purchasable","18":"product-type-simple"},"aioseo_notices":[],"jetpack_sharing_enabled":true,"_links":{"self":[{"href":"https:\/\/bibliakids247.com\/index.php?rest_route=\/wp\/v2\/product\/177","targetHints":{"allow":["GET"]}}],"collection":[{"href":"https:\/\/bibliakids247.com\/index.php?rest_route=\/wp\/v2\/product"}],"about":[{"href":"https:\/\/bibliakids247.com\/index.php?rest_route=\/wp\/v2\/types\/product"}],"replies":[{"embeddable":true,"href":"https:\/\/bibliakids247.com\/index.php?rest_route=%2Fwp%2Fv2%2Fcomments&post=177"}],"wp:featuredmedia":[{"embeddable":true,"href":"https:\/\/bibliakids247.com\/index.php?rest_route=\/wp\/v2\/media\/1559"}],"wp:attachment":[{"href":"https:\/\/bibliakids247.com\/index.php?rest_route=%2Fwp%2Fv2%2Fmedia&parent=177"}],"wp:term":[{"taxonomy":"product_brand","embeddable":true,"href":"https:\/\/bibliakids247.com\/index.php?rest_route=%2Fwp%2Fv2%2Fproduct_brand&post=177"},{"taxonomy":"product_cat","embeddable":true,"href":"https:\/\/bibliakids247.com\/index.php?rest_route=%2Fwp%2Fv2%2Fproduct_cat&post=177"},{"taxonomy":"product_tag","embeddable":true,"href":"https:\/\/bibliakids247.com\/index.php?rest_route=%2Fwp%2Fv2%2Fproduct_tag&post=177"}],"curies":[{"name":"wp","href":"https:\/\/api.w.org\/{rel}","templated":true}]}}