{"id":195,"date":"2024-03-02T14:05:04","date_gmt":"2024-03-02T19:05:04","guid":{"rendered":"https:\/\/bibliakids247.com\/?post_type=product&#038;p=195"},"modified":"2026-02-15T15:27:54","modified_gmt":"2026-02-15T20:27:54","slug":"biblia-para-pequenines","status":"publish","type":"product","link":"https:\/\/bibliakids247.com\/?product=biblia-para-pequenines","title":{"rendered":"Biblia para Peque\u00f1ines \u2013 Acolchada con Manija"},"content":{"rendered":"<div class=\"ast-oembed-container \" style=\"height: 100%;\"><iframe title=\"Biblia Para Peque\u00f1ines\" width=\"500\" height=\"281\" src=\"https:\/\/www.youtube.com\/embed\/YE9IySpoluA?feature=oembed\" frameborder=\"0\" allow=\"accelerometer; autoplay; clipboard-write; encrypted-media; gyroscope; picture-in-picture; web-share\" referrerpolicy=\"strict-origin-when-cross-origin\" allowfullscreen><\/iframe><\/div>\n<h3 data-start=\"216\" data-end=\"268\">\ud83e\uddf8 Biblia para Peque\u00f1ines \u2013 Acolchada con Manija<\/h3>\n<p>&nbsp;<\/p>\n<p data-start=\"270\" data-end=\"510\"><strong data-start=\"270\" data-end=\"342\">\u00a1Una primera Biblia que los m\u00e1s peque\u00f1os amar\u00e1n desde el primer d\u00eda!<\/strong><br data-start=\"342\" data-end=\"345\" \/>Esta tierna Biblia ilustrada introduce a los ni\u00f1os en las historias m\u00e1s importantes de la Palabra de Dios, a trav\u00e9s de relatos sencillos, coloridos y llenos de amor.<\/p>\n<p data-start=\"512\" data-end=\"548\">\ud83c\udf1f <strong data-start=\"515\" data-end=\"535\">Edad recomendada<\/strong>: 3 a 6 a\u00f1os<\/p>\n<p data-start=\"550\" data-end=\"573\">\ud83d\udcd6 <strong data-start=\"553\" data-end=\"572\">Caracter\u00edsticas<\/strong>:<\/p>\n<ul data-start=\"574\" data-end=\"978\">\n<li data-start=\"574\" data-end=\"645\">\n<p data-start=\"576\" data-end=\"645\">Contiene <strong data-start=\"585\" data-end=\"612\">20 historias esenciales<\/strong> del Antiguo y Nuevo Testamento<\/p>\n<\/li>\n<li data-start=\"646\" data-end=\"724\">\n<p data-start=\"648\" data-end=\"724\">Dise\u00f1o did\u00e1ctico y port\u00e1til con <strong data-start=\"680\" data-end=\"722\">cubierta acolchada y manija resistente<\/strong><\/p>\n<\/li>\n<li data-start=\"725\" data-end=\"824\">\n<p data-start=\"727\" data-end=\"824\">Historias breves, f\u00e1ciles de entender, ideales para devocionales familiares o Escuela Dominical<\/p>\n<\/li>\n<li data-start=\"825\" data-end=\"900\">\n<p data-start=\"827\" data-end=\"900\">Ense\u00f1a valores como la fidelidad, el amor, el poder y la gracia de Dios<\/p>\n<\/li>\n<li data-start=\"901\" data-end=\"978\">\n<p data-start=\"903\" data-end=\"978\">Ilustraciones a todo color que estimulan la imaginaci\u00f3n de los m\u00e1s peque\u00f1os<\/p>\n<\/li>\n<li data-start=\"901\" data-end=\"978\">Hojas en Cart\u00f3n<\/li>\n<\/ul>\n<p data-start=\"980\" data-end=\"1192\">\ud83d\udcda Editorial: CLC<br data-start=\"997\" data-end=\"1000\" \/>\ud83d\udccf Dimensiones: 107 x 106 x 30 mm<br data-start=\"1033\" data-end=\"1036\" \/>\ud83d\udce6 Peso: 556 g<br data-start=\"1050\" data-end=\"1053\" \/>\ud83d\udcd5 Cubierta: Acolchada con manija pl\u00e1stica<br data-start=\"1095\" data-end=\"1098\" \/>\ud83d\udcc5 Fecha de lanzamiento: 7 de diciembre de 2017<br data-start=\"1145\" data-end=\"1148\" \/>\ud83d\udcd7 ISBN: 9788792105080<br data-start=\"1170\" data-end=\"1173\" \/>\ud83d\udde3\ufe0f Idioma: Espa\u00f1ol<\/p>\n<hr data-start=\"1194\" data-end=\"1197\" \/>\n<p data-start=\"1199\" data-end=\"1337\">\ud83c\udf81 Ideal como regalo para primeras etapas de aprendizaje b\u00edblico, para leer antes de dormir o compartir en momentos especiales en familia.<\/p>\n","protected":false},"excerpt":{"rendered":"<p>Biblia ilustrada con manilla introduce a los ni\u00f1os en las historias m\u00e1s importantes de la Palabra de Dios, a trav\u00e9s de relatos sencillos, coloridos.<\/p>\n","protected":false},"featured_media":1140,"comment_status":"open","ping_status":"closed","template":"","meta":{"_monsterinsights_skip_tracking":false,"_monsterinsights_sitenote_active":false,"_monsterinsights_sitenote_note":"","_monsterinsights_sitenote_category":0,"site-sidebar-layout":"default","site-content-layout":"","ast-site-content-layout":"default","site-content-style":"default","site-sidebar-style":"default","ast-global-header-display":"","ast-banner-title-visibility":"","ast-main-header-display":"","ast-hfb-above-header-display":"","ast-hfb-below-header-display":"","ast-hfb-mobile-header-display":"","site-post-title":"","ast-breadcrumbs-content":"","ast-featured-img":"","footer-sml-layout":"","ast-disable-related-posts":"","theme-transparent-header-meta":"default","adv-header-id-meta":"","stick-header-meta":"","header-above-stick-meta":"","header-main-stick-meta":"","header-below-stick-meta":"","astra-migrate-meta-layouts":"set","ast-page-background-enabled":"default","ast-page-background-meta":{"desktop":{"background-color":"var(--ast-global-color-4)","background-image":"","background-repeat":"repeat","background-position":"center center","background-size":"auto","background-attachment":"scroll","background-type":"","background-media":"","overlay-type":"","overlay-color":"","overlay-opacity":"","overlay-gradient":""},"tablet":{"background-color":"","background-image":"","background-repeat":"repeat","background-position":"center center","background-size":"auto","background-attachment":"scroll","background-type":"","background-media":"","overlay-type":"","overlay-color":"","overlay-opacity":"","overlay-gradient":""},"mobile":{"background-color":"","background-image":"","background-repeat":"repeat","background-position":"center center","background-size":"auto","background-attachment":"scroll","background-type":"","background-media":"","overlay-type":"","overlay-color":"","overlay-opacity":"","overlay-gradient":""}},"ast-content-background-meta":{"desktop":{"background-color":"var(--ast-global-color-5)","background-image":"","background-repeat":"repeat","background-position":"center center","background-size":"auto","background-attachment":"scroll","background-type":"","background-media":"","overlay-type":"","overlay-color":"","overlay-opacity":"","overlay-gradient":""},"tablet":{"background-color":"var(--ast-global-color-5)","background-image":"","background-repeat":"repeat","background-position":"center center","background-size":"auto","background-attachment":"scroll","background-type":"","background-media":"","overlay-type":"","overlay-color":"","overlay-opacity":"","overlay-gradient":""},"mobile":{"background-color":"var(--ast-global-color-5)","background-image":"","background-repeat":"repeat","background-position":"center center","background-size":"auto","background-attachment":"scroll","background-type":"","background-media":"","overlay-type":"","overlay-color":"","overlay-opacity":"","overlay-gradient":""}}},"product_brand":[],"product_cat":[20,32,41],"product_tag":[],"class_list":{"0":"post-195","1":"product","2":"type-product","3":"status-publish","4":"has-post-thumbnail","6":"product_cat-biblias","7":"product_cat-pre-escolar-3-5-anos","8":"product_cat-tf","9":"desktop-align-left","10":"tablet-align-left","11":"mobile-align-left","13":"first","14":"instock","15":"taxable","16":"shipping-taxable","17":"purchasable","18":"product-type-simple"},"aioseo_notices":[],"jetpack_sharing_enabled":true,"_links":{"self":[{"href":"https:\/\/bibliakids247.com\/index.php?rest_route=\/wp\/v2\/product\/195","targetHints":{"allow":["GET"]}}],"collection":[{"href":"https:\/\/bibliakids247.com\/index.php?rest_route=\/wp\/v2\/product"}],"about":[{"href":"https:\/\/bibliakids247.com\/index.php?rest_route=\/wp\/v2\/types\/product"}],"replies":[{"embeddable":true,"href":"https:\/\/bibliakids247.com\/index.php?rest_route=%2Fwp%2Fv2%2Fcomments&post=195"}],"wp:featuredmedia":[{"embeddable":true,"href":"https:\/\/bibliakids247.com\/index.php?rest_route=\/wp\/v2\/media\/1140"}],"wp:attachment":[{"href":"https:\/\/bibliakids247.com\/index.php?rest_route=%2Fwp%2Fv2%2Fmedia&parent=195"}],"wp:term":[{"taxonomy":"product_brand","embeddable":true,"href":"https:\/\/bibliakids247.com\/index.php?rest_route=%2Fwp%2Fv2%2Fproduct_brand&post=195"},{"taxonomy":"product_cat","embeddable":true,"href":"https:\/\/bibliakids247.com\/index.php?rest_route=%2Fwp%2Fv2%2Fproduct_cat&post=195"},{"taxonomy":"product_tag","embeddable":true,"href":"https:\/\/bibliakids247.com\/index.php?rest_route=%2Fwp%2Fv2%2Fproduct_tag&post=195"}],"curies":[{"name":"wp","href":"https:\/\/api.w.org\/{rel}","templated":true}]}}