{"id":198,"date":"2024-03-02T14:06:46","date_gmt":"2024-03-02T19:06:46","guid":{"rendered":"https:\/\/bibliakids247.com\/?post_type=product&#038;p=198"},"modified":"2026-03-01T11:07:01","modified_gmt":"2026-03-01T16:07:01","slug":"mi-tiempo-con-dios-para-ninos-devocional","status":"publish","type":"product","link":"https:\/\/bibliakids247.com\/?product=mi-tiempo-con-dios-para-ninos-devocional","title":{"rendered":"Mi Tiempo Con Dios Para Ni\u00f1os &#8211; Devocional 365 d\u00edas"},"content":{"rendered":"<div class=\"ast-oembed-container \" style=\"height: 100%;\"><iframe title=\"Mi Tiempo Con Dios Para Ni\u00f1os\" width=\"500\" height=\"281\" src=\"https:\/\/www.youtube.com\/embed\/Vv1bvErqbmw?feature=oembed\" frameborder=\"0\" allow=\"accelerometer; autoplay; clipboard-write; encrypted-media; gyroscope; picture-in-picture; web-share\" referrerpolicy=\"strict-origin-when-cross-origin\" allowfullscreen><\/iframe><\/div>\n<h2 data-start=\"192\" data-end=\"229\">\ud83d\udcd8 Mi tiempo con Dios para ni\u00f1os<\/h2>\n<p data-start=\"230\" data-end=\"261\"><strong data-start=\"230\" data-end=\"261\">Devocional cristiano diario<\/strong><\/p>\n<p data-start=\"263\" data-end=\"593\"><strong data-start=\"263\" data-end=\"296\">Mi tiempo con Dios para ni\u00f1os<\/strong> es un hermoso libro devocional creado especialmente para acompa\u00f1ar a los ni\u00f1os en su <strong data-start=\"382\" data-end=\"405\">camino diario de fe<\/strong>. A trav\u00e9s de mensajes sencillos y llenos de amor, cada devoci\u00f3n ense\u00f1a que <strong data-start=\"481\" data-end=\"532\">Dios es bueno, cari\u00f1oso y siempre est\u00e1 presente<\/strong>, usando un lenguaje f\u00e1cil de entender para los m\u00e1s peque\u00f1os.<\/p>\n<p data-start=\"595\" data-end=\"860\">Este libro ayuda a los ni\u00f1os a descubrir que <strong data-start=\"640\" data-end=\"683\">Dios los cre\u00f3 con un prop\u00f3sito especial<\/strong> y que no hay nadie como ellos. Al pasar tiempo con Dios, aprender\u00e1n a reconocer Su amor y a disfrutar momentos de oraci\u00f3n que llenan su coraz\u00f3n, mente y esp\u00edritu de gozo y paz.<\/p>\n<p data-start=\"862\" data-end=\"1039\">Las devociones est\u00e1n dise\u00f1adas para fortalecer la relaci\u00f3n personal del ni\u00f1o con Dios, fomentando desde temprana edad el <strong data-start=\"983\" data-end=\"1038\">h\u00e1bito diario de la oraci\u00f3n y la lectura espiritual<\/strong>.<\/p>\n<hr data-start=\"1041\" data-end=\"1044\" \/>\n<h3 data-start=\"1046\" data-end=\"1080\">\u2728 \u00bfQu\u00e9 ofrece este devocional?<\/h3>\n<ul data-start=\"1081\" data-end=\"1374\">\n<li data-start=\"1081\" data-end=\"1137\">\n<p data-start=\"1083\" data-end=\"1137\">\ud83d\udcd6 Devociones diarias claras y f\u00e1ciles de comprender<\/p>\n<\/li>\n<li data-start=\"1138\" data-end=\"1190\">\n<p data-start=\"1140\" data-end=\"1190\">\ud83d\udc9b Ense\u00f1anzas sobre el amor y el cuidado de Dios<\/p>\n<\/li>\n<li data-start=\"1191\" data-end=\"1249\">\n<p data-start=\"1193\" data-end=\"1249\">\ud83d\ude4f Fomenta el h\u00e1bito de pasar tiempo con Dios cada d\u00eda<\/p>\n<\/li>\n<li data-start=\"1250\" data-end=\"1312\">\n<p data-start=\"1252\" data-end=\"1312\">\ud83c\udf31 Fortalece la identidad del ni\u00f1o como hijo amado de Dios<\/p>\n<\/li>\n<li data-start=\"1313\" data-end=\"1374\">\n<p data-start=\"1315\" data-end=\"1374\">\ud83d\udc68\u200d\ud83d\udc69\u200d\ud83d\udc67 Ideal para leer de forma individual o en familia<\/p>\n<\/li>\n<\/ul>\n<hr data-start=\"1376\" data-end=\"1379\" \/>\n<h3 data-start=\"1381\" data-end=\"1406\">\ud83d\udc67\ud83d\udc66 Edad recomendada<\/h3>\n<ul data-start=\"1407\" data-end=\"1435\">\n<li data-start=\"1407\" data-end=\"1435\">\n<p data-start=\"1409\" data-end=\"1435\"><strong data-start=\"1409\" data-end=\"1433\">Ni\u00f1os de 6 a 10 a\u00f1os<\/strong><\/p>\n<\/li>\n<\/ul>\n<hr data-start=\"1437\" data-end=\"1440\" \/>\n<h3 data-start=\"1442\" data-end=\"1472\">\ud83c\udf81 Ideal como regalo para:<\/h3>\n<p data-start=\"1473\" data-end=\"1574\">\ud83c\udf84 Navidad<br data-start=\"1483\" data-end=\"1486\" \/>\ud83c\udf82 Cumplea\u00f1os<br data-start=\"1499\" data-end=\"1502\" \/>\u271d\ufe0f Bautismos<br data-start=\"1514\" data-end=\"1517\" \/>\ud83c\udf93 Regreso al colegio<br data-start=\"1538\" data-end=\"1541\" \/>\ud83d\ude4f Premios de escuela dominical<\/p>\n<hr data-start=\"1576\" data-end=\"1579\" \/>\n<h3 data-start=\"1581\" data-end=\"1609\">\ud83d\udcda Detalles del producto<\/h3>\n<ul data-start=\"1610\" data-end=\"1720\">\n<li data-start=\"1610\" data-end=\"1637\">\n<p data-start=\"1612\" data-end=\"1637\"><strong data-start=\"1612\" data-end=\"1621\">ISBN:<\/strong> 9781424563623<\/p>\n<\/li>\n<li data-start=\"1638\" data-end=\"1661\">\n<p data-start=\"1640\" data-end=\"1661\"><strong data-start=\"1640\" data-end=\"1651\">Idioma:<\/strong> Espa\u00f1ol<\/p>\n<\/li>\n<li data-start=\"1662\" data-end=\"1689\">\n<p data-start=\"1664\" data-end=\"1689\"><strong data-start=\"1664\" data-end=\"1677\">Cubierta:<\/strong> Tapa dura<\/p>\n<\/li>\n<li data-start=\"1690\" data-end=\"1720\">\n<p data-start=\"1692\" data-end=\"1720\"><strong data-start=\"1692\" data-end=\"1714\">N\u00famero de p\u00e1ginas:<\/strong> 384<\/p>\n<\/li>\n<\/ul>\n<hr data-start=\"1722\" data-end=\"1725\" \/>\n<p data-start=\"1727\" data-end=\"1881\">\ud83d\udc9b <strong data-start=\"1730\" data-end=\"1763\">Mi tiempo con Dios para ni\u00f1os<\/strong> es una invitaci\u00f3n diaria para que los peque\u00f1os descubran que hablar con Dios es algo cercano, alegre y lleno de amor.<\/p>\n","protected":false},"excerpt":{"rendered":"<p><strong data-start=\"263\" data-end=\"296\">Mi tiempo con Dios para ni\u00f1os<\/strong> es un hermoso libro devocional creado especialmente para acompa\u00f1ar a los ni\u00f1os en su <strong data-start=\"382\" data-end=\"405\">camino diario de fe<\/strong>.<\/p>\n","protected":false},"featured_media":1566,"comment_status":"open","ping_status":"closed","template":"","meta":{"_monsterinsights_skip_tracking":false,"_monsterinsights_sitenote_active":false,"_monsterinsights_sitenote_note":"","_monsterinsights_sitenote_category":0,"site-sidebar-layout":"default","site-content-layout":"","ast-site-content-layout":"default","site-content-style":"default","site-sidebar-style":"default","ast-global-header-display":"","ast-banner-title-visibility":"","ast-main-header-display":"","ast-hfb-above-header-display":"","ast-hfb-below-header-display":"","ast-hfb-mobile-header-display":"","site-post-title":"","ast-breadcrumbs-content":"","ast-featured-img":"","footer-sml-layout":"","ast-disable-related-posts":"","theme-transparent-header-meta":"default","adv-header-id-meta":"","stick-header-meta":"","header-above-stick-meta":"","header-main-stick-meta":"","header-below-stick-meta":"","astra-migrate-meta-layouts":"set","ast-page-background-enabled":"default","ast-page-background-meta":{"desktop":{"background-color":"var(--ast-global-color-4)","background-image":"","background-repeat":"repeat","background-position":"center center","background-size":"auto","background-attachment":"scroll","background-type":"","background-media":"","overlay-type":"","overlay-color":"","overlay-opacity":"","overlay-gradient":""},"tablet":{"background-color":"","background-image":"","background-repeat":"repeat","background-position":"center center","background-size":"auto","background-attachment":"scroll","background-type":"","background-media":"","overlay-type":"","overlay-color":"","overlay-opacity":"","overlay-gradient":""},"mobile":{"background-color":"","background-image":"","background-repeat":"repeat","background-position":"center center","background-size":"auto","background-attachment":"scroll","background-type":"","background-media":"","overlay-type":"","overlay-color":"","overlay-opacity":"","overlay-gradient":""}},"ast-content-background-meta":{"desktop":{"background-color":"var(--ast-global-color-5)","background-image":"","background-repeat":"repeat","background-position":"center center","background-size":"auto","background-attachment":"scroll","background-type":"","background-media":"","overlay-type":"","overlay-color":"","overlay-opacity":"","overlay-gradient":""},"tablet":{"background-color":"var(--ast-global-color-5)","background-image":"","background-repeat":"repeat","background-position":"center center","background-size":"auto","background-attachment":"scroll","background-type":"","background-media":"","overlay-type":"","overlay-color":"","overlay-opacity":"","overlay-gradient":""},"mobile":{"background-color":"var(--ast-global-color-5)","background-image":"","background-repeat":"repeat","background-position":"center center","background-size":"auto","background-attachment":"scroll","background-type":"","background-media":"","overlay-type":"","overlay-color":"","overlay-opacity":"","overlay-gradient":""}}},"product_brand":[],"product_cat":[22,37,21,41],"product_tag":[],"class_list":{"0":"post-198","1":"product","2":"type-product","3":"status-publish","4":"has-post-thumbnail","6":"product_cat-devocionales","7":"product_cat-escolar-6-a-11-anos","8":"product_cat-libros","9":"product_cat-tf","10":"desktop-align-left","11":"tablet-align-left","12":"mobile-align-left","14":"first","15":"instock","16":"taxable","17":"shipping-taxable","18":"purchasable","19":"product-type-simple"},"aioseo_notices":[],"jetpack_sharing_enabled":true,"_links":{"self":[{"href":"https:\/\/bibliakids247.com\/index.php?rest_route=\/wp\/v2\/product\/198","targetHints":{"allow":["GET"]}}],"collection":[{"href":"https:\/\/bibliakids247.com\/index.php?rest_route=\/wp\/v2\/product"}],"about":[{"href":"https:\/\/bibliakids247.com\/index.php?rest_route=\/wp\/v2\/types\/product"}],"replies":[{"embeddable":true,"href":"https:\/\/bibliakids247.com\/index.php?rest_route=%2Fwp%2Fv2%2Fcomments&post=198"}],"wp:featuredmedia":[{"embeddable":true,"href":"https:\/\/bibliakids247.com\/index.php?rest_route=\/wp\/v2\/media\/1566"}],"wp:attachment":[{"href":"https:\/\/bibliakids247.com\/index.php?rest_route=%2Fwp%2Fv2%2Fmedia&parent=198"}],"wp:term":[{"taxonomy":"product_brand","embeddable":true,"href":"https:\/\/bibliakids247.com\/index.php?rest_route=%2Fwp%2Fv2%2Fproduct_brand&post=198"},{"taxonomy":"product_cat","embeddable":true,"href":"https:\/\/bibliakids247.com\/index.php?rest_route=%2Fwp%2Fv2%2Fproduct_cat&post=198"},{"taxonomy":"product_tag","embeddable":true,"href":"https:\/\/bibliakids247.com\/index.php?rest_route=%2Fwp%2Fv2%2Fproduct_tag&post=198"}],"curies":[{"name":"wp","href":"https:\/\/api.w.org\/{rel}","templated":true}]}}