{"id":206,"date":"2024-03-02T14:10:09","date_gmt":"2024-03-02T19:10:09","guid":{"rendered":"https:\/\/bibliakids247.com\/?post_type=product&#038;p=206"},"modified":"2026-02-08T15:18:14","modified_gmt":"2026-02-08T20:18:14","slug":"la-biblia-pequenos-heroes","status":"publish","type":"product","link":"https:\/\/bibliakids247.com\/?product=la-biblia-pequenos-heroes","title":{"rendered":"La Biblia Peque\u00f1os Heroes"},"content":{"rendered":"<h3 data-start=\"206\" data-end=\"250\">\ud83c\udf1f La Biblia Peque\u00f1os H\u00e9roes \u2013 Tapa Dura<\/h3>\n<p>&nbsp;<\/p>\n<p data-start=\"252\" data-end=\"570\"><strong data-start=\"252\" data-end=\"323\">Una historia cada semana, un h\u00e9roe de fe, y un encuentro con Jes\u00fas.<\/strong><br data-start=\"323\" data-end=\"326\" \/>Dise\u00f1ada para inspirar a los ni\u00f1os con los grandes h\u00e9roes de la fe, esta Biblia los conecta con la Palabra de Dios de forma pr\u00e1ctica, visual y divertida. Cada historia apunta directamente a Jes\u00fas como el centro de la Biblia y de nuestras vidas.<\/p>\n<p data-start=\"572\" data-end=\"614\">\ud83d\udc67\ud83e\uddd2 <strong data-start=\"577\" data-end=\"597\">Edad recomendada<\/strong>: <strong data-start=\"599\" data-end=\"614\">5 a 10 a\u00f1os<\/strong><\/p>\n<p data-start=\"616\" data-end=\"631\">\ud83d\udcd6 <strong data-start=\"619\" data-end=\"630\">Incluye<\/strong>:<\/p>\n<ul data-start=\"632\" data-end=\"1063\">\n<li data-start=\"632\" data-end=\"694\">\n<p data-start=\"634\" data-end=\"694\">\ud83d\udcc6 <strong data-start=\"637\" data-end=\"662\">52 historias b\u00edblicas<\/strong>: una para cada semana del a\u00f1o<\/p>\n<\/li>\n<li data-start=\"695\" data-end=\"765\">\n<p data-start=\"697\" data-end=\"765\">\u271d\ufe0f Todas las historias hacen referencia a <strong data-start=\"739\" data-end=\"763\">Jes\u00fas como el centro<\/strong><\/p>\n<\/li>\n<li data-start=\"766\" data-end=\"834\">\n<p data-start=\"768\" data-end=\"834\">\ud83c\udfaf Estilo narrativo claro, emocionante y con aplicaci\u00f3n pr\u00e1ctica<\/p>\n<\/li>\n<li data-start=\"835\" data-end=\"883\">\n<p data-start=\"837\" data-end=\"883\">\ud83c\udfa8 <strong data-start=\"840\" data-end=\"852\">Stickers<\/strong> incluidos para cada historia<\/p>\n<\/li>\n<li data-start=\"884\" data-end=\"965\">\n<p data-start=\"886\" data-end=\"965\">\ud83e\udde9 Funciona perfectamente con el <strong data-start=\"919\" data-end=\"963\">Devocional para Familias Peque\u00f1os H\u00e9roes<\/strong><\/p>\n<\/li>\n<li data-start=\"966\" data-end=\"1063\">\n<p data-start=\"968\" data-end=\"1063\">\ud83c\udfeb Compatible con el curr\u00edculo \u201cJes\u00fas en el Tiempo\u201d (ideal para escuela dominical e iglesias)<\/p>\n<\/li>\n<\/ul>\n<p data-start=\"1065\" data-end=\"1287\">\ud83d\udcda Editorial: \u2013<br data-start=\"1080\" data-end=\"1083\" \/>\ud83d\udccf Dimensiones: 172 x 248 mm<br data-start=\"1111\" data-end=\"1114\" \/>\ud83d\udce6 Peso: 1.118 kg<br data-start=\"1131\" data-end=\"1134\" \/>\ud83d\udcc4 P\u00e1ginas: 312<br data-start=\"1149\" data-end=\"1152\" \/>\ud83d\udcd5 Cubierta: Tapa dura colorida y llamativa<br data-start=\"1195\" data-end=\"1198\" \/>\ud83d\udcc5 Fecha de lanzamiento: 7 de mayo de 2019<br data-start=\"1240\" data-end=\"1243\" \/>\ud83d\udcd7 ISBN: 9781684548095<br data-start=\"1265\" data-end=\"1268\" \/>\ud83d\udde3\ufe0f Idioma: Espa\u00f1ol<\/p>\n<hr data-start=\"1289\" data-end=\"1292\" \/>\n<p data-start=\"1294\" data-end=\"1414\">\ud83c\udf81 Ideal para usar en casa, en el colegio o en la iglesia. \u00a1Haz de Jes\u00fas el centro de tu familia, una historia a la vez!<\/p>\n","protected":false},"excerpt":{"rendered":"<p>Edad: <strong data-start=\"599\" data-end=\"614\">5 a 10 a\u00f1os<\/strong><\/p>\n","protected":false},"featured_media":215,"comment_status":"open","ping_status":"closed","template":"","meta":{"_monsterinsights_skip_tracking":false,"_monsterinsights_sitenote_active":false,"_monsterinsights_sitenote_note":"","_monsterinsights_sitenote_category":0,"site-sidebar-layout":"default","site-content-layout":"","ast-site-content-layout":"default","site-content-style":"default","site-sidebar-style":"default","ast-global-header-display":"","ast-banner-title-visibility":"","ast-main-header-display":"","ast-hfb-above-header-display":"","ast-hfb-below-header-display":"","ast-hfb-mobile-header-display":"","site-post-title":"","ast-breadcrumbs-content":"","ast-featured-img":"","footer-sml-layout":"","ast-disable-related-posts":"","theme-transparent-header-meta":"default","adv-header-id-meta":"","stick-header-meta":"","header-above-stick-meta":"","header-main-stick-meta":"","header-below-stick-meta":"","astra-migrate-meta-layouts":"set","ast-page-background-enabled":"default","ast-page-background-meta":{"desktop":{"background-color":"var(--ast-global-color-4)","background-image":"","background-repeat":"repeat","background-position":"center center","background-size":"auto","background-attachment":"scroll","background-type":"","background-media":"","overlay-type":"","overlay-color":"","overlay-opacity":"","overlay-gradient":""},"tablet":{"background-color":"","background-image":"","background-repeat":"repeat","background-position":"center center","background-size":"auto","background-attachment":"scroll","background-type":"","background-media":"","overlay-type":"","overlay-color":"","overlay-opacity":"","overlay-gradient":""},"mobile":{"background-color":"","background-image":"","background-repeat":"repeat","background-position":"center center","background-size":"auto","background-attachment":"scroll","background-type":"","background-media":"","overlay-type":"","overlay-color":"","overlay-opacity":"","overlay-gradient":""}},"ast-content-background-meta":{"desktop":{"background-color":"var(--ast-global-color-5)","background-image":"","background-repeat":"repeat","background-position":"center center","background-size":"auto","background-attachment":"scroll","background-type":"","background-media":"","overlay-type":"","overlay-color":"","overlay-opacity":"","overlay-gradient":""},"tablet":{"background-color":"var(--ast-global-color-5)","background-image":"","background-repeat":"repeat","background-position":"center center","background-size":"auto","background-attachment":"scroll","background-type":"","background-media":"","overlay-type":"","overlay-color":"","overlay-opacity":"","overlay-gradient":""},"mobile":{"background-color":"var(--ast-global-color-5)","background-image":"","background-repeat":"repeat","background-position":"center center","background-size":"auto","background-attachment":"scroll","background-type":"","background-media":"","overlay-type":"","overlay-color":"","overlay-opacity":"","overlay-gradient":""}}},"product_brand":[],"product_cat":[20,33,41],"product_tag":[],"class_list":{"0":"post-206","1":"product","2":"type-product","3":"status-publish","4":"has-post-thumbnail","6":"product_cat-biblias","7":"product_cat-escolar-6-11-anos","8":"product_cat-tf","9":"desktop-align-left","10":"tablet-align-left","11":"mobile-align-left","13":"first","14":"instock","15":"taxable","16":"shipping-taxable","17":"purchasable","18":"product-type-simple"},"aioseo_notices":[],"jetpack_sharing_enabled":true,"_links":{"self":[{"href":"https:\/\/bibliakids247.com\/index.php?rest_route=\/wp\/v2\/product\/206","targetHints":{"allow":["GET"]}}],"collection":[{"href":"https:\/\/bibliakids247.com\/index.php?rest_route=\/wp\/v2\/product"}],"about":[{"href":"https:\/\/bibliakids247.com\/index.php?rest_route=\/wp\/v2\/types\/product"}],"replies":[{"embeddable":true,"href":"https:\/\/bibliakids247.com\/index.php?rest_route=%2Fwp%2Fv2%2Fcomments&post=206"}],"wp:featuredmedia":[{"embeddable":true,"href":"https:\/\/bibliakids247.com\/index.php?rest_route=\/wp\/v2\/media\/215"}],"wp:attachment":[{"href":"https:\/\/bibliakids247.com\/index.php?rest_route=%2Fwp%2Fv2%2Fmedia&parent=206"}],"wp:term":[{"taxonomy":"product_brand","embeddable":true,"href":"https:\/\/bibliakids247.com\/index.php?rest_route=%2Fwp%2Fv2%2Fproduct_brand&post=206"},{"taxonomy":"product_cat","embeddable":true,"href":"https:\/\/bibliakids247.com\/index.php?rest_route=%2Fwp%2Fv2%2Fproduct_cat&post=206"},{"taxonomy":"product_tag","embeddable":true,"href":"https:\/\/bibliakids247.com\/index.php?rest_route=%2Fwp%2Fv2%2Fproduct_tag&post=206"}],"curies":[{"name":"wp","href":"https:\/\/api.w.org\/{rel}","templated":true}]}}