{"id":301,"date":"2024-03-03T12:42:31","date_gmt":"2024-03-03T17:42:31","guid":{"rendered":"https:\/\/bibliakids247.com\/?post_type=product&#038;p=301"},"modified":"2026-02-12T22:19:25","modified_gmt":"2026-02-13T03:19:25","slug":"biblia-de-historias-para-ninos-las-grandes-promesas-de-dios","status":"publish","type":"product","link":"https:\/\/bibliakids247.com\/?product=biblia-de-historias-para-ninos-las-grandes-promesas-de-dios","title":{"rendered":"Biblia de Historias para Ni\u00f1os \u2013 Las Grandes Promesas de Dios"},"content":{"rendered":"<div>\n<div class=\"ast-oembed-container \" style=\"height: 100%;\"><iframe title=\"Biblia de Historias para Ni\u00f1os - Las grandes Promesas de Dios\" width=\"500\" height=\"281\" src=\"https:\/\/www.youtube.com\/embed\/10Qs7U6_m3s?feature=oembed\" frameborder=\"0\" allow=\"accelerometer; autoplay; clipboard-write; encrypted-media; gyroscope; picture-in-picture; web-share\" referrerpolicy=\"strict-origin-when-cross-origin\" allowfullscreen><\/iframe><\/div>\n<\/div>\n<div><\/div>\n<div>\n<p data-start=\"275\" data-end=\"395\">\ud83d\udcd8 <strong data-start=\"278\" data-end=\"343\">Biblia de Historias para Ni\u00f1os \u2013 Las Grandes Promesas de Dios<\/strong><br data-start=\"343\" data-end=\"346\" \/><strong data-start=\"346\" data-end=\"395\">92 historias. 1 gran promesa cumplida: Jes\u00fas.<\/strong><\/p>\n<p data-start=\"397\" data-end=\"712\">Esta hermosa Biblia de historias acompa\u00f1a a los ni\u00f1os a trav\u00e9s de toda la narrativa de la Biblia, ayud\u00e1ndoles a descubrir que <strong data-start=\"523\" data-end=\"559\">Dios siempre cumple sus promesas<\/strong>. Con ilustraciones vibrantes y textos cuidadosamente redactados, los peque\u00f1os conocer\u00e1n el mensaje central de la Biblia desde G\u00e9nesis hasta Apocalipsis.<\/p>\n<hr data-start=\"714\" data-end=\"717\" \/>\n<p data-start=\"719\" data-end=\"844\">\ud83d\udc67\ud83d\udc66 <strong data-start=\"724\" data-end=\"745\">Edad recomendada:<\/strong><br data-start=\"745\" data-end=\"748\" \/><strong data-start=\"748\" data-end=\"765\">De 4 a 9 a\u00f1os<\/strong> \u2013 Perfecta para leer en familia o para ni\u00f1os que empiezan a leer por s\u00ed solos.<\/p>\n<hr data-start=\"846\" data-end=\"849\" \/>\n<h3 data-start=\"851\" data-end=\"884\">\ud83c\udf1f <strong data-start=\"858\" data-end=\"884\">Beneficios destacados:<\/strong><\/h3>\n<ul data-start=\"886\" data-end=\"1444\">\n<li data-start=\"886\" data-end=\"977\">\n<p data-start=\"888\" data-end=\"977\">\u2728 <strong data-start=\"890\" data-end=\"914\">Incluye 92 historias<\/strong> conectadas en una narrativa coherente de promesas cumplidas.<\/p>\n<\/li>\n<li data-start=\"978\" data-end=\"1060\">\n<p data-start=\"980\" data-end=\"1060\">\ud83c\udfa8 <strong data-start=\"983\" data-end=\"1011\">Ilustraciones llamativas<\/strong> que capturan la atenci\u00f3n y transmiten emoci\u00f3n.<\/p>\n<\/li>\n<li data-start=\"1061\" data-end=\"1187\">\n<p data-start=\"1063\" data-end=\"1187\">\ud83d\udcd6 <strong data-start=\"1066\" data-end=\"1103\">Organizada por secciones b\u00edblicas<\/strong>: Pentateuco, Historia, Poes\u00eda, Profetas, Evangelios, Hechos, Cartas, Apocalipsis.<\/p>\n<\/li>\n<li data-start=\"1188\" data-end=\"1259\">\n<p data-start=\"1190\" data-end=\"1259\">\ud83d\udcac <strong data-start=\"1193\" data-end=\"1222\">Lenguaje claro y amigable<\/strong>, ideal para ni\u00f1os en edad escolar.<\/p>\n<\/li>\n<li data-start=\"1260\" data-end=\"1366\">\n<p data-start=\"1262\" data-end=\"1366\">\u2764\ufe0f <strong data-start=\"1265\" data-end=\"1309\">Refuerza la fe y el conocimiento b\u00edblico<\/strong> al conectar historias con el prop\u00f3sito eterno de Dios.<\/p>\n<\/li>\n<li data-start=\"1367\" data-end=\"1444\">\n<p data-start=\"1369\" data-end=\"1444\">\ud83c\udf81 Perfecta como regalo de cumplea\u00f1os, Navidad o inicio de clases b\u00edblicas.<\/p>\n<\/li>\n<\/ul>\n<hr data-start=\"1446\" data-end=\"1449\" \/>\n<h3 data-start=\"1451\" data-end=\"1476\">\ud83d\udcd0 <strong data-start=\"1458\" data-end=\"1476\">Ficha t\u00e9cnica:<\/strong><\/h3>\n<ul data-start=\"1478\" data-end=\"1730\">\n<li data-start=\"1478\" data-end=\"1508\">\n<p data-start=\"1480\" data-end=\"1508\">\ud83c\udd94 <strong data-start=\"1483\" data-end=\"1491\">ISBN<\/strong>: 9781955182690<\/p>\n<\/li>\n<li data-start=\"1509\" data-end=\"1537\">\n<p data-start=\"1511\" data-end=\"1537\">\ud83c\udfe2 <strong data-start=\"1514\" data-end=\"1527\">Editorial<\/strong>: Poiema<\/p>\n<\/li>\n<li data-start=\"1538\" data-end=\"1577\">\n<p data-start=\"1540\" data-end=\"1577\">\ud83d\udccf <strong data-start=\"1543\" data-end=\"1553\">Tama\u00f1o<\/strong>: 16.5 x 19.6 x 3.1 cm<\/p>\n<\/li>\n<li data-start=\"1578\" data-end=\"1600\">\n<p data-start=\"1580\" data-end=\"1600\">\u2696\ufe0f <strong data-start=\"1583\" data-end=\"1591\">Peso<\/strong>: 959 g<\/p>\n<\/li>\n<li data-start=\"1601\" data-end=\"1624\">\n<p data-start=\"1603\" data-end=\"1624\">\ud83d\udcc4 <strong data-start=\"1606\" data-end=\"1617\">P\u00e1ginas<\/strong>: 416<\/p>\n<\/li>\n<li data-start=\"1625\" data-end=\"1672\">\n<p data-start=\"1627\" data-end=\"1672\">\ud83d\udcc5 <strong data-start=\"1630\" data-end=\"1645\">Lanzamiento<\/strong>: 19 de diciembre de 2023<\/p>\n<\/li>\n<li data-start=\"1673\" data-end=\"1703\">\n<p data-start=\"1675\" data-end=\"1703\">\ud83d\udcda <strong data-start=\"1678\" data-end=\"1690\">Cubierta<\/strong>: Tapa dura<\/p>\n<\/li>\n<li data-start=\"1704\" data-end=\"1730\">\n<p data-start=\"1706\" data-end=\"1730\">\ud83d\udcac <strong data-start=\"1709\" data-end=\"1719\">Idioma<\/strong>: Espa\u00f1ol<\/p>\n<\/li>\n<\/ul>\n<hr data-start=\"1732\" data-end=\"1735\" \/>\n<p data-start=\"1737\" data-end=\"1843\">\ud83d\udcd6 <strong data-start=\"1740\" data-end=\"1843\">Una Biblia que ayuda a los ni\u00f1os a ver que cada historia apunta a Jes\u00fas, la mayor promesa de todas.<\/strong><\/p>\n<\/div>\n","protected":false},"excerpt":{"rendered":"<p>Biblia de historias acompa\u00f1a a los ni\u00f1os a trav\u00e9s de toda la narrativa de la Biblia, ayud\u00e1ndoles a descubrir que <strong data-start=\"523\" data-end=\"559\">Dios siempre cumple sus promesas<\/strong>. Con ilustraciones vibrantes<\/p>\n","protected":false},"featured_media":1150,"comment_status":"open","ping_status":"closed","template":"","meta":{"_monsterinsights_skip_tracking":false,"_monsterinsights_sitenote_active":false,"_monsterinsights_sitenote_note":"","_monsterinsights_sitenote_category":0,"site-sidebar-layout":"default","site-content-layout":"","ast-site-content-layout":"default","site-content-style":"default","site-sidebar-style":"default","ast-global-header-display":"","ast-banner-title-visibility":"","ast-main-header-display":"","ast-hfb-above-header-display":"","ast-hfb-below-header-display":"","ast-hfb-mobile-header-display":"","site-post-title":"","ast-breadcrumbs-content":"","ast-featured-img":"","footer-sml-layout":"","ast-disable-related-posts":"","theme-transparent-header-meta":"default","adv-header-id-meta":"","stick-header-meta":"","header-above-stick-meta":"","header-main-stick-meta":"","header-below-stick-meta":"","astra-migrate-meta-layouts":"set","ast-page-background-enabled":"default","ast-page-background-meta":{"desktop":{"background-color":"var(--ast-global-color-4)","background-image":"","background-repeat":"repeat","background-position":"center center","background-size":"auto","background-attachment":"scroll","background-type":"","background-media":"","overlay-type":"","overlay-color":"","overlay-opacity":"","overlay-gradient":""},"tablet":{"background-color":"","background-image":"","background-repeat":"repeat","background-position":"center center","background-size":"auto","background-attachment":"scroll","background-type":"","background-media":"","overlay-type":"","overlay-color":"","overlay-opacity":"","overlay-gradient":""},"mobile":{"background-color":"","background-image":"","background-repeat":"repeat","background-position":"center center","background-size":"auto","background-attachment":"scroll","background-type":"","background-media":"","overlay-type":"","overlay-color":"","overlay-opacity":"","overlay-gradient":""}},"ast-content-background-meta":{"desktop":{"background-color":"var(--ast-global-color-5)","background-image":"","background-repeat":"repeat","background-position":"center center","background-size":"auto","background-attachment":"scroll","background-type":"","background-media":"","overlay-type":"","overlay-color":"","overlay-opacity":"","overlay-gradient":""},"tablet":{"background-color":"var(--ast-global-color-5)","background-image":"","background-repeat":"repeat","background-position":"center center","background-size":"auto","background-attachment":"scroll","background-type":"","background-media":"","overlay-type":"","overlay-color":"","overlay-opacity":"","overlay-gradient":""},"mobile":{"background-color":"var(--ast-global-color-5)","background-image":"","background-repeat":"repeat","background-position":"center center","background-size":"auto","background-attachment":"scroll","background-type":"","background-media":"","overlay-type":"","overlay-color":"","overlay-opacity":"","overlay-gradient":""}}},"product_brand":[],"product_cat":[20,33,32,41],"product_tag":[],"class_list":{"0":"post-301","1":"product","2":"type-product","3":"status-publish","4":"has-post-thumbnail","6":"product_cat-biblias","7":"product_cat-escolar-6-11-anos","8":"product_cat-pre-escolar-3-5-anos","9":"product_cat-tf","10":"desktop-align-left","11":"tablet-align-left","12":"mobile-align-left","14":"first","15":"instock","16":"taxable","17":"shipping-taxable","18":"purchasable","19":"product-type-simple"},"aioseo_notices":[],"jetpack_sharing_enabled":true,"_links":{"self":[{"href":"https:\/\/bibliakids247.com\/index.php?rest_route=\/wp\/v2\/product\/301","targetHints":{"allow":["GET"]}}],"collection":[{"href":"https:\/\/bibliakids247.com\/index.php?rest_route=\/wp\/v2\/product"}],"about":[{"href":"https:\/\/bibliakids247.com\/index.php?rest_route=\/wp\/v2\/types\/product"}],"replies":[{"embeddable":true,"href":"https:\/\/bibliakids247.com\/index.php?rest_route=%2Fwp%2Fv2%2Fcomments&post=301"}],"wp:featuredmedia":[{"embeddable":true,"href":"https:\/\/bibliakids247.com\/index.php?rest_route=\/wp\/v2\/media\/1150"}],"wp:attachment":[{"href":"https:\/\/bibliakids247.com\/index.php?rest_route=%2Fwp%2Fv2%2Fmedia&parent=301"}],"wp:term":[{"taxonomy":"product_brand","embeddable":true,"href":"https:\/\/bibliakids247.com\/index.php?rest_route=%2Fwp%2Fv2%2Fproduct_brand&post=301"},{"taxonomy":"product_cat","embeddable":true,"href":"https:\/\/bibliakids247.com\/index.php?rest_route=%2Fwp%2Fv2%2Fproduct_cat&post=301"},{"taxonomy":"product_tag","embeddable":true,"href":"https:\/\/bibliakids247.com\/index.php?rest_route=%2Fwp%2Fv2%2Fproduct_tag&post=301"}],"curies":[{"name":"wp","href":"https:\/\/api.w.org\/{rel}","templated":true}]}}