{"id":305,"date":"2024-03-03T12:48:12","date_gmt":"2024-03-03T17:48:12","guid":{"rendered":"https:\/\/bibliakids247.com\/?post_type=product&#038;p=305"},"modified":"2026-02-08T14:48:58","modified_gmt":"2026-02-08T19:48:58","slug":"biblia-de-los-pequenitos-bilingue","status":"publish","type":"product","link":"https:\/\/bibliakids247.com\/?product=biblia-de-los-pequenitos-bilingue","title":{"rendered":"La Biblia de los Peque\u00f1itos \/ The Toddler\u2019s Bible \u2013 Biling\u00fce"},"content":{"rendered":"<div class=\"ast-oembed-container \" style=\"height: 100%;\"><iframe title=\"La Biblia de los Peque\u00f1itos - Biling\u00fce\" width=\"500\" height=\"281\" src=\"https:\/\/www.youtube.com\/embed\/dwmj454EKxc?feature=oembed\" frameborder=\"0\" allow=\"accelerometer; autoplay; clipboard-write; encrypted-media; gyroscope; picture-in-picture; web-share\" referrerpolicy=\"strict-origin-when-cross-origin\" allowfullscreen><\/iframe><\/div>\n<p>&nbsp;<\/p>\n<div>\n<p data-start=\"283\" data-end=\"425\">\ud83d\udcd6 <strong data-start=\"286\" data-end=\"350\">La Biblia de los Peque\u00f1itos \/ The Toddler\u2019s Bible \u2013 Biling\u00fce<\/strong><br data-start=\"350\" data-end=\"353\" \/><strong data-start=\"353\" data-end=\"425\">\u00a1Una introducci\u00f3n temprana, colorida y amorosa a la Palabra de Dios!<\/strong><\/p>\n<p data-start=\"427\" data-end=\"745\">Dise\u00f1ada especialmente para ni\u00f1os en edad preescolar, esta Biblia biling\u00fce en espa\u00f1ol e ingl\u00e9s es perfecta para sembrar la fe desde los primeros a\u00f1os de vida. Con un lenguaje sencillo, ilustraciones vivas y temas de valores, esta edici\u00f3n ayuda a los padres a ense\u00f1ar verdades b\u00edblicas y morales con dulzura y claridad.<\/p>\n<hr data-start=\"747\" data-end=\"750\" \/>\n<p data-start=\"752\" data-end=\"885\">\ud83d\udc76 <strong data-start=\"755\" data-end=\"776\">Edad recomendada:<\/strong><br data-start=\"776\" data-end=\"779\" \/><strong data-start=\"779\" data-end=\"796\">De 1 a 4 a\u00f1os<\/strong> \u2013 Ideal para leer en voz alta antes de dormir o durante actividades devocionales cortas.<\/p>\n<hr data-start=\"887\" data-end=\"890\" \/>\n<h3 data-start=\"892\" data-end=\"920\">\ud83c\udf1f <strong data-start=\"899\" data-end=\"920\">Beneficios clave:<\/strong><\/h3>\n<ul data-start=\"922\" data-end=\"1408\">\n<li data-start=\"922\" data-end=\"1015\">\n<p data-start=\"924\" data-end=\"1015\">\ud83d\udcda <strong data-start=\"927\" data-end=\"945\">Texto biling\u00fce<\/strong> (espa\u00f1ol \/ ingl\u00e9s) para fomentar el aprendizaje del idioma y la fe.<\/p>\n<\/li>\n<li data-start=\"1016\" data-end=\"1100\">\n<p data-start=\"1018\" data-end=\"1100\">\ud83d\uddbc\ufe0f <strong data-start=\"1022\" data-end=\"1052\">Ilustraciones a todo color<\/strong> que capturan la atenci\u00f3n de los m\u00e1s peque\u00f1os.<\/p>\n<\/li>\n<li data-start=\"1101\" data-end=\"1159\">\n<p data-start=\"1103\" data-end=\"1159\">\u270d\ufe0f <strong data-start=\"1106\" data-end=\"1135\">Lenguaje simple y amoroso<\/strong>, f\u00e1cil de comprender.<\/p>\n<\/li>\n<li data-start=\"1160\" data-end=\"1249\">\n<p data-start=\"1162\" data-end=\"1249\">\ud83e\udde9 <strong data-start=\"1165\" data-end=\"1207\">\u00cdndice tem\u00e1tico de valores y lecciones<\/strong> para elegir historias seg\u00fan el momento.<\/p>\n<\/li>\n<li data-start=\"1250\" data-end=\"1328\">\n<p data-start=\"1252\" data-end=\"1328\">\ud83e\udde0 <strong data-start=\"1255\" data-end=\"1301\">Fomenta la conexi\u00f3n emocional y espiritual<\/strong> desde los primeros a\u00f1os.<\/p>\n<\/li>\n<li data-start=\"1329\" data-end=\"1408\">\n<p data-start=\"1331\" data-end=\"1408\">\ud83e\udd1d <strong data-start=\"1334\" data-end=\"1378\">Refuerza el v\u00ednculo entre padres e hijos<\/strong> mediante la lectura conjunta.<\/p>\n<\/li>\n<\/ul>\n<hr data-start=\"1410\" data-end=\"1413\" \/>\n<h3 data-start=\"1415\" data-end=\"1440\">\ud83d\udcd0 <strong data-start=\"1422\" data-end=\"1440\">Ficha t\u00e9cnica:<\/strong><\/h3>\n<ul data-start=\"1442\" data-end=\"1690\">\n<li data-start=\"1442\" data-end=\"1472\">\n<p data-start=\"1444\" data-end=\"1472\">\ud83c\udd94 <strong data-start=\"1447\" data-end=\"1455\">ISBN<\/strong>: 9781414387529<\/p>\n<\/li>\n<li data-start=\"1473\" data-end=\"1502\">\n<p data-start=\"1475\" data-end=\"1502\">\ud83c\udfe2 <strong data-start=\"1478\" data-end=\"1491\">Editorial<\/strong>: Tyndale<\/p>\n<\/li>\n<li data-start=\"1503\" data-end=\"1547\">\n<p data-start=\"1505\" data-end=\"1547\">\ud83d\udccf <strong data-start=\"1508\" data-end=\"1523\">Dimensiones<\/strong>: 14.9 x 20.3 x 3.3 cm<\/p>\n<\/li>\n<li data-start=\"1548\" data-end=\"1570\">\n<p data-start=\"1550\" data-end=\"1570\">\u2696\ufe0f <strong data-start=\"1553\" data-end=\"1561\">Peso<\/strong>: 768 g<\/p>\n<\/li>\n<li data-start=\"1571\" data-end=\"1601\">\n<p data-start=\"1573\" data-end=\"1601\">\ud83d\udcda <strong data-start=\"1576\" data-end=\"1588\">Cubierta<\/strong>: Tapa dura<\/p>\n<\/li>\n<li data-start=\"1602\" data-end=\"1645\">\n<p data-start=\"1604\" data-end=\"1645\">\ud83d\udcc5 <strong data-start=\"1607\" data-end=\"1622\">Lanzamiento<\/strong>: 24 de junio de 2014<\/p>\n<\/li>\n<li data-start=\"1646\" data-end=\"1690\">\n<p data-start=\"1648\" data-end=\"1690\">\ud83d\udcac <strong data-start=\"1651\" data-end=\"1661\">Idioma<\/strong>: Biling\u00fce (Espa\u00f1ol &#8211; Ingl\u00e9s)<\/p>\n<\/li>\n<\/ul>\n<hr data-start=\"1692\" data-end=\"1695\" \/>\n<p data-start=\"1697\" data-end=\"1808\">\ud83c\udf81 <strong data-start=\"1700\" data-end=\"1714\">Ideal para<\/strong>: beb\u00e9s, regalos de bautizo, primeras biblias, ense\u00f1anza de valores y desarrollo del lenguaje.<\/p>\n<\/div>\n","protected":false},"excerpt":{"rendered":"<p>Biblia biling\u00fce en espa\u00f1ol e ingl\u00e9s es perfecta para sembrar la fe desde los primeros a\u00f1os de vida. Especialmente para ni\u00f1os en edad preescolar<\/p>\n","protected":false},"featured_media":1151,"comment_status":"open","ping_status":"closed","template":"","meta":{"_monsterinsights_skip_tracking":false,"_monsterinsights_sitenote_active":false,"_monsterinsights_sitenote_note":"","_monsterinsights_sitenote_category":0,"site-sidebar-layout":"default","site-content-layout":"","ast-site-content-layout":"default","site-content-style":"default","site-sidebar-style":"default","ast-global-header-display":"","ast-banner-title-visibility":"","ast-main-header-display":"","ast-hfb-above-header-display":"","ast-hfb-below-header-display":"","ast-hfb-mobile-header-display":"","site-post-title":"","ast-breadcrumbs-content":"","ast-featured-img":"","footer-sml-layout":"","ast-disable-related-posts":"","theme-transparent-header-meta":"default","adv-header-id-meta":"","stick-header-meta":"","header-above-stick-meta":"","header-main-stick-meta":"","header-below-stick-meta":"","astra-migrate-meta-layouts":"set","ast-page-background-enabled":"default","ast-page-background-meta":{"desktop":{"background-color":"var(--ast-global-color-4)","background-image":"","background-repeat":"repeat","background-position":"center center","background-size":"auto","background-attachment":"scroll","background-type":"","background-media":"","overlay-type":"","overlay-color":"","overlay-opacity":"","overlay-gradient":""},"tablet":{"background-color":"","background-image":"","background-repeat":"repeat","background-position":"center center","background-size":"auto","background-attachment":"scroll","background-type":"","background-media":"","overlay-type":"","overlay-color":"","overlay-opacity":"","overlay-gradient":""},"mobile":{"background-color":"","background-image":"","background-repeat":"repeat","background-position":"center center","background-size":"auto","background-attachment":"scroll","background-type":"","background-media":"","overlay-type":"","overlay-color":"","overlay-opacity":"","overlay-gradient":""}},"ast-content-background-meta":{"desktop":{"background-color":"var(--ast-global-color-5)","background-image":"","background-repeat":"repeat","background-position":"center center","background-size":"auto","background-attachment":"scroll","background-type":"","background-media":"","overlay-type":"","overlay-color":"","overlay-opacity":"","overlay-gradient":""},"tablet":{"background-color":"var(--ast-global-color-5)","background-image":"","background-repeat":"repeat","background-position":"center center","background-size":"auto","background-attachment":"scroll","background-type":"","background-media":"","overlay-type":"","overlay-color":"","overlay-opacity":"","overlay-gradient":""},"mobile":{"background-color":"var(--ast-global-color-5)","background-image":"","background-repeat":"repeat","background-position":"center center","background-size":"auto","background-attachment":"scroll","background-type":"","background-media":"","overlay-type":"","overlay-color":"","overlay-opacity":"","overlay-gradient":""}}},"product_brand":[],"product_cat":[20,33,42,32],"product_tag":[],"class_list":{"0":"post-305","1":"product","2":"type-product","3":"status-publish","4":"has-post-thumbnail","6":"product_cat-biblias","7":"product_cat-escolar-6-11-anos","8":"product_cat-nino-bilingue","9":"product_cat-pre-escolar-3-5-anos","10":"desktop-align-left","11":"tablet-align-left","12":"mobile-align-left","14":"first","15":"instock","16":"taxable","17":"shipping-taxable","18":"purchasable","19":"product-type-simple"},"aioseo_notices":[],"jetpack_sharing_enabled":true,"_links":{"self":[{"href":"https:\/\/bibliakids247.com\/index.php?rest_route=\/wp\/v2\/product\/305","targetHints":{"allow":["GET"]}}],"collection":[{"href":"https:\/\/bibliakids247.com\/index.php?rest_route=\/wp\/v2\/product"}],"about":[{"href":"https:\/\/bibliakids247.com\/index.php?rest_route=\/wp\/v2\/types\/product"}],"replies":[{"embeddable":true,"href":"https:\/\/bibliakids247.com\/index.php?rest_route=%2Fwp%2Fv2%2Fcomments&post=305"}],"wp:featuredmedia":[{"embeddable":true,"href":"https:\/\/bibliakids247.com\/index.php?rest_route=\/wp\/v2\/media\/1151"}],"wp:attachment":[{"href":"https:\/\/bibliakids247.com\/index.php?rest_route=%2Fwp%2Fv2%2Fmedia&parent=305"}],"wp:term":[{"taxonomy":"product_brand","embeddable":true,"href":"https:\/\/bibliakids247.com\/index.php?rest_route=%2Fwp%2Fv2%2Fproduct_brand&post=305"},{"taxonomy":"product_cat","embeddable":true,"href":"https:\/\/bibliakids247.com\/index.php?rest_route=%2Fwp%2Fv2%2Fproduct_cat&post=305"},{"taxonomy":"product_tag","embeddable":true,"href":"https:\/\/bibliakids247.com\/index.php?rest_route=%2Fwp%2Fv2%2Fproduct_tag&post=305"}],"curies":[{"name":"wp","href":"https:\/\/api.w.org\/{rel}","templated":true}]}}