{"id":323,"date":"2024-03-03T13:00:22","date_gmt":"2024-03-03T18:00:22","guid":{"rendered":"https:\/\/bibliakids247.com\/?post_type=product&#038;p=323"},"modified":"2026-02-08T12:43:38","modified_gmt":"2026-02-08T17:43:38","slug":"biblia-interactiva-la-gran-historia-ntv","status":"publish","type":"product","link":"https:\/\/bibliakids247.com\/?product=biblia-interactiva-la-gran-historia-ntv","title":{"rendered":"Biblia Interactiva La Gran Historia NTV amarillo s\u00edmil piel"},"content":{"rendered":"<div id=\"ctl00_ucPDTabs_ctl00_fs\" class=\"ProductDetailGroup\">\n<div class=\"ast-oembed-container \" style=\"height: 100%;\"><iframe title=\"Biblia Interactiva La Gran Historia Para Colorear y Amarilla - NTV\" width=\"500\" height=\"281\" src=\"https:\/\/www.youtube.com\/embed\/_zHrz5gzY0Q?feature=oembed\" frameborder=\"0\" allow=\"accelerometer; autoplay; clipboard-write; encrypted-media; gyroscope; picture-in-picture; web-share\" referrerpolicy=\"strict-origin-when-cross-origin\" allowfullscreen><\/iframe><\/div>\n<p>&nbsp;<\/p>\n<\/div>\n<div id=\"ctl00_ucPDTabs_ctl01_fs\" class=\"ProductDetailGroup\">\n<p data-start=\"85\" data-end=\"137\">\ud83d\udcd8 <strong data-start=\"88\" data-end=\"137\">\u00a1Haz que la Biblia cobre vida para los ni\u00f1os!<\/strong><\/p>\n<p data-start=\"139\" data-end=\"400\">Con la <strong data-start=\"146\" data-end=\"172\">Biblia Interactiva NTV<\/strong>, los m\u00e1s peque\u00f1os no solo leer\u00e1n las historias b\u00edblicas, \u00a1sino que podr\u00e1n verlas en realidad aumentada! \ud83c\udf89 A trav\u00e9s de una app gratuita, las ilustraciones cobran vida en 3D y las narraciones los sumergen en cada relato b\u00edblico.<\/p>\n<p data-start=\"402\" data-end=\"595\">\u2728 <strong data-start=\"404\" data-end=\"453\">Ideal para aprender, jugar y crecer en la fe.<\/strong><br data-start=\"453\" data-end=\"456\" \/>Recomendada para ni\u00f1os de <strong data-start=\"482\" data-end=\"497\">6 a 12 a\u00f1os<\/strong>, es perfecta para que descubran a Cristo en toda la historia de Dios, de forma din\u00e1mica y visual.<\/p>\n<p data-start=\"597\" data-end=\"631\">\ud83d\udfe1 <strong data-start=\"600\" data-end=\"630\">Caracter\u00edsticas especiales<\/strong>:<\/p>\n<ul data-start=\"632\" data-end=\"974\">\n<li data-start=\"632\" data-end=\"696\">\n<p data-start=\"634\" data-end=\"696\">Ilustraciones a todo color con funci\u00f3n 3D (app B&amp;H ni\u00f1os ES)<\/p>\n<\/li>\n<li data-start=\"697\" data-end=\"741\">\n<p data-start=\"699\" data-end=\"741\">Introducciones a cada libro de la Biblia<\/p>\n<\/li>\n<li data-start=\"742\" data-end=\"783\">\n<p data-start=\"744\" data-end=\"783\">Conexiones con Cristo en cada secci\u00f3n<\/p>\n<\/li>\n<li data-start=\"784\" data-end=\"817\">\n<p data-start=\"786\" data-end=\"817\">100 vers\u00edculos para memorizar<\/p>\n<\/li>\n<li data-start=\"818\" data-end=\"855\">\n<p data-start=\"820\" data-end=\"855\">Diccionario de \u201cGrandes Palabras\u201d<\/p>\n<\/li>\n<li data-start=\"856\" data-end=\"899\">\n<p data-start=\"858\" data-end=\"899\">Grandes preguntas con respuestas claras<\/p>\n<\/li>\n<li data-start=\"900\" data-end=\"937\">\n<p data-start=\"902\" data-end=\"937\">Secci\u00f3n \u201cVeamos la Gran Historia\u201d<\/p>\n<\/li>\n<li data-start=\"938\" data-end=\"974\">\n<p data-start=\"940\" data-end=\"974\">Traducci\u00f3n NTV (f\u00e1cil de entender)<\/p>\n<\/li>\n<\/ul>\n<p data-start=\"976\" data-end=\"1105\">\ud83d\udcf1 <strong data-start=\"979\" data-end=\"1029\">Descarga gratuita de la aplicaci\u00f3n en tu m\u00f3vil<\/strong><br data-start=\"1029\" data-end=\"1032\" \/>\ud83d\udc9b \u00a1Una herramienta interactiva para aprender la Palabra de Dios jugando!<\/p>\n<p data-start=\"1107\" data-end=\"1252\">\ud83d\udccf Dimensiones: 204 x 106 x 40 mm<br data-start=\"1140\" data-end=\"1143\" \/>\ud83d\udce6 Peso: 1,132 kg<br data-start=\"1160\" data-end=\"1163\" \/>\ud83d\udcda Tapa: S\u00edmil piel<br data-start=\"1182\" data-end=\"1185\" \/>\ud83d\udd24 Idioma: Espa\u00f1ol<br data-start=\"1203\" data-end=\"1206\" \/>\ud83d\udcd6 ISBN: 9781433620157<br data-start=\"1228\" data-end=\"1231\" \/>\ud83c\udfe2 Editorial: Lifeway<\/p>\n<p data-start=\"1259\" data-end=\"1386\" data-is-last-node=\"\" data-is-only-node=\"\">\n<\/div>\n","protected":false},"excerpt":{"rendered":"<p>&nbsp; \ud83d\udcd8 \u00a1Haz que la Biblia cobre vida para los ni\u00f1os! Con la Biblia Interactiva NTV, los m\u00e1s peque\u00f1os no [&hellip;]<\/p>\n","protected":false},"featured_media":324,"comment_status":"open","ping_status":"closed","template":"","meta":{"_monsterinsights_skip_tracking":false,"_monsterinsights_sitenote_active":false,"_monsterinsights_sitenote_note":"","_monsterinsights_sitenote_category":0,"site-sidebar-layout":"default","site-content-layout":"","ast-site-content-layout":"default","site-content-style":"default","site-sidebar-style":"default","ast-global-header-display":"","ast-banner-title-visibility":"","ast-main-header-display":"","ast-hfb-above-header-display":"","ast-hfb-below-header-display":"","ast-hfb-mobile-header-display":"","site-post-title":"","ast-breadcrumbs-content":"","ast-featured-img":"","footer-sml-layout":"","ast-disable-related-posts":"","theme-transparent-header-meta":"default","adv-header-id-meta":"","stick-header-meta":"","header-above-stick-meta":"","header-main-stick-meta":"","header-below-stick-meta":"","astra-migrate-meta-layouts":"set","ast-page-background-enabled":"default","ast-page-background-meta":{"desktop":{"background-color":"var(--ast-global-color-4)","background-image":"","background-repeat":"repeat","background-position":"center center","background-size":"auto","background-attachment":"scroll","background-type":"","background-media":"","overlay-type":"","overlay-color":"","overlay-opacity":"","overlay-gradient":""},"tablet":{"background-color":"","background-image":"","background-repeat":"repeat","background-position":"center center","background-size":"auto","background-attachment":"scroll","background-type":"","background-media":"","overlay-type":"","overlay-color":"","overlay-opacity":"","overlay-gradient":""},"mobile":{"background-color":"","background-image":"","background-repeat":"repeat","background-position":"center center","background-size":"auto","background-attachment":"scroll","background-type":"","background-media":"","overlay-type":"","overlay-color":"","overlay-opacity":"","overlay-gradient":""}},"ast-content-background-meta":{"desktop":{"background-color":"var(--ast-global-color-5)","background-image":"","background-repeat":"repeat","background-position":"center center","background-size":"auto","background-attachment":"scroll","background-type":"","background-media":"","overlay-type":"","overlay-color":"","overlay-opacity":"","overlay-gradient":""},"tablet":{"background-color":"var(--ast-global-color-5)","background-image":"","background-repeat":"repeat","background-position":"center center","background-size":"auto","background-attachment":"scroll","background-type":"","background-media":"","overlay-type":"","overlay-color":"","overlay-opacity":"","overlay-gradient":""},"mobile":{"background-color":"var(--ast-global-color-5)","background-image":"","background-repeat":"repeat","background-position":"center center","background-size":"auto","background-attachment":"scroll","background-type":"","background-media":"","overlay-type":"","overlay-color":"","overlay-opacity":"","overlay-gradient":""}}},"product_brand":[],"product_cat":[34,20,33],"product_tag":[],"class_list":{"0":"post-323","1":"product","2":"type-product","3":"status-publish","4":"has-post-thumbnail","6":"product_cat-adolescentes","7":"product_cat-biblias","8":"product_cat-escolar-6-11-anos","9":"desktop-align-left","10":"tablet-align-left","11":"mobile-align-left","13":"first","14":"outofstock","15":"taxable","16":"shipping-taxable","17":"purchasable","18":"product-type-simple"},"aioseo_notices":[],"jetpack_sharing_enabled":true,"_links":{"self":[{"href":"https:\/\/bibliakids247.com\/index.php?rest_route=\/wp\/v2\/product\/323","targetHints":{"allow":["GET"]}}],"collection":[{"href":"https:\/\/bibliakids247.com\/index.php?rest_route=\/wp\/v2\/product"}],"about":[{"href":"https:\/\/bibliakids247.com\/index.php?rest_route=\/wp\/v2\/types\/product"}],"replies":[{"embeddable":true,"href":"https:\/\/bibliakids247.com\/index.php?rest_route=%2Fwp%2Fv2%2Fcomments&post=323"}],"wp:featuredmedia":[{"embeddable":true,"href":"https:\/\/bibliakids247.com\/index.php?rest_route=\/wp\/v2\/media\/324"}],"wp:attachment":[{"href":"https:\/\/bibliakids247.com\/index.php?rest_route=%2Fwp%2Fv2%2Fmedia&parent=323"}],"wp:term":[{"taxonomy":"product_brand","embeddable":true,"href":"https:\/\/bibliakids247.com\/index.php?rest_route=%2Fwp%2Fv2%2Fproduct_brand&post=323"},{"taxonomy":"product_cat","embeddable":true,"href":"https:\/\/bibliakids247.com\/index.php?rest_route=%2Fwp%2Fv2%2Fproduct_cat&post=323"},{"taxonomy":"product_tag","embeddable":true,"href":"https:\/\/bibliakids247.com\/index.php?rest_route=%2Fwp%2Fv2%2Fproduct_tag&post=323"}],"curies":[{"name":"wp","href":"https:\/\/api.w.org\/{rel}","templated":true}]}}