{"id":327,"date":"2024-03-03T13:01:42","date_gmt":"2024-03-03T18:01:42","guid":{"rendered":"https:\/\/bibliakids247.com\/?post_type=product&#038;p=327"},"modified":"2026-02-08T12:43:39","modified_gmt":"2026-02-08T17:43:39","slug":"biblia-interactiva-la-gran-historia-para-colorear-ntv","status":"publish","type":"product","link":"https:\/\/bibliakids247.com\/?product=biblia-interactiva-la-gran-historia-para-colorear-ntv","title":{"rendered":"Biblia Interactiva La Gran Historia Para Colorear NTV &#8211; Realidad Aumentada"},"content":{"rendered":"<div class=\"ast-oembed-container \" style=\"height: 100%;\"><iframe title=\"Biblia Interactiva La Gran Historia Para Colorear y Amarilla - NTV\" width=\"500\" height=\"281\" src=\"https:\/\/www.youtube.com\/embed\/_zHrz5gzY0Q?feature=oembed\" frameborder=\"0\" allow=\"accelerometer; autoplay; clipboard-write; encrypted-media; gyroscope; picture-in-picture; web-share\" referrerpolicy=\"strict-origin-when-cross-origin\" allowfullscreen><\/iframe><\/div>\n<h2><\/h2>\n<div class=\"ProductDetailGroup\">\n<div id=\"rateit\" class=\"rateit rateProduct rateit-bg\" data-rateit-max=\"5\" data-rateit-ispreset=\"true\" data-rateit-step=\"1\" data-pid=\"34174\" data-rateit-readonly=\"true\" data-uid=\"0\" data-rateit-value=\"4.4\" data-rateit-resetable=\"false\">\n<div id=\"rateit-range-2\" class=\"rateit-range\" tabindex=\"0\" role=\"slider\" aria-label=\"rating\" aria-owns=\"rateit-reset-2\" aria-valuemin=\"0\" aria-valuemax=\"5\" aria-valuenow=\"4.4\" aria-readonly=\"true\">\n<div class=\"ProductDetailGroup\">\n<p data-start=\"255\" data-end=\"379\">\ud83d\udcd8 <strong data-start=\"258\" data-end=\"319\">Biblia Interactiva para Colorear \u2013 La Gran Historia (NTV)<\/strong><br data-start=\"319\" data-end=\"322\" \/><strong data-start=\"322\" data-end=\"371\">\u00a1Ver\u00e1s a los personajes b\u00edblicos cobrar vida!<\/strong> \ud83e\udd81\ud83d\udc76\ud83d\udee1\ufe0f<\/p>\n<p data-start=\"381\" data-end=\"650\">\ud83c\udfa8 Una Biblia para ni\u00f1os que une el aprendizaje, la fe y la creatividad. A trav\u00e9s de <strong data-start=\"466\" data-end=\"497\">ilustraciones para colorear<\/strong> y <strong data-start=\"500\" data-end=\"522\">realidad aumentada<\/strong> con una app gratuita, esta Biblia hace que las historias b\u00edblicas salten de la p\u00e1gina y se vuelvan una experiencia inolvidable.<\/p>\n<p data-start=\"652\" data-end=\"690\">\ud83d\udc67\ud83e\uddd2 <strong data-start=\"657\" data-end=\"678\">Edad recomendada:<\/strong> 6 a 12 a\u00f1os<\/p>\n<p data-start=\"692\" data-end=\"725\">\u2728 <strong data-start=\"694\" data-end=\"725\">Caracter\u00edsticas especiales:<\/strong><\/p>\n<ul data-start=\"726\" data-end=\"1185\">\n<li data-start=\"726\" data-end=\"799\">\n<p data-start=\"728\" data-end=\"799\">Portada y p\u00e1ginas para colorear (\u00a1ideal para estimular la imaginaci\u00f3n!)<\/p>\n<\/li>\n<li data-start=\"800\" data-end=\"863\">\n<p data-start=\"802\" data-end=\"863\">Ilustraciones 3D animadas mediante la app <strong data-start=\"844\" data-end=\"860\">B&amp;H ni\u00f1os ES<\/strong> \ud83d\udcf1<\/p>\n<\/li>\n<li data-start=\"864\" data-end=\"909\">\n<p data-start=\"866\" data-end=\"909\">Relatos b\u00edblicos clave adaptados para ni\u00f1os<\/p>\n<\/li>\n<li data-start=\"910\" data-end=\"971\">\n<p data-start=\"912\" data-end=\"971\">Secci\u00f3n \u201cVeamos la Gran Historia\u201d y &#8220;Conexiones con Cristo&#8221;<\/p>\n<\/li>\n<li data-start=\"972\" data-end=\"1026\">\n<p data-start=\"974\" data-end=\"1026\">Definiciones f\u00e1ciles, grandes preguntas y respuestas<\/p>\n<\/li>\n<li data-start=\"1027\" data-end=\"1058\">\n<p data-start=\"1029\" data-end=\"1058\">100 vers\u00edculos para memorizar<\/p>\n<\/li>\n<li data-start=\"1059\" data-end=\"1094\">\n<p data-start=\"1061\" data-end=\"1094\">Diccionario de \u201cGrandes Palabras\u201d<\/p>\n<\/li>\n<li data-start=\"1095\" data-end=\"1132\">\n<p data-start=\"1097\" data-end=\"1132\">Introducciones a cada libro b\u00edblico<\/p>\n<\/li>\n<li data-start=\"1133\" data-end=\"1185\">\n<p data-start=\"1135\" data-end=\"1185\">Traducci\u00f3n NTV: clara, moderna y f\u00e1cil de entender<\/p>\n<\/li>\n<\/ul>\n<p data-start=\"1187\" data-end=\"1328\">\ud83d\udca1 Dise\u00f1ada para que los ni\u00f1os aprendan a leer la Palabra de Dios, la entiendan y la disfruten activamente con sus padres o en clase b\u00edblica.<\/p>\n<p data-start=\"1330\" data-end=\"1361\">\ud83d\udce6 <strong data-start=\"1333\" data-end=\"1358\">Detalles del producto<\/strong>:<\/p>\n<ul data-start=\"1362\" data-end=\"1525\">\n<li data-start=\"1362\" data-end=\"1384\">\n<p data-start=\"1364\" data-end=\"1384\">Editorial: Lifeway<\/p>\n<\/li>\n<li data-start=\"1385\" data-end=\"1408\">\n<p data-start=\"1387\" data-end=\"1408\">ISBN: 9781433620140<\/p>\n<\/li>\n<li data-start=\"1409\" data-end=\"1443\">\n<p data-start=\"1411\" data-end=\"1443\">Dimensiones: 106 x 204 x 45 mm<\/p>\n<\/li>\n<li data-start=\"1444\" data-end=\"1462\">\n<p data-start=\"1446\" data-end=\"1462\">Peso: 1,133 kg<\/p>\n<\/li>\n<li data-start=\"1463\" data-end=\"1480\">\n<p data-start=\"1465\" data-end=\"1480\">P\u00e1ginas: 1312<\/p>\n<\/li>\n<li data-start=\"1481\" data-end=\"1505\">\n<p data-start=\"1483\" data-end=\"1505\">Cubierta: S\u00edmil piel<\/p>\n<\/li>\n<li data-start=\"1506\" data-end=\"1525\">\n<p data-start=\"1508\" data-end=\"1525\">Idioma: Espa\u00f1ol<\/p>\n<\/li>\n<\/ul>\n<p data-start=\"1527\" data-end=\"1610\">\ud83d\udd17 Compatible con dispositivos m\u00f3viles Android y iOS (descarga gratuita de la app).<\/p>\n<\/div>\n<\/div>\n<\/div>\n<\/div>\n","protected":false},"excerpt":{"rendered":"<p>\ud83d\udcd8 Biblia Interactiva para Colorear \u2013 La Gran Historia (NTV)\u00a1Ver\u00e1s a los personajes b\u00edblicos cobrar vida! \ud83e\udd81\ud83d\udc76\ud83d\udee1\ufe0f \ud83c\udfa8 Una Biblia [&hellip;]<\/p>\n","protected":false},"featured_media":328,"comment_status":"open","ping_status":"closed","template":"","meta":{"_monsterinsights_skip_tracking":false,"_monsterinsights_sitenote_active":false,"_monsterinsights_sitenote_note":"","_monsterinsights_sitenote_category":0,"site-sidebar-layout":"default","site-content-layout":"","ast-site-content-layout":"default","site-content-style":"default","site-sidebar-style":"default","ast-global-header-display":"","ast-banner-title-visibility":"","ast-main-header-display":"","ast-hfb-above-header-display":"","ast-hfb-below-header-display":"","ast-hfb-mobile-header-display":"","site-post-title":"","ast-breadcrumbs-content":"","ast-featured-img":"","footer-sml-layout":"","ast-disable-related-posts":"","theme-transparent-header-meta":"default","adv-header-id-meta":"","stick-header-meta":"","header-above-stick-meta":"","header-main-stick-meta":"","header-below-stick-meta":"","astra-migrate-meta-layouts":"set","ast-page-background-enabled":"default","ast-page-background-meta":{"desktop":{"background-color":"var(--ast-global-color-4)","background-image":"","background-repeat":"repeat","background-position":"center center","background-size":"auto","background-attachment":"scroll","background-type":"","background-media":"","overlay-type":"","overlay-color":"","overlay-opacity":"","overlay-gradient":""},"tablet":{"background-color":"","background-image":"","background-repeat":"repeat","background-position":"center center","background-size":"auto","background-attachment":"scroll","background-type":"","background-media":"","overlay-type":"","overlay-color":"","overlay-opacity":"","overlay-gradient":""},"mobile":{"background-color":"","background-image":"","background-repeat":"repeat","background-position":"center center","background-size":"auto","background-attachment":"scroll","background-type":"","background-media":"","overlay-type":"","overlay-color":"","overlay-opacity":"","overlay-gradient":""}},"ast-content-background-meta":{"desktop":{"background-color":"var(--ast-global-color-5)","background-image":"","background-repeat":"repeat","background-position":"center center","background-size":"auto","background-attachment":"scroll","background-type":"","background-media":"","overlay-type":"","overlay-color":"","overlay-opacity":"","overlay-gradient":""},"tablet":{"background-color":"var(--ast-global-color-5)","background-image":"","background-repeat":"repeat","background-position":"center center","background-size":"auto","background-attachment":"scroll","background-type":"","background-media":"","overlay-type":"","overlay-color":"","overlay-opacity":"","overlay-gradient":""},"mobile":{"background-color":"var(--ast-global-color-5)","background-image":"","background-repeat":"repeat","background-position":"center center","background-size":"auto","background-attachment":"scroll","background-type":"","background-media":"","overlay-type":"","overlay-color":"","overlay-opacity":"","overlay-gradient":""}}},"product_brand":[],"product_cat":[34,20,33],"product_tag":[],"class_list":{"0":"post-327","1":"product","2":"type-product","3":"status-publish","4":"has-post-thumbnail","6":"product_cat-adolescentes","7":"product_cat-biblias","8":"product_cat-escolar-6-11-anos","9":"desktop-align-left","10":"tablet-align-left","11":"mobile-align-left","13":"first","14":"outofstock","15":"taxable","16":"shipping-taxable","17":"purchasable","18":"product-type-simple"},"aioseo_notices":[],"jetpack_sharing_enabled":true,"_links":{"self":[{"href":"https:\/\/bibliakids247.com\/index.php?rest_route=\/wp\/v2\/product\/327","targetHints":{"allow":["GET"]}}],"collection":[{"href":"https:\/\/bibliakids247.com\/index.php?rest_route=\/wp\/v2\/product"}],"about":[{"href":"https:\/\/bibliakids247.com\/index.php?rest_route=\/wp\/v2\/types\/product"}],"replies":[{"embeddable":true,"href":"https:\/\/bibliakids247.com\/index.php?rest_route=%2Fwp%2Fv2%2Fcomments&post=327"}],"wp:featuredmedia":[{"embeddable":true,"href":"https:\/\/bibliakids247.com\/index.php?rest_route=\/wp\/v2\/media\/328"}],"wp:attachment":[{"href":"https:\/\/bibliakids247.com\/index.php?rest_route=%2Fwp%2Fv2%2Fmedia&parent=327"}],"wp:term":[{"taxonomy":"product_brand","embeddable":true,"href":"https:\/\/bibliakids247.com\/index.php?rest_route=%2Fwp%2Fv2%2Fproduct_brand&post=327"},{"taxonomy":"product_cat","embeddable":true,"href":"https:\/\/bibliakids247.com\/index.php?rest_route=%2Fwp%2Fv2%2Fproduct_cat&post=327"},{"taxonomy":"product_tag","embeddable":true,"href":"https:\/\/bibliakids247.com\/index.php?rest_route=%2Fwp%2Fv2%2Fproduct_tag&post=327"}],"curies":[{"name":"wp","href":"https:\/\/api.w.org\/{rel}","templated":true}]}}