{"id":369,"date":"2024-03-03T13:17:16","date_gmt":"2024-03-03T18:17:16","guid":{"rendered":"https:\/\/bibliakids247.com\/?post_type=product&#038;p=369"},"modified":"2026-02-08T12:43:39","modified_gmt":"2026-02-08T17:43:39","slug":"biblia-para-ninos-nvi-texto-revisado-2022-leathersoft-tapa-dura","status":"publish","type":"product","link":"https:\/\/bibliakids247.com\/?product=biblia-para-ninos-nvi-texto-revisado-2022-leathersoft-tapa-dura","title":{"rendered":"Biblia para Ni\u00f1os NVI Texto revisado 2022 Leathersoft Tapa Dura"},"content":{"rendered":"<div class=\"ast-oembed-container \" style=\"height: 100%;\"><iframe title=\"Biblia para Ni\u00f1os NVI Texto revisado 2022  Tapa dura\" width=\"500\" height=\"281\" src=\"https:\/\/www.youtube.com\/embed\/M_1_ADNTSpg?feature=oembed\" frameborder=\"0\" allow=\"accelerometer; autoplay; clipboard-write; encrypted-media; gyroscope; picture-in-picture; web-share\" referrerpolicy=\"strict-origin-when-cross-origin\" allowfullscreen><\/iframe><\/div>\n<p>&nbsp;<\/p>\n<h3 data-start=\"179\" data-end=\"237\">\ud83d\udcd8 Biblia para Ni\u00f1os NVI \u2013 Tapa Dura (Revisi\u00f3n 2022)<\/h3>\n<p data-start=\"238\" data-end=\"284\"><strong data-start=\"238\" data-end=\"284\">Con letra Comfort Print\u00ae y dise\u00f1o colorido<\/strong><\/p>\n<p data-start=\"286\" data-end=\"594\">Una Biblia dise\u00f1ada para que los ni\u00f1os se enamoren de la Palabra de Dios.<br data-start=\"359\" data-end=\"362\" \/>Esta edici\u00f3n especial con texto completo de la <em data-start=\"409\" data-end=\"445\">Nueva Versi\u00f3n Internacional (2022)<\/em> est\u00e1 pensada para lectores j\u00f3venes, con ayudas visuales, explicaciones claras y herramientas para aprender a estudiar las Escrituras desde peque\u00f1os.<\/p>\n<p data-start=\"596\" data-end=\"636\">\ud83e\uddd2 <strong data-start=\"599\" data-end=\"619\">Edad recomendada<\/strong>: <strong data-start=\"621\" data-end=\"636\">8 a 12 a\u00f1os<\/strong><\/p>\n<p data-start=\"638\" data-end=\"653\">\ud83d\udcd6 <strong data-start=\"641\" data-end=\"652\">Incluye<\/strong>:<\/p>\n<ul data-start=\"654\" data-end=\"1162\">\n<li data-start=\"654\" data-end=\"692\">\n<p data-start=\"656\" data-end=\"692\">Texto completo NVI (Revisi\u00f3n 2022)<\/p>\n<\/li>\n<li data-start=\"693\" data-end=\"736\">\n<p data-start=\"695\" data-end=\"736\">P\u00e1gina de presentaci\u00f3n para dedicatoria<\/p>\n<\/li>\n<li data-start=\"737\" data-end=\"879\">\n<p data-start=\"739\" data-end=\"879\">Secciones did\u00e1cticas: <em data-start=\"761\" data-end=\"784\">Los milagros de Jes\u00fas<\/em>, <em data-start=\"786\" data-end=\"803\">Nombres de Dios<\/em>, <em data-start=\"805\" data-end=\"825\">Ni\u00f1os en la Biblia<\/em>, <em data-start=\"827\" data-end=\"854\">Vers\u00edculos para memorizar<\/em>, <em data-start=\"856\" data-end=\"877\">C\u00f3mo leer la Biblia<\/em><\/p>\n<\/li>\n<li data-start=\"880\" data-end=\"932\">\n<p data-start=\"882\" data-end=\"932\">Glosario infantil para comprender mejor el texto<\/p>\n<\/li>\n<li data-start=\"933\" data-end=\"993\">\n<p data-start=\"935\" data-end=\"993\">Planes de lectura para comenzar a estudiar por s\u00ed mismos<\/p>\n<\/li>\n<li data-start=\"994\" data-end=\"1025\">\n<p data-start=\"996\" data-end=\"1025\">Mapas b\u00edblicos a todo color<\/p>\n<\/li>\n<li data-start=\"1026\" data-end=\"1045\">\n<p data-start=\"1028\" data-end=\"1045\">Cinta marcadora<\/p>\n<\/li>\n<li data-start=\"1046\" data-end=\"1087\">\n<p data-start=\"1048\" data-end=\"1087\">Secci\u00f3n especial para notas o dibujos<\/p>\n<\/li>\n<li data-start=\"1088\" data-end=\"1162\">\n<p data-start=\"1090\" data-end=\"1162\">Encuadernaci\u00f3n resistente en <strong data-start=\"1119\" data-end=\"1162\">tapa dura con dise\u00f1o moderno y colorido<\/strong><\/p>\n<\/li>\n<\/ul>\n<p data-start=\"1164\" data-end=\"1325\">\ud83d\udcda Editorial: Vida<br data-start=\"1182\" data-end=\"1185\" \/>\ud83d\udccf Dimensiones: 143 x 222 mm<br data-start=\"1213\" data-end=\"1216\" \/>\ud83d\udce6 Peso: 744 g<br data-start=\"1230\" data-end=\"1233\" \/>\ud83d\udd4a\ufe0f Fecha de lanzamiento: 19 de julio de 2023<br data-start=\"1278\" data-end=\"1281\" \/>\ud83d\udcd7 ISBN: 9780829772562<br data-start=\"1303\" data-end=\"1306\" \/>\ud83d\udde3\ufe0f Idioma: Espa\u00f1ol<\/p>\n<hr data-start=\"1327\" data-end=\"1330\" \/>\n<p data-start=\"1332\" data-end=\"1463\">\ud83c\udf81 Ideal para regalar a ni\u00f1os que est\u00e1n empezando su caminar con Dios, ya sea en casa, escuela dominical o devocionales familiares.<\/p>\n<p data-start=\"1465\" data-end=\"1567\" data-is-last-node=\"\" data-is-only-node=\"\">\n","protected":false},"excerpt":{"rendered":"<p>&nbsp; \ud83d\udcd8 Biblia para Ni\u00f1os NVI \u2013 Tapa Dura (Revisi\u00f3n 2022) Con letra Comfort Print\u00ae y dise\u00f1o colorido Una Biblia [&hellip;]<\/p>\n","protected":false},"featured_media":370,"comment_status":"open","ping_status":"closed","template":"","meta":{"_monsterinsights_skip_tracking":false,"_monsterinsights_sitenote_active":false,"_monsterinsights_sitenote_note":"","_monsterinsights_sitenote_category":0,"site-sidebar-layout":"default","site-content-layout":"","ast-site-content-layout":"default","site-content-style":"default","site-sidebar-style":"default","ast-global-header-display":"","ast-banner-title-visibility":"","ast-main-header-display":"","ast-hfb-above-header-display":"","ast-hfb-below-header-display":"","ast-hfb-mobile-header-display":"","site-post-title":"","ast-breadcrumbs-content":"","ast-featured-img":"","footer-sml-layout":"","ast-disable-related-posts":"","theme-transparent-header-meta":"default","adv-header-id-meta":"","stick-header-meta":"","header-above-stick-meta":"","header-main-stick-meta":"","header-below-stick-meta":"","astra-migrate-meta-layouts":"set","ast-page-background-enabled":"default","ast-page-background-meta":{"desktop":{"background-color":"var(--ast-global-color-4)","background-image":"","background-repeat":"repeat","background-position":"center center","background-size":"auto","background-attachment":"scroll","background-type":"","background-media":"","overlay-type":"","overlay-color":"","overlay-opacity":"","overlay-gradient":""},"tablet":{"background-color":"","background-image":"","background-repeat":"repeat","background-position":"center center","background-size":"auto","background-attachment":"scroll","background-type":"","background-media":"","overlay-type":"","overlay-color":"","overlay-opacity":"","overlay-gradient":""},"mobile":{"background-color":"","background-image":"","background-repeat":"repeat","background-position":"center center","background-size":"auto","background-attachment":"scroll","background-type":"","background-media":"","overlay-type":"","overlay-color":"","overlay-opacity":"","overlay-gradient":""}},"ast-content-background-meta":{"desktop":{"background-color":"var(--ast-global-color-5)","background-image":"","background-repeat":"repeat","background-position":"center center","background-size":"auto","background-attachment":"scroll","background-type":"","background-media":"","overlay-type":"","overlay-color":"","overlay-opacity":"","overlay-gradient":""},"tablet":{"background-color":"var(--ast-global-color-5)","background-image":"","background-repeat":"repeat","background-position":"center center","background-size":"auto","background-attachment":"scroll","background-type":"","background-media":"","overlay-type":"","overlay-color":"","overlay-opacity":"","overlay-gradient":""},"mobile":{"background-color":"var(--ast-global-color-5)","background-image":"","background-repeat":"repeat","background-position":"center center","background-size":"auto","background-attachment":"scroll","background-type":"","background-media":"","overlay-type":"","overlay-color":"","overlay-opacity":"","overlay-gradient":""}}},"product_brand":[],"product_cat":[34,20,33],"product_tag":[],"class_list":{"0":"post-369","1":"product","2":"type-product","3":"status-publish","4":"has-post-thumbnail","6":"product_cat-adolescentes","7":"product_cat-biblias","8":"product_cat-escolar-6-11-anos","9":"desktop-align-left","10":"tablet-align-left","11":"mobile-align-left","13":"first","14":"outofstock","15":"taxable","16":"shipping-taxable","17":"purchasable","18":"product-type-simple"},"aioseo_notices":[],"jetpack_sharing_enabled":true,"_links":{"self":[{"href":"https:\/\/bibliakids247.com\/index.php?rest_route=\/wp\/v2\/product\/369","targetHints":{"allow":["GET"]}}],"collection":[{"href":"https:\/\/bibliakids247.com\/index.php?rest_route=\/wp\/v2\/product"}],"about":[{"href":"https:\/\/bibliakids247.com\/index.php?rest_route=\/wp\/v2\/types\/product"}],"replies":[{"embeddable":true,"href":"https:\/\/bibliakids247.com\/index.php?rest_route=%2Fwp%2Fv2%2Fcomments&post=369"}],"wp:featuredmedia":[{"embeddable":true,"href":"https:\/\/bibliakids247.com\/index.php?rest_route=\/wp\/v2\/media\/370"}],"wp:attachment":[{"href":"https:\/\/bibliakids247.com\/index.php?rest_route=%2Fwp%2Fv2%2Fmedia&parent=369"}],"wp:term":[{"taxonomy":"product_brand","embeddable":true,"href":"https:\/\/bibliakids247.com\/index.php?rest_route=%2Fwp%2Fv2%2Fproduct_brand&post=369"},{"taxonomy":"product_cat","embeddable":true,"href":"https:\/\/bibliakids247.com\/index.php?rest_route=%2Fwp%2Fv2%2Fproduct_cat&post=369"},{"taxonomy":"product_tag","embeddable":true,"href":"https:\/\/bibliakids247.com\/index.php?rest_route=%2Fwp%2Fv2%2Fproduct_tag&post=369"}],"curies":[{"name":"wp","href":"https:\/\/api.w.org\/{rel}","templated":true}]}}