{"id":384,"date":"2024-03-03T13:21:20","date_gmt":"2024-03-03T18:21:20","guid":{"rendered":"https:\/\/bibliakids247.com\/?post_type=product&#038;p=384"},"modified":"2026-02-08T18:06:28","modified_gmt":"2026-02-08T23:06:28","slug":"betsey-stockton-una-joven-con-un-sueno-misionero","status":"publish","type":"product","link":"https:\/\/bibliakids247.com\/?product=betsey-stockton-una-joven-con-un-sueno-misionero","title":{"rendered":"Una joven con un sue\u00f1o misionero"},"content":{"rendered":"<p>Cuando la joven\u00a0<span class=\"a-text-bold a-text-italic\">Betsey<\/span>\u00a0se uni\u00f3 a un viaje misionero a Hawai, todos se sorprendieron. \u00bfUna mujer soltera que naci\u00f3 esclavizada, yendo a la misi\u00f3n? \u00a1Qu\u00e9 extraordinario!<\/p>\n<p>Pero eso es exactamente lo que\u00a0<span class=\"a-text-bold a-text-italic\">Betsey<\/span>\u00a0era, \u00a1una chica extraordinaria que cre\u00eda en un Dios extraordinario!<\/p>\n<p>Sigue su viaje aventurero de cinco meses a trav\u00e9s del Oc\u00e9ano Pac\u00edfico. \u00a1Un viaje de risas, l\u00e1grimas, oraci\u00f3n e incluso una vida reci\u00e9n nacida! Un viaje que la llevar\u00eda a las costas del hermoso Hawai, donde finalmente pudo hacer lo que siempre so\u00f1\u00f3, ser misionera.<\/p>\n<p>Los ni\u00f1os disfrutar\u00e1n de esta biograf\u00eda infantil bellamente ilustrada de\u00a0<span class=\"a-text-bold a-text-italic\">Betsey Stockton\u00a0<\/span>(c. 1798-1865), quien a pesar de haber nacido esclavizada, sigue su sue\u00f1o de ser misionera en Hawai.<\/p>\n<p>Se puede leer a ni\u00f1os peque\u00f1os de 4 a 7 a\u00f1os y puede ser le\u00edda por ni\u00f1os mayores de 7 a\u00f1os.<\/p>\n<p>&nbsp;<\/p>\n<p><strong>ISBN<\/strong>: 9781087768137<\/p>\n<p><strong>Editorial<\/strong>: B&amp;H<\/p>\n<p><strong>Dimensiones<\/strong>: 184 x 236 x 8 mm<\/p>\n<p><strong>Peso<\/strong>: 0,230kg<\/p>\n<p><strong>Cubierta<\/strong>: Tapa Dura<\/p>\n<p><strong>N\u00famero de p\u00e1ginas<\/strong>: 24<\/p>\n<p><strong>Fecha de lanzamiento<\/strong>: 19.12.2023<\/p>\n<p><strong>Idioma<\/strong>: Espa\u00f1ol<\/p>\n","protected":false},"excerpt":{"rendered":"<p>Cuando la joven\u00a0Betsey\u00a0se uni\u00f3 a un viaje misionero a Hawai, todos se sorprendieron. \u00bfUna mujer soltera que naci\u00f3 esclavizada, yendo [&hellip;]<\/p>\n","protected":false},"featured_media":385,"comment_status":"open","ping_status":"closed","template":"","meta":{"_monsterinsights_skip_tracking":false,"_monsterinsights_sitenote_active":false,"_monsterinsights_sitenote_note":"","_monsterinsights_sitenote_category":0,"site-sidebar-layout":"default","site-content-layout":"","ast-site-content-layout":"default","site-content-style":"default","site-sidebar-style":"default","ast-global-header-display":"","ast-banner-title-visibility":"","ast-main-header-display":"","ast-hfb-above-header-display":"","ast-hfb-below-header-display":"","ast-hfb-mobile-header-display":"","site-post-title":"","ast-breadcrumbs-content":"","ast-featured-img":"","footer-sml-layout":"","ast-disable-related-posts":"","theme-transparent-header-meta":"default","adv-header-id-meta":"","stick-header-meta":"","header-above-stick-meta":"","header-main-stick-meta":"","header-below-stick-meta":"","astra-migrate-meta-layouts":"set","ast-page-background-enabled":"default","ast-page-background-meta":{"desktop":{"background-color":"var(--ast-global-color-4)","background-image":"","background-repeat":"repeat","background-position":"center center","background-size":"auto","background-attachment":"scroll","background-type":"","background-media":"","overlay-type":"","overlay-color":"","overlay-opacity":"","overlay-gradient":""},"tablet":{"background-color":"","background-image":"","background-repeat":"repeat","background-position":"center center","background-size":"auto","background-attachment":"scroll","background-type":"","background-media":"","overlay-type":"","overlay-color":"","overlay-opacity":"","overlay-gradient":""},"mobile":{"background-color":"","background-image":"","background-repeat":"repeat","background-position":"center center","background-size":"auto","background-attachment":"scroll","background-type":"","background-media":"","overlay-type":"","overlay-color":"","overlay-opacity":"","overlay-gradient":""}},"ast-content-background-meta":{"desktop":{"background-color":"var(--ast-global-color-5)","background-image":"","background-repeat":"repeat","background-position":"center center","background-size":"auto","background-attachment":"scroll","background-type":"","background-media":"","overlay-type":"","overlay-color":"","overlay-opacity":"","overlay-gradient":""},"tablet":{"background-color":"var(--ast-global-color-5)","background-image":"","background-repeat":"repeat","background-position":"center center","background-size":"auto","background-attachment":"scroll","background-type":"","background-media":"","overlay-type":"","overlay-color":"","overlay-opacity":"","overlay-gradient":""},"mobile":{"background-color":"var(--ast-global-color-5)","background-image":"","background-repeat":"repeat","background-position":"center center","background-size":"auto","background-attachment":"scroll","background-type":"","background-media":"","overlay-type":"","overlay-color":"","overlay-opacity":"","overlay-gradient":""}}},"product_brand":[],"product_cat":[37,21],"product_tag":[],"class_list":{"0":"post-384","1":"product","2":"type-product","3":"status-publish","4":"has-post-thumbnail","6":"product_cat-escolar-6-a-11-anos","7":"product_cat-libros","8":"desktop-align-left","9":"tablet-align-left","10":"mobile-align-left","12":"first","13":"outofstock","14":"taxable","15":"shipping-taxable","16":"purchasable","17":"product-type-simple"},"aioseo_notices":[],"jetpack_sharing_enabled":true,"_links":{"self":[{"href":"https:\/\/bibliakids247.com\/index.php?rest_route=\/wp\/v2\/product\/384","targetHints":{"allow":["GET"]}}],"collection":[{"href":"https:\/\/bibliakids247.com\/index.php?rest_route=\/wp\/v2\/product"}],"about":[{"href":"https:\/\/bibliakids247.com\/index.php?rest_route=\/wp\/v2\/types\/product"}],"replies":[{"embeddable":true,"href":"https:\/\/bibliakids247.com\/index.php?rest_route=%2Fwp%2Fv2%2Fcomments&post=384"}],"wp:featuredmedia":[{"embeddable":true,"href":"https:\/\/bibliakids247.com\/index.php?rest_route=\/wp\/v2\/media\/385"}],"wp:attachment":[{"href":"https:\/\/bibliakids247.com\/index.php?rest_route=%2Fwp%2Fv2%2Fmedia&parent=384"}],"wp:term":[{"taxonomy":"product_brand","embeddable":true,"href":"https:\/\/bibliakids247.com\/index.php?rest_route=%2Fwp%2Fv2%2Fproduct_brand&post=384"},{"taxonomy":"product_cat","embeddable":true,"href":"https:\/\/bibliakids247.com\/index.php?rest_route=%2Fwp%2Fv2%2Fproduct_cat&post=384"},{"taxonomy":"product_tag","embeddable":true,"href":"https:\/\/bibliakids247.com\/index.php?rest_route=%2Fwp%2Fv2%2Fproduct_tag&post=384"}],"curies":[{"name":"wp","href":"https:\/\/api.w.org\/{rel}","templated":true}]}}