{"id":386,"date":"2024-03-03T13:22:25","date_gmt":"2024-03-03T18:22:25","guid":{"rendered":"https:\/\/bibliakids247.com\/?post_type=product&#038;p=386"},"modified":"2026-02-08T17:08:18","modified_gmt":"2026-02-08T22:08:18","slug":"betty-greene-la-mujer-que-deseaba-volar","status":"publish","type":"product","link":"https:\/\/bibliakids247.com\/?product=betty-greene-la-mujer-que-deseaba-volar","title":{"rendered":"La mujer que deseaba volar &#8211; Betty Greene"},"content":{"rendered":"<p data-start=\"174\" data-end=\"254\"><strong data-start=\"174\" data-end=\"222\">\ud83d\udcd8 Betty Greene \u2013 La mujer que deseaba volar<\/strong><br data-start=\"222\" data-end=\"225\" \/><em data-start=\"225\" data-end=\"254\">Haz grandes cosas para Dios<\/em><\/p>\n<p data-start=\"256\" data-end=\"596\">Desde los siete a\u00f1os, <strong data-start=\"278\" data-end=\"294\">Betty Greene<\/strong> so\u00f1aba con volar\u2026 y ese sue\u00f1o la llev\u00f3 mucho m\u00e1s lejos de lo que imagin\u00f3. Con valent\u00eda, disciplina y fe, Betty se convirti\u00f3 en piloto, sirvi\u00f3 durante la <strong data-start=\"448\" data-end=\"474\">Segunda Guerra Mundial<\/strong> junto a otras mujeres aviadoras y particip\u00f3 en proyectos de investigaci\u00f3n que llevaron aviones hasta la <strong data-start=\"579\" data-end=\"595\">estrat\u00f3sfera<\/strong>.<\/p>\n<p data-start=\"598\" data-end=\"848\">Cuando la guerra termin\u00f3, Betty uni\u00f3 su amor por volar con su amor por Jes\u00fas \u271d\ufe0f\u2708\ufe0f y ayud\u00f3 a fundar una misi\u00f3n que hoy se conoce como la <strong data-start=\"734\" data-end=\"771\">Fraternidad Misionera de Aviaci\u00f3n<\/strong>, llevando ayuda, esperanza y el mensaje de Dios a lugares remotos del mundo.<\/p>\n<p data-start=\"850\" data-end=\"1018\">A lo largo de su vida, Betty realiz\u00f3 <strong data-start=\"887\" data-end=\"910\">m\u00e1s de 4.640 vuelos<\/strong>, sirvi\u00f3 en <strong data-start=\"922\" data-end=\"935\">12 pa\u00edses<\/strong> y aterriz\u00f3 en cerca de <strong data-start=\"959\" data-end=\"969\">20 m\u00e1s<\/strong>, dejando un legado de fe, servicio y obediencia.<\/p>\n<p data-start=\"1020\" data-end=\"1209\">Esta <strong data-start=\"1025\" data-end=\"1059\">biograf\u00eda bellamente ilustrada<\/strong> inspira a los ni\u00f1os a descubrir que Dios puede usar sus talentos para hacer grandes cosas. Ideal para ser le\u00edda en familia o de manera independiente.<\/p>\n<p data-start=\"1211\" data-end=\"1350\">\u2728 Inspira vocaci\u00f3n, fe y prop\u00f3sito<br data-start=\"1245\" data-end=\"1248\" \/>\u2728 Presenta modelos reales de servicio cristiano<br data-start=\"1295\" data-end=\"1298\" \/>\u2728 Perfecta para ni\u00f1as y ni\u00f1os curiosos y so\u00f1adores<\/p>\n<p data-start=\"1352\" data-end=\"1380\"><strong data-start=\"1352\" data-end=\"1378\">\ud83d\udc67\ud83d\udc66 Edad recomendada:<\/strong><\/p>\n<ul data-start=\"1381\" data-end=\"1467\">\n<li data-start=\"1381\" data-end=\"1419\">\n<p data-start=\"1383\" data-end=\"1419\">Lectura acompa\u00f1ada: <strong data-start=\"1403\" data-end=\"1417\">4 a 5 a\u00f1os<\/strong><\/p>\n<\/li>\n<li data-start=\"1420\" data-end=\"1467\">\n<p data-start=\"1422\" data-end=\"1467\">Lectura independiente: <strong data-start=\"1445\" data-end=\"1467\">6 a\u00f1os en adelante<\/strong><\/p>\n<\/li>\n<\/ul>\n<p data-start=\"1469\" data-end=\"1497\"><strong data-start=\"1469\" data-end=\"1495\">\ud83d\udcda Detalles del libro:<\/strong><\/p>\n<ul data-start=\"1498\" data-end=\"1784\">\n<li data-start=\"1498\" data-end=\"1521\">\n<p data-start=\"1500\" data-end=\"1521\">ISBN: 9781087768151<\/p>\n<\/li>\n<li data-start=\"1522\" data-end=\"1544\">\n<p data-start=\"1524\" data-end=\"1544\">Editorial: Lifeway<\/p>\n<\/li>\n<li data-start=\"1545\" data-end=\"1577\">\n<p data-start=\"1547\" data-end=\"1577\">Autora: Laura Caputo-Wickham<\/p>\n<\/li>\n<li data-start=\"1578\" data-end=\"1608\">\n<p data-start=\"1580\" data-end=\"1608\">Ilustrado por: H\u00e9lo\u00efse Mab<\/p>\n<\/li>\n<li data-start=\"1609\" data-end=\"1628\">\n<p data-start=\"1611\" data-end=\"1628\">Idioma: Espa\u00f1ol<\/p>\n<\/li>\n<li data-start=\"1629\" data-end=\"1652\">\n<p data-start=\"1631\" data-end=\"1652\">Cubierta: Tapa dura<\/p>\n<\/li>\n<li data-start=\"1653\" data-end=\"1681\">\n<p data-start=\"1655\" data-end=\"1681\">\ud83d\udcc4 N\u00famero de p\u00e1ginas: 24<\/p>\n<\/li>\n<li data-start=\"1682\" data-end=\"1722\">\n<p data-start=\"1684\" data-end=\"1722\">\ud83d\udccf Dimensiones: 18,4 x 23,6 x 0,8 cm<\/p>\n<\/li>\n<li data-start=\"1723\" data-end=\"1744\">\n<p data-start=\"1725\" data-end=\"1744\">\u2696\ufe0f Peso: 0,230 kg<\/p>\n<\/li>\n<li data-start=\"1745\" data-end=\"1784\">\n<p data-start=\"1747\" data-end=\"1784\">\ud83d\udcc5 Fecha de lanzamiento: 19.12.2023<\/p>\n<\/li>\n<\/ul>\n<p data-start=\"1786\" data-end=\"1898\">Un libro que ense\u00f1a a los ni\u00f1os que <strong data-start=\"1822\" data-end=\"1889\">cuando ponen sus sue\u00f1os en manos de Dios, pueden volar muy alto<\/strong> \ud83d\udc9b\u2708\ufe0f\ud83d\udcd6<\/p>\n","protected":false},"excerpt":{"rendered":"<p>\ud83d\udcd8 Betty Greene \u2013 La mujer que deseaba volarHaz grandes cosas para Dios Desde los siete a\u00f1os, Betty Greene so\u00f1aba [&hellip;]<\/p>\n","protected":false},"featured_media":1174,"comment_status":"open","ping_status":"closed","template":"","meta":{"_monsterinsights_skip_tracking":false,"_monsterinsights_sitenote_active":false,"_monsterinsights_sitenote_note":"","_monsterinsights_sitenote_category":0,"site-sidebar-layout":"default","site-content-layout":"","ast-site-content-layout":"default","site-content-style":"default","site-sidebar-style":"default","ast-global-header-display":"","ast-banner-title-visibility":"","ast-main-header-display":"","ast-hfb-above-header-display":"","ast-hfb-below-header-display":"","ast-hfb-mobile-header-display":"","site-post-title":"","ast-breadcrumbs-content":"","ast-featured-img":"","footer-sml-layout":"","ast-disable-related-posts":"","theme-transparent-header-meta":"default","adv-header-id-meta":"","stick-header-meta":"","header-above-stick-meta":"","header-main-stick-meta":"","header-below-stick-meta":"","astra-migrate-meta-layouts":"set","ast-page-background-enabled":"default","ast-page-background-meta":{"desktop":{"background-color":"var(--ast-global-color-4)","background-image":"","background-repeat":"repeat","background-position":"center center","background-size":"auto","background-attachment":"scroll","background-type":"","background-media":"","overlay-type":"","overlay-color":"","overlay-opacity":"","overlay-gradient":""},"tablet":{"background-color":"","background-image":"","background-repeat":"repeat","background-position":"center center","background-size":"auto","background-attachment":"scroll","background-type":"","background-media":"","overlay-type":"","overlay-color":"","overlay-opacity":"","overlay-gradient":""},"mobile":{"background-color":"","background-image":"","background-repeat":"repeat","background-position":"center center","background-size":"auto","background-attachment":"scroll","background-type":"","background-media":"","overlay-type":"","overlay-color":"","overlay-opacity":"","overlay-gradient":""}},"ast-content-background-meta":{"desktop":{"background-color":"var(--ast-global-color-5)","background-image":"","background-repeat":"repeat","background-position":"center center","background-size":"auto","background-attachment":"scroll","background-type":"","background-media":"","overlay-type":"","overlay-color":"","overlay-opacity":"","overlay-gradient":""},"tablet":{"background-color":"var(--ast-global-color-5)","background-image":"","background-repeat":"repeat","background-position":"center center","background-size":"auto","background-attachment":"scroll","background-type":"","background-media":"","overlay-type":"","overlay-color":"","overlay-opacity":"","overlay-gradient":""},"mobile":{"background-color":"var(--ast-global-color-5)","background-image":"","background-repeat":"repeat","background-position":"center center","background-size":"auto","background-attachment":"scroll","background-type":"","background-media":"","overlay-type":"","overlay-color":"","overlay-opacity":"","overlay-gradient":""}}},"product_brand":[],"product_cat":[21],"product_tag":[],"class_list":{"0":"post-386","1":"product","2":"type-product","3":"status-publish","4":"has-post-thumbnail","6":"product_cat-libros","7":"desktop-align-left","8":"tablet-align-left","9":"mobile-align-left","11":"first","12":"instock","13":"taxable","14":"shipping-taxable","15":"purchasable","16":"product-type-simple"},"aioseo_notices":[],"jetpack_sharing_enabled":true,"_links":{"self":[{"href":"https:\/\/bibliakids247.com\/index.php?rest_route=\/wp\/v2\/product\/386","targetHints":{"allow":["GET"]}}],"collection":[{"href":"https:\/\/bibliakids247.com\/index.php?rest_route=\/wp\/v2\/product"}],"about":[{"href":"https:\/\/bibliakids247.com\/index.php?rest_route=\/wp\/v2\/types\/product"}],"replies":[{"embeddable":true,"href":"https:\/\/bibliakids247.com\/index.php?rest_route=%2Fwp%2Fv2%2Fcomments&post=386"}],"wp:featuredmedia":[{"embeddable":true,"href":"https:\/\/bibliakids247.com\/index.php?rest_route=\/wp\/v2\/media\/1174"}],"wp:attachment":[{"href":"https:\/\/bibliakids247.com\/index.php?rest_route=%2Fwp%2Fv2%2Fmedia&parent=386"}],"wp:term":[{"taxonomy":"product_brand","embeddable":true,"href":"https:\/\/bibliakids247.com\/index.php?rest_route=%2Fwp%2Fv2%2Fproduct_brand&post=386"},{"taxonomy":"product_cat","embeddable":true,"href":"https:\/\/bibliakids247.com\/index.php?rest_route=%2Fwp%2Fv2%2Fproduct_cat&post=386"},{"taxonomy":"product_tag","embeddable":true,"href":"https:\/\/bibliakids247.com\/index.php?rest_route=%2Fwp%2Fv2%2Fproduct_tag&post=386"}],"curies":[{"name":"wp","href":"https:\/\/api.w.org\/{rel}","templated":true}]}}