{"id":388,"date":"2024-03-03T13:23:24","date_gmt":"2024-03-03T18:23:24","guid":{"rendered":"https:\/\/bibliakids247.com\/?post_type=product&#038;p=388"},"modified":"2026-02-08T18:05:42","modified_gmt":"2026-02-08T23:05:42","slug":"corrie-ten-boom-la-mujer-valiente-y-el-refugio-secreto","status":"publish","type":"product","link":"https:\/\/bibliakids247.com\/?product=corrie-ten-boom-la-mujer-valiente-y-el-refugio-secreto","title":{"rendered":"La mujer valiente y el refugio secreto"},"content":{"rendered":"<div class=\"woocommerce-tabs wc-tabs-wrapper\">\n<div id=\"tab-description\" class=\"woocommerce-Tabs-panel woocommerce-Tabs-panel--description panel entry-content wc-tab\" role=\"tabpanel\" aria-labelledby=\"tab-title-description\">\n<p>En 1940, los alemanes invadieron los Pa\u00edses Bajos, y\u00a0<span class=\"a-text-bold a-text-italic\">Corrie ten Boom<\/span>\u00a0y su familia ayudaron a ocultar tantos jud\u00edos como les fue posible. Incluso ten\u00edan un cuarto secreto construido en su habitaci\u00f3n.<\/p>\n<p><span class=\"a-text-bold a-text-italic\">Corrie<\/span>\u00a0y su hermana fueron capturadas por el ej\u00e9rcito alem\u00e1n y enviadas a un campo de concentraci\u00f3n, donde Dios se asegur\u00f3 de que siempre tuvieran una Biblia para leer y muchas oportunidades para compartir las buenas nuevas sobre Jes\u00fas.<\/p>\n<p>La confianza de\u00a0<span class=\"a-text-bold a-text-italic\">Corrie<\/span>\u00a0en Dios le dio la fuerza para continuar hasta que terminara la guerra. A partir de entonces,\u00a0<span class=\"a-text-bold a-text-italic\">Corrie<\/span>\u00a0habl\u00f3 de su vida a grandes multitudes, diciendo: No hay pozo tan profundo donde el amor de Dios no sea a\u00fan m\u00e1s profundo.<\/p>\n<p>Los ni\u00f1os disfrutar\u00e1n de esta biograf\u00eda infantil bellamente ilustrada de<span class=\"a-text-bold a-text-italic\">\u00a0Corrie ten Boom<\/span>, quien salv\u00f3 a cientos de jud\u00edos durante la 2\u00aa Guerra Mundial.<\/p>\n<p>Se puede leer a ni\u00f1os peque\u00f1os de 4 a 7 a\u00f1os y puede ser le\u00edda por ni\u00f1os mayores de 7 a\u00f1os.<\/p>\n<p>&nbsp;<\/p>\n<p><strong>ISBN<\/strong>: 9781087768113<\/p>\n<p><strong>Editorial<\/strong>: B&amp;H<\/p>\n<p><strong>Dimensiones<\/strong>: 184 x 236 x 7 mm<\/p>\n<p><strong>Peso<\/strong>: 0,230kg<\/p>\n<p><strong>Cubierta<\/strong>: Tapa Dura<\/p>\n<p><strong>N\u00famero de p\u00e1ginas<\/strong>: 24<\/p>\n<p><strong>Fecha de lanzamiento<\/strong>: 19.12.2023<\/p>\n<p><strong>Idioma<\/strong>: Espa\u00f1ol<\/p>\n<\/div>\n<\/div>\n","protected":false},"excerpt":{"rendered":"<p>En 1940, los alemanes invadieron los Pa\u00edses Bajos, y\u00a0Corrie ten Boom\u00a0y su familia ayudaron a ocultar tantos jud\u00edos como les [&hellip;]<\/p>\n","protected":false},"featured_media":389,"comment_status":"open","ping_status":"closed","template":"","meta":{"_monsterinsights_skip_tracking":false,"_monsterinsights_sitenote_active":false,"_monsterinsights_sitenote_note":"","_monsterinsights_sitenote_category":0,"site-sidebar-layout":"default","site-content-layout":"","ast-site-content-layout":"default","site-content-style":"default","site-sidebar-style":"default","ast-global-header-display":"","ast-banner-title-visibility":"","ast-main-header-display":"","ast-hfb-above-header-display":"","ast-hfb-below-header-display":"","ast-hfb-mobile-header-display":"","site-post-title":"","ast-breadcrumbs-content":"","ast-featured-img":"","footer-sml-layout":"","ast-disable-related-posts":"","theme-transparent-header-meta":"default","adv-header-id-meta":"","stick-header-meta":"","header-above-stick-meta":"","header-main-stick-meta":"","header-below-stick-meta":"","astra-migrate-meta-layouts":"set","ast-page-background-enabled":"default","ast-page-background-meta":{"desktop":{"background-color":"var(--ast-global-color-4)","background-image":"","background-repeat":"repeat","background-position":"center center","background-size":"auto","background-attachment":"scroll","background-type":"","background-media":"","overlay-type":"","overlay-color":"","overlay-opacity":"","overlay-gradient":""},"tablet":{"background-color":"","background-image":"","background-repeat":"repeat","background-position":"center center","background-size":"auto","background-attachment":"scroll","background-type":"","background-media":"","overlay-type":"","overlay-color":"","overlay-opacity":"","overlay-gradient":""},"mobile":{"background-color":"","background-image":"","background-repeat":"repeat","background-position":"center center","background-size":"auto","background-attachment":"scroll","background-type":"","background-media":"","overlay-type":"","overlay-color":"","overlay-opacity":"","overlay-gradient":""}},"ast-content-background-meta":{"desktop":{"background-color":"var(--ast-global-color-5)","background-image":"","background-repeat":"repeat","background-position":"center center","background-size":"auto","background-attachment":"scroll","background-type":"","background-media":"","overlay-type":"","overlay-color":"","overlay-opacity":"","overlay-gradient":""},"tablet":{"background-color":"var(--ast-global-color-5)","background-image":"","background-repeat":"repeat","background-position":"center center","background-size":"auto","background-attachment":"scroll","background-type":"","background-media":"","overlay-type":"","overlay-color":"","overlay-opacity":"","overlay-gradient":""},"mobile":{"background-color":"var(--ast-global-color-5)","background-image":"","background-repeat":"repeat","background-position":"center center","background-size":"auto","background-attachment":"scroll","background-type":"","background-media":"","overlay-type":"","overlay-color":"","overlay-opacity":"","overlay-gradient":""}}},"product_brand":[],"product_cat":[37,21],"product_tag":[],"class_list":{"0":"post-388","1":"product","2":"type-product","3":"status-publish","4":"has-post-thumbnail","6":"product_cat-escolar-6-a-11-anos","7":"product_cat-libros","8":"desktop-align-left","9":"tablet-align-left","10":"mobile-align-left","12":"first","13":"outofstock","14":"taxable","15":"shipping-taxable","16":"purchasable","17":"product-type-simple"},"aioseo_notices":[],"jetpack_sharing_enabled":true,"_links":{"self":[{"href":"https:\/\/bibliakids247.com\/index.php?rest_route=\/wp\/v2\/product\/388","targetHints":{"allow":["GET"]}}],"collection":[{"href":"https:\/\/bibliakids247.com\/index.php?rest_route=\/wp\/v2\/product"}],"about":[{"href":"https:\/\/bibliakids247.com\/index.php?rest_route=\/wp\/v2\/types\/product"}],"replies":[{"embeddable":true,"href":"https:\/\/bibliakids247.com\/index.php?rest_route=%2Fwp%2Fv2%2Fcomments&post=388"}],"wp:featuredmedia":[{"embeddable":true,"href":"https:\/\/bibliakids247.com\/index.php?rest_route=\/wp\/v2\/media\/389"}],"wp:attachment":[{"href":"https:\/\/bibliakids247.com\/index.php?rest_route=%2Fwp%2Fv2%2Fmedia&parent=388"}],"wp:term":[{"taxonomy":"product_brand","embeddable":true,"href":"https:\/\/bibliakids247.com\/index.php?rest_route=%2Fwp%2Fv2%2Fproduct_brand&post=388"},{"taxonomy":"product_cat","embeddable":true,"href":"https:\/\/bibliakids247.com\/index.php?rest_route=%2Fwp%2Fv2%2Fproduct_cat&post=388"},{"taxonomy":"product_tag","embeddable":true,"href":"https:\/\/bibliakids247.com\/index.php?rest_route=%2Fwp%2Fv2%2Fproduct_tag&post=388"}],"curies":[{"name":"wp","href":"https:\/\/api.w.org\/{rel}","templated":true}]}}