{"id":392,"date":"2024-03-03T13:25:36","date_gmt":"2024-03-03T18:25:36","guid":{"rendered":"https:\/\/bibliakids247.com\/?post_type=product&#038;p=392"},"modified":"2026-02-12T20:26:01","modified_gmt":"2026-02-13T01:26:01","slug":"el-mesias-historietas-manga","status":"publish","type":"product","link":"https:\/\/bibliakids247.com\/?product=el-mesias-historietas-manga","title":{"rendered":"El Mes\u00edas \u2013 Historietas manga"},"content":{"rendered":"<div class=\"ast-oembed-container \" style=\"height: 100%;\"><iframe title=\"El Mes\u00edas - Historietas manga\" width=\"500\" height=\"281\" src=\"https:\/\/www.youtube.com\/embed\/QR5z2-vaxM4?feature=oembed\" frameborder=\"0\" allow=\"accelerometer; autoplay; clipboard-write; encrypted-media; gyroscope; picture-in-picture; web-share\" referrerpolicy=\"strict-origin-when-cross-origin\" allowfullscreen><\/iframe><\/div>\n<h2 data-start=\"151\" data-end=\"188\">\ud83d\udcd6 El Mes\u00edas \u2013 Historietas Manga<\/h2>\n<p data-start=\"189\" data-end=\"224\"><strong data-start=\"189\" data-end=\"224\">Los Evangelios en formato manga<\/strong><\/p>\n<p data-start=\"226\" data-end=\"438\"><strong data-start=\"226\" data-end=\"259\">El Mes\u00edas \u2013 Historietas Manga<\/strong> presenta las historias de los <strong data-start=\"290\" data-end=\"304\">Evangelios<\/strong> a trav\u00e9s de un <strong data-start=\"320\" data-end=\"347\">impactante estilo manga<\/strong>, el formato de c\u00f3mic japon\u00e9s que ha conquistado a adolescentes y j\u00f3venes en todo el mundo.<\/p>\n<p data-start=\"440\" data-end=\"767\">El manga, reconocido por su narrativa din\u00e1mica y su arte expresivo, se ha convertido en uno de los g\u00e9neros de mayor crecimiento dentro de las novelas gr\u00e1ficas. En este libro, ese estilo <strong data-start=\"626\" data-end=\"654\">aut\u00e9ntico y vanguardista<\/strong> se une a un relato \u00e1gil y profundo para dar vida a la historia de Jes\u00fas de una manera fresca, visual y poderosa.<\/p>\n<p data-start=\"769\" data-end=\"1014\">Esta audaz interpretaci\u00f3n b\u00edblica logra conectar con una generaci\u00f3n inmersa en la cultura visual, presentando <strong data-start=\"879\" data-end=\"909\">las verdades del Evangelio<\/strong> de forma accesible, emocionante y f\u00e1cil de comprender, sin perder el mensaje central de la fe cristiana.<\/p>\n<p data-start=\"1016\" data-end=\"1192\">Ideal tanto para <strong data-start=\"1033\" data-end=\"1066\">lectores j\u00f3venes como adultos<\/strong>, este libro es una excelente puerta de entrada a la Biblia para quienes disfrutan del c\u00f3mic, el manga y las novelas gr\u00e1ficas.<\/p>\n<hr data-start=\"1194\" data-end=\"1197\" \/>\n<h3 data-start=\"1199\" data-end=\"1251\">\u2728 \u00bfPor qu\u00e9 leer <em data-start=\"1219\" data-end=\"1250\">El Mes\u00edas \u2013 Historietas Manga<\/em>?<\/h3>\n<ul data-start=\"1252\" data-end=\"1478\">\n<li data-start=\"1252\" data-end=\"1291\">\n<p data-start=\"1254\" data-end=\"1291\">\ud83c\udfa8 Estilo manga aut\u00e9ntico y moderno<\/p>\n<\/li>\n<li data-start=\"1292\" data-end=\"1333\">\n<p data-start=\"1294\" data-end=\"1333\">\ud83d\udcd6 Narrativa basada en los Evangelios<\/p>\n<\/li>\n<li data-start=\"1334\" data-end=\"1375\">\n<p data-start=\"1336\" data-end=\"1375\">\u26a1 Ritmo \u00e1gil y visualmente impactante<\/p>\n<\/li>\n<li data-start=\"1376\" data-end=\"1435\">\n<p data-start=\"1378\" data-end=\"1435\">\ud83d\ude4c Conecta la fe cristiana con la cultura contempor\u00e1nea<\/p>\n<\/li>\n<li data-start=\"1436\" data-end=\"1478\">\n<p data-start=\"1438\" data-end=\"1478\">\ud83d\udcda Ideal para nuevos lectores b\u00edblicos<\/p>\n<\/li>\n<\/ul>\n<hr data-start=\"1480\" data-end=\"1483\" \/>\n<h3 data-start=\"1485\" data-end=\"1510\">\ud83d\udc66\ud83d\udc67 Edad recomendada<\/h3>\n<ul data-start=\"1511\" data-end=\"1641\">\n<li data-start=\"1511\" data-end=\"1562\">\n<p data-start=\"1513\" data-end=\"1562\"><strong data-start=\"1513\" data-end=\"1540\">Adolescentes y j\u00f3venes:<\/strong> 12 a\u00f1os en adelante<\/p>\n<\/li>\n<li data-start=\"1563\" data-end=\"1641\">\n<p data-start=\"1565\" data-end=\"1641\">Tambi\u00e9n recomendado para <strong data-start=\"1590\" data-end=\"1601\">adultos<\/strong> amantes del c\u00f3mic y la novela gr\u00e1fica<\/p>\n<\/li>\n<\/ul>\n<hr data-start=\"1643\" data-end=\"1646\" \/>\n<h3 data-start=\"1648\" data-end=\"1668\">\ud83d\udcda Ficha t\u00e9cnica<\/h3>\n<ul data-start=\"1669\" data-end=\"1807\">\n<li data-start=\"1669\" data-end=\"1696\">\n<p data-start=\"1671\" data-end=\"1696\"><strong data-start=\"1671\" data-end=\"1680\">ISBN:<\/strong> 9781414339603<\/p>\n<\/li>\n<li data-start=\"1697\" data-end=\"1720\">\n<p data-start=\"1699\" data-end=\"1720\"><strong data-start=\"1699\" data-end=\"1710\">Idioma:<\/strong> Espa\u00f1ol<\/p>\n<\/li>\n<li data-start=\"1721\" data-end=\"1746\">\n<p data-start=\"1723\" data-end=\"1746\"><strong data-start=\"1723\" data-end=\"1736\">Cubierta:<\/strong> R\u00fastica<\/p>\n<\/li>\n<li data-start=\"1747\" data-end=\"1784\">\n<p data-start=\"1749\" data-end=\"1784\"><strong data-start=\"1749\" data-end=\"1765\">Dimensiones:<\/strong> 14 x 21 x 2,2 cm<\/p>\n<\/li>\n<li data-start=\"1785\" data-end=\"1807\">\n<p data-start=\"1787\" data-end=\"1807\"><strong data-start=\"1787\" data-end=\"1796\">Peso:<\/strong> 0,324 kg<\/p>\n<\/li>\n<\/ul>\n","protected":false},"excerpt":{"rendered":"<p>\ud83d\udcd6 El Mes\u00edas \u2013 Historietas Manga Los Evangelios en formato manga El Mes\u00edas \u2013 Historietas Manga presenta las historias de [&hellip;]<\/p>\n","protected":false},"featured_media":393,"comment_status":"open","ping_status":"closed","template":"","meta":{"_monsterinsights_skip_tracking":false,"_monsterinsights_sitenote_active":false,"_monsterinsights_sitenote_note":"","_monsterinsights_sitenote_category":0,"site-sidebar-layout":"default","site-content-layout":"","ast-site-content-layout":"default","site-content-style":"default","site-sidebar-style":"default","ast-global-header-display":"","ast-banner-title-visibility":"","ast-main-header-display":"","ast-hfb-above-header-display":"","ast-hfb-below-header-display":"","ast-hfb-mobile-header-display":"","site-post-title":"","ast-breadcrumbs-content":"","ast-featured-img":"","footer-sml-layout":"","ast-disable-related-posts":"","theme-transparent-header-meta":"default","adv-header-id-meta":"","stick-header-meta":"","header-above-stick-meta":"","header-main-stick-meta":"","header-below-stick-meta":"","astra-migrate-meta-layouts":"set","ast-page-background-enabled":"default","ast-page-background-meta":{"desktop":{"background-color":"var(--ast-global-color-4)","background-image":"","background-repeat":"repeat","background-position":"center center","background-size":"auto","background-attachment":"scroll","background-type":"","background-media":"","overlay-type":"","overlay-color":"","overlay-opacity":"","overlay-gradient":""},"tablet":{"background-color":"","background-image":"","background-repeat":"repeat","background-position":"center center","background-size":"auto","background-attachment":"scroll","background-type":"","background-media":"","overlay-type":"","overlay-color":"","overlay-opacity":"","overlay-gradient":""},"mobile":{"background-color":"","background-image":"","background-repeat":"repeat","background-position":"center center","background-size":"auto","background-attachment":"scroll","background-type":"","background-media":"","overlay-type":"","overlay-color":"","overlay-opacity":"","overlay-gradient":""}},"ast-content-background-meta":{"desktop":{"background-color":"var(--ast-global-color-5)","background-image":"","background-repeat":"repeat","background-position":"center center","background-size":"auto","background-attachment":"scroll","background-type":"","background-media":"","overlay-type":"","overlay-color":"","overlay-opacity":"","overlay-gradient":""},"tablet":{"background-color":"var(--ast-global-color-5)","background-image":"","background-repeat":"repeat","background-position":"center center","background-size":"auto","background-attachment":"scroll","background-type":"","background-media":"","overlay-type":"","overlay-color":"","overlay-opacity":"","overlay-gradient":""},"mobile":{"background-color":"var(--ast-global-color-5)","background-image":"","background-repeat":"repeat","background-position":"center center","background-size":"auto","background-attachment":"scroll","background-type":"","background-media":"","overlay-type":"","overlay-color":"","overlay-opacity":"","overlay-gradient":""}}},"product_brand":[],"product_cat":[38,21,41],"product_tag":[],"class_list":{"0":"post-392","1":"product","2":"type-product","3":"status-publish","4":"has-post-thumbnail","6":"product_cat-adolescentes-mayor-a-12-anos","7":"product_cat-libros","8":"product_cat-tf","9":"desktop-align-left","10":"tablet-align-left","11":"mobile-align-left","13":"first","14":"instock","15":"taxable","16":"shipping-taxable","17":"purchasable","18":"product-type-simple"},"aioseo_notices":[],"jetpack_sharing_enabled":true,"_links":{"self":[{"href":"https:\/\/bibliakids247.com\/index.php?rest_route=\/wp\/v2\/product\/392","targetHints":{"allow":["GET"]}}],"collection":[{"href":"https:\/\/bibliakids247.com\/index.php?rest_route=\/wp\/v2\/product"}],"about":[{"href":"https:\/\/bibliakids247.com\/index.php?rest_route=\/wp\/v2\/types\/product"}],"replies":[{"embeddable":true,"href":"https:\/\/bibliakids247.com\/index.php?rest_route=%2Fwp%2Fv2%2Fcomments&post=392"}],"wp:featuredmedia":[{"embeddable":true,"href":"https:\/\/bibliakids247.com\/index.php?rest_route=\/wp\/v2\/media\/393"}],"wp:attachment":[{"href":"https:\/\/bibliakids247.com\/index.php?rest_route=%2Fwp%2Fv2%2Fmedia&parent=392"}],"wp:term":[{"taxonomy":"product_brand","embeddable":true,"href":"https:\/\/bibliakids247.com\/index.php?rest_route=%2Fwp%2Fv2%2Fproduct_brand&post=392"},{"taxonomy":"product_cat","embeddable":true,"href":"https:\/\/bibliakids247.com\/index.php?rest_route=%2Fwp%2Fv2%2Fproduct_cat&post=392"},{"taxonomy":"product_tag","embeddable":true,"href":"https:\/\/bibliakids247.com\/index.php?rest_route=%2Fwp%2Fv2%2Fproduct_tag&post=392"}],"curies":[{"name":"wp","href":"https:\/\/api.w.org\/{rel}","templated":true}]}}