{"id":394,"date":"2024-03-03T13:26:55","date_gmt":"2024-03-03T18:26:55","guid":{"rendered":"https:\/\/bibliakids247.com\/?post_type=product&#038;p=394"},"modified":"2026-02-08T18:28:26","modified_gmt":"2026-02-08T23:28:26","slug":"jesus-escucha-365-oraciones-para-ninos","status":"publish","type":"product","link":"https:\/\/bibliakids247.com\/?product=jesus-escucha-365-oraciones-para-ninos","title":{"rendered":"Jes\u00fas Escucha 365 Oraciones para ni\u00f1os"},"content":{"rendered":"<h2 data-start=\"153\" data-end=\"174\">\ud83d\udcd8 Jes\u00fas escucha<\/h2>\n<h3 data-start=\"175\" data-end=\"205\"><em data-start=\"179\" data-end=\"205\">365 oraciones para ni\u00f1os<\/em><\/h3>\n<p data-start=\"207\" data-end=\"416\"><strong data-start=\"207\" data-end=\"250\">Jes\u00fas escucha: 365 oraciones para ni\u00f1os<\/strong> es un libro devocional inspirador que acompa\u00f1a a los ni\u00f1os durante <strong data-start=\"318\" data-end=\"333\">todo el a\u00f1o<\/strong>, ayud\u00e1ndolos a <strong data-start=\"349\" data-end=\"377\">hablar con Dios cada d\u00eda<\/strong> de manera sencilla, sincera y cercana.<\/p>\n<p data-start=\"418\" data-end=\"649\">Escrito por <strong data-start=\"430\" data-end=\"445\">Sarah Young<\/strong>, autora del reconocido <em data-start=\"469\" data-end=\"485\">Jes\u00fas te llama<\/em>, este libro ense\u00f1a a los ni\u00f1os que <strong data-start=\"521\" data-end=\"550\">Jes\u00fas siempre los escucha<\/strong> y que pueden acudir a \u00c9l en cualquier momento, ya sea con alegr\u00eda, miedo, gratitud o preocupaci\u00f3n.<\/p>\n<p data-start=\"651\" data-end=\"861\">A trav\u00e9s de oraciones diarias y vers\u00edculos b\u00edblicos, los ni\u00f1os aprender\u00e1n a desarrollar una <strong data-start=\"743\" data-end=\"773\">relaci\u00f3n personal con Dios<\/strong>, fortaleciendo su fe y creando el h\u00e1bito de la oraci\u00f3n como parte de su vida cotidiana.<\/p>\n<hr data-start=\"863\" data-end=\"866\" \/>\n<h3 data-start=\"868\" data-end=\"908\">\u2728 Este libro ayudar\u00e1 a los padres a:<\/h3>\n<ul data-start=\"909\" data-end=\"1118\">\n<li data-start=\"909\" data-end=\"960\">\n<p data-start=\"911\" data-end=\"960\">\ud83d\ude4f Ense\u00f1ar a sus hijos a orar y hablar con Dios<\/p>\n<\/li>\n<li data-start=\"961\" data-end=\"1011\">\n<p data-start=\"963\" data-end=\"1011\">\ud83d\udc9b Asegurarles que Dios siempre est\u00e1 con ellos<\/p>\n<\/li>\n<li data-start=\"1012\" data-end=\"1058\">\n<p data-start=\"1014\" data-end=\"1058\">\ud83d\udcd6 Fomentar la lectura diaria de la Biblia<\/p>\n<\/li>\n<li data-start=\"1059\" data-end=\"1118\">\n<p data-start=\"1061\" data-end=\"1118\">\ud83c\udf31 Formar un h\u00e1bito espiritual s\u00f3lido desde la infancia<\/p>\n<\/li>\n<\/ul>\n<hr data-start=\"1120\" data-end=\"1123\" \/>\n<h3 data-start=\"1125\" data-end=\"1160\">\ud83d\udc67\ud83d\udc66 \u00bfQu\u00e9 aprender\u00e1n los ni\u00f1os?<\/h3>\n<ul data-start=\"1161\" data-end=\"1416\">\n<li data-start=\"1161\" data-end=\"1222\">\n<p data-start=\"1163\" data-end=\"1222\">Hablar con Jes\u00fas sobre <strong data-start=\"1186\" data-end=\"1220\">cualquier situaci\u00f3n de la vida<\/strong><\/p>\n<\/li>\n<li data-start=\"1223\" data-end=\"1288\">\n<p data-start=\"1225\" data-end=\"1288\">Acudir a \u00c9l en momentos de <strong data-start=\"1252\" data-end=\"1286\">miedo, ansiedad o preocupaci\u00f3n<\/strong><\/p>\n<\/li>\n<li data-start=\"1289\" data-end=\"1344\">\n<p data-start=\"1291\" data-end=\"1344\">Agradecer, alabar y presentar sus peticiones a Dios<\/p>\n<\/li>\n<li data-start=\"1345\" data-end=\"1416\">\n<p data-start=\"1347\" data-end=\"1416\">Desarrollar el <strong data-start=\"1362\" data-end=\"1414\">h\u00e1bito diario de la oraci\u00f3n y la lectura b\u00edblica<\/strong><\/p>\n<\/li>\n<\/ul>\n<hr data-start=\"1418\" data-end=\"1421\" \/>\n<h3 data-start=\"1423\" data-end=\"1446\">\ud83c\udf81 Edad recomendada<\/h3>\n<ul data-start=\"1447\" data-end=\"1473\">\n<li data-start=\"1447\" data-end=\"1473\">\n<p data-start=\"1449\" data-end=\"1473\"><strong data-start=\"1449\" data-end=\"1473\">Ni\u00f1os de 8 a 12 a\u00f1os<\/strong><\/p>\n<\/li>\n<\/ul>\n<hr data-start=\"1475\" data-end=\"1478\" \/>\n<h3 data-start=\"1480\" data-end=\"1510\">\ud83c\udf89 Ideal como regalo para:<\/h3>\n<p data-start=\"1511\" data-end=\"1649\">\ud83c\udf84 Navidad<br data-start=\"1521\" data-end=\"1524\" \/>\ud83c\udf82 Cumplea\u00f1os<br data-start=\"1537\" data-end=\"1540\" \/>\ud83c\udf93 Regreso al colegio o graduaciones<br data-start=\"1576\" data-end=\"1579\" \/>\u271d\ufe0f Bautismos y premios de escuela dominical<br data-start=\"1622\" data-end=\"1625\" \/>\ud83d\ude4f Primeras comuniones<\/p>\n<hr data-start=\"1651\" data-end=\"1654\" \/>\n<h3 data-start=\"1656\" data-end=\"1676\">\ud83d\udcda Ficha t\u00e9cnica<\/h3>\n<ul data-start=\"1677\" data-end=\"2043\">\n<li data-start=\"1677\" data-end=\"1732\">\n<p data-start=\"1679\" data-end=\"1732\"><strong data-start=\"1679\" data-end=\"1690\">T\u00edtulo:<\/strong> Jes\u00fas escucha: 365 oraciones para ni\u00f1os<\/p>\n<\/li>\n<li data-start=\"1733\" data-end=\"1760\">\n<p data-start=\"1735\" data-end=\"1760\"><strong data-start=\"1735\" data-end=\"1744\">ISBN:<\/strong> 9781400335787<\/p>\n<\/li>\n<li data-start=\"1761\" data-end=\"1788\">\n<p data-start=\"1763\" data-end=\"1788\"><strong data-start=\"1763\" data-end=\"1774\">Autora:<\/strong> Sarah Young<\/p>\n<\/li>\n<li data-start=\"1789\" data-end=\"1823\">\n<p data-start=\"1791\" data-end=\"1823\"><strong data-start=\"1791\" data-end=\"1808\">Adaptado por:<\/strong> Tama Fortner<\/p>\n<\/li>\n<li data-start=\"1824\" data-end=\"1855\">\n<p data-start=\"1826\" data-end=\"1855\"><strong data-start=\"1826\" data-end=\"1840\">Editorial:<\/strong> Grupo Nelson<\/p>\n<\/li>\n<li data-start=\"1856\" data-end=\"1879\">\n<p data-start=\"1858\" data-end=\"1879\"><strong data-start=\"1858\" data-end=\"1869\">Idioma:<\/strong> Espa\u00f1ol<\/p>\n<\/li>\n<li data-start=\"1880\" data-end=\"1910\">\n<p data-start=\"1882\" data-end=\"1910\"><strong data-start=\"1882\" data-end=\"1895\">Cubierta:<\/strong> Tapa r\u00fastica<\/p>\n<\/li>\n<li data-start=\"1911\" data-end=\"1941\">\n<p data-start=\"1913\" data-end=\"1941\"><strong data-start=\"1913\" data-end=\"1935\">N\u00famero de p\u00e1ginas:<\/strong> 400<\/p>\n<\/li>\n<li data-start=\"1942\" data-end=\"1979\">\n<p data-start=\"1944\" data-end=\"1979\"><strong data-start=\"1944\" data-end=\"1960\">Dimensiones:<\/strong> 14 x 19 x 2,2 cm<\/p>\n<\/li>\n<li data-start=\"1980\" data-end=\"2002\">\n<p data-start=\"1982\" data-end=\"2002\"><strong data-start=\"1982\" data-end=\"1991\">Peso:<\/strong> 0,533 kg<\/p>\n<\/li>\n<li data-start=\"2003\" data-end=\"2043\">\n<p data-start=\"2005\" data-end=\"2043\"><strong data-start=\"2005\" data-end=\"2030\">Fecha de lanzamiento:<\/strong> 06.12.2023<\/p>\n<\/li>\n<\/ul>\n<hr data-start=\"2045\" data-end=\"2048\" \/>\n<p data-start=\"2050\" data-end=\"2193\">\ud83d\udc9b Un recurso maravilloso para ayudar a los ni\u00f1os a <strong data-start=\"2102\" data-end=\"2159\">leer la Palabra de Dios y orar todos los d\u00edas del a\u00f1o<\/strong>, fortaleciendo su fe paso a paso.<\/p>\n","protected":false},"excerpt":{"rendered":"<p>\ud83d\udcd8 Jes\u00fas escucha 365 oraciones para ni\u00f1os Jes\u00fas escucha: 365 oraciones para ni\u00f1os es un libro devocional inspirador que acompa\u00f1a [&hellip;]<\/p>\n","protected":false},"featured_media":395,"comment_status":"open","ping_status":"closed","template":"","meta":{"_monsterinsights_skip_tracking":false,"_monsterinsights_sitenote_active":false,"_monsterinsights_sitenote_note":"","_monsterinsights_sitenote_category":0,"site-sidebar-layout":"default","site-content-layout":"","ast-site-content-layout":"default","site-content-style":"default","site-sidebar-style":"default","ast-global-header-display":"","ast-banner-title-visibility":"","ast-main-header-display":"","ast-hfb-above-header-display":"","ast-hfb-below-header-display":"","ast-hfb-mobile-header-display":"","site-post-title":"","ast-breadcrumbs-content":"","ast-featured-img":"","footer-sml-layout":"","ast-disable-related-posts":"","theme-transparent-header-meta":"default","adv-header-id-meta":"","stick-header-meta":"","header-above-stick-meta":"","header-main-stick-meta":"","header-below-stick-meta":"","astra-migrate-meta-layouts":"set","ast-page-background-enabled":"default","ast-page-background-meta":{"desktop":{"background-color":"var(--ast-global-color-4)","background-image":"","background-repeat":"repeat","background-position":"center center","background-size":"auto","background-attachment":"scroll","background-type":"","background-media":"","overlay-type":"","overlay-color":"","overlay-opacity":"","overlay-gradient":""},"tablet":{"background-color":"","background-image":"","background-repeat":"repeat","background-position":"center center","background-size":"auto","background-attachment":"scroll","background-type":"","background-media":"","overlay-type":"","overlay-color":"","overlay-opacity":"","overlay-gradient":""},"mobile":{"background-color":"","background-image":"","background-repeat":"repeat","background-position":"center center","background-size":"auto","background-attachment":"scroll","background-type":"","background-media":"","overlay-type":"","overlay-color":"","overlay-opacity":"","overlay-gradient":""}},"ast-content-background-meta":{"desktop":{"background-color":"var(--ast-global-color-5)","background-image":"","background-repeat":"repeat","background-position":"center center","background-size":"auto","background-attachment":"scroll","background-type":"","background-media":"","overlay-type":"","overlay-color":"","overlay-opacity":"","overlay-gradient":""},"tablet":{"background-color":"var(--ast-global-color-5)","background-image":"","background-repeat":"repeat","background-position":"center center","background-size":"auto","background-attachment":"scroll","background-type":"","background-media":"","overlay-type":"","overlay-color":"","overlay-opacity":"","overlay-gradient":""},"mobile":{"background-color":"var(--ast-global-color-5)","background-image":"","background-repeat":"repeat","background-position":"center center","background-size":"auto","background-attachment":"scroll","background-type":"","background-media":"","overlay-type":"","overlay-color":"","overlay-opacity":"","overlay-gradient":""}}},"product_brand":[],"product_cat":[38,22,37,21,41],"product_tag":[],"class_list":{"0":"post-394","1":"product","2":"type-product","3":"status-publish","4":"has-post-thumbnail","6":"product_cat-adolescentes-mayor-a-12-anos","7":"product_cat-devocionales","8":"product_cat-escolar-6-a-11-anos","9":"product_cat-libros","10":"product_cat-tf","11":"desktop-align-left","12":"tablet-align-left","13":"mobile-align-left","15":"first","16":"instock","17":"taxable","18":"shipping-taxable","19":"purchasable","20":"product-type-simple"},"aioseo_notices":[],"jetpack_sharing_enabled":true,"_links":{"self":[{"href":"https:\/\/bibliakids247.com\/index.php?rest_route=\/wp\/v2\/product\/394","targetHints":{"allow":["GET"]}}],"collection":[{"href":"https:\/\/bibliakids247.com\/index.php?rest_route=\/wp\/v2\/product"}],"about":[{"href":"https:\/\/bibliakids247.com\/index.php?rest_route=\/wp\/v2\/types\/product"}],"replies":[{"embeddable":true,"href":"https:\/\/bibliakids247.com\/index.php?rest_route=%2Fwp%2Fv2%2Fcomments&post=394"}],"wp:featuredmedia":[{"embeddable":true,"href":"https:\/\/bibliakids247.com\/index.php?rest_route=\/wp\/v2\/media\/395"}],"wp:attachment":[{"href":"https:\/\/bibliakids247.com\/index.php?rest_route=%2Fwp%2Fv2%2Fmedia&parent=394"}],"wp:term":[{"taxonomy":"product_brand","embeddable":true,"href":"https:\/\/bibliakids247.com\/index.php?rest_route=%2Fwp%2Fv2%2Fproduct_brand&post=394"},{"taxonomy":"product_cat","embeddable":true,"href":"https:\/\/bibliakids247.com\/index.php?rest_route=%2Fwp%2Fv2%2Fproduct_cat&post=394"},{"taxonomy":"product_tag","embeddable":true,"href":"https:\/\/bibliakids247.com\/index.php?rest_route=%2Fwp%2Fv2%2Fproduct_tag&post=394"}],"curies":[{"name":"wp","href":"https:\/\/api.w.org\/{rel}","templated":true}]}}