{"id":399,"date":"2024-03-03T13:27:46","date_gmt":"2024-03-03T18:27:46","guid":{"rendered":"https:\/\/bibliakids247.com\/?post_type=product&#038;p=399"},"modified":"2026-02-08T17:55:41","modified_gmt":"2026-02-08T22:55:41","slug":"la-aventura-increible-descubriendo-el-nuevo-yo","status":"publish","type":"product","link":"https:\/\/bibliakids247.com\/?product=la-aventura-increible-descubriendo-el-nuevo-yo","title":{"rendered":"La aventura incre\u00edble \u2013 Plan de estudio b\u00edblico para ni\u00f1os"},"content":{"rendered":"<div class=\"ast-oembed-container \" style=\"height: 100%;\"><iframe title=\"La Aventura Incre\u00edble\" width=\"500\" height=\"281\" src=\"https:\/\/www.youtube.com\/embed\/pbdMpRnN5Is?feature=oembed\" frameborder=\"0\" allow=\"accelerometer; autoplay; clipboard-write; encrypted-media; gyroscope; picture-in-picture; web-share\" referrerpolicy=\"strict-origin-when-cross-origin\" allowfullscreen><\/iframe><\/div>\n<div>\n<h2 data-start=\"192\" data-end=\"247\">\ud83d\udcd8 La aventura incre\u00edble: \u00a1Descubriendo el nuevo yo!<\/h2>\n<p data-start=\"248\" data-end=\"287\"><strong data-start=\"248\" data-end=\"287\">Plan de estudios b\u00edblico para ni\u00f1os<\/strong><\/p>\n<p data-start=\"289\" data-end=\"556\"><strong data-start=\"289\" data-end=\"314\">La aventura incre\u00edble<\/strong> es un completo <strong data-start=\"330\" data-end=\"377\">programa de estudio de la Biblia para ni\u00f1os<\/strong>, dise\u00f1ado para guiarlos a trav\u00e9s de <strong data-start=\"414\" data-end=\"442\">toda la historia b\u00edblica<\/strong>, desde el <strong data-start=\"453\" data-end=\"501\">Antiguo Testamento hasta el Nuevo Testamento<\/strong>, de forma cronol\u00f3gica, din\u00e1mica y f\u00e1cil de comprender.<\/p>\n<p data-start=\"558\" data-end=\"796\">A lo largo de <strong data-start=\"572\" data-end=\"607\">31 historias llenas de aventura<\/strong>, basadas en la vida de <strong data-start=\"631\" data-end=\"661\">20 personajes de la Biblia<\/strong>, los ni\u00f1os desarrollan una visi\u00f3n general clara del mensaje b\u00edblico, mientras fortalecen su identidad y su relaci\u00f3n personal con Dios.<\/p>\n<p data-start=\"798\" data-end=\"1042\">Las ilustraciones a todo color y la participaci\u00f3n de los personajes <strong data-start=\"866\" data-end=\"889\">Julie, Jesse y Nate<\/strong> mantienen el inter\u00e9s de los ni\u00f1os, mientras que las historias narradas en <strong data-start=\"964\" data-end=\"983\">primera persona<\/strong> los ayudan a conectarse emocionalmente con cada ense\u00f1anza.<\/p>\n<hr data-start=\"1044\" data-end=\"1047\" \/>\n<h3 data-start=\"1049\" data-end=\"1068\">\u2728 \u00bfQu\u00e9 incluye?<\/h3>\n<ul data-start=\"1069\" data-end=\"1360\">\n<li data-start=\"1069\" data-end=\"1122\">\n<p data-start=\"1071\" data-end=\"1122\">\ud83d\udcd6 Historias b\u00edblicas narradas en primera persona<\/p>\n<\/li>\n<li data-start=\"1123\" data-end=\"1165\">\n<p data-start=\"1125\" data-end=\"1165\">\ud83d\ude4f Oraci\u00f3n del coraz\u00f3n en cada lecci\u00f3n<\/p>\n<\/li>\n<li data-start=\"1166\" data-end=\"1215\">\n<p data-start=\"1168\" data-end=\"1215\">\ud83c\udfa8 Actividades pr\u00e1cticas de aplicaci\u00f3n diaria<\/p>\n<\/li>\n<li data-start=\"1216\" data-end=\"1264\">\n<p data-start=\"1218\" data-end=\"1264\">\u270f\ufe0f P\u00e1gina en blanco para dibujar la historia<\/p>\n<\/li>\n<li data-start=\"1265\" data-end=\"1304\">\n<p data-start=\"1267\" data-end=\"1304\">\ud83d\udcdc Vers\u00edculo b\u00edblico para memorizar<\/p>\n<\/li>\n<li data-start=\"1305\" data-end=\"1360\">\n<p data-start=\"1307\" data-end=\"1360\">\u2705 Respuestas al final del libro para autoevaluaci\u00f3n<\/p>\n<\/li>\n<\/ul>\n<hr data-start=\"1362\" data-end=\"1365\" \/>\n<h3 data-start=\"1367\" data-end=\"1392\">\ud83d\udc67\ud83d\udc66 Edad recomendada<\/h3>\n<ul data-start=\"1393\" data-end=\"1470\">\n<li data-start=\"1393\" data-end=\"1427\">\n<p data-start=\"1395\" data-end=\"1427\"><strong data-start=\"1395\" data-end=\"1414\">Lectura guiada:<\/strong> 7 a 9 a\u00f1os<\/p>\n<\/li>\n<li data-start=\"1428\" data-end=\"1470\">\n<p data-start=\"1430\" data-end=\"1470\"><strong data-start=\"1430\" data-end=\"1456\">Lectura independiente:<\/strong> 9 a 12 a\u00f1os<\/p>\n<\/li>\n<\/ul>\n<p data-start=\"1472\" data-end=\"1568\">Ideal para uso en <strong data-start=\"1490\" data-end=\"1567\">hogar, escuelas dominicales, colegios cristianos y ministerios infantiles<\/strong>.<\/p>\n<hr data-start=\"1570\" data-end=\"1573\" \/>\n<h3 data-start=\"1575\" data-end=\"1592\">\ud83c\udf1f Beneficios<\/h3>\n<ul data-start=\"1593\" data-end=\"1778\">\n<li data-start=\"1593\" data-end=\"1637\">\n<p data-start=\"1595\" data-end=\"1637\">Refuerza la identidad cristiana del ni\u00f1o<\/p>\n<\/li>\n<li data-start=\"1638\" data-end=\"1687\">\n<p data-start=\"1640\" data-end=\"1687\">Fomenta la reflexi\u00f3n y la aplicaci\u00f3n personal<\/p>\n<\/li>\n<li data-start=\"1688\" data-end=\"1736\">\n<p data-start=\"1690\" data-end=\"1736\">Desarrolla creatividad y comprensi\u00f3n b\u00edblica<\/p>\n<\/li>\n<li data-start=\"1737\" data-end=\"1778\">\n<p data-start=\"1739\" data-end=\"1778\">Permite trabajo aut\u00f3nomo o acompa\u00f1ado<\/p>\n<\/li>\n<\/ul>\n<hr data-start=\"1780\" data-end=\"1783\" \/>\n<h3 data-start=\"1785\" data-end=\"1805\">\ud83d\udcda Ficha t\u00e9cnica<\/h3>\n<ul data-start=\"1806\" data-end=\"2018\">\n<li data-start=\"1806\" data-end=\"1833\">\n<p data-start=\"1808\" data-end=\"1833\"><strong data-start=\"1808\" data-end=\"1817\">ISBN:<\/strong> 9789588867281<\/p>\n<\/li>\n<li data-start=\"1834\" data-end=\"1856\">\n<p data-start=\"1836\" data-end=\"1856\"><strong data-start=\"1836\" data-end=\"1846\">Autor:<\/strong> Bud Cox<\/p>\n<\/li>\n<li data-start=\"1857\" data-end=\"1880\">\n<p data-start=\"1859\" data-end=\"1880\"><strong data-start=\"1859\" data-end=\"1870\">Idioma:<\/strong> Espa\u00f1ol<\/p>\n<\/li>\n<li data-start=\"1881\" data-end=\"1906\">\n<p data-start=\"1883\" data-end=\"1906\"><strong data-start=\"1883\" data-end=\"1896\">Cubierta:<\/strong> R\u00fastica<\/p>\n<\/li>\n<li data-start=\"1907\" data-end=\"1937\">\n<p data-start=\"1909\" data-end=\"1937\"><strong data-start=\"1909\" data-end=\"1931\">N\u00famero de p\u00e1ginas:<\/strong> 131<\/p>\n<\/li>\n<li data-start=\"1938\" data-end=\"1977\">\n<p data-start=\"1940\" data-end=\"1977\"><strong data-start=\"1940\" data-end=\"1956\">Dimensiones:<\/strong> 21 x 25,5 x 0,8 cm<\/p>\n<\/li>\n<li data-start=\"1978\" data-end=\"2018\">\n<p data-start=\"1980\" data-end=\"2018\"><strong data-start=\"1980\" data-end=\"2005\">Fecha de lanzamiento:<\/strong> 25.05.2016<\/p>\n<\/li>\n<\/ul>\n<hr data-start=\"2020\" data-end=\"2023\" \/>\n<p data-start=\"2025\" data-end=\"2139\">\ud83d\udc9b Un recurso ideal para que los ni\u00f1os <strong data-start=\"2064\" data-end=\"2138\">descubran qui\u00e9nes son en Dios y vivan la Biblia como una gran aventura<\/strong>.<\/p>\n<\/div>\n","protected":false},"excerpt":{"rendered":"<p>\ud83d\udcd8 La aventura incre\u00edble: \u00a1Descubriendo el nuevo yo! Plan de estudios b\u00edblico para ni\u00f1os La aventura incre\u00edble es un completo [&hellip;]<\/p>\n","protected":false},"featured_media":400,"comment_status":"open","ping_status":"closed","template":"","meta":{"_monsterinsights_skip_tracking":false,"_monsterinsights_sitenote_active":false,"_monsterinsights_sitenote_note":"","_monsterinsights_sitenote_category":0,"site-sidebar-layout":"default","site-content-layout":"","ast-site-content-layout":"default","site-content-style":"default","site-sidebar-style":"default","ast-global-header-display":"","ast-banner-title-visibility":"","ast-main-header-display":"","ast-hfb-above-header-display":"","ast-hfb-below-header-display":"","ast-hfb-mobile-header-display":"","site-post-title":"","ast-breadcrumbs-content":"","ast-featured-img":"","footer-sml-layout":"","ast-disable-related-posts":"","theme-transparent-header-meta":"default","adv-header-id-meta":"","stick-header-meta":"","header-above-stick-meta":"","header-main-stick-meta":"","header-below-stick-meta":"","astra-migrate-meta-layouts":"set","ast-page-background-enabled":"default","ast-page-background-meta":{"desktop":{"background-color":"var(--ast-global-color-4)","background-image":"","background-repeat":"repeat","background-position":"center center","background-size":"auto","background-attachment":"scroll","background-type":"","background-media":"","overlay-type":"","overlay-color":"","overlay-opacity":"","overlay-gradient":""},"tablet":{"background-color":"","background-image":"","background-repeat":"repeat","background-position":"center center","background-size":"auto","background-attachment":"scroll","background-type":"","background-media":"","overlay-type":"","overlay-color":"","overlay-opacity":"","overlay-gradient":""},"mobile":{"background-color":"","background-image":"","background-repeat":"repeat","background-position":"center center","background-size":"auto","background-attachment":"scroll","background-type":"","background-media":"","overlay-type":"","overlay-color":"","overlay-opacity":"","overlay-gradient":""}},"ast-content-background-meta":{"desktop":{"background-color":"var(--ast-global-color-5)","background-image":"","background-repeat":"repeat","background-position":"center center","background-size":"auto","background-attachment":"scroll","background-type":"","background-media":"","overlay-type":"","overlay-color":"","overlay-opacity":"","overlay-gradient":""},"tablet":{"background-color":"var(--ast-global-color-5)","background-image":"","background-repeat":"repeat","background-position":"center center","background-size":"auto","background-attachment":"scroll","background-type":"","background-media":"","overlay-type":"","overlay-color":"","overlay-opacity":"","overlay-gradient":""},"mobile":{"background-color":"var(--ast-global-color-5)","background-image":"","background-repeat":"repeat","background-position":"center center","background-size":"auto","background-attachment":"scroll","background-type":"","background-media":"","overlay-type":"","overlay-color":"","overlay-opacity":"","overlay-gradient":""}}},"product_brand":[],"product_cat":[38,37,44,21],"product_tag":[],"class_list":{"0":"post-399","1":"product","2":"type-product","3":"status-publish","4":"has-post-thumbnail","6":"product_cat-adolescentes-mayor-a-12-anos","7":"product_cat-escolar-6-a-11-anos","8":"product_cat-escuela-dominical","9":"product_cat-libros","10":"desktop-align-left","11":"tablet-align-left","12":"mobile-align-left","14":"first","15":"instock","16":"taxable","17":"shipping-taxable","18":"purchasable","19":"product-type-simple"},"aioseo_notices":[],"jetpack_sharing_enabled":true,"_links":{"self":[{"href":"https:\/\/bibliakids247.com\/index.php?rest_route=\/wp\/v2\/product\/399","targetHints":{"allow":["GET"]}}],"collection":[{"href":"https:\/\/bibliakids247.com\/index.php?rest_route=\/wp\/v2\/product"}],"about":[{"href":"https:\/\/bibliakids247.com\/index.php?rest_route=\/wp\/v2\/types\/product"}],"replies":[{"embeddable":true,"href":"https:\/\/bibliakids247.com\/index.php?rest_route=%2Fwp%2Fv2%2Fcomments&post=399"}],"wp:featuredmedia":[{"embeddable":true,"href":"https:\/\/bibliakids247.com\/index.php?rest_route=\/wp\/v2\/media\/400"}],"wp:attachment":[{"href":"https:\/\/bibliakids247.com\/index.php?rest_route=%2Fwp%2Fv2%2Fmedia&parent=399"}],"wp:term":[{"taxonomy":"product_brand","embeddable":true,"href":"https:\/\/bibliakids247.com\/index.php?rest_route=%2Fwp%2Fv2%2Fproduct_brand&post=399"},{"taxonomy":"product_cat","embeddable":true,"href":"https:\/\/bibliakids247.com\/index.php?rest_route=%2Fwp%2Fv2%2Fproduct_cat&post=399"},{"taxonomy":"product_tag","embeddable":true,"href":"https:\/\/bibliakids247.com\/index.php?rest_route=%2Fwp%2Fv2%2Fproduct_tag&post=399"}],"curies":[{"name":"wp","href":"https:\/\/api.w.org\/{rel}","templated":true}]}}