{"id":404,"date":"2024-03-03T13:29:58","date_gmt":"2024-03-03T18:29:58","guid":{"rendered":"https:\/\/bibliakids247.com\/?post_type=product&#038;p=404"},"modified":"2026-02-08T12:43:40","modified_gmt":"2026-02-08T17:43:40","slug":"rebelion-historietas-manga","status":"publish","type":"product","link":"https:\/\/bibliakids247.com\/?product=rebelion-historietas-manga","title":{"rendered":"Rebeli\u00f3n \u2013 Historietas Manga"},"content":{"rendered":"<p data-start=\"135\" data-end=\"221\">\ud83d\udd25 <strong data-start=\"138\" data-end=\"170\">Rebeli\u00f3n \u2013 Historietas Manga<\/strong><br data-start=\"170\" data-end=\"173\" \/>\ud83d\udcd6 <em data-start=\"176\" data-end=\"219\">La rebeli\u00f3n de los \u00e1ngeles y la humanidad<\/em><\/p>\n<p data-start=\"135\" data-end=\"221\">\ud83d\udc67\ud83d\udc66 <strong data-start=\"970\" data-end=\"1023\">Edad recomendada: A partir de 12 a\u00f1os en adelante<\/strong><\/p>\n<p data-start=\"223\" data-end=\"556\">El universo espiritual cobra vida en esta audaz interpretaci\u00f3n b\u00edblica al estilo manga. Con un arte japon\u00e9s impactante y narraci\u00f3n vertiginosa, este libro lleva a adolescentes y j\u00f3venes a un recorrido visual por el inicio del conflicto entre el bien y el mal: <strong data-start=\"483\" data-end=\"555\">la rebeli\u00f3n en el cielo, la ca\u00edda del hombre, y el plan de redenci\u00f3n<\/strong>.<\/p>\n<p data-start=\"558\" data-end=\"783\">\ud83d\udc41\ufe0f\u200d\ud83d\udde8\ufe0f Con personajes ic\u00f3nicos, ilustraciones expresivas y una narrativa que atrapa, esta historieta es perfecta para quienes aman el anime, el manga y quieren conocer <strong data-start=\"727\" data-end=\"780\">la verdad b\u00edblica en un formato visual y poderoso<\/strong>.<\/p>\n<p data-start=\"785\" data-end=\"805\">\ud83c\udfaf <strong data-start=\"788\" data-end=\"803\">Ideal para:<\/strong><\/p>\n<ul data-start=\"806\" data-end=\"963\">\n<li data-start=\"806\" data-end=\"856\">\n<p data-start=\"808\" data-end=\"856\">Adolescentes, j\u00f3venes y adultos fans del manga<\/p>\n<\/li>\n<li data-start=\"857\" data-end=\"895\">\n<p data-start=\"859\" data-end=\"895\">Evangelismo creativo y cultura pop<\/p>\n<\/li>\n<li data-start=\"896\" data-end=\"963\">\n<p data-start=\"898\" data-end=\"963\">Regal\u00e1rselo a quienes a\u00fan no conectan con la Biblia tradicional<\/p>\n<\/li>\n<\/ul>\n<p data-start=\"1025\" data-end=\"1048\">\ud83d\udccc <strong data-start=\"1028\" data-end=\"1046\">Ficha t\u00e9cnica:<\/strong><\/p>\n<ul data-start=\"1049\" data-end=\"1164\">\n<li data-start=\"1049\" data-end=\"1072\">\n<p data-start=\"1051\" data-end=\"1072\">ISBN: 9781496419736<\/p>\n<\/li>\n<li data-start=\"1073\" data-end=\"1095\">\n<p data-start=\"1075\" data-end=\"1095\">Editorial: Tyndale<\/p>\n<\/li>\n<li data-start=\"1096\" data-end=\"1116\">\n<p data-start=\"1098\" data-end=\"1116\">Formato: R\u00fastica<\/p>\n<\/li>\n<li data-start=\"1117\" data-end=\"1144\">\n<p data-start=\"1119\" data-end=\"1144\">Dimensiones: 14 x 21 cm<\/p>\n<\/li>\n<li data-start=\"1145\" data-end=\"1164\">\n<p data-start=\"1147\" data-end=\"1164\">Idioma: Espa\u00f1ol<\/p>\n<\/li>\n<\/ul>\n","protected":false},"excerpt":{"rendered":"<p>\ud83d\udd25 Rebeli\u00f3n \u2013 Historietas Manga\ud83d\udcd6 La rebeli\u00f3n de los \u00e1ngeles y la humanidad \ud83d\udc67\ud83d\udc66 Edad recomendada: A partir de 12 [&hellip;]<\/p>\n","protected":false},"featured_media":405,"comment_status":"open","ping_status":"closed","template":"","meta":{"_monsterinsights_skip_tracking":false,"_monsterinsights_sitenote_active":false,"_monsterinsights_sitenote_note":"","_monsterinsights_sitenote_category":0,"site-sidebar-layout":"default","site-content-layout":"","ast-site-content-layout":"default","site-content-style":"default","site-sidebar-style":"default","ast-global-header-display":"","ast-banner-title-visibility":"","ast-main-header-display":"","ast-hfb-above-header-display":"","ast-hfb-below-header-display":"","ast-hfb-mobile-header-display":"","site-post-title":"","ast-breadcrumbs-content":"","ast-featured-img":"","footer-sml-layout":"","ast-disable-related-posts":"","theme-transparent-header-meta":"default","adv-header-id-meta":"","stick-header-meta":"","header-above-stick-meta":"","header-main-stick-meta":"","header-below-stick-meta":"","astra-migrate-meta-layouts":"set","ast-page-background-enabled":"default","ast-page-background-meta":{"desktop":{"background-color":"var(--ast-global-color-4)","background-image":"","background-repeat":"repeat","background-position":"center center","background-size":"auto","background-attachment":"scroll","background-type":"","background-media":"","overlay-type":"","overlay-color":"","overlay-opacity":"","overlay-gradient":""},"tablet":{"background-color":"","background-image":"","background-repeat":"repeat","background-position":"center center","background-size":"auto","background-attachment":"scroll","background-type":"","background-media":"","overlay-type":"","overlay-color":"","overlay-opacity":"","overlay-gradient":""},"mobile":{"background-color":"","background-image":"","background-repeat":"repeat","background-position":"center center","background-size":"auto","background-attachment":"scroll","background-type":"","background-media":"","overlay-type":"","overlay-color":"","overlay-opacity":"","overlay-gradient":""}},"ast-content-background-meta":{"desktop":{"background-color":"var(--ast-global-color-5)","background-image":"","background-repeat":"repeat","background-position":"center center","background-size":"auto","background-attachment":"scroll","background-type":"","background-media":"","overlay-type":"","overlay-color":"","overlay-opacity":"","overlay-gradient":""},"tablet":{"background-color":"var(--ast-global-color-5)","background-image":"","background-repeat":"repeat","background-position":"center center","background-size":"auto","background-attachment":"scroll","background-type":"","background-media":"","overlay-type":"","overlay-color":"","overlay-opacity":"","overlay-gradient":""},"mobile":{"background-color":"var(--ast-global-color-5)","background-image":"","background-repeat":"repeat","background-position":"center center","background-size":"auto","background-attachment":"scroll","background-type":"","background-media":"","overlay-type":"","overlay-color":"","overlay-opacity":"","overlay-gradient":""}}},"product_brand":[],"product_cat":[38,37,21],"product_tag":[],"class_list":{"0":"post-404","1":"product","2":"type-product","3":"status-publish","4":"has-post-thumbnail","6":"product_cat-adolescentes-mayor-a-12-anos","7":"product_cat-escolar-6-a-11-anos","8":"product_cat-libros","9":"desktop-align-left","10":"tablet-align-left","11":"mobile-align-left","13":"first","14":"outofstock","15":"taxable","16":"shipping-taxable","17":"purchasable","18":"product-type-simple"},"aioseo_notices":[],"jetpack_sharing_enabled":true,"_links":{"self":[{"href":"https:\/\/bibliakids247.com\/index.php?rest_route=\/wp\/v2\/product\/404","targetHints":{"allow":["GET"]}}],"collection":[{"href":"https:\/\/bibliakids247.com\/index.php?rest_route=\/wp\/v2\/product"}],"about":[{"href":"https:\/\/bibliakids247.com\/index.php?rest_route=\/wp\/v2\/types\/product"}],"replies":[{"embeddable":true,"href":"https:\/\/bibliakids247.com\/index.php?rest_route=%2Fwp%2Fv2%2Fcomments&post=404"}],"wp:featuredmedia":[{"embeddable":true,"href":"https:\/\/bibliakids247.com\/index.php?rest_route=\/wp\/v2\/media\/405"}],"wp:attachment":[{"href":"https:\/\/bibliakids247.com\/index.php?rest_route=%2Fwp%2Fv2%2Fmedia&parent=404"}],"wp:term":[{"taxonomy":"product_brand","embeddable":true,"href":"https:\/\/bibliakids247.com\/index.php?rest_route=%2Fwp%2Fv2%2Fproduct_brand&post=404"},{"taxonomy":"product_cat","embeddable":true,"href":"https:\/\/bibliakids247.com\/index.php?rest_route=%2Fwp%2Fv2%2Fproduct_cat&post=404"},{"taxonomy":"product_tag","embeddable":true,"href":"https:\/\/bibliakids247.com\/index.php?rest_route=%2Fwp%2Fv2%2Fproduct_tag&post=404"}],"curies":[{"name":"wp","href":"https:\/\/api.w.org\/{rel}","templated":true}]}}