{"id":406,"date":"2024-03-03T13:31:15","date_gmt":"2024-03-03T18:31:15","guid":{"rendered":"https:\/\/bibliakids247.com\/?post_type=product&#038;p=406"},"modified":"2026-02-08T15:17:04","modified_gmt":"2026-02-08T20:17:04","slug":"reina-ester-libro-de-colorear","status":"publish","type":"product","link":"https:\/\/bibliakids247.com\/?product=reina-ester-libro-de-colorear","title":{"rendered":"Libro de colorear: La Reina Ester"},"content":{"rendered":"<p data-start=\"185\" data-end=\"276\">\ud83d\udc51 <strong data-start=\"188\" data-end=\"225\">Libro de colorear: La Reina Ester<\/strong><br data-start=\"225\" data-end=\"228\" \/>\u00a1Una princesa valiente para ni\u00f1as con prop\u00f3sito!<\/p>\n<p data-start=\"185\" data-end=\"276\">\ud83d\udc67 <strong data-start=\"737\" data-end=\"769\">Edad recomendada: 3 a 7 a\u00f1os<\/strong><\/p>\n<p data-start=\"278\" data-end=\"492\">Acompa\u00f1a a <strong data-start=\"289\" data-end=\"298\">Ester<\/strong>, la reina b\u00edblica que salv\u00f3 a su pueblo con fe y valent\u00eda. Este hermoso libro trae <strong data-start=\"382\" data-end=\"410\">24 p\u00e1ginas para colorear<\/strong> y un <strong data-start=\"416\" data-end=\"435\">set de stickers<\/strong> para que los m\u00e1s peque\u00f1os den vida a esta gran historia.<\/p>\n<p data-start=\"494\" data-end=\"609\">\ud83c\udfa8 Ideal para desarrollar la creatividad mientras aprenden sobre una de las hero\u00ednas m\u00e1s inspiradoras de la Biblia.<\/p>\n<p data-start=\"611\" data-end=\"628\">\ud83d\udcd8 <strong data-start=\"614\" data-end=\"626\">Incluye:<\/strong><\/p>\n<ul data-start=\"629\" data-end=\"732\">\n<li data-start=\"629\" data-end=\"657\">\n<p data-start=\"631\" data-end=\"657\">24 p\u00e1ginas para colorear<\/p>\n<\/li>\n<li data-start=\"658\" data-end=\"687\">\n<p data-start=\"660\" data-end=\"687\">Set de stickers tem\u00e1ticos<\/p>\n<\/li>\n<li data-start=\"688\" data-end=\"732\">\n<p data-start=\"690\" data-end=\"732\">Ilustraciones amigables y de f\u00e1cil trazo<\/p>\n<\/li>\n<\/ul>\n<p data-start=\"734\" data-end=\"771\">\n","protected":false},"excerpt":{"rendered":"<p>\ud83d\udc51 Libro de colorear: La Reina Ester\u00a1Una princesa valiente para ni\u00f1as con prop\u00f3sito! \ud83d\udc67 Edad recomendada: 3 a 7 a\u00f1os [&hellip;]<\/p>\n","protected":false},"featured_media":407,"comment_status":"open","ping_status":"closed","template":"","meta":{"_monsterinsights_skip_tracking":false,"_monsterinsights_sitenote_active":false,"_monsterinsights_sitenote_note":"","_monsterinsights_sitenote_category":0,"site-sidebar-layout":"default","site-content-layout":"","ast-site-content-layout":"default","site-content-style":"default","site-sidebar-style":"default","ast-global-header-display":"","ast-banner-title-visibility":"","ast-main-header-display":"","ast-hfb-above-header-display":"","ast-hfb-below-header-display":"","ast-hfb-mobile-header-display":"","site-post-title":"","ast-breadcrumbs-content":"","ast-featured-img":"","footer-sml-layout":"","ast-disable-related-posts":"","theme-transparent-header-meta":"default","adv-header-id-meta":"","stick-header-meta":"","header-above-stick-meta":"","header-main-stick-meta":"","header-below-stick-meta":"","astra-migrate-meta-layouts":"set","ast-page-background-enabled":"default","ast-page-background-meta":{"desktop":{"background-color":"var(--ast-global-color-4)","background-image":"","background-repeat":"repeat","background-position":"center center","background-size":"auto","background-attachment":"scroll","background-type":"","background-media":"","overlay-type":"","overlay-color":"","overlay-opacity":"","overlay-gradient":""},"tablet":{"background-color":"","background-image":"","background-repeat":"repeat","background-position":"center center","background-size":"auto","background-attachment":"scroll","background-type":"","background-media":"","overlay-type":"","overlay-color":"","overlay-opacity":"","overlay-gradient":""},"mobile":{"background-color":"","background-image":"","background-repeat":"repeat","background-position":"center center","background-size":"auto","background-attachment":"scroll","background-type":"","background-media":"","overlay-type":"","overlay-color":"","overlay-opacity":"","overlay-gradient":""}},"ast-content-background-meta":{"desktop":{"background-color":"var(--ast-global-color-5)","background-image":"","background-repeat":"repeat","background-position":"center center","background-size":"auto","background-attachment":"scroll","background-type":"","background-media":"","overlay-type":"","overlay-color":"","overlay-opacity":"","overlay-gradient":""},"tablet":{"background-color":"var(--ast-global-color-5)","background-image":"","background-repeat":"repeat","background-position":"center center","background-size":"auto","background-attachment":"scroll","background-type":"","background-media":"","overlay-type":"","overlay-color":"","overlay-opacity":"","overlay-gradient":""},"mobile":{"background-color":"var(--ast-global-color-5)","background-image":"","background-repeat":"repeat","background-position":"center center","background-size":"auto","background-attachment":"scroll","background-type":"","background-media":"","overlay-type":"","overlay-color":"","overlay-opacity":"","overlay-gradient":""}}},"product_brand":[],"product_cat":[25],"product_tag":[],"class_list":{"0":"post-406","1":"product","2":"type-product","3":"status-publish","4":"has-post-thumbnail","6":"product_cat-cartillas","7":"desktop-align-left","8":"tablet-align-left","9":"mobile-align-left","11":"first","12":"instock","13":"taxable","14":"shipping-taxable","15":"purchasable","16":"product-type-simple"},"aioseo_notices":[],"jetpack_sharing_enabled":true,"_links":{"self":[{"href":"https:\/\/bibliakids247.com\/index.php?rest_route=\/wp\/v2\/product\/406","targetHints":{"allow":["GET"]}}],"collection":[{"href":"https:\/\/bibliakids247.com\/index.php?rest_route=\/wp\/v2\/product"}],"about":[{"href":"https:\/\/bibliakids247.com\/index.php?rest_route=\/wp\/v2\/types\/product"}],"replies":[{"embeddable":true,"href":"https:\/\/bibliakids247.com\/index.php?rest_route=%2Fwp%2Fv2%2Fcomments&post=406"}],"wp:featuredmedia":[{"embeddable":true,"href":"https:\/\/bibliakids247.com\/index.php?rest_route=\/wp\/v2\/media\/407"}],"wp:attachment":[{"href":"https:\/\/bibliakids247.com\/index.php?rest_route=%2Fwp%2Fv2%2Fmedia&parent=406"}],"wp:term":[{"taxonomy":"product_brand","embeddable":true,"href":"https:\/\/bibliakids247.com\/index.php?rest_route=%2Fwp%2Fv2%2Fproduct_brand&post=406"},{"taxonomy":"product_cat","embeddable":true,"href":"https:\/\/bibliakids247.com\/index.php?rest_route=%2Fwp%2Fv2%2Fproduct_cat&post=406"},{"taxonomy":"product_tag","embeddable":true,"href":"https:\/\/bibliakids247.com\/index.php?rest_route=%2Fwp%2Fv2%2Fproduct_tag&post=406"}],"curies":[{"name":"wp","href":"https:\/\/api.w.org\/{rel}","templated":true}]}}