{"id":417,"date":"2024-03-03T13:36:13","date_gmt":"2024-03-03T18:36:13","guid":{"rendered":"https:\/\/bibliakids247.com\/?post_type=product&#038;p=417"},"modified":"2026-02-08T12:43:41","modified_gmt":"2026-02-08T17:43:41","slug":"superlibro-el-hijo-prodigo","status":"publish","type":"product","link":"https:\/\/bibliakids247.com\/?product=superlibro-el-hijo-prodigo","title":{"rendered":"Superlibro \u2013 El Hijo Pr\u00f3digo"},"content":{"rendered":"<p data-start=\"168\" data-end=\"260\">\ud83d\udcab <strong data-start=\"171\" data-end=\"202\">Superlibro: El Hijo Pr\u00f3digo<\/strong><br data-start=\"202\" data-end=\"205\" \/>\u00a1Una historia de perd\u00f3n, amor y segundas oportunidades!<\/p>\n<p data-start=\"168\" data-end=\"260\">\ud83d\udc67\ud83e\uddd2 <strong data-start=\"925\" data-end=\"958\">Edad recomendada: 5 a 10 a\u00f1os<\/strong><\/p>\n<p data-start=\"262\" data-end=\"628\">En esta emocionante aventura, el Superlibro transporta a Chris, Joy y el robot Gizmo a la antigua Galilea, donde escuchan directamente de Jes\u00fas la inolvidable par\u00e1bola del hijo pr\u00f3digo.<br data-start=\"447\" data-end=\"450\" \/>Acompa\u00f1a a un joven que busca libertad y diversi\u00f3n lejos de casa\u2026 solo para descubrir que el amor y la aceptaci\u00f3n verdadera lo esperaban todo el tiempo en los brazos de su padre.<\/p>\n<p data-start=\"630\" data-end=\"756\">\ud83d\udc68\u200d\ud83d\udc66 Una historia poderosa para ense\u00f1ar a los ni\u00f1os el valor del <strong data-start=\"696\" data-end=\"755\">perd\u00f3n, la restauraci\u00f3n y el amor incondicional de Dios<\/strong>.<\/p>\n<p data-start=\"758\" data-end=\"793\">\ud83d\udcd8 <strong data-start=\"761\" data-end=\"791\">Caracter\u00edsticas del libro:<\/strong><\/p>\n<ul data-start=\"794\" data-end=\"918\">\n<li data-start=\"794\" data-end=\"840\">\n<p data-start=\"796\" data-end=\"840\">Tapa dura, p\u00e1ginas ilustradas a todo color<\/p>\n<\/li>\n<li data-start=\"841\" data-end=\"876\">\n<p data-start=\"843\" data-end=\"876\">Lenguaje sencillo y emocionante<\/p>\n<\/li>\n<li data-start=\"877\" data-end=\"918\">\n<p data-start=\"879\" data-end=\"918\">Basado en la serie animada Superlibro<\/p>\n<\/li>\n<\/ul>\n<p data-start=\"897\" data-end=\"920\">\ud83d\udcda\u00a0<strong data-start=\"900\" data-end=\"918\">Ficha t\u00e9cnica:<\/strong><\/p>\n<ul data-start=\"921\" data-end=\"1119\">\n<li data-start=\"921\" data-end=\"944\">\n<p data-start=\"923\" data-end=\"944\">ISBN: \u00a0<span class=\"sku\">9781629997872<\/span><\/p>\n<\/li>\n<li data-start=\"945\" data-end=\"973\">\n<p data-start=\"947\" data-end=\"973\">Editorial: Casa Creaci\u00f3n<\/p>\n<\/li>\n<li data-start=\"974\" data-end=\"1007\">\n<p data-start=\"976\" data-end=\"1007\">Dimensiones: 171 x 210 x 8 mm<\/p>\n<\/li>\n<li data-start=\"1008\" data-end=\"1023\">\n<p data-start=\"1010\" data-end=\"1023\">Peso: 180 g<\/p>\n<\/li>\n<li data-start=\"1024\" data-end=\"1039\">\n<p data-start=\"1026\" data-end=\"1039\">P\u00e1ginas: 32<\/p>\n<\/li>\n<li data-start=\"1040\" data-end=\"1054\">\n<p data-start=\"1042\" data-end=\"1054\">Tapa: Dura<\/p>\n<\/li>\n<li data-start=\"1055\" data-end=\"1074\">\n<p data-start=\"1057\" data-end=\"1074\">Idioma: Espa\u00f1ol<\/p>\n<\/li>\n<li data-start=\"1075\" data-end=\"1119\">\n<p data-start=\"1077\" data-end=\"1119\">Fecha de lanzamiento: 18 de agosto de 2020<\/p>\n<\/li>\n<\/ul>\n<p data-start=\"1121\" data-end=\"1227\">\ud83c\udfaf Perfecto para leer en casa, usar en Escuela Dominical o como regalo que siembra fe y valores duraderos.<\/p>\n","protected":false},"excerpt":{"rendered":"<p>\ud83d\udcab Superlibro: El Hijo Pr\u00f3digo\u00a1Una historia de perd\u00f3n, amor y segundas oportunidades! \ud83d\udc67\ud83e\uddd2 Edad recomendada: 5 a 10 a\u00f1os En [&hellip;]<\/p>\n","protected":false},"featured_media":418,"comment_status":"open","ping_status":"closed","template":"","meta":{"_monsterinsights_skip_tracking":false,"_monsterinsights_sitenote_active":false,"_monsterinsights_sitenote_note":"","_monsterinsights_sitenote_category":0,"site-sidebar-layout":"default","site-content-layout":"","ast-site-content-layout":"default","site-content-style":"default","site-sidebar-style":"default","ast-global-header-display":"","ast-banner-title-visibility":"","ast-main-header-display":"","ast-hfb-above-header-display":"","ast-hfb-below-header-display":"","ast-hfb-mobile-header-display":"","site-post-title":"","ast-breadcrumbs-content":"","ast-featured-img":"","footer-sml-layout":"","ast-disable-related-posts":"","theme-transparent-header-meta":"default","adv-header-id-meta":"","stick-header-meta":"","header-above-stick-meta":"","header-main-stick-meta":"","header-below-stick-meta":"","astra-migrate-meta-layouts":"set","ast-page-background-enabled":"default","ast-page-background-meta":{"desktop":{"background-color":"var(--ast-global-color-4)","background-image":"","background-repeat":"repeat","background-position":"center center","background-size":"auto","background-attachment":"scroll","background-type":"","background-media":"","overlay-type":"","overlay-color":"","overlay-opacity":"","overlay-gradient":""},"tablet":{"background-color":"","background-image":"","background-repeat":"repeat","background-position":"center center","background-size":"auto","background-attachment":"scroll","background-type":"","background-media":"","overlay-type":"","overlay-color":"","overlay-opacity":"","overlay-gradient":""},"mobile":{"background-color":"","background-image":"","background-repeat":"repeat","background-position":"center center","background-size":"auto","background-attachment":"scroll","background-type":"","background-media":"","overlay-type":"","overlay-color":"","overlay-opacity":"","overlay-gradient":""}},"ast-content-background-meta":{"desktop":{"background-color":"var(--ast-global-color-5)","background-image":"","background-repeat":"repeat","background-position":"center center","background-size":"auto","background-attachment":"scroll","background-type":"","background-media":"","overlay-type":"","overlay-color":"","overlay-opacity":"","overlay-gradient":""},"tablet":{"background-color":"var(--ast-global-color-5)","background-image":"","background-repeat":"repeat","background-position":"center center","background-size":"auto","background-attachment":"scroll","background-type":"","background-media":"","overlay-type":"","overlay-color":"","overlay-opacity":"","overlay-gradient":""},"mobile":{"background-color":"var(--ast-global-color-5)","background-image":"","background-repeat":"repeat","background-position":"center center","background-size":"auto","background-attachment":"scroll","background-type":"","background-media":"","overlay-type":"","overlay-color":"","overlay-opacity":"","overlay-gradient":""}}},"product_brand":[],"product_cat":[37,21,36],"product_tag":[],"class_list":{"0":"post-417","1":"product","2":"type-product","3":"status-publish","4":"has-post-thumbnail","6":"product_cat-escolar-6-a-11-anos","7":"product_cat-libros","8":"product_cat-preescolar-3-a-5-anos","9":"desktop-align-left","10":"tablet-align-left","11":"mobile-align-left","13":"first","14":"instock","15":"taxable","16":"shipping-taxable","17":"purchasable","18":"product-type-simple"},"aioseo_notices":[],"jetpack_sharing_enabled":true,"_links":{"self":[{"href":"https:\/\/bibliakids247.com\/index.php?rest_route=\/wp\/v2\/product\/417","targetHints":{"allow":["GET"]}}],"collection":[{"href":"https:\/\/bibliakids247.com\/index.php?rest_route=\/wp\/v2\/product"}],"about":[{"href":"https:\/\/bibliakids247.com\/index.php?rest_route=\/wp\/v2\/types\/product"}],"replies":[{"embeddable":true,"href":"https:\/\/bibliakids247.com\/index.php?rest_route=%2Fwp%2Fv2%2Fcomments&post=417"}],"wp:featuredmedia":[{"embeddable":true,"href":"https:\/\/bibliakids247.com\/index.php?rest_route=\/wp\/v2\/media\/418"}],"wp:attachment":[{"href":"https:\/\/bibliakids247.com\/index.php?rest_route=%2Fwp%2Fv2%2Fmedia&parent=417"}],"wp:term":[{"taxonomy":"product_brand","embeddable":true,"href":"https:\/\/bibliakids247.com\/index.php?rest_route=%2Fwp%2Fv2%2Fproduct_brand&post=417"},{"taxonomy":"product_cat","embeddable":true,"href":"https:\/\/bibliakids247.com\/index.php?rest_route=%2Fwp%2Fv2%2Fproduct_cat&post=417"},{"taxonomy":"product_tag","embeddable":true,"href":"https:\/\/bibliakids247.com\/index.php?rest_route=%2Fwp%2Fv2%2Fproduct_tag&post=417"}],"curies":[{"name":"wp","href":"https:\/\/api.w.org\/{rel}","templated":true}]}}