{"id":421,"date":"2024-03-03T13:37:50","date_gmt":"2024-03-03T18:37:50","guid":{"rendered":"https:\/\/bibliakids247.com\/?post_type=product&#038;p=421"},"modified":"2026-02-08T12:43:42","modified_gmt":"2026-02-08T17:43:42","slug":"superlibro-los-diez-mandamientos-moises-y-la-ley","status":"publish","type":"product","link":"https:\/\/bibliakids247.com\/?product=superlibro-los-diez-mandamientos-moises-y-la-ley","title":{"rendered":"Superlibro \u2013 Los diez mandamientos Moises y la ley"},"content":{"rendered":"<p>&nbsp;<\/p>\n<h3 data-start=\"140\" data-end=\"184\">\ud83d\udcd8 <em data-start=\"147\" data-end=\"182\">Superlibro: Los Diez Mandamientos<\/em><\/h3>\n<p data-start=\"185\" data-end=\"233\"><strong data-start=\"185\" data-end=\"233\">Mois\u00e9s y la Ley \u2013 Una aventura con prop\u00f3sito<\/strong><\/p>\n<p data-start=\"185\" data-end=\"233\">\ud83d\udc76 <strong data-start=\"863\" data-end=\"884\">Edad recomendada:<\/strong> 4 a 9 a\u00f1os<\/p>\n<p data-start=\"235\" data-end=\"398\">\ud83d\udd0d Cuando Chris se cansa de seguir reglas y arrastra a sus amigos a una cueva peligrosa, \u00a1todo cambia al ser transportados por el Superlibro al desierto del Sina\u00ed!<\/p>\n<p data-start=\"400\" data-end=\"725\">Acompa\u00f1a a Chris, Joy y el robot Gizmo en un viaje emocionante a trav\u00e9s del tiempo, donde conocer\u00e1n a Mois\u00e9s, Aar\u00f3n y al pueblo de Israel justo en el momento en que Dios entrega los Diez Mandamientos.<br data-start=\"600\" data-end=\"603\" \/>Descubre por qu\u00e9 <strong data-start=\"620\" data-end=\"679\">las reglas de Dios son una muestra de su amor y cuidado<\/strong> para protegernos y darnos verdadera libertad.<\/p>\n<p data-start=\"727\" data-end=\"858\">\u26a1 Una forma poderosa de ense\u00f1ar a los ni\u00f1os que <strong data-start=\"775\" data-end=\"802\">obedecer trae bendici\u00f3n<\/strong> y que las reglas de Dios no son carga, \u00a1sino un regalo!<\/p>\n<p data-start=\"860\" data-end=\"895\">\n<p data-start=\"897\" data-end=\"920\">\ud83d\udcda <strong data-start=\"900\" data-end=\"918\">Ficha t\u00e9cnica:<\/strong><\/p>\n<ul data-start=\"921\" data-end=\"1119\">\n<li data-start=\"921\" data-end=\"944\">\n<p data-start=\"923\" data-end=\"944\">ISBN: 9781629997841<\/p>\n<\/li>\n<li data-start=\"945\" data-end=\"973\">\n<p data-start=\"947\" data-end=\"973\">Editorial: Casa Creaci\u00f3n<\/p>\n<\/li>\n<li data-start=\"974\" data-end=\"1007\">\n<p data-start=\"976\" data-end=\"1007\">Dimensiones: 171 x 210 x 8 mm<\/p>\n<\/li>\n<li data-start=\"1008\" data-end=\"1023\">\n<p data-start=\"1010\" data-end=\"1023\">Peso: 180 g<\/p>\n<\/li>\n<li data-start=\"1024\" data-end=\"1039\">\n<p data-start=\"1026\" data-end=\"1039\">P\u00e1ginas: 32<\/p>\n<\/li>\n<li data-start=\"1040\" data-end=\"1054\">\n<p data-start=\"1042\" data-end=\"1054\">Tapa: Dura<\/p>\n<\/li>\n<li data-start=\"1055\" data-end=\"1074\">\n<p data-start=\"1057\" data-end=\"1074\">Idioma: Espa\u00f1ol<\/p>\n<\/li>\n<li data-start=\"1075\" data-end=\"1119\">\n<p data-start=\"1077\" data-end=\"1119\">Fecha de lanzamiento: 18 de agosto de 2020<\/p>\n<\/li>\n<\/ul>\n<p data-start=\"1121\" data-end=\"1227\">\ud83c\udfaf Perfecto para leer en casa, usar en Escuela Dominical o como regalo que siembra fe y valores duraderos.<\/p>\n","protected":false},"excerpt":{"rendered":"<p>&nbsp; \ud83d\udcd8 Superlibro: Los Diez Mandamientos Mois\u00e9s y la Ley \u2013 Una aventura con prop\u00f3sito \ud83d\udc76 Edad recomendada: 4 a [&hellip;]<\/p>\n","protected":false},"featured_media":422,"comment_status":"open","ping_status":"closed","template":"","meta":{"_monsterinsights_skip_tracking":false,"_monsterinsights_sitenote_active":false,"_monsterinsights_sitenote_note":"","_monsterinsights_sitenote_category":0,"site-sidebar-layout":"default","site-content-layout":"","ast-site-content-layout":"default","site-content-style":"default","site-sidebar-style":"default","ast-global-header-display":"","ast-banner-title-visibility":"","ast-main-header-display":"","ast-hfb-above-header-display":"","ast-hfb-below-header-display":"","ast-hfb-mobile-header-display":"","site-post-title":"","ast-breadcrumbs-content":"","ast-featured-img":"","footer-sml-layout":"","ast-disable-related-posts":"","theme-transparent-header-meta":"default","adv-header-id-meta":"","stick-header-meta":"","header-above-stick-meta":"","header-main-stick-meta":"","header-below-stick-meta":"","astra-migrate-meta-layouts":"set","ast-page-background-enabled":"default","ast-page-background-meta":{"desktop":{"background-color":"var(--ast-global-color-4)","background-image":"","background-repeat":"repeat","background-position":"center center","background-size":"auto","background-attachment":"scroll","background-type":"","background-media":"","overlay-type":"","overlay-color":"","overlay-opacity":"","overlay-gradient":""},"tablet":{"background-color":"","background-image":"","background-repeat":"repeat","background-position":"center center","background-size":"auto","background-attachment":"scroll","background-type":"","background-media":"","overlay-type":"","overlay-color":"","overlay-opacity":"","overlay-gradient":""},"mobile":{"background-color":"","background-image":"","background-repeat":"repeat","background-position":"center center","background-size":"auto","background-attachment":"scroll","background-type":"","background-media":"","overlay-type":"","overlay-color":"","overlay-opacity":"","overlay-gradient":""}},"ast-content-background-meta":{"desktop":{"background-color":"var(--ast-global-color-5)","background-image":"","background-repeat":"repeat","background-position":"center center","background-size":"auto","background-attachment":"scroll","background-type":"","background-media":"","overlay-type":"","overlay-color":"","overlay-opacity":"","overlay-gradient":""},"tablet":{"background-color":"var(--ast-global-color-5)","background-image":"","background-repeat":"repeat","background-position":"center center","background-size":"auto","background-attachment":"scroll","background-type":"","background-media":"","overlay-type":"","overlay-color":"","overlay-opacity":"","overlay-gradient":""},"mobile":{"background-color":"var(--ast-global-color-5)","background-image":"","background-repeat":"repeat","background-position":"center center","background-size":"auto","background-attachment":"scroll","background-type":"","background-media":"","overlay-type":"","overlay-color":"","overlay-opacity":"","overlay-gradient":""}}},"product_brand":[],"product_cat":[37,21,36],"product_tag":[],"class_list":{"0":"post-421","1":"product","2":"type-product","3":"status-publish","4":"has-post-thumbnail","6":"product_cat-escolar-6-a-11-anos","7":"product_cat-libros","8":"product_cat-preescolar-3-a-5-anos","9":"desktop-align-left","10":"tablet-align-left","11":"mobile-align-left","13":"first","14":"instock","15":"taxable","16":"shipping-taxable","17":"purchasable","18":"product-type-simple"},"aioseo_notices":[],"jetpack_sharing_enabled":true,"_links":{"self":[{"href":"https:\/\/bibliakids247.com\/index.php?rest_route=\/wp\/v2\/product\/421","targetHints":{"allow":["GET"]}}],"collection":[{"href":"https:\/\/bibliakids247.com\/index.php?rest_route=\/wp\/v2\/product"}],"about":[{"href":"https:\/\/bibliakids247.com\/index.php?rest_route=\/wp\/v2\/types\/product"}],"replies":[{"embeddable":true,"href":"https:\/\/bibliakids247.com\/index.php?rest_route=%2Fwp%2Fv2%2Fcomments&post=421"}],"wp:featuredmedia":[{"embeddable":true,"href":"https:\/\/bibliakids247.com\/index.php?rest_route=\/wp\/v2\/media\/422"}],"wp:attachment":[{"href":"https:\/\/bibliakids247.com\/index.php?rest_route=%2Fwp%2Fv2%2Fmedia&parent=421"}],"wp:term":[{"taxonomy":"product_brand","embeddable":true,"href":"https:\/\/bibliakids247.com\/index.php?rest_route=%2Fwp%2Fv2%2Fproduct_brand&post=421"},{"taxonomy":"product_cat","embeddable":true,"href":"https:\/\/bibliakids247.com\/index.php?rest_route=%2Fwp%2Fv2%2Fproduct_cat&post=421"},{"taxonomy":"product_tag","embeddable":true,"href":"https:\/\/bibliakids247.com\/index.php?rest_route=%2Fwp%2Fv2%2Fproduct_tag&post=421"}],"curies":[{"name":"wp","href":"https:\/\/api.w.org\/{rel}","templated":true}]}}