{"id":423,"date":"2024-03-03T13:38:45","date_gmt":"2024-03-03T18:38:45","guid":{"rendered":"https:\/\/bibliakids247.com\/?post_type=product&#038;p=423"},"modified":"2026-02-08T12:43:42","modified_gmt":"2026-02-08T17:43:42","slug":"superlibro-primera-navidad-el-nacimiento-de-jesus","status":"publish","type":"product","link":"https:\/\/bibliakids247.com\/?product=superlibro-primera-navidad-el-nacimiento-de-jesus","title":{"rendered":"Superlibro: La Primera Navidad"},"content":{"rendered":"<h3 data-start=\"149\" data-end=\"190\">\ud83d\udcd8 <em data-start=\"156\" data-end=\"188\">Superlibro: La Primera Navidad<\/em><\/h3>\n<p data-start=\"191\" data-end=\"242\"><strong data-start=\"191\" data-end=\"242\">El nacimiento de Jes\u00fas contado como nunca antes<\/strong><\/p>\n<p data-start=\"191\" data-end=\"242\">\n<p data-start=\"191\" data-end=\"242\">\ud83d\udc76 <strong data-start=\"855\" data-end=\"876\">Edad recomendada:<\/strong> 4 a 9 a\u00f1os<\/p>\n<p data-start=\"244\" data-end=\"458\">\ud83c\udf81 Chris estaba tan enfocado en los regalos&#8230; \u00a1que olvid\u00f3 el verdadero sentido de la Navidad! Pero todo cambia cuando Superlibro lo transporta, junto a su amiga y su robot Gizmo, a una aventura incre\u00edble en Bel\u00e9n.<\/p>\n<p data-start=\"460\" data-end=\"757\">A trav\u00e9s de esta historia, los ni\u00f1os vivir\u00e1n el viaje de Jos\u00e9 y Mar\u00eda, entender\u00e1n la dificultad de encontrar un lugar donde Jes\u00fas pudiera nacer y presenciar\u00e1n el milagro de Su nacimiento. Con ilustraciones animadas y un mensaje claro, este libro ense\u00f1a que <strong data-start=\"717\" data-end=\"754\">el mejor regalo de todos es Jes\u00fas<\/strong>.<\/p>\n<p data-start=\"759\" data-end=\"850\">\ud83d\udcab <strong data-start=\"762\" data-end=\"850\">Una forma emocionante de ense\u00f1ar a los ni\u00f1os el verdadero significado de la Navidad.<\/strong><\/p>\n<p data-start=\"852\" data-end=\"887\">\n<p data-start=\"889\" data-end=\"912\">\ud83d\udcda <strong data-start=\"892\" data-end=\"910\">Ficha t\u00e9cnica:<\/strong><\/p>\n<ul data-start=\"913\" data-end=\"1115\">\n<li data-start=\"913\" data-end=\"936\">\n<p data-start=\"915\" data-end=\"936\">ISBN: 9781629997797<\/p>\n<\/li>\n<li data-start=\"937\" data-end=\"965\">\n<p data-start=\"939\" data-end=\"965\">Editorial: Casa Creaci\u00f3n<\/p>\n<\/li>\n<li data-start=\"966\" data-end=\"1000\">\n<p data-start=\"968\" data-end=\"1000\">Dimensiones: 168 x 77 x 206 mm<\/p>\n<\/li>\n<li data-start=\"1001\" data-end=\"1016\">\n<p data-start=\"1003\" data-end=\"1016\">Peso: 204 g<\/p>\n<\/li>\n<li data-start=\"1017\" data-end=\"1032\">\n<p data-start=\"1019\" data-end=\"1032\">P\u00e1ginas: 32<\/p>\n<\/li>\n<li data-start=\"1033\" data-end=\"1047\">\n<p data-start=\"1035\" data-end=\"1047\">Tapa: Dura<\/p>\n<\/li>\n<li data-start=\"1048\" data-end=\"1067\">\n<p data-start=\"1050\" data-end=\"1067\">Idioma: Espa\u00f1ol<\/p>\n<\/li>\n<li data-start=\"1068\" data-end=\"1115\">\n<p data-start=\"1070\" data-end=\"1115\">Fecha de lanzamiento: 25 de noviembre de 2021<\/p>\n<\/li>\n<\/ul>\n<p data-start=\"1117\" data-end=\"1213\">\ud83c\udf84 Ideal para leer en familia durante diciembre o como regalo navide\u00f1o que transforma corazones.<\/p>\n","protected":false},"excerpt":{"rendered":"<p>\ud83d\udcd8 Superlibro: La Primera Navidad El nacimiento de Jes\u00fas contado como nunca antes \ud83d\udc76 Edad recomendada: 4 a 9 a\u00f1os [&hellip;]<\/p>\n","protected":false},"featured_media":424,"comment_status":"open","ping_status":"closed","template":"","meta":{"_monsterinsights_skip_tracking":false,"_monsterinsights_sitenote_active":false,"_monsterinsights_sitenote_note":"","_monsterinsights_sitenote_category":0,"site-sidebar-layout":"default","site-content-layout":"","ast-site-content-layout":"default","site-content-style":"default","site-sidebar-style":"default","ast-global-header-display":"","ast-banner-title-visibility":"","ast-main-header-display":"","ast-hfb-above-header-display":"","ast-hfb-below-header-display":"","ast-hfb-mobile-header-display":"","site-post-title":"","ast-breadcrumbs-content":"","ast-featured-img":"","footer-sml-layout":"","ast-disable-related-posts":"","theme-transparent-header-meta":"default","adv-header-id-meta":"","stick-header-meta":"","header-above-stick-meta":"","header-main-stick-meta":"","header-below-stick-meta":"","astra-migrate-meta-layouts":"set","ast-page-background-enabled":"default","ast-page-background-meta":{"desktop":{"background-color":"var(--ast-global-color-4)","background-image":"","background-repeat":"repeat","background-position":"center center","background-size":"auto","background-attachment":"scroll","background-type":"","background-media":"","overlay-type":"","overlay-color":"","overlay-opacity":"","overlay-gradient":""},"tablet":{"background-color":"","background-image":"","background-repeat":"repeat","background-position":"center center","background-size":"auto","background-attachment":"scroll","background-type":"","background-media":"","overlay-type":"","overlay-color":"","overlay-opacity":"","overlay-gradient":""},"mobile":{"background-color":"","background-image":"","background-repeat":"repeat","background-position":"center center","background-size":"auto","background-attachment":"scroll","background-type":"","background-media":"","overlay-type":"","overlay-color":"","overlay-opacity":"","overlay-gradient":""}},"ast-content-background-meta":{"desktop":{"background-color":"var(--ast-global-color-5)","background-image":"","background-repeat":"repeat","background-position":"center center","background-size":"auto","background-attachment":"scroll","background-type":"","background-media":"","overlay-type":"","overlay-color":"","overlay-opacity":"","overlay-gradient":""},"tablet":{"background-color":"var(--ast-global-color-5)","background-image":"","background-repeat":"repeat","background-position":"center center","background-size":"auto","background-attachment":"scroll","background-type":"","background-media":"","overlay-type":"","overlay-color":"","overlay-opacity":"","overlay-gradient":""},"mobile":{"background-color":"var(--ast-global-color-5)","background-image":"","background-repeat":"repeat","background-position":"center center","background-size":"auto","background-attachment":"scroll","background-type":"","background-media":"","overlay-type":"","overlay-color":"","overlay-opacity":"","overlay-gradient":""}}},"product_brand":[],"product_cat":[37,21,36],"product_tag":[],"class_list":{"0":"post-423","1":"product","2":"type-product","3":"status-publish","4":"has-post-thumbnail","6":"product_cat-escolar-6-a-11-anos","7":"product_cat-libros","8":"product_cat-preescolar-3-a-5-anos","9":"desktop-align-left","10":"tablet-align-left","11":"mobile-align-left","13":"first","14":"instock","15":"taxable","16":"shipping-taxable","17":"purchasable","18":"product-type-simple"},"aioseo_notices":[],"jetpack_sharing_enabled":true,"_links":{"self":[{"href":"https:\/\/bibliakids247.com\/index.php?rest_route=\/wp\/v2\/product\/423","targetHints":{"allow":["GET"]}}],"collection":[{"href":"https:\/\/bibliakids247.com\/index.php?rest_route=\/wp\/v2\/product"}],"about":[{"href":"https:\/\/bibliakids247.com\/index.php?rest_route=\/wp\/v2\/types\/product"}],"replies":[{"embeddable":true,"href":"https:\/\/bibliakids247.com\/index.php?rest_route=%2Fwp%2Fv2%2Fcomments&post=423"}],"wp:featuredmedia":[{"embeddable":true,"href":"https:\/\/bibliakids247.com\/index.php?rest_route=\/wp\/v2\/media\/424"}],"wp:attachment":[{"href":"https:\/\/bibliakids247.com\/index.php?rest_route=%2Fwp%2Fv2%2Fmedia&parent=423"}],"wp:term":[{"taxonomy":"product_brand","embeddable":true,"href":"https:\/\/bibliakids247.com\/index.php?rest_route=%2Fwp%2Fv2%2Fproduct_brand&post=423"},{"taxonomy":"product_cat","embeddable":true,"href":"https:\/\/bibliakids247.com\/index.php?rest_route=%2Fwp%2Fv2%2Fproduct_cat&post=423"},{"taxonomy":"product_tag","embeddable":true,"href":"https:\/\/bibliakids247.com\/index.php?rest_route=%2Fwp%2Fv2%2Fproduct_tag&post=423"}],"curies":[{"name":"wp","href":"https:\/\/api.w.org\/{rel}","templated":true}]}}