{"id":427,"date":"2024-03-03T13:45:58","date_gmt":"2024-03-03T18:45:58","guid":{"rendered":"https:\/\/bibliakids247.com\/?post_type=product&#038;p=427"},"modified":"2026-02-08T18:53:36","modified_gmt":"2026-02-08T23:53:36","slug":"una-vida-con-proposito-devocional-para-ninos","status":"publish","type":"product","link":"https:\/\/bibliakids247.com\/?product=una-vida-con-proposito-devocional-para-ninos","title":{"rendered":"Una Vida Con Prop\u00f3sito para ni\u00f1os \u2013 Devocional 365 d\u00edas"},"content":{"rendered":"<div class=\"ast-oembed-container \" style=\"height: 100%;\"><iframe title=\"Una Vida Con Prop\u00f3sito - Devocional Para Ni\u00f1os\" width=\"500\" height=\"281\" src=\"https:\/\/www.youtube.com\/embed\/bzNGnhJW6d4?feature=oembed\" frameborder=\"0\" allow=\"accelerometer; autoplay; clipboard-write; encrypted-media; gyroscope; picture-in-picture; web-share\" referrerpolicy=\"strict-origin-when-cross-origin\" allowfullscreen><\/iframe><\/div>\n<h2 data-start=\"169\" data-end=\"199\">\ud83d\udcd8 Una vida con prop\u00f3sito<\/h2>\n<h3 data-start=\"200\" data-end=\"227\"><em data-start=\"204\" data-end=\"227\">Devocional para ni\u00f1os<\/em><\/h3>\n<p data-start=\"229\" data-end=\"514\"><strong data-start=\"229\" data-end=\"279\">Una vida con prop\u00f3sito \u2013 Devocional para ni\u00f1os<\/strong>, escrito por <strong data-start=\"293\" data-end=\"308\">Rick Warren<\/strong>, es un recurso dise\u00f1ado especialmente para acompa\u00f1ar a los ni\u00f1os en una etapa clave de su crecimiento, cuando comienzan a formar sus <strong data-start=\"442\" data-end=\"513\">ideas fundamentales sobre Dios, su identidad y su lugar en el mundo<\/strong>.<\/p>\n<p data-start=\"516\" data-end=\"765\">Basado en los principios del exitoso libro <em data-start=\"559\" data-end=\"583\">Una vida con prop\u00f3sito<\/em>, este devocional ofrece <strong data-start=\"608\" data-end=\"632\">365 lecturas diarias<\/strong> que ayudan a los ni\u00f1os a descubrir que <strong data-start=\"672\" data-end=\"712\">Dios los cre\u00f3 con un prop\u00f3sito \u00fanico<\/strong> y que su vida tiene un valor especial ante Sus ojos.<\/p>\n<p data-start=\"767\" data-end=\"882\">Cada devocional est\u00e1 escrito en un lenguaje claro y cercano, adecuado para el nivel de lectura infantil, e incluye:<\/p>\n<ul data-start=\"883\" data-end=\"1019\">\n<li data-start=\"883\" data-end=\"912\">\n<p data-start=\"885\" data-end=\"912\">\ud83d\udcd6 Un pasaje de la Biblia<\/p>\n<\/li>\n<li data-start=\"913\" data-end=\"958\">\n<p data-start=\"915\" data-end=\"958\">\ud83d\udcac Un mensaje breve y f\u00e1cil de comprender<\/p>\n<\/li>\n<li data-start=\"959\" data-end=\"1019\">\n<p data-start=\"961\" data-end=\"1019\">\ud83d\ude4f Una oraci\u00f3n o pensamiento para aplicar durante el d\u00eda<\/p>\n<\/li>\n<\/ul>\n<p data-start=\"1021\" data-end=\"1205\">Este libro gu\u00eda a los ni\u00f1os a desarrollar una <strong data-start=\"1067\" data-end=\"1097\">relaci\u00f3n personal con Dios<\/strong>, a crecer confiados en su valor y a entender que su vida tiene sentido cuando caminan de la mano de Cristo.<\/p>\n<hr data-start=\"1207\" data-end=\"1210\" \/>\n<h3 data-start=\"1212\" data-end=\"1237\">\ud83d\udc67\ud83d\udc66 Edad recomendada<\/h3>\n<ul data-start=\"1238\" data-end=\"1315\">\n<li data-start=\"1238\" data-end=\"1272\">\n<p data-start=\"1240\" data-end=\"1272\"><strong data-start=\"1240\" data-end=\"1259\">Lectura guiada:<\/strong> 7 a 9 a\u00f1os<\/p>\n<\/li>\n<li data-start=\"1273\" data-end=\"1315\">\n<p data-start=\"1275\" data-end=\"1315\"><strong data-start=\"1275\" data-end=\"1301\">Lectura independiente:<\/strong> 9 a 12 a\u00f1os<\/p>\n<\/li>\n<\/ul>\n<p data-start=\"1317\" data-end=\"1444\">Ideal para ni\u00f1os en nivel de <strong data-start=\"1346\" data-end=\"1372\">tercero a cuarto grado<\/strong>, tanto para uso personal como familiar, escolar o en escuela dominical.<\/p>\n<hr data-start=\"1446\" data-end=\"1449\" \/>\n<h3 data-start=\"1451\" data-end=\"1468\">\ud83c\udf1f Beneficios<\/h3>\n<ul data-start=\"1469\" data-end=\"1716\">\n<li data-start=\"1469\" data-end=\"1523\">\n<p data-start=\"1471\" data-end=\"1523\">Ayuda a los ni\u00f1os a descubrir su prop\u00f3sito en Dios<\/p>\n<\/li>\n<li data-start=\"1524\" data-end=\"1573\">\n<p data-start=\"1526\" data-end=\"1573\">Fortalece su identidad y autoestima cristiana<\/p>\n<\/li>\n<li data-start=\"1574\" data-end=\"1637\">\n<p data-start=\"1576\" data-end=\"1637\">Fomenta el h\u00e1bito diario de la lectura b\u00edblica y la oraci\u00f3n<\/p>\n<\/li>\n<li data-start=\"1638\" data-end=\"1716\">\n<p data-start=\"1640\" data-end=\"1716\">Acompa\u00f1a el crecimiento espiritual de manera constante durante todo el a\u00f1o<\/p>\n<\/li>\n<\/ul>\n<hr data-start=\"1718\" data-end=\"1721\" \/>\n<h3 data-start=\"1723\" data-end=\"1743\">\ud83d\udcda Ficha t\u00e9cnica<\/h3>\n<ul data-start=\"1744\" data-end=\"1918\">\n<li data-start=\"1744\" data-end=\"1771\">\n<p data-start=\"1746\" data-end=\"1771\"><strong data-start=\"1746\" data-end=\"1755\">ISBN:<\/strong> 9780829767070<\/p>\n<\/li>\n<li data-start=\"1772\" data-end=\"1798\">\n<p data-start=\"1774\" data-end=\"1798\"><strong data-start=\"1774\" data-end=\"1784\">Autor:<\/strong> Rick Warren<\/p>\n<\/li>\n<li data-start=\"1799\" data-end=\"1832\">\n<p data-start=\"1801\" data-end=\"1832\"><strong data-start=\"1801\" data-end=\"1815\">Editorial:<\/strong> Editorial Vida<\/p>\n<\/li>\n<li data-start=\"1833\" data-end=\"1856\">\n<p data-start=\"1835\" data-end=\"1856\"><strong data-start=\"1835\" data-end=\"1846\">Idioma:<\/strong> Espa\u00f1ol<\/p>\n<\/li>\n<li data-start=\"1857\" data-end=\"1882\">\n<p data-start=\"1859\" data-end=\"1882\"><strong data-start=\"1859\" data-end=\"1872\">Cubierta:<\/strong> R\u00fastica<\/p>\n<\/li>\n<li data-start=\"1883\" data-end=\"1918\">\n<p data-start=\"1885\" data-end=\"1918\"><strong data-start=\"1885\" data-end=\"1901\">Dimensiones:<\/strong> 15,2 x 22,1 cm<\/p>\n<\/li>\n<\/ul>\n<hr data-start=\"1920\" data-end=\"1923\" \/>\n<p data-start=\"1925\" data-end=\"2056\">\ud83d\udc9b Un devocional ideal para ayudar a los ni\u00f1os a <strong data-start=\"1974\" data-end=\"2055\">conocer a Dios, descubrir su prop\u00f3sito y crecer seguros de su valor en Cristo<\/strong>.<\/p>\n","protected":false},"excerpt":{"rendered":"<p>\ud83d\udcd8 Una vida con prop\u00f3sito Devocional para ni\u00f1os Una vida con prop\u00f3sito \u2013 Devocional para ni\u00f1os, escrito por Rick Warren, [&hellip;]<\/p>\n","protected":false},"featured_media":428,"comment_status":"open","ping_status":"closed","template":"","meta":{"_monsterinsights_skip_tracking":false,"_monsterinsights_sitenote_active":false,"_monsterinsights_sitenote_note":"","_monsterinsights_sitenote_category":0,"site-sidebar-layout":"default","site-content-layout":"","ast-site-content-layout":"default","site-content-style":"default","site-sidebar-style":"default","ast-global-header-display":"","ast-banner-title-visibility":"","ast-main-header-display":"","ast-hfb-above-header-display":"","ast-hfb-below-header-display":"","ast-hfb-mobile-header-display":"","site-post-title":"","ast-breadcrumbs-content":"","ast-featured-img":"","footer-sml-layout":"","ast-disable-related-posts":"","theme-transparent-header-meta":"default","adv-header-id-meta":"","stick-header-meta":"","header-above-stick-meta":"","header-main-stick-meta":"","header-below-stick-meta":"","astra-migrate-meta-layouts":"set","ast-page-background-enabled":"default","ast-page-background-meta":{"desktop":{"background-color":"var(--ast-global-color-4)","background-image":"","background-repeat":"repeat","background-position":"center center","background-size":"auto","background-attachment":"scroll","background-type":"","background-media":"","overlay-type":"","overlay-color":"","overlay-opacity":"","overlay-gradient":""},"tablet":{"background-color":"","background-image":"","background-repeat":"repeat","background-position":"center center","background-size":"auto","background-attachment":"scroll","background-type":"","background-media":"","overlay-type":"","overlay-color":"","overlay-opacity":"","overlay-gradient":""},"mobile":{"background-color":"","background-image":"","background-repeat":"repeat","background-position":"center center","background-size":"auto","background-attachment":"scroll","background-type":"","background-media":"","overlay-type":"","overlay-color":"","overlay-opacity":"","overlay-gradient":""}},"ast-content-background-meta":{"desktop":{"background-color":"var(--ast-global-color-5)","background-image":"","background-repeat":"repeat","background-position":"center center","background-size":"auto","background-attachment":"scroll","background-type":"","background-media":"","overlay-type":"","overlay-color":"","overlay-opacity":"","overlay-gradient":""},"tablet":{"background-color":"var(--ast-global-color-5)","background-image":"","background-repeat":"repeat","background-position":"center center","background-size":"auto","background-attachment":"scroll","background-type":"","background-media":"","overlay-type":"","overlay-color":"","overlay-opacity":"","overlay-gradient":""},"mobile":{"background-color":"var(--ast-global-color-5)","background-image":"","background-repeat":"repeat","background-position":"center center","background-size":"auto","background-attachment":"scroll","background-type":"","background-media":"","overlay-type":"","overlay-color":"","overlay-opacity":"","overlay-gradient":""}}},"product_brand":[],"product_cat":[22,37,21,41],"product_tag":[],"class_list":{"0":"post-427","1":"product","2":"type-product","3":"status-publish","4":"has-post-thumbnail","6":"product_cat-devocionales","7":"product_cat-escolar-6-a-11-anos","8":"product_cat-libros","9":"product_cat-tf","10":"desktop-align-left","11":"tablet-align-left","12":"mobile-align-left","14":"first","15":"instock","16":"taxable","17":"shipping-taxable","18":"purchasable","19":"product-type-simple"},"aioseo_notices":[],"jetpack_sharing_enabled":true,"_links":{"self":[{"href":"https:\/\/bibliakids247.com\/index.php?rest_route=\/wp\/v2\/product\/427","targetHints":{"allow":["GET"]}}],"collection":[{"href":"https:\/\/bibliakids247.com\/index.php?rest_route=\/wp\/v2\/product"}],"about":[{"href":"https:\/\/bibliakids247.com\/index.php?rest_route=\/wp\/v2\/types\/product"}],"replies":[{"embeddable":true,"href":"https:\/\/bibliakids247.com\/index.php?rest_route=%2Fwp%2Fv2%2Fcomments&post=427"}],"wp:featuredmedia":[{"embeddable":true,"href":"https:\/\/bibliakids247.com\/index.php?rest_route=\/wp\/v2\/media\/428"}],"wp:attachment":[{"href":"https:\/\/bibliakids247.com\/index.php?rest_route=%2Fwp%2Fv2%2Fmedia&parent=427"}],"wp:term":[{"taxonomy":"product_brand","embeddable":true,"href":"https:\/\/bibliakids247.com\/index.php?rest_route=%2Fwp%2Fv2%2Fproduct_brand&post=427"},{"taxonomy":"product_cat","embeddable":true,"href":"https:\/\/bibliakids247.com\/index.php?rest_route=%2Fwp%2Fv2%2Fproduct_cat&post=427"},{"taxonomy":"product_tag","embeddable":true,"href":"https:\/\/bibliakids247.com\/index.php?rest_route=%2Fwp%2Fv2%2Fproduct_tag&post=427"}],"curies":[{"name":"wp","href":"https:\/\/api.w.org\/{rel}","templated":true}]}}