{"id":433,"date":"2024-03-03T13:49:03","date_gmt":"2024-03-03T18:49:03","guid":{"rendered":"https:\/\/bibliakids247.com\/?post_type=product&#038;p=433"},"modified":"2026-02-08T12:43:42","modified_gmt":"2026-02-08T17:43:42","slug":"puedes-contar-con-dios-100-devocionales-para-ninos","status":"publish","type":"product","link":"https:\/\/bibliakids247.com\/?product=puedes-contar-con-dios-100-devocionales-para-ninos","title":{"rendered":"Puedes Contar Con Dios: 100 Devocionales Para Ni\u00f1os"},"content":{"rendered":"<div class=\"woocommerce-tabs wc-tabs-wrapper\">\n<div id=\"tab-description\" class=\"woocommerce-Tabs-panel woocommerce-Tabs-panel--description panel entry-content wc-tab\" role=\"tabpanel\" aria-labelledby=\"tab-title-description\">\n<p>el autor de best sellers del New York Times, Max Lucado, estos 100 devocionales ayudar\u00e1n a los ni\u00f1os a preocuparse menos, probar cosas nuevas con valent\u00eda y acercarse a Dios a medida que aprenden a confiar en su fidelidad. Puedes contar con Dios ense\u00f1a a los ni\u00f1os que lo puedes hacer porque \u00e9l nunca los dejar\u00e1 y los amar\u00e1 incondicionalmente. Cada una de las 100 entradas incluye un reconfortante vers\u00edculo b\u00edblico y un breve devocional que muestra un ejemplo de la fidelidad de Dios presenta el mensaje de que Dios es digno de confianza de una manera que los ni\u00f1os, de 6 a 10 a\u00f1os, puedan entender les asegura a los ni\u00f1os que Dios puede ayudarlos con sus desaf\u00edos, tristezas y preguntas ofrece una secci\u00f3n para pensar con un punto clave, una pregunta de reflexi\u00f3n o una oraci\u00f3n para guiar a los ni\u00f1os a comprender y aplicar la verdad b\u00edblica es perfecta para que las familias lean juntas o para que los lectores mayores disfruten solos Dale a tu ni\u00f1o el regalo de saber que puede contar con Dios, pase lo que pase. Este devocional para ni\u00f1os es perfecto para familias que quieren que sus hijos se sientan seguros en su fe un regalo para conmemorar una decisi\u00f3n de fe, bautismo o confirmaci\u00f3n una canasta de regalo de Pascua Con un marcador de cinta, una p\u00e1gina de presentaci\u00f3n, una atractiva tapa dura con textura e interiores de colores llamativos, este devocional que trae esperanza a los ni\u00f1os es el regalo perfecto para cualquier ni\u00f1o que necesite valent\u00eda para un nuevo desaf\u00edo, paz para las ansiedades sobre el futuro o alivio de la decepci\u00f3n, inseguridad y agobio. Puedes contar con Dios guiar\u00e1 a los ni\u00f1os hacia una relaci\u00f3n m\u00e1s profunda con Dios a medida que aprenden sobre su fidelidad en el pasado y les genera confianza en que siempre pueden confiar en quien los ayudar\u00e1.<\/p>\n<p>ISBN:9781400235896<\/p>\n<div class=\"a-carousel-col a-carousel-right\"><\/div>\n<\/div>\n<\/div>\n","protected":false},"excerpt":{"rendered":"<p>el autor de best sellers del New York Times, Max Lucado, estos 100 devocionales ayudar\u00e1n a los ni\u00f1os a preocuparse [&hellip;]<\/p>\n","protected":false},"featured_media":434,"comment_status":"open","ping_status":"closed","template":"","meta":{"_monsterinsights_skip_tracking":false,"_monsterinsights_sitenote_active":false,"_monsterinsights_sitenote_note":"","_monsterinsights_sitenote_category":0,"site-sidebar-layout":"default","site-content-layout":"","ast-site-content-layout":"default","site-content-style":"default","site-sidebar-style":"default","ast-global-header-display":"","ast-banner-title-visibility":"","ast-main-header-display":"","ast-hfb-above-header-display":"","ast-hfb-below-header-display":"","ast-hfb-mobile-header-display":"","site-post-title":"","ast-breadcrumbs-content":"","ast-featured-img":"","footer-sml-layout":"","ast-disable-related-posts":"","theme-transparent-header-meta":"default","adv-header-id-meta":"","stick-header-meta":"","header-above-stick-meta":"","header-main-stick-meta":"","header-below-stick-meta":"","astra-migrate-meta-layouts":"set","ast-page-background-enabled":"default","ast-page-background-meta":{"desktop":{"background-color":"var(--ast-global-color-4)","background-image":"","background-repeat":"repeat","background-position":"center center","background-size":"auto","background-attachment":"scroll","background-type":"","background-media":"","overlay-type":"","overlay-color":"","overlay-opacity":"","overlay-gradient":""},"tablet":{"background-color":"","background-image":"","background-repeat":"repeat","background-position":"center center","background-size":"auto","background-attachment":"scroll","background-type":"","background-media":"","overlay-type":"","overlay-color":"","overlay-opacity":"","overlay-gradient":""},"mobile":{"background-color":"","background-image":"","background-repeat":"repeat","background-position":"center center","background-size":"auto","background-attachment":"scroll","background-type":"","background-media":"","overlay-type":"","overlay-color":"","overlay-opacity":"","overlay-gradient":""}},"ast-content-background-meta":{"desktop":{"background-color":"var(--ast-global-color-5)","background-image":"","background-repeat":"repeat","background-position":"center center","background-size":"auto","background-attachment":"scroll","background-type":"","background-media":"","overlay-type":"","overlay-color":"","overlay-opacity":"","overlay-gradient":""},"tablet":{"background-color":"var(--ast-global-color-5)","background-image":"","background-repeat":"repeat","background-position":"center center","background-size":"auto","background-attachment":"scroll","background-type":"","background-media":"","overlay-type":"","overlay-color":"","overlay-opacity":"","overlay-gradient":""},"mobile":{"background-color":"var(--ast-global-color-5)","background-image":"","background-repeat":"repeat","background-position":"center center","background-size":"auto","background-attachment":"scroll","background-type":"","background-media":"","overlay-type":"","overlay-color":"","overlay-opacity":"","overlay-gradient":""}}},"product_brand":[],"product_cat":[22],"product_tag":[],"class_list":{"0":"post-433","1":"product","2":"type-product","3":"status-publish","4":"has-post-thumbnail","6":"product_cat-devocionales","7":"desktop-align-left","8":"tablet-align-left","9":"mobile-align-left","11":"first","12":"outofstock","13":"taxable","14":"shipping-taxable","15":"purchasable","16":"product-type-simple"},"aioseo_notices":[],"jetpack_sharing_enabled":true,"_links":{"self":[{"href":"https:\/\/bibliakids247.com\/index.php?rest_route=\/wp\/v2\/product\/433","targetHints":{"allow":["GET"]}}],"collection":[{"href":"https:\/\/bibliakids247.com\/index.php?rest_route=\/wp\/v2\/product"}],"about":[{"href":"https:\/\/bibliakids247.com\/index.php?rest_route=\/wp\/v2\/types\/product"}],"replies":[{"embeddable":true,"href":"https:\/\/bibliakids247.com\/index.php?rest_route=%2Fwp%2Fv2%2Fcomments&post=433"}],"wp:featuredmedia":[{"embeddable":true,"href":"https:\/\/bibliakids247.com\/index.php?rest_route=\/wp\/v2\/media\/434"}],"wp:attachment":[{"href":"https:\/\/bibliakids247.com\/index.php?rest_route=%2Fwp%2Fv2%2Fmedia&parent=433"}],"wp:term":[{"taxonomy":"product_brand","embeddable":true,"href":"https:\/\/bibliakids247.com\/index.php?rest_route=%2Fwp%2Fv2%2Fproduct_brand&post=433"},{"taxonomy":"product_cat","embeddable":true,"href":"https:\/\/bibliakids247.com\/index.php?rest_route=%2Fwp%2Fv2%2Fproduct_cat&post=433"},{"taxonomy":"product_tag","embeddable":true,"href":"https:\/\/bibliakids247.com\/index.php?rest_route=%2Fwp%2Fv2%2Fproduct_tag&post=433"}],"curies":[{"name":"wp","href":"https:\/\/api.w.org\/{rel}","templated":true}]}}