{"id":436,"date":"2024-03-03T13:50:08","date_gmt":"2024-03-03T18:50:08","guid":{"rendered":"https:\/\/bibliakids247.com\/?post_type=product&#038;p=436"},"modified":"2026-02-08T18:57:48","modified_gmt":"2026-02-08T23:57:48","slug":"devocionales-de-3-minutos-para-ninos","status":"publish","type":"product","link":"https:\/\/bibliakids247.com\/?product=devocionales-de-3-minutos-para-ninos","title":{"rendered":"Devocionales de 3 minutos para ni\u00f1os"},"content":{"rendered":"<div class=\"ast-oembed-container \" style=\"height: 100%;\"><iframe title=\"Devocionales De 3 Minutos Para Ni\u00f1os\" width=\"500\" height=\"281\" src=\"https:\/\/www.youtube.com\/embed\/4rY66l6khkg?feature=oembed\" frameborder=\"0\" allow=\"accelerometer; autoplay; clipboard-write; encrypted-media; gyroscope; picture-in-picture; web-share\" referrerpolicy=\"strict-origin-when-cross-origin\" allowfullscreen><\/iframe><\/div>\n<p>&nbsp;<\/p>\n<h2 data-start=\"193\" data-end=\"237\">\ud83d\udcd8 Devocionales de 3 minutos para ni\u00f1os<\/h2>\n<h3 data-start=\"238\" data-end=\"293\"><em data-start=\"242\" data-end=\"293\">90 emocionantes lecturas para hombres en progreso<\/em><\/h3>\n<p data-start=\"295\" data-end=\"523\"><strong data-start=\"295\" data-end=\"335\">Devocionales de 3 minutos para ni\u00f1os<\/strong> es un libro pensado especialmente para chicos que quieren conocer m\u00e1s a Dios, pero que tambi\u00e9n disfrutan de los <strong data-start=\"448\" data-end=\"522\">deportes, los videojuegos, la tecnolog\u00eda y los retos de la vida diaria<\/strong>.<\/p>\n<p data-start=\"525\" data-end=\"887\">Dise\u00f1ado para leerse en solo <strong data-start=\"554\" data-end=\"577\">tres minutos al d\u00eda<\/strong>, este devocional demuestra que <strong data-start=\"609\" data-end=\"641\">siempre hay tiempo para Dios<\/strong>, incluso en medio de una agenda llena de actividades. Cada una de sus <strong data-start=\"712\" data-end=\"727\">90 lecturas<\/strong> habla directamente a los intereses, sue\u00f1os y desaf\u00edos de los ni\u00f1os, ayud\u00e1ndolos a crecer en su fe mientras avanzan en su camino como \u201c<strong data-start=\"862\" data-end=\"885\">hombres en progreso<\/strong>\u201d.<\/p>\n<p data-start=\"889\" data-end=\"1098\">Cada devocional incluye:<br \/>\n1\ufe0f\u20e3 Un <strong data-start=\"921\" data-end=\"949\">pasaje b\u00edblico relevante<\/strong><br data-start=\"949\" data-end=\"952\" \/>2\ufe0f\u20e3 Un mensaje breve que conecta la Palabra de Dios con situaciones reales<br data-start=\"1026\" data-end=\"1029\" \/>3\ufe0f\u20e3 Una <strong data-start=\"1037\" data-end=\"1057\">oraci\u00f3n sencilla<\/strong> para iniciar una conversaci\u00f3n con Dios<\/p>\n<p data-start=\"1100\" data-end=\"1247\">El lenguaje es din\u00e1mico, actual y f\u00e1cil de comprender, lo que motiva a los ni\u00f1os a desarrollar el h\u00e1bito diario de la lectura b\u00edblica y la oraci\u00f3n.<\/p>\n<hr data-start=\"1249\" data-end=\"1252\" \/>\n<h3 data-start=\"1254\" data-end=\"1277\">\ud83d\udc66 Edad recomendada<\/h3>\n<ul data-start=\"1278\" data-end=\"1371\">\n<li data-start=\"1278\" data-end=\"1306\">\n<p data-start=\"1280\" data-end=\"1306\"><strong data-start=\"1280\" data-end=\"1304\">Ni\u00f1os de 8 a 12 a\u00f1os<\/strong><\/p>\n<\/li>\n<li data-start=\"1307\" data-end=\"1371\">\n<p data-start=\"1309\" data-end=\"1371\">Ideal para lectura <strong data-start=\"1328\" data-end=\"1345\">independiente<\/strong> o acompa\u00f1ada por padres<\/p>\n<\/li>\n<\/ul>\n<hr data-start=\"1373\" data-end=\"1376\" \/>\n<h3 data-start=\"1378\" data-end=\"1395\">\ud83c\udf1f Beneficios<\/h3>\n<ul data-start=\"1396\" data-end=\"1607\">\n<li data-start=\"1396\" data-end=\"1449\">\n<p data-start=\"1398\" data-end=\"1449\">Fomenta el h\u00e1bito diario de pasar tiempo con Dios<\/p>\n<\/li>\n<li data-start=\"1450\" data-end=\"1506\">\n<p data-start=\"1452\" data-end=\"1506\">Conecta la Biblia con la vida cotidiana de los ni\u00f1os<\/p>\n<\/li>\n<li data-start=\"1507\" data-end=\"1554\">\n<p data-start=\"1509\" data-end=\"1554\">Fortalece valores, identidad y fe cristiana<\/p>\n<\/li>\n<li data-start=\"1555\" data-end=\"1607\">\n<p data-start=\"1557\" data-end=\"1607\">Perfecto para ni\u00f1os activos y lectores pr\u00e1cticos<\/p>\n<\/li>\n<\/ul>\n<hr data-start=\"1609\" data-end=\"1612\" \/>\n<h3 data-start=\"1614\" data-end=\"1644\">\ud83c\udf81 Ideal como regalo para:<\/h3>\n<p data-start=\"1645\" data-end=\"1740\">\ud83c\udf82 Cumplea\u00f1os<br data-start=\"1658\" data-end=\"1661\" \/>\ud83c\udf84 Navidad<br data-start=\"1671\" data-end=\"1674\" \/>\ud83c\udf92 Regreso al colegio<br data-start=\"1695\" data-end=\"1698\" \/>\u271d\ufe0f Escuela dominical o grupos infantiles<\/p>\n<hr data-start=\"1742\" data-end=\"1745\" \/>\n<h3 data-start=\"1747\" data-end=\"1767\">\ud83d\udcda Ficha t\u00e9cnica<\/h3>\n<ul data-start=\"1768\" data-end=\"1922\">\n<li data-start=\"1768\" data-end=\"1795\">\n<p data-start=\"1770\" data-end=\"1795\"><strong data-start=\"1770\" data-end=\"1779\">ISBN:<\/strong> 9781643529271<\/p>\n<\/li>\n<li data-start=\"1796\" data-end=\"1819\">\n<p data-start=\"1798\" data-end=\"1819\"><strong data-start=\"1798\" data-end=\"1809\">Idioma:<\/strong> Espa\u00f1ol<\/p>\n<\/li>\n<li data-start=\"1820\" data-end=\"1849\">\n<p data-start=\"1822\" data-end=\"1849\"><strong data-start=\"1822\" data-end=\"1835\">Cubierta:<\/strong> Tapa blanda<\/p>\n<\/li>\n<li data-start=\"1850\" data-end=\"1880\">\n<p data-start=\"1852\" data-end=\"1880\"><strong data-start=\"1852\" data-end=\"1874\">N\u00famero de p\u00e1ginas:<\/strong> 192<\/p>\n<\/li>\n<li data-start=\"1881\" data-end=\"1922\">\n<p data-start=\"1883\" data-end=\"1922\"><strong data-start=\"1883\" data-end=\"1899\">Dimensiones:<\/strong> 10,8 x 15,2 x 1,3 cm<\/p>\n<\/li>\n<\/ul>\n<hr data-start=\"1924\" data-end=\"1927\" \/>\n<p data-start=\"1929\" data-end=\"2063\">\ud83d\udc9b Un devocional pr\u00e1ctico y motivador que ense\u00f1a a los ni\u00f1os que <strong data-start=\"1994\" data-end=\"2062\">tres minutos con Dios pueden marcar una gran diferencia cada d\u00eda<\/strong>.<\/p>\n","protected":false},"excerpt":{"rendered":"<p>&nbsp; \ud83d\udcd8 Devocionales de 3 minutos para ni\u00f1os 90 emocionantes lecturas para hombres en progreso Devocionales de 3 minutos para [&hellip;]<\/p>\n","protected":false},"featured_media":437,"comment_status":"open","ping_status":"closed","template":"","meta":{"_monsterinsights_skip_tracking":false,"_monsterinsights_sitenote_active":false,"_monsterinsights_sitenote_note":"","_monsterinsights_sitenote_category":0,"site-sidebar-layout":"default","site-content-layout":"","ast-site-content-layout":"default","site-content-style":"default","site-sidebar-style":"default","ast-global-header-display":"","ast-banner-title-visibility":"","ast-main-header-display":"","ast-hfb-above-header-display":"","ast-hfb-below-header-display":"","ast-hfb-mobile-header-display":"","site-post-title":"","ast-breadcrumbs-content":"","ast-featured-img":"","footer-sml-layout":"","ast-disable-related-posts":"","theme-transparent-header-meta":"default","adv-header-id-meta":"","stick-header-meta":"","header-above-stick-meta":"","header-main-stick-meta":"","header-below-stick-meta":"","astra-migrate-meta-layouts":"set","ast-page-background-enabled":"default","ast-page-background-meta":{"desktop":{"background-color":"var(--ast-global-color-4)","background-image":"","background-repeat":"repeat","background-position":"center center","background-size":"auto","background-attachment":"scroll","background-type":"","background-media":"","overlay-type":"","overlay-color":"","overlay-opacity":"","overlay-gradient":""},"tablet":{"background-color":"","background-image":"","background-repeat":"repeat","background-position":"center center","background-size":"auto","background-attachment":"scroll","background-type":"","background-media":"","overlay-type":"","overlay-color":"","overlay-opacity":"","overlay-gradient":""},"mobile":{"background-color":"","background-image":"","background-repeat":"repeat","background-position":"center center","background-size":"auto","background-attachment":"scroll","background-type":"","background-media":"","overlay-type":"","overlay-color":"","overlay-opacity":"","overlay-gradient":""}},"ast-content-background-meta":{"desktop":{"background-color":"var(--ast-global-color-5)","background-image":"","background-repeat":"repeat","background-position":"center center","background-size":"auto","background-attachment":"scroll","background-type":"","background-media":"","overlay-type":"","overlay-color":"","overlay-opacity":"","overlay-gradient":""},"tablet":{"background-color":"var(--ast-global-color-5)","background-image":"","background-repeat":"repeat","background-position":"center center","background-size":"auto","background-attachment":"scroll","background-type":"","background-media":"","overlay-type":"","overlay-color":"","overlay-opacity":"","overlay-gradient":""},"mobile":{"background-color":"var(--ast-global-color-5)","background-image":"","background-repeat":"repeat","background-position":"center center","background-size":"auto","background-attachment":"scroll","background-type":"","background-media":"","overlay-type":"","overlay-color":"","overlay-opacity":"","overlay-gradient":""}}},"product_brand":[],"product_cat":[22,37,21,41],"product_tag":[],"class_list":{"0":"post-436","1":"product","2":"type-product","3":"status-publish","4":"has-post-thumbnail","6":"product_cat-devocionales","7":"product_cat-escolar-6-a-11-anos","8":"product_cat-libros","9":"product_cat-tf","10":"desktop-align-left","11":"tablet-align-left","12":"mobile-align-left","14":"first","15":"instock","16":"taxable","17":"shipping-taxable","18":"purchasable","19":"product-type-simple"},"aioseo_notices":[],"jetpack_sharing_enabled":true,"_links":{"self":[{"href":"https:\/\/bibliakids247.com\/index.php?rest_route=\/wp\/v2\/product\/436","targetHints":{"allow":["GET"]}}],"collection":[{"href":"https:\/\/bibliakids247.com\/index.php?rest_route=\/wp\/v2\/product"}],"about":[{"href":"https:\/\/bibliakids247.com\/index.php?rest_route=\/wp\/v2\/types\/product"}],"replies":[{"embeddable":true,"href":"https:\/\/bibliakids247.com\/index.php?rest_route=%2Fwp%2Fv2%2Fcomments&post=436"}],"wp:featuredmedia":[{"embeddable":true,"href":"https:\/\/bibliakids247.com\/index.php?rest_route=\/wp\/v2\/media\/437"}],"wp:attachment":[{"href":"https:\/\/bibliakids247.com\/index.php?rest_route=%2Fwp%2Fv2%2Fmedia&parent=436"}],"wp:term":[{"taxonomy":"product_brand","embeddable":true,"href":"https:\/\/bibliakids247.com\/index.php?rest_route=%2Fwp%2Fv2%2Fproduct_brand&post=436"},{"taxonomy":"product_cat","embeddable":true,"href":"https:\/\/bibliakids247.com\/index.php?rest_route=%2Fwp%2Fv2%2Fproduct_cat&post=436"},{"taxonomy":"product_tag","embeddable":true,"href":"https:\/\/bibliakids247.com\/index.php?rest_route=%2Fwp%2Fv2%2Fproduct_tag&post=436"}],"curies":[{"name":"wp","href":"https:\/\/api.w.org\/{rel}","templated":true}]}}